{"id":11,"date":"2014-09-16T13:08:39","date_gmt":"2014-09-16T05:08:39","guid":{"rendered":"http:\/\/syi.kingdoo-box.com\/?page_id=11"},"modified":"2017-06-09T17:20:59","modified_gmt":"2017-06-09T09:20:59","slug":"sales-support","status":"publish","type":"page","link":"https:\/\/syifoundry.com\/fr\/sales-support\/","title":{"rendered":"Projet"},"content":{"rendered":"<p><img loading=\"lazy\" decoding=\"async\" class=\"size-full wp-image-695 aligncenter\" src=\"http:\/\/syifoundry.com\/wp-content\/uploads\/2015\/10\/Project-Foundry.jpg\" alt=\"Project-Foundry\" width=\"769\" height=\"330\" srcset=\"https:\/\/syifoundry.com\/wp-content\/uploads\/2015\/10\/Project-Foundry.jpg 769w, https:\/\/syifoundry.com\/wp-content\/uploads\/2015\/10\/Project-Foundry-300x129.jpg 300w\" sizes=\"auto, (max-width: 769px) 100vw, 769px\" \/><\/p>\n<p>\u25ba LIMASSOL USINE DE DESSALEMENT (Chypre 2010)<\/p>\n<p>\u25ba O.C No.0002-2009-TAMBO VIEJOOBRA: CIENEGUILLA (P\u00e9rou 2009)<\/p>\n<p>\u25ba O \/ C 0025 (Consorcio Callao) P.E.S n \u00b0 008-2008-SEDAPAL (P\u00e9rou 2009)<\/p>\n<p>\u25ba Consorcio Saneamiento Sur &#8211; Villa Maria del Triunfo &#8211; Paraiso (1) (P\u00e9rou 2010)<\/p>\n<p>\u25ba Consorcio San Andres (P\u00e9rou 2010)<\/p>\n<p>\u25ba AL-AMAL DE PROJET DE L&#8217;EAU (Irak 2009)<\/p>\n<p>\u25ba gouvernorat de Bagdad \/ Tender No.19 (Irak 2011)<\/p>\n<p>TUYAUX<\/p>\n<p>\u25ba HMAM de Aleel (Irak 2011)<\/p>\n<p>\u25ba Etendre tuyau ductile dans le district militaire vieux et le r\u00f4le de l&#8217;irrigation ancienne (Irak 2015)<\/p>\n<p>R\u00e9seau de distribution<\/p>\n<p>\u25ba &#8211; Gothatuwa, Kotikawatta &amp; Mulleriyawa (UAE 2007)<\/p>\n<p>\u25ba Oil Refinery (UAE 2013)<\/p>\n<p>\u25ba 000588\/000590 (Oman 2009)<\/p>\n<p>\u25ba D\u00c9VELOPPEMENT DU MUSCAT INTERNATIONAL &amp; SALALAH AIRPORTSPROJECT (Oman 2015)<\/p>\n<p>\u25ba Projet 208 (Bahre\u00efn 2005)<\/p>\n<p>PROJET DE Yarim<\/p>\n<p>\u25ba, AMRAN PROJET, Safiyah EST-2 PROJET NO.2025 -KAHLAN- (Arabie Saoudite 2003)<\/p>\n<p>PROJET DE Yarim<\/p>\n<p>\u25ba, AMRAN PROJET, Safiyah EST-2 PROJET NO.2038 -KAHLAN- (Arabie Saoudite 2004)<\/p>\n<p>PROJET DE Yarim<\/p>\n<p>\u25ba, AMRAN PROJET, Safiyah EST-2 PROJET NO.2039 -KAHLAN- (Arabie Saoudite 2004)<\/p>\n<p>\u25ba JEDDAH, K.S.A. FPO.364 (Arabie Saoudite 2005)<\/p>\n<p>-Plante Nabhaniyah 25000m\u00b3 \/ Inlet<\/p>\n<p>\u25ba Al Gassim RO Day Raw R\u00e9servoir d&#8217;eau (Arabie Saoudite 2013)<\/p>\n<p>\u25ba Al Gassim RO Plant &#8211; Shamashiyah &#8211; 15.000 m3 \/ jour (Arabie Saoudite 2014)<\/p>\n<p>ferme<\/p>\n<p>\u25ba Lait (Arabie Saoudite 2014)<\/p>\n<p>\u25ba Aramco (Arabie Saoudite 2014)<\/p>\n<p>\u25ba AL OULA PROJECT (Arabie Saoudite 2014)<\/p>\n<p>\u25ba WAJEED WELLS EAU (Arabie Saoudite 2014)<\/p>\n<p>\u25ba ATC \/ 2009-139 (Qatar 2008)<\/p>\n<p>\u25ba Q-Tel Manhole Cover Tender (Qatar 2003, 2004, 2005)<\/p>\n<p>\u25ba KAHRAMAA GTC 24 (Qatar 2005)<\/p>\n<p>\u25ba KAHRAMAA GTC 42 (Qatar 2006)<\/p>\n<p>\u25ba KAHRAMAA GTC 44 (Qatar 2007)<\/p>\n<p>\u25ba Old Road-Block Airport No 90 (Qatar 2013)<\/p>\n<p>\u25ba RA \/ 162 (Kowe\u00eft 2010)<\/p>\n<p>\u25ba SE \/ 95 (t\u00e9l\u00e9graphiques et assainissement) (Kowe\u00eft 2011)<\/p>\n<p>\u25ba MEW (Kowe\u00eft 2012)<\/p>\n<p>\u25ba PAHW (Kowe\u00eft 2013)<\/p>\n<p>R\u00e9seaux d&#8217;assainissement<\/p>\n<p>\u25ba pour Fowah Contrat ville No.MUKCW-5 (Y\u00e9men 2009)<\/p>\n<p>\u25ba PROJET DHBAN R\u00c9SEAU D&#8217;EAU (Y\u00e9men 2009)<\/p>\n<p>\u25ba 7 juillet AREA PROJET DE R\u00c9SEAU D&#8217;EAU (Y\u00e9men 2010)<\/p>\n<p>\u25ba Tender Nr 15\/2011 Cabagb (Y\u00e9men 2012)<\/p>\n<p>\u25ba Alem Ketema, Dur Bete &amp; Debre Sina Villes, r\u00e9gion d&#8217;Amhara (Ethiopie 2011)<\/p>\n<p>\u25ba AAWSA Water &amp; Sanitation Development &amp; Rehabilitation Project (Ethiopie 2012)<\/p>\n<p>\u25ba Water Supply Project Ville Burayu (Ethiopie 2012)<\/p>\n<p>\u25ba ICB: OWMEB ICB 02\/2006 (Ethiopie 2014)<\/p>\n<p>\u25ba ISJ URBAN APPROVISIONNEMENT EN EAU ET ASSAINISSEMENT DU PROJET MARCH\u00c9 N \u00b0. 2011.65.893 \/ 2020.60.978 (Soudan du Sud 2014)<\/p>\n<p>\u25ba KANYAM PANGA (Ouganda 2014)<\/p>\n<p>\u25ba Bududa (Ouganda 2014)<\/p>\n<p>\u25ba KANYAM PANGA &amp; Bududa (Ouganda 2014)<\/p>\n<p>\u25ba Water Supply Project Ntungamo (Ouganda 2014)<\/p>\n<p>\u25ba Supply au projet Tian Li (Riche Terre) (Maurice 2004) Eau<\/p>\n<p>\u25ba Approvisionnement en eau \u00e0 La Tour Koenig Industrial Park (Mauritius 2004)<\/p>\n<p>\u25ba Conception et construction d&#8217;\u00e9gouts et de R\u00e9ticulation Maison Connexions \u00e0 Roche Bois (Maurice 2005)<\/p>\n<p>\u25ba Transfert de l&#8217;eau du Mont Ida R\u00e9servoir \u00e0 L&#8217;Unite Reservoir (Mauritius 2006)<\/p>\n<p>\u25ba Plaines Wilhems Wewerage Project &#8211; \u00c9tape 1-Lot 2, WW81F (Maurice 2008)<\/p>\n<p>\u25ba ordre Variation Plaines Wilhems Sewerage Projets (Mauritius 2012)<\/p>\n<p>Projet d&#8217;assainissement<\/p>\n<p>\u25ba Plaine Wilhems (Mauritius 2013)<\/p>\n<p>\u25ba NHDC (Mauritius 2013)<\/p>\n<p>\u25ba ordre Variation Plaines Wilhems Sewerage Projets (Mauritius 2013)<\/p>\n<p>\u25ba Supply &amp; Pose de Welisara &amp; Ragama Pipe Lines Distribution (Sri Lanka 2002)<\/p>\n<p>\u25ba VILLAGES AU NORD DE COLOMBO APPROVISIONNEMENT EN EAU PROJET &#8211; PHASE II (Sri Lanka 2002)<\/p>\n<p>\u25ba Fourniture de Vannes DI, Accessoires, Manhole Covers et bo\u00eetes de surface pour Transmission &amp; Distribution Main (Sri Lanka 2004)<\/p>\n<p>\u25ba contrat pour l&#8217;approvisionnement et la livraison de fonte ductile Manhole Covers &amp; Cadres pour Dehiwala \/ Mt. Lavina Sewerage Scheme (Sri Lanka 2005)<\/p>\n<p>\u25ba CONSTRUCTION DE JA ELA, Ekala ET Kandana REGIMES D&#8217;ALIMENTATION EN EAU (Sri Lanka 2006)<\/p>\n<p>\u25ba Tender du Grand Projet d&#8217;approvisionnement en eau Kandy (Phase I &#8211; \u00c9tat II) (Sri Lanka 2008)<br \/>\nProjet de r\u00e9habilitation de l&#8217;eau<\/p>\n<p>\u25ba Grand Colombo (Sri Lanka 2009)<\/p>\n<p>\u25ba Syst\u00e8me d&#8217;\u00e9limination des eaux us\u00e9es pour Ratmalana \/ Moratuwa et Ja-Ela \/ Zones Ekala. Contrat n \u00b0 SP \/ ASDI \/ RM \/ JE \/ WW \/ 1. (Sri Lanka 2009)<\/p>\n<p>\u25ba Kalu Ganga 08A (Sri Lanka 2011)<\/p>\n<p>\u25ba MAHAOYA (Sri Lanka 2012)<\/p>\n<p>\u25ba C7 (Sri Lanka 2012)<\/p>\n<p>Projet Ruhunupura<\/p>\n<p>\u25ba (Sri Lanka 2013)<\/p>\n<p>\u25ba Kalu Package Project Gange (F) bill3 (Sri Lanka 2013)<\/p>\n<p>\u25ba Port et de la route Route Projet d&#8217;assistance du secteur (Sri Lanka 2013)<\/p>\n<p>\u25ba LE PROJET DRY ZONE URBAINE EAU ET ASSAINISSEMENT (Sri Lanka 2014)<\/p>\n<p>\u25ba DAMDULLA APPROVISIONNEMENT EN EAU PROJET SRI LANKA (Sri Lanka 2014)<\/p>\n<p>\u25ba Ampara distribution Projet d&#8217;approvisionnement en eau du r\u00e9seau (Sri Lanka 2014)<\/p>\n<p>&nbsp;<\/p>\n<table border=\"0\" width=\"720\" cellspacing=\"0\" cellpadding=\"20\">\n<tbody>\n<tr bgcolor=\"#f3f3f3\">\n<td><strong><span style=\"color: #800000;\">Pour plus d&#8217;informations ou de demander PDF Catalogue, S&#8217;il vous pla\u00eet Contactez-nous au<\/span><\/strong>\u00a0<a title=\"info@syifoundry.com\" href=\"mailto:info@syifoundry.com\" target=\"_blank\">info@syifoundry.com<\/a><\/td>\n<\/tr>\n<\/tbody>\n<\/table>\n<p><\/p>","protected":false},"excerpt":{"rendered":"<p>\u25ba LIMASSOL USINE DE DESSALEMENT (Chypre 2010) \u25ba O.C No.0002-2009-TAMBO VIEJOOBRA: CIENEGUILLA (P\u00e9rou 2009) \u25ba O \/ C 0025 (Consorcio Callao) P.E.S n \u00b0 008-2008-SEDAPAL (P\u00e9rou 2009) \u25ba Consorcio Saneamiento Sur &#8211; Villa Maria del Triunfo &#8211; Paraiso (1) (P\u00e9rou&#8230;<br \/><a class=\"read-more-button\" href=\"https:\/\/syifoundry.com\/fr\/sales-support\/\">Savoir plus<\/a><\/p>\n","protected":false},"author":1,"featured_media":0,"parent":0,"menu_order":0,"comment_status":"closed","ping_status":"closed","template":"page-about.php","meta":{"footnotes":""},"class_list":["post-11","page","type-page","status-publish","hentry"],"_links":{"self":[{"href":"https:\/\/syifoundry.com\/fr\/wp-json\/wp\/v2\/pages\/11","targetHints":{"allow":["GET"]}}],"collection":[{"href":"https:\/\/syifoundry.com\/fr\/wp-json\/wp\/v2\/pages"}],"about":[{"href":"https:\/\/syifoundry.com\/fr\/wp-json\/wp\/v2\/types\/page"}],"author":[{"embeddable":true,"href":"https:\/\/syifoundry.com\/fr\/wp-json\/wp\/v2\/users\/1"}],"replies":[{"embeddable":true,"href":"https:\/\/syifoundry.com\/fr\/wp-json\/wp\/v2\/comments?post=11"}],"version-history":[{"count":21,"href":"https:\/\/syifoundry.com\/fr\/wp-json\/wp\/v2\/pages\/11\/revisions"}],"predecessor-version":[{"id":1164,"href":"https:\/\/syifoundry.com\/fr\/wp-json\/wp\/v2\/pages\/11\/revisions\/1164"}],"wp:attachment":[{"href":"https:\/\/syifoundry.com\/fr\/wp-json\/wp\/v2\/media?parent=11"}],"curies":[{"name":"wp","href":"https:\/\/api.w.org\/{rel}","templated":true}]}}