{"id":17,"date":"2014-09-16T13:09:32","date_gmt":"2014-09-16T05:09:32","guid":{"rendered":"http:\/\/syi.kingdoo-box.com\/?page_id=17"},"modified":"2017-06-12T17:53:27","modified_gmt":"2017-06-12T09:53:27","slug":"certificate","status":"publish","type":"page","link":"https:\/\/syifoundry.com\/fr\/certificate\/","title":{"rendered":"Certificat"},"content":{"rendered":"<p><\/p>\n<table border=\"0\" width=\"720\" cellspacing=\"0\" cellpadding=\"5\">\n<tbody>\n<tr>\n<td width=\"120\"><img loading=\"lazy\" decoding=\"async\" class=\"aligncenter size-full wp-image-976\" src=\"http:\/\/syifoundry.com\/wp-content\/uploads\/2014\/09\/certicates01.jpg\" alt=\"certicates01\" width=\"110\" height=\"163\" \/><\/td>\n<td width=\"120\"><img loading=\"lazy\" decoding=\"async\" class=\"aligncenter size-full wp-image-977\" src=\"http:\/\/syifoundry.com\/wp-content\/uploads\/2014\/09\/certicates02.jpg\" alt=\"certicates02\" width=\"110\" height=\"163\" \/><\/td>\n<td width=\"120\"><img loading=\"lazy\" decoding=\"async\" class=\"aligncenter size-full wp-image-978\" src=\"http:\/\/syifoundry.com\/wp-content\/uploads\/2014\/09\/certicates03.jpg\" alt=\"certicates03\" width=\"110\" height=\"163\" \/><\/td>\n<td width=\"120\"><img loading=\"lazy\" decoding=\"async\" class=\"aligncenter size-full wp-image-979\" src=\"http:\/\/syifoundry.com\/wp-content\/uploads\/2014\/09\/certicates04.jpg\" alt=\"certicates04\" width=\"110\" height=\"163\" \/><\/td>\n<td width=\"120\"><img loading=\"lazy\" decoding=\"async\" class=\"aligncenter wp-image-980 size-full\" src=\"http:\/\/syifoundry.com\/wp-content\/uploads\/2014\/09\/certicates05.jpg\" alt=\"certicates05\" width=\"110\" height=\"163\" \/><\/td>\n<td width=\"120\"><img loading=\"lazy\" decoding=\"async\" class=\"aligncenter size-full wp-image-981\" src=\"http:\/\/syifoundry.com\/wp-content\/uploads\/2014\/09\/certicates06.jpg\" alt=\"certicates06\" width=\"110\" height=\"163\" \/><\/td>\n<\/tr>\n<tr bgcolor=\"#dcdedd\">\n<td><span style=\"color: #005aa0;\">TUV ISO9001-2008<\/span><\/td>\n<td><span style=\"color: #005aa0;\">TUV ISO9001-2008 chinois<\/span><\/td>\n<td><span style=\"color: #005aa0;\">Kitemark License KM no.587491<\/span><\/td>\n<td><span style=\"color: #005aa0;\">Kitemark License KM no.587492<\/span><\/td>\n<td width=\"120\"><span style=\"color: #005aa0;\">SGS ISO2531 \/ EN545 \/ EN598<\/span><\/td>\n<td><span style=\"color: #005aa0;\">TIME Approbation<\/span><\/td>\n<\/tr>\n<tr>\n<td><img loading=\"lazy\" decoding=\"async\" class=\"aligncenter size-full wp-image-983\" src=\"http:\/\/syifoundry.com\/wp-content\/uploads\/2014\/09\/certicates07.jpg\" alt=\"certicates07\" width=\"110\" height=\"163\" \/><\/td>\n<td><img loading=\"lazy\" decoding=\"async\" class=\"aligncenter size-full wp-image-984\" src=\"http:\/\/syifoundry.com\/wp-content\/uploads\/2014\/09\/certicates08.jpg\" alt=\"certicates08\" width=\"110\" height=\"163\" \/><\/td>\n<td><img loading=\"lazy\" decoding=\"async\" class=\"aligncenter size-full wp-image-985\" src=\"http:\/\/syifoundry.com\/wp-content\/uploads\/2014\/09\/certicates09.jpg\" alt=\"certicates09\" width=\"110\" height=\"163\" \/><\/td>\n<td><img loading=\"lazy\" decoding=\"async\" class=\"aligncenter size-full wp-image-986\" src=\"http:\/\/syifoundry.com\/wp-content\/uploads\/2014\/09\/certicates10.jpg\" alt=\"certicates10\" width=\"110\" height=\"163\" \/><\/td>\n<td width=\"120\"><img loading=\"lazy\" decoding=\"async\" class=\"aligncenter size-full wp-image-987\" src=\"http:\/\/syifoundry.com\/wp-content\/uploads\/2014\/09\/certicates11.jpg\" alt=\"certicates11\" width=\"110\" height=\"163\" \/><\/td>\n<td><img loading=\"lazy\" decoding=\"async\" class=\"aligncenter size-full wp-image-988\" src=\"http:\/\/syifoundry.com\/wp-content\/uploads\/2014\/09\/certicates12.jpg\" alt=\"certicates12\" width=\"110\" height=\"163\" \/><\/td>\n<\/tr>\n<tr bgcolor=\"#dcdedd\">\n<td><span style=\"color: #005aa0;\">UL<\/span><\/td>\n<td><span style=\"color: #005aa0;\">Approbation FM<\/span><\/td>\n<td><span style=\"color: #005aa0;\">SGS EN124-1994<\/span><\/td>\n<td><span style=\"color: #005aa0;\">CE BS EN13101-2002<\/span><\/td>\n<td width=\"120\"><span style=\"color: #005aa0;\">Certificat de brevet<\/span><\/td>\n<td><span style=\"color: #005aa0;\">Certificat de brevet<\/span><\/td>\n<\/tr>\n<tr>\n<td colspan=\"2\"><img loading=\"lazy\" decoding=\"async\" class=\"aligncenter size-full wp-image-989\" src=\"http:\/\/syifoundry.com\/wp-content\/uploads\/2014\/09\/certicates001.jpg\" alt=\"certicates001\" width=\"220\" height=\"163\" \/><\/td>\n<td colspan=\"2\"><img loading=\"lazy\" decoding=\"async\" class=\"aligncenter size-full wp-image-990\" src=\"http:\/\/syifoundry.com\/wp-content\/uploads\/2014\/09\/certicates002.jpg\" alt=\"certicates002\" width=\"220\" height=\"163\" \/><\/td>\n<td colspan=\"2\"><img loading=\"lazy\" decoding=\"async\" class=\"aligncenter size-full wp-image-991\" src=\"http:\/\/syifoundry.com\/wp-content\/uploads\/2014\/09\/certicates003.jpg\" alt=\"certicates003\" width=\"220\" height=\"163\" \/><\/td>\n<\/tr>\n<tr bgcolor=\"#dcdedd\">\n<td colspan=\"2\"><span style=\"color: #005aa0;\">Rapport d&#8217;inspection BV<\/span><\/td>\n<td colspan=\"2\"><span style=\"color: #005aa0;\">CNE Rapport d&#8217;essai<\/span><\/td>\n<td colspan=\"2\"><span style=\"color: #005aa0;\">Rapport d&#8217;essai d&#8217;inspection SGS sur le mat\u00e9riel (GGG50)<\/span><\/td>\n<\/tr>\n<tr>\n<td colspan=\"2\"><img loading=\"lazy\" decoding=\"async\" class=\"aligncenter size-full wp-image-992\" src=\"http:\/\/syifoundry.com\/wp-content\/uploads\/2014\/09\/certicates004.jpg\" alt=\"certicates004\" width=\"220\" height=\"163\" \/><\/td>\n<td colspan=\"2\"><img loading=\"lazy\" decoding=\"async\" class=\"aligncenter wp-image-993 size-full\" src=\"http:\/\/syifoundry.com\/wp-content\/uploads\/2014\/09\/certicates005.jpg\" alt=\"certicates005\" width=\"220\" height=\"163\" \/><\/td>\n<td colspan=\"2\"><img loading=\"lazy\" decoding=\"async\" class=\"aligncenter size-full wp-image-994\" src=\"http:\/\/syifoundry.com\/wp-content\/uploads\/2014\/09\/certicates006.jpg\" alt=\"certicates006\" width=\"220\" height=\"163\" \/><\/td>\n<\/tr>\n<tr bgcolor=\"#dcdedd\">\n<td colspan=\"2\"><span style=\"color: #005aa0;\">Rapport SGS Inspection pour KSA<\/span><\/td>\n<td colspan=\"2\"><span style=\"color: #005aa0;\">Rapport d&#8217;inspection SGS pour Hume Steel Pipes Lot 1, 2 &amp; 3<\/span><\/td>\n<td colspan=\"2\"><span style=\"color: #005aa0;\">Rapport d&#8217;inspection SGS pour Limassol usine de dessalement<\/span><\/td>\n<\/tr>\n<tr>\n<td colspan=\"2\"><img loading=\"lazy\" decoding=\"async\" class=\"aligncenter size-full wp-image-995\" src=\"http:\/\/syifoundry.com\/wp-content\/uploads\/2014\/09\/certicates007.jpg\" alt=\"certicates007\" width=\"220\" height=\"163\" \/><\/td>\n<td colspan=\"2\"><img loading=\"lazy\" decoding=\"async\" class=\"aligncenter size-full wp-image-996\" src=\"http:\/\/syifoundry.com\/wp-content\/uploads\/2014\/09\/certicates008.jpg\" alt=\"certicates008\" width=\"220\" height=\"163\" \/><\/td>\n<td colspan=\"2\"><img loading=\"lazy\" decoding=\"async\" class=\"aligncenter size-full wp-image-997\" src=\"http:\/\/syifoundry.com\/wp-content\/uploads\/2014\/09\/certicates009.jpg\" alt=\"certicates009\" width=\"220\" height=\"163\" \/><\/td>\n<\/tr>\n<tr bgcolor=\"#dcdedd\">\n<td colspan=\"2\"><span style=\"color: #005aa0;\">Certificat d&#8217;inspection SGS pour le projet du r\u00e9seau d&#8217;assainissement Disposal<\/span><\/td>\n<td colspan=\"2\"><span style=\"color: #005aa0;\">Certificat d&#8217;inspection SGS pour le Projet Kalu Ganga 08 &amp; 09<\/span><\/td>\n<td colspan=\"2\"><span style=\"color: #005aa0;\">Certificat d&#8217;inspection SGS pour le Kowe\u00eft<\/span><\/td>\n<\/tr>\n<tr>\n<td colspan=\"2\"><img loading=\"lazy\" decoding=\"async\" class=\"aligncenter size-full wp-image-998\" src=\"http:\/\/syifoundry.com\/wp-content\/uploads\/2014\/09\/certicates010.jpg\" alt=\"certicates010\" width=\"220\" height=\"163\" \/><\/td>\n<td colspan=\"2\"><img loading=\"lazy\" decoding=\"async\" class=\"aligncenter size-full wp-image-999\" src=\"http:\/\/syifoundry.com\/wp-content\/uploads\/2014\/09\/certicates011.jpg\" alt=\"certicates011\" width=\"220\" height=\"163\" \/><\/td>\n<td colspan=\"2\"><img loading=\"lazy\" decoding=\"async\" class=\"aligncenter size-full wp-image-1000\" src=\"http:\/\/syifoundry.com\/wp-content\/uploads\/2014\/09\/certicates012.jpg\" alt=\"certicates012\" width=\"220\" height=\"163\" \/><\/td>\n<\/tr>\n<tr bgcolor=\"#dcdedd\">\n<td colspan=\"2\"><span style=\"color: #005aa0;\">Certificat d&#8217;inspection SGS pour Oman<\/span><\/td>\n<td colspan=\"2\"><span style=\"color: #005aa0;\">Certificat d&#8217;inspection SGS pour AL-Amal pour le Projet Eau<\/span><\/td>\n<td colspan=\"2\"><span style=\"color: #005aa0;\">Certificat d&#8217;inspection SGS pour le gouvernorat de Bagdad-Tender No.19<\/span><\/td>\n<\/tr>\n<\/tbody>\n<\/table>\n<h3><\/h3>\n<h3><span style=\"color: #00a1e9;\">Liste des certificats SYI<\/span><\/h3>\n<p><span style=\"color: #005087;\"><strong>BIJ est certifi\u00e9e ISO 9001: 2008 TUV certifi\u00e9, BSI Kitemarked, SGS, BV, NF, CE, WRAS, FM certifi\u00e9 et homologu\u00e9 UL.<\/strong><\/span><\/p>\n<p>01-01. BIJ Groupe TUV ISO 9001-2008 2013<br \/>\n01-02. 9001-2008 2013-chinois SYI Groupe TUV ISO<br \/>\n01-03. BIJ Fonderie TUV ISO 9001-2008 2013<br \/>\n01-04. 9001-2008 2013-chinois SYI Fonderie TUV ISO<br \/>\n02-01. BIJ Kitemark License KM no.587491 2014<br \/>\n02-02. BIJ Kitemark License KM no.587492 2014<br \/>\n03-01. BIJ SGS ISO2531 EN545 EN598 ann\u00e9e 2012<br \/>\n03-02. BIJ SGS EN124-1994 exercice 2009<br \/>\n03-03. BIJ BV ISO 2531-2009 et EN 545-2010 2014<br \/>\n03-04. BIJ BV EN 598-2007 2014<br \/>\n04-01. BIJ WRAS ann\u00e9e d&#8217;approbation 2013<br \/>\n04-02. BIJ TUV BS 6920-2000 ann\u00e9e 2011<br \/>\n04-03. FoodLab BS6920-1 2000 ann\u00e9es 2011<br \/>\n05-01. BIJ CE BS EN13101-2002 de SYI Manhole ann\u00e9e 2010 \u00c9tape<br \/>\n05-02. Rapport d&#8217;essai CNE pour SYI Manhole Steps R01.3451<br \/>\n05-03. Rapport SYI ITB test pour SYI Manhole Steps MS 21<br \/>\n05-04. Rapport SYI ITB test pour SYI Manhole Steps MS 22<br \/>\n06-01. BIJ UL pour Fittings<br \/>\n07-01. Certificat d&#8217;approbation SYI FM pour les raccords<br \/>\nLettre d&#8217;approbation 08-01.SYI Austin City pour DI Raccords de tuyaux<br \/>\n08-02. BIJ Approbation des raccords de tuyauterie pour l&#8217;a\u00e9roport de Mascate<br \/>\n08-03. BIJ Brunei approbation pour DI Pipes &amp; Fitting ann\u00e9e 2012<br \/>\n08-04. BIJ Aramco pour tubes et raccords DI<br \/>\n08-05. BIJ lettre d&#8217;approbation des DI tubes et raccords pour Musoma WSP 2\/4<br \/>\n09-01. BIJ MEW Approbation Covers Manhole<br \/>\n09-02. BIJ MPW approbation pour Manhole Covers &amp; Frames du d\u00e9partement sanitaire.<br \/>\n09-03. BIJ MPW approbation pour Manhole Covers &amp; Cadres de dept des eaux pluviales.<br \/>\n09-04. BIJ MOC Approbation de Manhole Covers-SE95<br \/>\n09-05. BIJ Haya approbation pour Manhole Covers<br \/>\n09-06.SYI Brunei approbation pour Manhole Covers ann\u00e9e 2011<br \/>\n10-01. BIJ Certificat de SYI PP Manhole \u00e9tape brevet<br \/>\n10-02. BIJ Certificat de SYI PP Manhole Step-traduction des brevets<br \/>\n10-03. BIJ Certificat de SYI aluminium Manhole \u00e9tape brevet<br \/>\n10-04. BIJ Certificat de SYI Aluminium Manhole Step-traduction des brevets<br \/>\n10-05. BIJ Certificat de BIJ Accouplements et brides Adapteurs brevet<br \/>\n10-06. BIJ certificat de brevet BIJ Accouplements et brides Adapteurs-traduction<br \/>\n11-01. BIJ Fonderie s\u00e9curit\u00e9 de la production normalisation certificat<br \/>\n11-02. BIJ Foundry Pollution-d\u00e9charge permis<br \/>\n11-03. Fonderie L&#8217;Environmental Protection Agency SYI Fichier<br \/>\n11-04. BIJ Fonderie Enterprise Comportement de l&#8217;environnement Niveau<br \/>\n12-01. BIJ SGS certificat de conformit\u00e9 pour Valve<br \/>\n13-01. SGS test Teport sur le mat\u00e9riel (GGG50)<br \/>\n14-01. Rapport de test SGS pour Couplage Mat\u00e9riau 1<br \/>\n14-02. Rapport de test SGS pour Couplage Mat\u00e9riel 2<br \/>\n14-02-2. Rapport de test SGS pour Couplage Mat\u00e9riau 2 (copie)<br \/>\n14-03. Rapport de test SGS pour Couplage Mat\u00e9riau 3<br \/>\n14-04. Rapport de test SGS pour Couplage Mat\u00e9riau 4 (copie)<br \/>\n15-01. \u00c9valuation SGS-MIC Fournisseur Rapport 2012<br \/>\n16-01. Certificat d&#8217;inspection SGS pour Al-Amal pour le projet de l&#8217;eau<br \/>\n16-02. Rapport d&#8217;inspection SGS pour Al-Amal pour le projet de l&#8217;eau<br \/>\n16-03. Certificat d&#8217;inspection SGS pour le gouvernorat de Bagdad-Tender No.19<br \/>\n16-04. Rapport d&#8217;inspection SGS des tuyaux pour le gouvernorat de Bagdad-Tender No.19<br \/>\n16-05. Rapport d&#8217;inspection SGS de montage pour le gouvernorat de Bagdad-Tender No.19<br \/>\n16-06. Rapport d&#8217;inspection SGS pour Pipes Hmam Aleel Lot1<br \/>\n16-07. Rapport d&#8217;inspection SGS pour Pipes Hmam Aleel Lot2 &amp; 3<br \/>\n16-08. Rapport d&#8217;inspection SGS pour Limassol usine de dessalement<br \/>\n16-09. Rapport d&#8217;inspection SGS des raccords pour Limassol usine de dessalement<br \/>\n16-10. Rapport d&#8217;inspection SGS de DI Tuyau pour KSA 3\/4<br \/>\n16-11. Rapport d&#8217;inspection SGS des raccords pour le Y\u00e9men<br \/>\n16-12. Rapport d&#8217;inspection SGS pour le minist\u00e8re de Port et de la Voirie<br \/>\n16-13. Rapport d&#8217;inspection SGS pour NWSDB des Accouplements et brides Adapteurs<br \/>\n16-14. Rapport d&#8217;inspection SGS pour NWSDB des raccords en PVC<br \/>\n16-15. Certificat d&#8217;inspection SGS pour NWSDB des Accouplements et brides Adapteurs<br \/>\n16-16. Rapport d&#8217;inspection SGS pour NWSDB des Accouplements et brides Adapteurs<br \/>\n17-01. Certificat d&#8217;inspection SGS pour l&#8217;\u00e9limination des d\u00e9chets de l&#8217;eau Project System-1<br \/>\n17-02. Rapport d&#8217;inspection SGS pour le Projet-1 Syst\u00e8me d\u00e9chets d&#8217;\u00e9limination de l&#8217;eau<br \/>\n17-03. Certificat d&#8217;inspection SGS pour l&#8217;\u00e9limination des d\u00e9chets de l&#8217;eau Project System-2<br \/>\n17-04. Rapport d&#8217;inspection SGS pour le Projet-2 Syst\u00e8me d\u00e9chets d&#8217;\u00e9limination de l&#8217;eau<br \/>\n17-05. Certificat d&#8217;inspection SGS pour le Projet Kalu Ganga 08A<br \/>\n17-06. Rapport d&#8217;inspection SGS pour le Projet Kalu Ganga 08A<br \/>\n17-07. Certificat d&#8217;inspection SGS pour le Projet Kalu Ganga 09 &amp; ICB-02<br \/>\n17-08. Rapport d&#8217;inspection SGS pour le Projet Kalu Ganga 09 &amp; ICB-02<br \/>\n17-09. Certificat d&#8217;inspection SGS pour le Projet Kalu Package Projet Gange (F) Projet de loi 3<br \/>\n17-10. SGS Certificat de Manhole Inspection Covers pour Oman<br \/>\n17-11. Certificat d&#8217;inspection SGS pour Mahaoya Project<br \/>\n17-12. Rapport d&#8217;inspection SGS pour Mahaoya projet<br \/>\n17-13. SGS Certificat de Manhole Inspection Covers pour le Kowe\u00eft<br \/>\n17-14. Rapport d&#8217;inspection SGS de Manhole Covers pour le Kowe\u00eft<br \/>\n17-15. SGS Certificat de Manhole Inspection Couvertures et bo\u00eetes de surface pour la Cor\u00e9e<br \/>\n17-16. SGS avant exp\u00e9dition Acceptation Note de Covers Manhole et bo\u00eetes de surface pour la Cor\u00e9e<br \/>\n17-17. Rapport d&#8217;inspection SGS pour le Projet des d\u00e9chets Waterdisposal Systerm<br \/>\n17-18. Rapport d&#8217;inspection SGS Covers Manhole<br \/>\n17-19. Rapport d&#8217;inspection SGS de Manhole Covers pour Maurice<br \/>\n17-20. Rapport d&#8217;inspection SGS de caillebotis pour Maurice<br \/>\n17-21. Rapport d&#8217;inspection SGS BIJ-MC600-11-C10<br \/>\n17-22. Rapport d&#8217;inspection SGS de Manhole Covers pour l&#8217;Australie<br \/>\n17-23. Rapport d&#8217;inspection SGS de Manhole Covers pour DAMDULLA APPROVISIONNEMENT EN EAU PROJET SRI LANKA<br \/>\n18-01. CIQ Certificat de tuyaux pour le projet Alem Ketema, Dur Bete &amp; Debre Sina Villes, Amhara Region<br \/>\n18-02. CIQ Certificat de raccords pour le Projet Alem Ketema, Dur Bete &amp; Debre Sina Villes, Amhara Region<br \/>\n18-3. CIQ Certificat de Vannes pour le Projet Alem Ketema, Dur Bete &amp; Debre Sina Villes, Amhara Region<br \/>\n19-01. COC certificat pour l&#8217;Arabie Saoudite des plaques d&#8217;\u00e9gout<br \/>\n19-02. COC certificat pour l&#8217;Arabie Saoudite des plaques d&#8217;\u00e9gout<br \/>\n20-01. COC certificat pour l&#8217;Arabie Saoudite de tubes et raccords 4\/4 DI<br \/>\n20-02. COC certificat pour l&#8217;Irak de Pipes DI<br \/>\n20-03. certificat COC pour l&#8217;Arabie Saoudite de DI Fittings<\/p>\n<table border=\"0\" width=\"720\" cellspacing=\"0\" cellpadding=\"20\">\n<tbody>\n<tr bgcolor=\"#f3f3f3\">\n<td><strong><span style=\"color: #800000;\">Pour plus d&#8217;informations ou de demander PDF Catalogue, S&#8217;il vous pla\u00eet Contactez-nous au<\/span><\/strong>\u00a0<a title=\"info@syifoundry.com\" href=\"mailto:info@syifoundry.com\" target=\"_blank\">info@syifoundry.com<\/a><\/td>\n<\/tr>\n<\/tbody>\n<\/table>\n<p><\/p>","protected":false},"excerpt":{"rendered":"<p>TUV ISO9001-2008 TUV ISO9001-2008 chinois Kitemark License KM no.587491 Kitemark License KM no.587492 SGS ISO2531 \/ EN545 \/ EN598 TIME Approbation UL Approbation FM SGS EN124-1994 CE BS EN13101-2002 Certificat de brevet Certificat de brevet Rapport d&#8217;inspection BV CNE Rapport&#8230;<br \/><a class=\"read-more-button\" href=\"https:\/\/syifoundry.com\/fr\/certificate\/\">Savoir plus<\/a><\/p>\n","protected":false},"author":1,"featured_media":0,"parent":0,"menu_order":0,"comment_status":"closed","ping_status":"closed","template":"page-about.php","meta":{"footnotes":""},"class_list":["post-17","page","type-page","status-publish","hentry"],"_links":{"self":[{"href":"https:\/\/syifoundry.com\/fr\/wp-json\/wp\/v2\/pages\/17","targetHints":{"allow":["GET"]}}],"collection":[{"href":"https:\/\/syifoundry.com\/fr\/wp-json\/wp\/v2\/pages"}],"about":[{"href":"https:\/\/syifoundry.com\/fr\/wp-json\/wp\/v2\/types\/page"}],"author":[{"embeddable":true,"href":"https:\/\/syifoundry.com\/fr\/wp-json\/wp\/v2\/users\/1"}],"replies":[{"embeddable":true,"href":"https:\/\/syifoundry.com\/fr\/wp-json\/wp\/v2\/comments?post=17"}],"version-history":[{"count":34,"href":"https:\/\/syifoundry.com\/fr\/wp-json\/wp\/v2\/pages\/17\/revisions"}],"predecessor-version":[{"id":1233,"href":"https:\/\/syifoundry.com\/fr\/wp-json\/wp\/v2\/pages\/17\/revisions\/1233"}],"wp:attachment":[{"href":"https:\/\/syifoundry.com\/fr\/wp-json\/wp\/v2\/media?parent=17"}],"curies":[{"name":"wp","href":"https:\/\/api.w.org\/{rel}","templated":true}]}}