{"id":2,"date":"2014-09-16T04:45:02","date_gmt":"2014-09-15T20:45:02","guid":{"rendered":"http:\/\/syi.kingdoo-box.com\/?page_id=2"},"modified":"2023-02-02T11:17:23","modified_gmt":"2023-02-02T03:17:23","slug":"sample-page","status":"publish","type":"page","link":"https:\/\/syifoundry.com\/fr\/","title":{"rendered":"Accueil"},"content":{"rendered":"<p><\/p>\n<div id=\"min-index\">\n<div class=\"hot\">\n<p><a href=\"http:\/\/syifoundry.com\/products-2\/manhole-covers\/\"><img loading=\"lazy\" decoding=\"async\" class=\"alignnone size-full wp-image-195\" src=\"http:\/\/syifoundry.com\/wp-content\/uploads\/2014\/10\/index-Manhole-Covers.jpg\" alt=\"index-Manhole Covers\" width=\"180\" height=\"150\" data-id=\"195\" \/><\/a><\/p>\n<h3><a href=\"http:\/\/syifoundry.com\/products-2\/manhole-covers\/\">Bouche d&#8217;\u00e9go\u00fbt &amp; &#8230;<\/a><\/h3>\n<p>BSI Kitemark \/ SGS \/ TUV \/ NF &amp; ICIM certifi\u00e9s; ISO 9001-2008 syst\u00e8me de gestion de la qualit\u00e9; EN124 \/ ASTM-A-48 \/ BS 5834;<\/p>\n<p><a href=\"http:\/\/syifoundry.com\/products-2\/manhole-covers\/\">plus &gt;&gt;<\/a><\/p>\n<\/div>\n<div class=\"hot\">\n<p><a href=\"http:\/\/syifoundry.com\/products-2\/manhole-steps\/\"><img loading=\"lazy\" decoding=\"async\" class=\"alignnone size-full wp-image-196\" src=\"http:\/\/syifoundry.com\/wp-content\/uploads\/2014\/10\/index-Manhole-Steps.jpg\" alt=\"index-Manhole Steps\" width=\"180\" height=\"150\" data-id=\"196\" \/><\/a><\/p>\n<h3><a href=\"http:\/\/syifoundry.com\/products-2\/manhole-steps\/\">Manhole Steps<\/a><\/h3>\n<p>Une large gamme de trou d&#8217;homme arr\u00eate, y compris les \u00e9tapes d&#8217;aluminium, les \u00e9tapes de polypropyl\u00e8ne, \u00e9tapes en fonte ductile, les<\/p>\n<p><a href=\"http:\/\/syifoundry.com\/products-2\/manhole-steps\/\">plus &gt;&gt;<\/a><\/p>\n<\/div>\n<div class=\"hot\">\n<p><a href=\"http:\/\/syifoundry.com\/products-2\/oem-industrial-castings\/investment-precision-lost-wax-castings\/\"><img loading=\"lazy\" decoding=\"async\" class=\"alignnone size-full wp-image-194\" src=\"http:\/\/syifoundry.com\/wp-content\/uploads\/2014\/10\/index-Industrial-Casting-Division.jpg\" alt=\"index-Industrial Casting Division\" width=\"180\" height=\"150\" data-id=\"194\" \/><\/a><\/p>\n<h3><a href=\"http:\/\/syifoundry.com\/products-2\/oem-industrial-castings\/investment-precision-lost-wax-castings\/\">Division Casting Industrial<\/a><\/h3>\n<p>Combin\u00e9 avec un travail diff\u00e9rent, Division de coul\u00e9e BIJ est devenue l&#8217;une des plus grandes fonderies en Chine du Nord<\/p>\n<p><a href=\"http:\/\/syifoundry.com\/products-2\/oem-industrial-castings\/investment-precision-lost-wax-castings\/\">plus &gt;&gt;<\/a><\/p>\n<\/div>\n<div class=\"hot\">\n<p><a href=\"#\"><img loading=\"lazy\" decoding=\"async\" class=\"alignnone size-full wp-image-197\" src=\"http:\/\/syifoundry.com\/wp-content\/uploads\/2014\/10\/index-Street-Bollards.jpg\" alt=\"index-Street Bollards\" width=\"180\" height=\"150\" data-id=\"197\" \/><\/a><\/p>\n<h3>rue Bollards<\/h3>\n<p>BIJ fonte bollards de fer prot\u00e8gent votre propri\u00e9t\u00e9 contre les dommages caus\u00e9s par les v\u00e9hicules Certains des bollards BIJ<\/p>\n<p>plus &gt;&gt;<\/p>\n<\/div>\n<\/div>\n<p><\/p>","protected":false},"excerpt":{"rendered":"<p>Bouche d&#8217;\u00e9go\u00fbt &amp; &#8230; BSI Kitemark \/ SGS \/ TUV \/ NF &amp; ICIM certifi\u00e9s; ISO 9001-2008 syst\u00e8me de gestion de la qualit\u00e9; EN124 \/ ASTM-A-48 \/ BS 5834; plus &gt;&gt; Manhole Steps Une large gamme de trou d&#8217;homme arr\u00eate,&#8230;<br \/><a class=\"read-more-button\" href=\"https:\/\/syifoundry.com\/fr\/\">Savoir plus<\/a><\/p>\n","protected":false},"author":1,"featured_media":0,"parent":0,"menu_order":0,"comment_status":"closed","ping_status":"closed","template":"template-home.php","meta":{"footnotes":""},"class_list":["post-2","page","type-page","status-publish","hentry"],"_links":{"self":[{"href":"https:\/\/syifoundry.com\/fr\/wp-json\/wp\/v2\/pages\/2","targetHints":{"allow":["GET"]}}],"collection":[{"href":"https:\/\/syifoundry.com\/fr\/wp-json\/wp\/v2\/pages"}],"about":[{"href":"https:\/\/syifoundry.com\/fr\/wp-json\/wp\/v2\/types\/page"}],"author":[{"embeddable":true,"href":"https:\/\/syifoundry.com\/fr\/wp-json\/wp\/v2\/users\/1"}],"replies":[{"embeddable":true,"href":"https:\/\/syifoundry.com\/fr\/wp-json\/wp\/v2\/comments?post=2"}],"version-history":[{"count":41,"href":"https:\/\/syifoundry.com\/fr\/wp-json\/wp\/v2\/pages\/2\/revisions"}],"predecessor-version":[{"id":1505,"href":"https:\/\/syifoundry.com\/fr\/wp-json\/wp\/v2\/pages\/2\/revisions\/1505"}],"wp:attachment":[{"href":"https:\/\/syifoundry.com\/fr\/wp-json\/wp\/v2\/media?parent=2"}],"curies":[{"name":"wp","href":"https:\/\/api.w.org\/{rel}","templated":true}]}}