{"id":211,"date":"2014-11-13T09:41:16","date_gmt":"2014-11-13T01:41:16","guid":{"rendered":"http:\/\/syifoundry.com\/?page_id=211"},"modified":"2017-06-12T18:06:43","modified_gmt":"2017-06-12T10:06:43","slug":"manhole-covers","status":"publish","type":"page","link":"https:\/\/syifoundry.com\/fr\/products-2\/manhole-covers\/","title":{"rendered":"Bouche d&#8217;\u00e9go\u00fbt"},"content":{"rendered":"<p><img loading=\"lazy\" decoding=\"async\" class=\"aligncenter size-full wp-image-587\" src=\"http:\/\/syifoundry.com\/wp-content\/uploads\/2014\/11\/manhole-cover01.jpg\" alt=\"manhole-cover01\" width=\"708\" height=\"171\" srcset=\"https:\/\/syifoundry.com\/wp-content\/uploads\/2014\/11\/manhole-cover01.jpg 708w, https:\/\/syifoundry.com\/wp-content\/uploads\/2014\/11\/manhole-cover01-300x72.jpg 300w\" sizes=\"auto, (max-width: 708px) 100vw, 708px\" \/><\/p>\n<table border=\"0\" width=\"720\" cellspacing=\"0\" cellpadding=\"20\">\n<tbody>\n<tr bgcolor=\"#426398\">\n<td>\n<h6 style=\"text-align: left;\">\u00a0<span style=\"color: #ffffff;\">BIJ Manhole Series Cover (EN 124) &#8211; Charge maximale autoris\u00e9e pour diff\u00e9rentes classes<\/span><\/h6>\n<\/td>\n<\/tr>\n<tr bgcolor=\"#f6f7f7\">\n<td>\n<h6 style=\"text-align: left; padding-left: 30px;\"><\/h6>\n<p>&#8211; GROUPE 1: (classe A 15 minimum) Test de 1,5 tonne<br \/>\nLes zones qui ne peuvent \u00eatre utilis\u00e9s par les pi\u00e9tons et les cyclistes.<br \/>\n&#8211; GROUPE 2: (classe B 125 minimum) Test de 12,5 tonne<br \/>\nTrottoirs, zones pi\u00e9tonnes et zones comparables, les parkings ou les terrasses de parking.<br \/>\n&#8211; GROUPE 3: (classe C 250 minimum) Test de 25 tonnes m\u00e9triques<br \/>\nPour avaloirs install\u00e9 dans la zone des canaux kerbside de routes qui, lorsqu&#8217;il est mesur\u00e9 \u00e0 partir du bord de trottoir, de prolonger un maximum de 0.5m dans la chauss\u00e9e et un maximum de 0.2m dans le footway.<br \/>\n&#8211; GROUPE 4: (classe D 400 minimum) Test de 40 tonnes m\u00e9triques<br \/>\nCarriageway des routes (y compris la rue pi\u00e9tonne), accotements et aires de stationnement, pour tous les types de v\u00e9hicules routiers.<br \/>\n&#8211; GROUPE 5: (classe E 600 minimum) Test de 40 tonnes m\u00e9triques<br \/>\nLes zones imposant des charges particuli\u00e8rement \u00e9lev\u00e9es de roue, par exemple docks, chauss\u00e9es a\u00e9ronautiques.<br \/>\n&#8211; GROUPE 6: (classe F 900 minimum) Test de 90 tonnes m\u00e9triques<br \/>\nLes zones imposant des charges particuli\u00e8rement \u00e9lev\u00e9es de roue, par exemple trottoirs d&#8217;a\u00e9ronefs.<\/p>\n<table border=\"0\" width=\"720\" cellspacing=\"0\" cellpadding=\"20\">\n<tbody>\n<tr bgcolor=\"#f3f3f3\">\n<td><span style=\"color: #800000;\">La norme pr\u00e9cise que le concepteur est responsable de faire le choix appropri\u00e9 de la classe et o\u00f9 il n&#8217;y a aucun doute en ce qui concerne la classe \u00e0 utiliser, une classe sup\u00e9rieure doit \u00eatre choisie.<\/span><\/td>\n<\/tr>\n<\/tbody>\n<\/table>\n<\/td>\n<\/tr>\n<\/tbody>\n<\/table>\n<h6><\/h6>\n<h3><img loading=\"lazy\" decoding=\"async\" class=\"aligncenter size-full wp-image-590\" src=\"http:\/\/syifoundry.com\/wp-content\/uploads\/2014\/11\/manhole-cover03.jpg\" alt=\"manhole-cover03\" width=\"720\" height=\"363\" srcset=\"https:\/\/syifoundry.com\/wp-content\/uploads\/2014\/11\/manhole-cover03.jpg 720w, https:\/\/syifoundry.com\/wp-content\/uploads\/2014\/11\/manhole-cover03-300x151.jpg 300w\" sizes=\"auto, (max-width: 720px) 100vw, 720px\" \/><\/h3>\n<p><span style=\"color: #426398;\"><strong>Mat\u00e9riel &#8211; fonte ductile et gris fer:<\/strong><\/span><\/p>\n<p><span style=\"color: #426398;\">-Microstructures des deux types:\u00a0<\/span><\/p>\n<p><img loading=\"lazy\" decoding=\"async\" class=\"aligncenter size-full wp-image-591\" src=\"http:\/\/syifoundry.com\/wp-content\/uploads\/2014\/11\/manhole-cover04.jpg\" alt=\"manhole-cover04\" width=\"496\" height=\"224\" srcset=\"https:\/\/syifoundry.com\/wp-content\/uploads\/2014\/11\/manhole-cover04.jpg 496w, https:\/\/syifoundry.com\/wp-content\/uploads\/2014\/11\/manhole-cover04-300x135.jpg 300w\" sizes=\"auto, (max-width: 496px) 100vw, 496px\" \/><\/p>\n<p><span style=\"color: #00a1e9;\"><span style=\"color: #426398;\">&#8211; La diff\u00e9rence entre le fer ductile et fonte grise traditionnelle:<\/span> <\/span><\/p>\n<p>L&#8217;addition de magn\u00e9sium au stade fondu transforme les flocons de graphite qui sont communs avec le processus gris de coul\u00e9e de fer et les transforment en sph\u00e9ro\u00efde ou<br \/>\nforme nodulaire. La structure nodulaire offre une plus grande r\u00e9sistance \u00e0 la traction ainsi qu&#8217;une \u00abr\u00e9sistance \u00e0 un poids&#8221; taux \u00e9lev\u00e9 en comparaison avec les propri\u00e9t\u00e9s inh\u00e9rentes \u00e0 la fabrication de fonte grise.<\/p>\n<p><span style=\"color: #00a1e9;\"><span style=\"color: #426398;\">&#8211; L&#8217;avantage de la fonte ductile:<\/span> <\/span><\/p>\n<p>La fonte ductile \u00e0 haute r\u00e9sistance au rapport de poids permet la production de pi\u00e8ces moul\u00e9es l\u00e9g\u00e8res qui offrent ce qui peut constituer un poids de 50% d&#8217;\u00e9conomie sur la fonte grise traditionnelle.<\/p>\n<p>&nbsp;<\/p>\n<p>Notre objectif est de fournir \u00e0 tous nos clients une valeur des produits au lieu des prix que de faibles.<\/p>\n<table border=\"0\" width=\"720\" cellspacing=\"0\" cellpadding=\"20\">\n<tbody>\n<tr bgcolor=\"#f3f3f3\">\n<td><strong><span style=\"color: #800000;\">Pour plus d&#8217;informations ou de demander PDF Catalogue, S&#8217;il vous pla\u00eet Contactez-nous au<\/span><\/strong>\u00a0<a title=\"info@syipipeline.com\" href=\"mailto:info@syipipeline.com\" target=\"_blank\">info@syipipeline.com<\/a><\/td>\n<\/tr>\n<\/tbody>\n<\/table>\n<p><\/p>","protected":false},"excerpt":{"rendered":"<p>\u00a0BIJ Manhole Series Cover (EN 124) &#8211; Charge maximale autoris\u00e9e pour diff\u00e9rentes classes &#8211; GROUPE 1: (classe A 15 minimum) Test de 1,5 tonne Les zones qui ne peuvent \u00eatre utilis\u00e9s par les pi\u00e9tons et les cyclistes. &#8211; GROUPE 2:&#8230;<br \/><a class=\"read-more-button\" href=\"https:\/\/syifoundry.com\/fr\/products-2\/manhole-covers\/\">Savoir plus<\/a><\/p>\n","protected":false},"author":1,"featured_media":0,"parent":856,"menu_order":0,"comment_status":"closed","ping_status":"closed","template":"","meta":{"footnotes":""},"class_list":["post-211","page","type-page","status-publish","hentry"],"_links":{"self":[{"href":"https:\/\/syifoundry.com\/fr\/wp-json\/wp\/v2\/pages\/211","targetHints":{"allow":["GET"]}}],"collection":[{"href":"https:\/\/syifoundry.com\/fr\/wp-json\/wp\/v2\/pages"}],"about":[{"href":"https:\/\/syifoundry.com\/fr\/wp-json\/wp\/v2\/types\/page"}],"author":[{"embeddable":true,"href":"https:\/\/syifoundry.com\/fr\/wp-json\/wp\/v2\/users\/1"}],"replies":[{"embeddable":true,"href":"https:\/\/syifoundry.com\/fr\/wp-json\/wp\/v2\/comments?post=211"}],"version-history":[{"count":15,"href":"https:\/\/syifoundry.com\/fr\/wp-json\/wp\/v2\/pages\/211\/revisions"}],"predecessor-version":[{"id":1258,"href":"https:\/\/syifoundry.com\/fr\/wp-json\/wp\/v2\/pages\/211\/revisions\/1258"}],"up":[{"embeddable":true,"href":"https:\/\/syifoundry.com\/fr\/wp-json\/wp\/v2\/pages\/856"}],"wp:attachment":[{"href":"https:\/\/syifoundry.com\/fr\/wp-json\/wp\/v2\/media?parent=211"}],"curies":[{"name":"wp","href":"https:\/\/api.w.org\/{rel}","templated":true}]}}