{"id":231,"date":"2014-11-13T10:57:16","date_gmt":"2014-11-13T02:57:16","guid":{"rendered":"http:\/\/syifoundry.com\/?page_id=231"},"modified":"2017-06-13T09:50:50","modified_gmt":"2017-06-13T01:50:50","slug":"manhole-steps","status":"publish","type":"page","link":"https:\/\/syifoundry.com\/fr\/products-2\/manhole-steps\/","title":{"rendered":"Manhole Steps"},"content":{"rendered":"<p><img loading=\"lazy\" decoding=\"async\" class=\"aligncenter size-full wp-image-645\" src=\"http:\/\/syifoundry.com\/wp-content\/uploads\/2014\/11\/manhole-steps01.jpg\" alt=\"manhole-steps01\" width=\"720\" height=\"385\" srcset=\"https:\/\/syifoundry.com\/wp-content\/uploads\/2014\/11\/manhole-steps01.jpg 720w, https:\/\/syifoundry.com\/wp-content\/uploads\/2014\/11\/manhole-steps01-300x160.jpg 300w\" sizes=\"auto, (max-width: 720px) 100vw, 720px\" \/><\/p>\n<table border=\"0\" width=\"720\" cellspacing=\"0\" cellpadding=\"20\">\n<tbody>\n<tr bgcolor=\"#009944\">\n<td>\n<h6 style=\"text-align: left;\">\u00a0<span style=\"color: #ffffff;\">SYRIA Steps sont fabriqu\u00e9s \u00e0 nos normes de qualit\u00e9 strictes, ce qui est conforme aux exigences de la norme EN 13101.<\/span><\/h6>\n<\/td>\n<\/tr>\n<tr bgcolor=\"#f6f7f7\">\n<td>Con\u00e7u par un groupe d&#8217;ing\u00e9nieurs m\u00e9caniques exp\u00e9riment\u00e9s, \u00e9tapes BIJ ont \u00e9t\u00e9 un nouveau symbole de qualit\u00e9, de s\u00e9curit\u00e9 et de fiabilit\u00e9 dans les regards et les vo\u00fbtes.<br \/>\nEncapsul\u00e9 avec du polypropyl\u00e8ne de haute qualit\u00e9, nos caract\u00e9ristiques de s\u00e9curit\u00e9 comprennent la couleur jaune vif pour une plus grande visibilit\u00e9, anti-d\u00e9rapant dessin en relief, des extr\u00e9mit\u00e9s d\u00e9cal\u00e9es pour une plus grande force de maintien, 2 blocs de pied et de la r\u00e9sistance \u00e0 la corrosion forte.<img loading=\"lazy\" decoding=\"async\" class=\"aligncenter size-full wp-image-649\" src=\"http:\/\/syifoundry.com\/wp-content\/uploads\/2014\/11\/manhole-step12.jpg\" alt=\"manhole-step12\" width=\"720\" height=\"120\" srcset=\"https:\/\/syifoundry.com\/wp-content\/uploads\/2014\/11\/manhole-step12.jpg 720w, https:\/\/syifoundry.com\/wp-content\/uploads\/2014\/11\/manhole-step12-300x50.jpg 300w\" sizes=\"auto, (max-width: 720px) 100vw, 720px\" \/>BIJ fabrique \u00e9galement une large gamme de mesures d&#8217;\u00e9gout, y compris les \u00e9tapes d&#8217;aluminium, marches en fonte ductile avec rev\u00eatement en bitume noir, marches en fonte ductile avec rev\u00eatement galvanis\u00e9, les marches en fonte et marches en acier. Toutes nos \u00e9tapes peuvent \u00eatre \u00e9quip\u00e9s quand trou d&#8217;homme est form\u00e9 ou \u00e0 une structure existante. BIJ continuent de fournir de nouveaux mod\u00e8les pour nos clients<img loading=\"lazy\" decoding=\"async\" class=\"aligncenter size-full wp-image-647\" src=\"http:\/\/syifoundry.com\/wp-content\/uploads\/2014\/11\/surface-box17.jpg\" alt=\"surface-box17\" width=\"700\" height=\"228\" srcset=\"https:\/\/syifoundry.com\/wp-content\/uploads\/2014\/11\/surface-box17.jpg 700w, https:\/\/syifoundry.com\/wp-content\/uploads\/2014\/11\/surface-box17-300x98.jpg 300w\" sizes=\"auto, (max-width: 700px) 100vw, 700px\" \/><\/td>\n<\/tr>\n<\/tbody>\n<\/table>\n<p><\/p>","protected":false},"excerpt":{"rendered":"<p>\u00a0SYRIA Steps sont fabriqu\u00e9s \u00e0 nos normes de qualit\u00e9 strictes, ce qui est conforme aux exigences de la norme EN 13101. Con\u00e7u par un groupe d&#8217;ing\u00e9nieurs m\u00e9caniques exp\u00e9riment\u00e9s, \u00e9tapes BIJ ont \u00e9t\u00e9 un nouveau symbole de qualit\u00e9, de s\u00e9curit\u00e9 et&#8230;<br \/><a class=\"read-more-button\" href=\"https:\/\/syifoundry.com\/fr\/products-2\/manhole-steps\/\">Savoir plus<\/a><\/p>\n","protected":false},"author":1,"featured_media":0,"parent":856,"menu_order":0,"comment_status":"closed","ping_status":"closed","template":"","meta":{"footnotes":""},"class_list":["post-231","page","type-page","status-publish","hentry"],"_links":{"self":[{"href":"https:\/\/syifoundry.com\/fr\/wp-json\/wp\/v2\/pages\/231","targetHints":{"allow":["GET"]}}],"collection":[{"href":"https:\/\/syifoundry.com\/fr\/wp-json\/wp\/v2\/pages"}],"about":[{"href":"https:\/\/syifoundry.com\/fr\/wp-json\/wp\/v2\/types\/page"}],"author":[{"embeddable":true,"href":"https:\/\/syifoundry.com\/fr\/wp-json\/wp\/v2\/users\/1"}],"replies":[{"embeddable":true,"href":"https:\/\/syifoundry.com\/fr\/wp-json\/wp\/v2\/comments?post=231"}],"version-history":[{"count":18,"href":"https:\/\/syifoundry.com\/fr\/wp-json\/wp\/v2\/pages\/231\/revisions"}],"predecessor-version":[{"id":1324,"href":"https:\/\/syifoundry.com\/fr\/wp-json\/wp\/v2\/pages\/231\/revisions\/1324"}],"up":[{"embeddable":true,"href":"https:\/\/syifoundry.com\/fr\/wp-json\/wp\/v2\/pages\/856"}],"wp:attachment":[{"href":"https:\/\/syifoundry.com\/fr\/wp-json\/wp\/v2\/media?parent=231"}],"curies":[{"name":"wp","href":"https:\/\/api.w.org\/{rel}","templated":true}]}}