{"id":235,"date":"2014-11-13T11:23:28","date_gmt":"2014-11-13T03:23:28","guid":{"rendered":"http:\/\/syifoundry.com\/?page_id=235"},"modified":"2017-06-13T10:04:24","modified_gmt":"2017-06-13T02:04:24","slug":"lost-foam-castings","status":"publish","type":"page","link":"https:\/\/syifoundry.com\/fr\/products-2\/oem-industrial-castings\/lost-foam-castings\/","title":{"rendered":"perdu coul\u00e9e en mousse est"},"content":{"rendered":"<p><span style=\"color: #00a1e9;\"><strong>mousse perdue coul\u00e9e (LFC) ISA type de proc\u00e9d\u00e9 de coul\u00e9e qui utilise des mod\u00e8les de mousse AST et un leader.<\/strong><\/span><\/p>\n<p>Cette m\u00e9thode tire parti des propri\u00e9t\u00e9s de mousse pour simplement et \u00e0 moindre co\u00fbt former des moulages qu&#8217;il serait difficile, voire impossible, en utilisant &#8220;drag faire face et&#8221; techniques normales.<\/p>\n<p>&nbsp;<\/p>\n<p><img loading=\"lazy\" decoding=\"async\" class=\"aligncenter wp-image-812\" src=\"http:\/\/syifoundry.com\/wp-content\/uploads\/2014\/11\/Industrial-Casting-Division-01.jpg\" alt=\"Industrial-Casting-Division-01\" width=\"526\" height=\"280\" srcset=\"https:\/\/syifoundry.com\/wp-content\/uploads\/2014\/11\/Industrial-Casting-Division-01.jpg 700w, https:\/\/syifoundry.com\/wp-content\/uploads\/2014\/11\/Industrial-Casting-Division-01-300x159.jpg 300w\" sizes=\"auto, (max-width: 526px) 100vw, 526px\" \/><\/p>\n<p>&nbsp;<\/p>\n<p><img loading=\"lazy\" decoding=\"async\" class=\"aligncenter wp-image-813\" src=\"http:\/\/syifoundry.com\/wp-content\/uploads\/2014\/11\/Industrial-Casting-Division-02.jpg\" alt=\"Industrial-Casting-Division-02\" width=\"582\" height=\"309\" srcset=\"https:\/\/syifoundry.com\/wp-content\/uploads\/2014\/11\/Industrial-Casting-Division-02.jpg 700w, https:\/\/syifoundry.com\/wp-content\/uploads\/2014\/11\/Industrial-Casting-Division-02-300x159.jpg 300w\" sizes=\"auto, (max-width: 582px) 100vw, 582px\" \/><\/p>\n<p>&nbsp;<\/p>\n<p><strong>BIJ est capable d&#8217;utiliser LFC pour faire diff\u00e9rentes pi\u00e8ces en fonte ductile, fonte grise, acier au carbone, acier alli\u00e9, acier alli\u00e9 sp\u00e9cial, en acier inoxydable et d&#8217;aluminium avec des dimensions plus pr\u00e9cises et une qualit\u00e9 de surface plus lisse.<\/strong><\/p>\n<p><img loading=\"lazy\" decoding=\"async\" class=\"aligncenter wp-image-907 size-full\" src=\"http:\/\/syifoundry.com\/wp-content\/uploads\/2014\/11\/casting001.jpg\" alt=\"\" width=\"700\" height=\"299\" data-id=\"236\" srcset=\"https:\/\/syifoundry.com\/wp-content\/uploads\/2014\/11\/casting001.jpg 700w, https:\/\/syifoundry.com\/wp-content\/uploads\/2014\/11\/casting001-300x128.jpg 300w\" sizes=\"auto, (max-width: 700px) 100vw, 700px\" \/><\/p>\n<p><span style=\"color: #00a1e9;\"><strong>les avantages de la LFC comprennent:<\/strong><\/span><\/p>\n<p>* La flexibilit\u00e9 de la mousse: La mousse est facile \u00e0 manipuler, tailler et de la colle.<br \/>\n* Pr\u00e9cision dimensionnelle: Les mod\u00e8les sont des repr\u00e9sentations pr\u00e9cises de la coul\u00e9e souhait\u00e9e, par rapport \u00e0 la coul\u00e9e de sable et il n&#8217;y a pas d&#8217;usure de l&#8217;outil Il y a aussi moins de travail de finition n\u00e9cessaire pour une coul\u00e9e de LFC, car il n&#8217;y a pas de nageoires ou des lignes de s\u00e9paration ..<br \/>\n* \u00c9limination des noyaux: Cela permet des conceptions de coul\u00e9e plus complexes, l&#8217;\u00e9paisseur de paroi bien contr\u00f4l\u00e9e de pi\u00e8ces moul\u00e9es, et aucune base-prints Ce processus \u00e9limine \u00e9galement des ailettes ou des changements, des d\u00e9fauts de base et de sable m\u00e9lange ..<br \/>\n* \u00c9limination de la ligne de s\u00e9paration :. Il n&#8217;y a pas le projet et de multiples niveaux de coul\u00e9e sont possibles gating correct et le placement de la colonne montante peut \u00eatre atteint, et il n&#8217;y a aucun changement ou ailettes.<br \/>\n* Consolidation de la partie: La flexibilit\u00e9 du LFC permet souvent de consolider les parties en un seul composant int\u00e9gral, d&#8217;autres proc\u00e9d\u00e9s de formage n\u00e9cessiterait la production d&#8217;une ou plusieurs pi\u00e8ces \u00e0 assembler.<br \/>\n* R\u00e9duction des co\u00fbts: Parce que le processus est beaucoup plus simple, par rapport aux m\u00e9thodes de sable de coul\u00e9e traditionnelles, le co\u00fbt de production est beaucoup plus faible.<\/p>\n<p><img loading=\"lazy\" decoding=\"async\" class=\"aligncenter size-full wp-image-814\" src=\"http:\/\/syifoundry.com\/wp-content\/uploads\/2014\/11\/Industrial-Casting-Division-03.jpg\" alt=\"Industrial-Casting-Division-03\" width=\"700\" height=\"127\" srcset=\"https:\/\/syifoundry.com\/wp-content\/uploads\/2014\/11\/Industrial-Casting-Division-03.jpg 700w, https:\/\/syifoundry.com\/wp-content\/uploads\/2014\/11\/Industrial-Casting-Division-03-300x54.jpg 300w\" sizes=\"auto, (max-width: 700px) 100vw, 700px\" \/><\/p>\n<p><span style=\"color: #00a1e9;\"><strong>contacts yin ow pour cette nouvelle r\u00e9volution de la coul\u00e9e\uff01<\/strong><\/span><\/p>","protected":false},"excerpt":{"rendered":"<p>mousse perdue coul\u00e9e (LFC) ISA type de proc\u00e9d\u00e9 de coul\u00e9e qui utilise des mod\u00e8les de mousse AST et un leader. Cette m\u00e9thode tire parti des propri\u00e9t\u00e9s de mousse pour simplement et \u00e0 moindre co\u00fbt former des moulages qu&#8217;il serait difficile,&#8230;<br \/><a class=\"read-more-button\" href=\"https:\/\/syifoundry.com\/fr\/products-2\/oem-industrial-castings\/lost-foam-castings\/\">Savoir plus<\/a><\/p>\n","protected":false},"author":1,"featured_media":0,"parent":233,"menu_order":0,"comment_status":"closed","ping_status":"closed","template":"","meta":{"footnotes":""},"class_list":["post-235","page","type-page","status-publish","hentry"],"_links":{"self":[{"href":"https:\/\/syifoundry.com\/fr\/wp-json\/wp\/v2\/pages\/235","targetHints":{"allow":["GET"]}}],"collection":[{"href":"https:\/\/syifoundry.com\/fr\/wp-json\/wp\/v2\/pages"}],"about":[{"href":"https:\/\/syifoundry.com\/fr\/wp-json\/wp\/v2\/types\/page"}],"author":[{"embeddable":true,"href":"https:\/\/syifoundry.com\/fr\/wp-json\/wp\/v2\/users\/1"}],"replies":[{"embeddable":true,"href":"https:\/\/syifoundry.com\/fr\/wp-json\/wp\/v2\/comments?post=235"}],"version-history":[{"count":18,"href":"https:\/\/syifoundry.com\/fr\/wp-json\/wp\/v2\/pages\/235\/revisions"}],"predecessor-version":[{"id":1345,"href":"https:\/\/syifoundry.com\/fr\/wp-json\/wp\/v2\/pages\/235\/revisions\/1345"}],"up":[{"embeddable":true,"href":"https:\/\/syifoundry.com\/fr\/wp-json\/wp\/v2\/pages\/233"}],"wp:attachment":[{"href":"https:\/\/syifoundry.com\/fr\/wp-json\/wp\/v2\/media?parent=235"}],"curies":[{"name":"wp","href":"https:\/\/api.w.org\/{rel}","templated":true}]}}