{"id":444,"date":"2015-07-17T15:01:17","date_gmt":"2015-07-17T07:01:17","guid":{"rendered":"http:\/\/syifoundry.com\/?page_id=444"},"modified":"2017-06-13T10:59:49","modified_gmt":"2017-06-13T02:59:49","slug":"technical-support","status":"publish","type":"page","link":"https:\/\/syifoundry.com\/fr\/technical-support\/","title":{"rendered":"support technique"},"content":{"rendered":"<p><\/p>\n<p style=\"padding-left: 30px;\"><span style=\"color: #ffffff;\"><strong>.<\/strong><\/span><\/p>\n<p>* 26 ans de d\u00e9veloppement ind\u00e9pendant et la capacit\u00e9 de conception<\/p>\n<p>* 30 ing\u00e9nieurs de haut niveau<\/p>\n<p>* Auto CAD \/ Pro ing\u00e9nieur \/ Solid Works<\/p>\n<p>* Concevoir, d\u00e9velopper, produire et livrer selon vos dessins, \u00e9chantillons ou juste une id\u00e9e<\/p>\n<p>* Double contr\u00f4le des produits standards et des produits OEM.<\/p>\n<p>.<\/p>\n<p><img loading=\"lazy\" decoding=\"async\" class=\"size-full wp-image-977 alignleft\" src=\"http:\/\/www.syigroup.com\/wp-content\/uploads\/2014\/09\/R-D-Service.jpg\" alt=\"R-D-Service\" width=\"760\" height=\"132\" \/><\/p>","protected":false},"excerpt":{"rendered":"<p>. * 26 ans de d\u00e9veloppement ind\u00e9pendant et la capacit\u00e9 de conception * 30 ing\u00e9nieurs de haut niveau * Auto CAD \/ Pro ing\u00e9nieur \/ Solid Works * Concevoir, d\u00e9velopper, produire et livrer selon vos dessins, \u00e9chantillons ou juste une&#8230;<br \/><a class=\"read-more-button\" href=\"https:\/\/syifoundry.com\/fr\/technical-support\/\">Savoir plus<\/a><\/p>\n","protected":false},"author":1,"featured_media":0,"parent":0,"menu_order":0,"comment_status":"closed","ping_status":"closed","template":"template-full-width.php","meta":{"footnotes":""},"class_list":["post-444","page","type-page","status-publish","hentry"],"_links":{"self":[{"href":"https:\/\/syifoundry.com\/fr\/wp-json\/wp\/v2\/pages\/444","targetHints":{"allow":["GET"]}}],"collection":[{"href":"https:\/\/syifoundry.com\/fr\/wp-json\/wp\/v2\/pages"}],"about":[{"href":"https:\/\/syifoundry.com\/fr\/wp-json\/wp\/v2\/types\/page"}],"author":[{"embeddable":true,"href":"https:\/\/syifoundry.com\/fr\/wp-json\/wp\/v2\/users\/1"}],"replies":[{"embeddable":true,"href":"https:\/\/syifoundry.com\/fr\/wp-json\/wp\/v2\/comments?post=444"}],"version-history":[{"count":21,"href":"https:\/\/syifoundry.com\/fr\/wp-json\/wp\/v2\/pages\/444\/revisions"}],"predecessor-version":[{"id":1446,"href":"https:\/\/syifoundry.com\/fr\/wp-json\/wp\/v2\/pages\/444\/revisions\/1446"}],"wp:attachment":[{"href":"https:\/\/syifoundry.com\/fr\/wp-json\/wp\/v2\/media?parent=444"}],"curies":[{"name":"wp","href":"https:\/\/api.w.org\/{rel}","templated":true}]}}