{"id":448,"date":"2015-07-17T15:02:34","date_gmt":"2015-07-17T07:02:34","guid":{"rendered":"http:\/\/syifoundry.com\/?page_id=448"},"modified":"2017-07-18T17:54:33","modified_gmt":"2017-07-18T09:54:33","slug":"contact-us","status":"publish","type":"page","link":"https:\/\/syifoundry.com\/fr\/contact-us\/","title":{"rendered":"contacter US"},"content":{"rendered":"<p><\/p>\n<div style=\"width: 500px; float: left; font-size: 12px;\">Si vous souhaitez plus d&#8217;informations sur l&#8217;un de nos produits s&#8217;il vous pla\u00eet remplir le formulaire ci-dessous et soumettre. Ce sera envoyer votre demande directement \u00e0 notre bureau de vente. Votre demande est tr\u00e8s importante pour nous, nous vous contacterons le m\u00eame jour ouvrable. Merci .Fields marqu\u00e9s * sont obligatoires, votre e-mail seront rejet\u00e9es si ces champs ne sont pas termin\u00e9es.<div class=\"wpcf7 no-js\" id=\"wpcf7-f531-o3\" lang=\"zh-CN\" dir=\"ltr\">\n<div class=\"screen-reader-response\"><p role=\"status\" aria-live=\"polite\" aria-atomic=\"true\"><\/p> <ul><\/ul><\/div>\n<form action=\"\/fr\/wp-json\/wp\/v2\/pages\/448#wpcf7-f531-o3\" method=\"post\" class=\"wpcf7-form init\" aria-label=\"Contact form\" novalidate=\"novalidate\" data-status=\"init\">\n<div style=\"display: none;\">\n<input type=\"hidden\" name=\"_wpcf7\" value=\"531\" \/>\n<input type=\"hidden\" name=\"_wpcf7_version\" value=\"5.7.2\" \/>\n<input type=\"hidden\" name=\"_wpcf7_locale\" value=\"zh_CN\" \/>\n<input type=\"hidden\" name=\"_wpcf7_unit_tag\" value=\"wpcf7-f531-o3\" \/>\n<input type=\"hidden\" name=\"_wpcf7_container_post\" value=\"0\" \/>\n<input type=\"hidden\" name=\"_wpcf7_posted_data_hash\" value=\"\" \/>\n<\/div>\n<p>Your Name (required)\n<\/p>\n<p><span class=\"wpcf7-form-control-wrap\" data-name=\"your-name\"><input size=\"40\" class=\"wpcf7-form-control wpcf7-text wpcf7-validates-as-required\" aria-required=\"true\" aria-invalid=\"false\" value=\"\" type=\"text\" name=\"your-name\" \/><\/span>\n<\/p>\n<p>Your Email (required)\n<\/p>\n<p><span class=\"wpcf7-form-control-wrap\" data-name=\"your-email\"><input size=\"40\" class=\"wpcf7-form-control wpcf7-text wpcf7-email wpcf7-validates-as-required wpcf7-validates-as-email\" aria-required=\"true\" aria-invalid=\"false\" value=\"\" type=\"email\" name=\"your-email\" \/><\/span>\n<\/p>\n<p>Subject\n<\/p>\n<p><span class=\"wpcf7-form-control-wrap\" data-name=\"your-subject\"><input size=\"40\" class=\"wpcf7-form-control wpcf7-text\" aria-invalid=\"false\" value=\"\" type=\"text\" name=\"your-subject\" \/><\/span>\n<\/p>\n<p>Your Message\n<\/p>\n<p><span class=\"wpcf7-form-control-wrap\" data-name=\"your-message\"><textarea cols=\"40\" rows=\"10\" class=\"wpcf7-form-control wpcf7-textarea\" aria-invalid=\"false\" name=\"your-message\"><\/textarea><\/span>\n<\/p>\n<p><input class=\"wpcf7-form-control has-spinner wpcf7-submit\" type=\"submit\" value=\"Send\" \/>\n<\/p><div class=\"wpcf7-response-output\" aria-hidden=\"true\"><\/div><\/form><\/div><\/div>\n<div style=\"width: 500px; float: left; background-color: #dcf2fd;\">\n<aside id=\"sidebar\" style=\"width: 430px; margin-left: 30px; float: left; padding: 15px; background-color: #dcf2fd;\"><strong>SYI Foundry (Head Office)<\/strong><\/aside>\n<p style=\"width: 430px; margin-left: 45px; float: left; padding: 0px; background-color: #dcf2fd;\"><strong>Sales Director: <\/strong>Ms. Ma<\/p>\n<p style=\"width: 430px; margin-left: 45px; float: left; padding: 0px; background-color: #dcf2fd;\"><strong>Email: <\/strong>marketing@syifoundry.com<\/p>\n<p style=\"width: 430px; margin-left: 45px; float: left; padding: 0px; background-color: #dcf2fd;\"><strong>Tel: <\/strong>86-351-2027764<\/p>\n<p style=\"width: 430px; margin-left: 45px; float: left; padding: 0px; background-color: #dcf2fd;\"><strong>Fax:<\/strong> 86-351-4040962<\/p>\n<p style=\"width: 430px; margin-left: 45px; float: left; padding: 0px; background-color: #dcf2fd;\"><strong>Add:<\/strong>\u00a0Motianshi, No.51, BinheWest Road, Taiyuan, Shanxi, China 030027<\/p>\n<p style=\"width: 430px; margin-left: 45px; float: left; padding: 0px; background-color: #dcf2fd;\"><strong>Web:\u00a0<\/strong><a href=\"http:\/\/syifoundry.com\">www.syifoundry.com<\/a><\/p>\n<aside style=\"width: 430px; margin-left: 30px; float: left; padding: 0px; background-color: #dcf2fd;\"><img decoding=\"async\" src=\"http:\/\/syifoundry.com\/wp-content\/uploads\/2014\/09\/Team.jpg\" alt=\"\" \/><\/aside>\n<\/div>\n<p><\/p>","protected":false},"excerpt":{"rendered":"<p>Si vous souhaitez plus d&#8217;informations sur l&#8217;un de nos produits s&#8217;il vous pla\u00eet remplir le formulaire ci-dessous et soumettre. Ce sera envoyer votre demande directement \u00e0 notre bureau de vente. Votre demande est tr\u00e8s importante pour nous, nous vous contacterons&#8230;<br \/><a class=\"read-more-button\" href=\"https:\/\/syifoundry.com\/fr\/contact-us\/\">Savoir plus<\/a><\/p>\n","protected":false},"author":1,"featured_media":0,"parent":0,"menu_order":0,"comment_status":"closed","ping_status":"closed","template":"template-full-width.php","meta":{"footnotes":""},"class_list":["post-448","page","type-page","status-publish","hentry"],"_links":{"self":[{"href":"https:\/\/syifoundry.com\/fr\/wp-json\/wp\/v2\/pages\/448","targetHints":{"allow":["GET"]}}],"collection":[{"href":"https:\/\/syifoundry.com\/fr\/wp-json\/wp\/v2\/pages"}],"about":[{"href":"https:\/\/syifoundry.com\/fr\/wp-json\/wp\/v2\/types\/page"}],"author":[{"embeddable":true,"href":"https:\/\/syifoundry.com\/fr\/wp-json\/wp\/v2\/users\/1"}],"replies":[{"embeddable":true,"href":"https:\/\/syifoundry.com\/fr\/wp-json\/wp\/v2\/comments?post=448"}],"version-history":[{"count":22,"href":"https:\/\/syifoundry.com\/fr\/wp-json\/wp\/v2\/pages\/448\/revisions"}],"predecessor-version":[{"id":1450,"href":"https:\/\/syifoundry.com\/fr\/wp-json\/wp\/v2\/pages\/448\/revisions\/1450"}],"wp:attachment":[{"href":"https:\/\/syifoundry.com\/fr\/wp-json\/wp\/v2\/media?parent=448"}],"curies":[{"name":"wp","href":"https:\/\/api.w.org\/{rel}","templated":true}]}}