{"id":451,"date":"2015-07-17T15:03:40","date_gmt":"2015-07-17T07:03:40","guid":{"rendered":"http:\/\/syifoundry.com\/?page_id=451"},"modified":"2017-06-09T16:25:36","modified_gmt":"2017-06-09T08:25:36","slug":"quality-control-2","status":"publish","type":"page","link":"https:\/\/syifoundry.com\/fr\/quality-control-2\/","title":{"rendered":"contr\u00f4le de qualit\u00e9"},"content":{"rendered":"<p><\/p>\n<h6 style=\"padding-left: 30px;\"><strong><span style=\"color: #005aa0;\">*<\/span>\u00a0\u00a0<span style=\"color: #426398;\">ISO 9001:2008<\/span><\/strong> Syst\u00e8me de gestion de la qualit\u00e9<\/h6>\n<p style=\"padding-left: 30px;\"><span style=\"font-size: 10pt;\"><strong><span style=\"color: #005aa0;\">*<\/span><\/strong>\u00a0 syst\u00e8me d&#8217;inspection<span style=\"color: #888888;\">:<\/span> <strong><span style=\"color: #426398;\">auto-inspection% 2C inspection mutuelle et inspection professionnelle<\/span><\/strong><\/span><\/p>\n<p style=\"padding-left: 30px;\"><span style=\"font-size: 10pt;\"><strong><span style=\"color: #005aa0;\">*<\/span><\/strong>\u00a0 l&#8217;inspection de la qualit\u00e9 globale<span style=\"color: #888888;\">:<\/span> <strong><span style=\"color: #426398;\">mati\u00e8res premi\u00e8res entrant inspection% 2CS EMI-finis inspection% 2C \u00e9chantillon test% 2C produits tests<\/span><\/strong><\/span><\/p>\n<table border=\"0\" width=\"960\" cellspacing=\"0\" cellpadding=\"5\">\n<tbody>\n<tr>\n<td style=\"text-align: center;\" width=\"192\"><img loading=\"lazy\" decoding=\"async\" class=\"size-full wp-image-1192\" src=\"http:\/\/syifoundry.com\/wp-content\/uploads\/2015\/06\/SYI-Quality-Control-15.jpg\" alt=\"SYI-Quality-Control-15\" width=\"182\" height=\"136\" \/><\/td>\n<td width=\"192\"><img loading=\"lazy\" decoding=\"async\" class=\"aligncenter size-full wp-image-1191\" src=\"http:\/\/syifoundry.com\/wp-content\/uploads\/2015\/06\/SYI-Quality-Control-14.jpg\" alt=\"SYI-Quality-Control-14\" width=\"182\" height=\"136\" \/><\/td>\n<td width=\"192\"><img loading=\"lazy\" decoding=\"async\" class=\"aligncenter size-full wp-image-1190\" src=\"http:\/\/syifoundry.com\/wp-content\/uploads\/2015\/06\/SYI-Quality-Control-13.jpg\" alt=\"SYI-Quality-Control-13\" width=\"182\" height=\"136\" \/><\/td>\n<td width=\"192\"><img loading=\"lazy\" decoding=\"async\" class=\"aligncenter size-full wp-image-1187\" src=\"http:\/\/syifoundry.com\/wp-content\/uploads\/2015\/06\/SYI-Quality-Control-10.jpg\" alt=\"SYI-Quality-Control-10\" width=\"182\" height=\"136\" \/><\/td>\n<td width=\"192\"><img loading=\"lazy\" decoding=\"async\" class=\"aligncenter size-full wp-image-1188\" src=\"http:\/\/syifoundry.com\/wp-content\/uploads\/2015\/06\/SYI-Quality-Control-11.jpg\" alt=\"SYI-Quality-Control-11\" width=\"182\" height=\"136\" \/><\/td>\n<\/tr>\n<tr>\n<td>l&#8217;analyse du spectre<\/td>\n<td>l&#8217;analyse des composants chimiques<\/td>\n<td>test de r\u00e9sistance \u00e0 la traction<\/td>\n<td>test de micro-structures<\/td>\n<td>essai de duret\u00e9<\/td>\n<\/tr>\n<tr>\n<td><img loading=\"lazy\" decoding=\"async\" class=\"aligncenter size-full wp-image-1193\" src=\"http:\/\/syifoundry.com\/wp-content\/uploads\/2015\/06\/SYI-Quality-Control-121.jpg\" alt=\"SYI-Quality-Control-12\" width=\"182\" height=\"136\" \/><\/td>\n<td><img loading=\"lazy\" decoding=\"async\" class=\"aligncenter size-full wp-image-1186\" src=\"http:\/\/syifoundry.com\/wp-content\/uploads\/2015\/06\/SYI-Quality-Control-09.jpg\" alt=\"SYI-Quality-Control-09\" width=\"182\" height=\"136\" \/><\/td>\n<td><img loading=\"lazy\" decoding=\"async\" class=\"aligncenter size-full wp-image-1182\" src=\"http:\/\/syifoundry.com\/wp-content\/uploads\/2015\/06\/SYI-Quality-Control-05.jpg\" alt=\"SYI-Quality-Control-05\" width=\"182\" height=\"136\" \/><\/td>\n<td><img loading=\"lazy\" decoding=\"async\" class=\"aligncenter size-full wp-image-1183\" src=\"http:\/\/syifoundry.com\/wp-content\/uploads\/2015\/06\/SYI-Quality-Control-06.jpg\" alt=\"SYI-Quality-Control-06\" width=\"182\" height=\"136\" \/><\/td>\n<td><img loading=\"lazy\" decoding=\"async\" class=\"aligncenter size-full wp-image-1185\" src=\"http:\/\/syifoundry.com\/wp-content\/uploads\/2015\/06\/SYI-Quality-Control-08.jpg\" alt=\"SYI-Quality-Control-08\" width=\"182\" height=\"136\" \/><\/td>\n<\/tr>\n<tr>\n<td>Mesure de l&#8217;\u00e9paisseur du rev\u00eatement<\/td>\n<td>PT (test de p\u00e9n\u00e9tration)<\/td>\n<td>le test de pression hydraulique<\/td>\n<td>ensemble permanent et test de charge<\/td>\n<td>exp\u00e9rience presse circulaire<\/td>\n<\/tr>\n<tr>\n<td><img loading=\"lazy\" decoding=\"async\" class=\"aligncenter size-full wp-image-1184\" src=\"http:\/\/syifoundry.com\/wp-content\/uploads\/2015\/06\/SYI-Quality-Control-07.jpg\" alt=\"SYI-Quality-Control-07\" width=\"182\" height=\"136\" \/><\/td>\n<td><img loading=\"lazy\" decoding=\"async\" class=\"aligncenter size-full wp-image-1179\" src=\"http:\/\/syifoundry.com\/wp-content\/uploads\/2015\/06\/SYI-Quality-Control-02.jpg\" alt=\"SYI-Quality-Control-02\" width=\"182\" height=\"136\" \/><\/td>\n<td><img loading=\"lazy\" decoding=\"async\" class=\"aligncenter size-full wp-image-1178\" src=\"http:\/\/syifoundry.com\/wp-content\/uploads\/2015\/06\/SYI-Quality-Control-01.jpg\" alt=\"SYI-Quality-Control-01\" width=\"182\" height=\"136\" \/><\/td>\n<td style=\"text-align: center;\"><img loading=\"lazy\" decoding=\"async\" class=\"aligncenter size-full wp-image-1177\" src=\"http:\/\/syifoundry.com\/wp-content\/uploads\/2015\/06\/SYI-Quality-Control-00.jpg\" alt=\"SYI-Quality-Control-00\" width=\"182\" height=\"136\" \/><\/td>\n<td><img loading=\"lazy\" decoding=\"async\" class=\"aligncenter size-full wp-image-1180\" src=\"http:\/\/syifoundry.com\/wp-content\/uploads\/2015\/06\/SYI-Quality-Control-03.jpg\" alt=\"SYI-Quality-Control-03\" width=\"182\" height=\"136\" \/><\/td>\n<\/tr>\n<tr>\n<td>test d&#8217;impact<\/td>\n<td>test de poudre magn\u00e9tique<\/td>\n<td>3D DI mentionner la mesure AL<\/td>\n<td>la mesure de la rugosit\u00e9 de surface<\/td>\n<td>sondage supersonique<\/td>\n<\/tr>\n<\/tbody>\n<\/table>\n<p><\/p>","protected":false},"excerpt":{"rendered":"<p>*\u00a0\u00a0ISO 9001:2008 Syst\u00e8me de gestion de la qualit\u00e9 *\u00a0 syst\u00e8me d&#8217;inspection: auto-inspection% 2C inspection mutuelle et inspection professionnelle *\u00a0 l&#8217;inspection de la qualit\u00e9 globale: mati\u00e8res premi\u00e8res entrant inspection% 2CS EMI-finis inspection% 2C \u00e9chantillon test% 2C produits tests l&#8217;analyse du spectre&#8230;<br \/><a class=\"read-more-button\" href=\"https:\/\/syifoundry.com\/fr\/quality-control-2\/\">Savoir plus<\/a><\/p>\n","protected":false},"author":1,"featured_media":0,"parent":0,"menu_order":0,"comment_status":"closed","ping_status":"closed","template":"template-full-width.php","meta":{"footnotes":""},"class_list":["post-451","page","type-page","status-publish","hentry"],"_links":{"self":[{"href":"https:\/\/syifoundry.com\/fr\/wp-json\/wp\/v2\/pages\/451","targetHints":{"allow":["GET"]}}],"collection":[{"href":"https:\/\/syifoundry.com\/fr\/wp-json\/wp\/v2\/pages"}],"about":[{"href":"https:\/\/syifoundry.com\/fr\/wp-json\/wp\/v2\/types\/page"}],"author":[{"embeddable":true,"href":"https:\/\/syifoundry.com\/fr\/wp-json\/wp\/v2\/users\/1"}],"replies":[{"embeddable":true,"href":"https:\/\/syifoundry.com\/fr\/wp-json\/wp\/v2\/comments?post=451"}],"version-history":[{"count":9,"href":"https:\/\/syifoundry.com\/fr\/wp-json\/wp\/v2\/pages\/451\/revisions"}],"predecessor-version":[{"id":1135,"href":"https:\/\/syifoundry.com\/fr\/wp-json\/wp\/v2\/pages\/451\/revisions\/1135"}],"wp:attachment":[{"href":"https:\/\/syifoundry.com\/fr\/wp-json\/wp\/v2\/media?parent=451"}],"curies":[{"name":"wp","href":"https:\/\/api.w.org\/{rel}","templated":true}]}}