{"id":477,"date":"2015-07-20T17:00:56","date_gmt":"2015-07-20T09:00:56","guid":{"rendered":"http:\/\/syifoundry.com\/?page_id=477"},"modified":"2017-06-13T09:24:55","modified_gmt":"2017-06-13T01:24:55","slug":"a15-class-light-duty","status":"publish","type":"page","link":"https:\/\/syifoundry.com\/fr\/products-2\/manhole-covers\/a15-class-light-duty\/","title":{"rendered":"A15 Class (Light Duty)"},"content":{"rendered":"<p><img loading=\"lazy\" decoding=\"async\" class=\"size-full wp-image-478 aligncenter\" src=\"http:\/\/syifoundry.com\/wp-content\/uploads\/2015\/07\/manhole-cover-class-A15.jpg\" alt=\"manhole-cover-class-A15\" width=\"720\" height=\"240\" data-id=\"478\" srcset=\"https:\/\/syifoundry.com\/wp-content\/uploads\/2015\/07\/manhole-cover-class-A15.jpg 720w, https:\/\/syifoundry.com\/wp-content\/uploads\/2015\/07\/manhole-cover-class-A15-300x100.jpg 300w\" sizes=\"auto, (max-width: 720px) 100vw, 720px\" \/><br \/>\n<span style=\"color: #b04b87;\"><strong><span style=\"color: #00a1e9;\">1) Double Series Sealed<img loading=\"lazy\" decoding=\"async\" class=\"size-full wp-image-561 alignright\" src=\"http:\/\/syifoundry.com\/wp-content\/uploads\/2015\/07\/A-manhole-cover01.jpg\" alt=\"A-manhole-cover01\" width=\"234\" height=\"127\" data-id=\"561\" \/><\/span><br \/>\n<\/strong><\/span><\/p>\n<p style=\"padding-left: 30px;\">* Fonte grise<br \/>\n* Double Sealed<br \/>\n* Couverture solide<br \/>\n* Joints en caoutchouc sont facultatifs<\/p>\n<p>&nbsp;<\/p>\n<p><span style=\"color: #b04b87;\"><strong><span style=\"color: #00a1e9;\">2)Simple Cover Series<img loading=\"lazy\" decoding=\"async\" class=\"alignright size-full wp-image-562\" src=\"http:\/\/syifoundry.com\/wp-content\/uploads\/2015\/07\/A-manhole-cover02.jpg\" alt=\"A-manhole-cover02\" width=\"234\" height=\"127\" data-id=\"562\" \/><\/span><br \/>\n<\/strong><\/span><\/p>\n<p style=\"padding-left: 30px;\">* Fonte grise<br \/>\n* Precast Poign\u00e9e de levage<br \/>\n* Inscription sp\u00e9ciale ou d&#8217;identification diff\u00e9rent est disponible<\/p>\n<p>&nbsp;<\/p>\n<p><span style=\"color: #b04b87;\"><strong><span style=\"color: #00a1e9;\">3) Covers Double Series<\/span><br \/>\n<\/strong><\/span><\/p>\n<p style=\"padding-left: 30px;\"><img loading=\"lazy\" decoding=\"async\" class=\"size-full wp-image-563 alignright\" src=\"http:\/\/syifoundry.com\/wp-content\/uploads\/2015\/07\/A-manhole-cover03.jpg\" alt=\"A-manhole-cover03\" width=\"234\" height=\"127\" \/>* Fonte grise<br \/>\n* Precast levage Haneda-trou d&#8217;homme-couvercle 03<br \/>\n* Couvertures doubles<br \/>\n* Inscription sp\u00e9ciale ou d&#8217;identification diff\u00e9rent est disponible<\/p>\n<p style=\"padding-left: 30px;\"><strong><span style=\"color: #fe0000;\">La plupart des tailles standard sont disponibles.<\/span><\/strong><\/p>\n<p><\/p>","protected":false},"excerpt":{"rendered":"<p>1) Double Series Sealed * Fonte grise * Double Sealed * Couverture solide * Joints en caoutchouc sont facultatifs &nbsp; 2)Simple Cover Series * Fonte grise * Precast Poign\u00e9e de levage * Inscription sp\u00e9ciale ou d&#8217;identification diff\u00e9rent est disponible &nbsp;&#8230;<br \/><a class=\"read-more-button\" href=\"https:\/\/syifoundry.com\/fr\/products-2\/manhole-covers\/a15-class-light-duty\/\">Savoir plus<\/a><\/p>\n","protected":false},"author":1,"featured_media":0,"parent":211,"menu_order":0,"comment_status":"closed","ping_status":"closed","template":"","meta":{"footnotes":""},"class_list":["post-477","page","type-page","status-publish","hentry"],"_links":{"self":[{"href":"https:\/\/syifoundry.com\/fr\/wp-json\/wp\/v2\/pages\/477","targetHints":{"allow":["GET"]}}],"collection":[{"href":"https:\/\/syifoundry.com\/fr\/wp-json\/wp\/v2\/pages"}],"about":[{"href":"https:\/\/syifoundry.com\/fr\/wp-json\/wp\/v2\/types\/page"}],"author":[{"embeddable":true,"href":"https:\/\/syifoundry.com\/fr\/wp-json\/wp\/v2\/users\/1"}],"replies":[{"embeddable":true,"href":"https:\/\/syifoundry.com\/fr\/wp-json\/wp\/v2\/comments?post=477"}],"version-history":[{"count":23,"href":"https:\/\/syifoundry.com\/fr\/wp-json\/wp\/v2\/pages\/477\/revisions"}],"predecessor-version":[{"id":1271,"href":"https:\/\/syifoundry.com\/fr\/wp-json\/wp\/v2\/pages\/477\/revisions\/1271"}],"up":[{"embeddable":true,"href":"https:\/\/syifoundry.com\/fr\/wp-json\/wp\/v2\/pages\/211"}],"wp:attachment":[{"href":"https:\/\/syifoundry.com\/fr\/wp-json\/wp\/v2\/media?parent=477"}],"curies":[{"name":"wp","href":"https:\/\/api.w.org\/{rel}","templated":true}]}}