{"id":485,"date":"2015-07-20T17:01:37","date_gmt":"2015-07-20T09:01:37","guid":{"rendered":"http:\/\/syifoundry.com\/?page_id=485"},"modified":"2017-06-13T09:28:21","modified_gmt":"2017-06-13T01:28:21","slug":"b125-class-light-duty","status":"publish","type":"page","link":"https:\/\/syifoundry.com\/fr\/products-2\/manhole-covers\/b125-class-light-duty\/","title":{"rendered":"B125 Classe (Light Duty)"},"content":{"rendered":"<p><img loading=\"lazy\" decoding=\"async\" class=\"size-full wp-image-479 aligncenter\" src=\"http:\/\/syifoundry.com\/wp-content\/uploads\/2015\/07\/manhole-cover-class-B125.jpg\" alt=\"manhole-cover-class-B125\" width=\"720\" height=\"240\" data-id=\"479\" srcset=\"https:\/\/syifoundry.com\/wp-content\/uploads\/2015\/07\/manhole-cover-class-B125.jpg 720w, https:\/\/syifoundry.com\/wp-content\/uploads\/2015\/07\/manhole-cover-class-B125-300x100.jpg 300w\" sizes=\"auto, (max-width: 720px) 100vw, 720px\" \/><br \/>\n<span style=\"color: #b04b87;\"><strong><span style=\"color: #009944;\">1) Solide S\u00e9rie de couverture<img loading=\"lazy\" decoding=\"async\" class=\"alignright size-full wp-image-566\" src=\"http:\/\/syifoundry.com\/wp-content\/uploads\/2015\/07\/B-manhole-cover01.jpg\" alt=\"B-manhole-cover01\" width=\"234\" height=\"127\" \/><\/span><br \/>\n<\/strong><\/span><\/p>\n<p style=\"padding-left: 30px;\">* Fonte ductile<br \/>\n* Levage Central Key Hole<br \/>\n* Cut-Corner design<br \/>\n* Diamant raised design top<br \/>\n<span style=\"color: #009944;\">Certains types viennent avec GRP plaque d&#8217;\u00e9tanch\u00e9it\u00e9.\u00a0<\/span><\/p>\n<p>&nbsp;<\/p>\n<p><span style=\"color: #b04b87;\"><strong><span style=\"color: #009944;\">2) Encastr\u00e9 Cover Series<img loading=\"lazy\" decoding=\"async\" class=\"alignright size-full wp-image-567\" src=\"http:\/\/syifoundry.com\/wp-content\/uploads\/2015\/07\/B-manhole-cover02.jpg\" alt=\"B-manhole-cover02\" width=\"234\" height=\"127\" \/><\/span><br \/>\n<\/strong><\/span><\/p>\n<p style=\"padding-left: 30px;\">* Fonte ductile<br \/>\n* Double Sealed<br \/>\n* Couvercle encastr\u00e9 pour le remplissage en b\u00e9ton<br \/>\n* Plaque de GRP est facultative<br \/>\n<span style=\"color: #009944;\">Certains types viennent avec GRP plaque d&#8217;\u00e9tanch\u00e9it\u00e9.<\/span><\/p>\n<p>&nbsp;<\/p>\n<p><strong><span style=\"color: #b04b87;\"><span style=\"color: #009944;\">3) Covers Double Series<img loading=\"lazy\" decoding=\"async\" class=\"alignright size-full wp-image-568\" src=\"http:\/\/syifoundry.com\/wp-content\/uploads\/2015\/07\/B-manhole-cover03.jpg\" alt=\"B-manhole-cover03\" width=\"234\" height=\"127\" \/><br \/>\n<\/span><\/span><\/strong><\/p>\n<p style=\"padding-left: 30px;\">* Fonte ductile<br \/>\n* Couvertures doubles (avec couvercle d&#8217;inspection)<br \/>\n* Inscription sp\u00e9ciale ou d&#8217;identification diff\u00e9rent est disponible<\/p>\n<p>&nbsp;<\/p>\n<p><strong><span style=\"color: #fe0000;\">La plupart des tailles standard sont disponibles.<\/span><\/strong><\/p>","protected":false},"excerpt":{"rendered":"<p>1) Solide S\u00e9rie de couverture * Fonte ductile * Levage Central Key Hole * Cut-Corner design * Diamant raised design top Certains types viennent avec GRP plaque d&#8217;\u00e9tanch\u00e9it\u00e9.\u00a0 &nbsp; 2) Encastr\u00e9 Cover Series * Fonte ductile * Double Sealed *&#8230;<br \/><a class=\"read-more-button\" href=\"https:\/\/syifoundry.com\/fr\/products-2\/manhole-covers\/b125-class-light-duty\/\">Savoir plus<\/a><\/p>\n","protected":false},"author":1,"featured_media":0,"parent":211,"menu_order":0,"comment_status":"closed","ping_status":"closed","template":"","meta":{"footnotes":""},"class_list":["post-485","page","type-page","status-publish","hentry"],"_links":{"self":[{"href":"https:\/\/syifoundry.com\/fr\/wp-json\/wp\/v2\/pages\/485","targetHints":{"allow":["GET"]}}],"collection":[{"href":"https:\/\/syifoundry.com\/fr\/wp-json\/wp\/v2\/pages"}],"about":[{"href":"https:\/\/syifoundry.com\/fr\/wp-json\/wp\/v2\/types\/page"}],"author":[{"embeddable":true,"href":"https:\/\/syifoundry.com\/fr\/wp-json\/wp\/v2\/users\/1"}],"replies":[{"embeddable":true,"href":"https:\/\/syifoundry.com\/fr\/wp-json\/wp\/v2\/comments?post=485"}],"version-history":[{"count":22,"href":"https:\/\/syifoundry.com\/fr\/wp-json\/wp\/v2\/pages\/485\/revisions"}],"predecessor-version":[{"id":1284,"href":"https:\/\/syifoundry.com\/fr\/wp-json\/wp\/v2\/pages\/485\/revisions\/1284"}],"up":[{"embeddable":true,"href":"https:\/\/syifoundry.com\/fr\/wp-json\/wp\/v2\/pages\/211"}],"wp:attachment":[{"href":"https:\/\/syifoundry.com\/fr\/wp-json\/wp\/v2\/media?parent=485"}],"curies":[{"name":"wp","href":"https:\/\/api.w.org\/{rel}","templated":true}]}}