{"id":487,"date":"2015-07-20T17:02:02","date_gmt":"2015-07-20T09:02:02","guid":{"rendered":"http:\/\/syifoundry.com\/?page_id=487"},"modified":"2017-06-13T09:30:31","modified_gmt":"2017-06-13T01:30:31","slug":"c250-class-medium-duty","status":"publish","type":"page","link":"https:\/\/syifoundry.com\/fr\/products-2\/manhole-covers\/c250-class-medium-duty\/","title":{"rendered":"C250 Classe (Duty Medium)"},"content":{"rendered":"<p><\/p>\n<p style=\"text-align: left;\"><img loading=\"lazy\" decoding=\"async\" class=\"wp-image-480 size-full aligncenter\" src=\"http:\/\/syifoundry.com\/wp-content\/uploads\/2015\/07\/manhole-cover-class-C250.jpg\" alt=\"\" width=\"720\" height=\"240\" data-id=\"481\" srcset=\"https:\/\/syifoundry.com\/wp-content\/uploads\/2015\/07\/manhole-cover-class-C250.jpg 720w, https:\/\/syifoundry.com\/wp-content\/uploads\/2015\/07\/manhole-cover-class-C250-300x100.jpg 300w\" sizes=\"auto, (max-width: 720px) 100vw, 720px\" \/><\/p>\n<p><span style=\"color: #b04b87;\"><strong><span style=\"color: #e60013;\">1) Solide S\u00e9rie de couverture<\/span><br \/>\n<\/strong><\/span><\/p>\n<p>&nbsp;<\/p>\n<p style=\"padding-left: 30px;\">* Fonte ductile<br \/>\n<img loading=\"lazy\" decoding=\"async\" class=\"alignright wp-image-577\" src=\"http:\/\/syifoundry.com\/wp-content\/uploads\/2015\/07\/C-manhole-cover01.jpg\" alt=\"C-manhole-cover01\" width=\"203\" height=\"110\" \/>* Keyhole de levage central<br \/>\n* Cut-Corner design<br \/>\n* Diamant raised design top<br \/>\n<span style=\"color: #e60013;\">Certains types viennent avec GRP plaque d&#8217;\u00e9tanch\u00e9it\u00e9.<\/span><\/p>\n<p>&nbsp;<\/p>\n<p><span style=\"color: #b04b87;\"><strong><span style=\"color: #e60013;\">2)Encastr\u00e9 Cover Series<\/span><img loading=\"lazy\" decoding=\"async\" class=\"alignright wp-image-578\" src=\"http:\/\/syifoundry.com\/wp-content\/uploads\/2015\/07\/C-manhole-cover02.jpg\" alt=\"C-manhole-cover02\" width=\"203\" height=\"110\" \/><br \/>\n<\/strong><\/span><\/p>\n<p style=\"padding-left: 30px;\">* Fonte ductile<br \/>\n* Levage Trous cl\u00e9s<br \/>\n* Couvercle encastr\u00e9<\/p>\n<p>&nbsp;<\/p>\n<p><strong><span style=\"color: #b04b87;\"><span style=\"color: #e60013;\">3) S\u00e9rie centrale de levage<img loading=\"lazy\" decoding=\"async\" class=\"alignright wp-image-579\" src=\"http:\/\/syifoundry.com\/wp-content\/uploads\/2015\/07\/C-manhole-cover03.jpg\" alt=\"C-manhole-cover03\" width=\"203\" height=\"110\" \/><\/span><\/span><\/strong><\/p>\n<p style=\"padding-left: 30px;\">* Fonte ductile<br \/>\n* Keyhole de levage central<br \/>\n* Inscription sp\u00e9ciale ou d&#8217;identification diff\u00e9rent est disponible.<\/p>\n<p>&nbsp;<\/p>\n<p><strong><span style=\"color: #b04b87;\"><span style=\"color: #e60013;\">4) Cover Round Series<img loading=\"lazy\" decoding=\"async\" class=\"alignright wp-image-580\" src=\"http:\/\/syifoundry.com\/wp-content\/uploads\/2015\/07\/C-manhole-cover04.jpg\" alt=\"C-manhole-cover04\" width=\"203\" height=\"110\" \/><\/span><br \/>\n<\/span><\/strong><\/p>\n<p style=\"padding-left: 30px;\">* Fonte ductile<br \/>\n* Round Cover + Round \/ Square Frame<br \/>\n* Avec \/ sans charni\u00e8re<br \/>\n* Avec PE Joint<\/p>\n<p><span style=\"color: #fe0000;\">La plupart des tailles standard sont disponibles.<\/span><br \/>\nDemandez SAI Repr\u00e9sentants des ventes pour plus de d\u00e9tails \u00e0 <a href=\"mailto:info@syifoundry.com\">info@syifoundry.com<\/a><\/p>","protected":false},"excerpt":{"rendered":"<p>1) Solide S\u00e9rie de couverture &nbsp; * Fonte ductile * Keyhole de levage central * Cut-Corner design * Diamant raised design top Certains types viennent avec GRP plaque d&#8217;\u00e9tanch\u00e9it\u00e9. &nbsp; 2)Encastr\u00e9 Cover Series * Fonte ductile * Levage Trous cl\u00e9s&#8230;<br \/><a class=\"read-more-button\" href=\"https:\/\/syifoundry.com\/fr\/products-2\/manhole-covers\/c250-class-medium-duty\/\">Savoir plus<\/a><\/p>\n","protected":false},"author":1,"featured_media":0,"parent":211,"menu_order":0,"comment_status":"closed","ping_status":"closed","template":"","meta":{"footnotes":""},"class_list":["post-487","page","type-page","status-publish","hentry"],"_links":{"self":[{"href":"https:\/\/syifoundry.com\/fr\/wp-json\/wp\/v2\/pages\/487","targetHints":{"allow":["GET"]}}],"collection":[{"href":"https:\/\/syifoundry.com\/fr\/wp-json\/wp\/v2\/pages"}],"about":[{"href":"https:\/\/syifoundry.com\/fr\/wp-json\/wp\/v2\/types\/page"}],"author":[{"embeddable":true,"href":"https:\/\/syifoundry.com\/fr\/wp-json\/wp\/v2\/users\/1"}],"replies":[{"embeddable":true,"href":"https:\/\/syifoundry.com\/fr\/wp-json\/wp\/v2\/comments?post=487"}],"version-history":[{"count":23,"href":"https:\/\/syifoundry.com\/fr\/wp-json\/wp\/v2\/pages\/487\/revisions"}],"predecessor-version":[{"id":1294,"href":"https:\/\/syifoundry.com\/fr\/wp-json\/wp\/v2\/pages\/487\/revisions\/1294"}],"up":[{"embeddable":true,"href":"https:\/\/syifoundry.com\/fr\/wp-json\/wp\/v2\/pages\/211"}],"wp:attachment":[{"href":"https:\/\/syifoundry.com\/fr\/wp-json\/wp\/v2\/media?parent=487"}],"curies":[{"name":"wp","href":"https:\/\/api.w.org\/{rel}","templated":true}]}}