{"id":489,"date":"2015-07-20T17:02:26","date_gmt":"2015-07-20T09:02:26","guid":{"rendered":"http:\/\/syifoundry.com\/?page_id=489"},"modified":"2017-06-13T09:35:54","modified_gmt":"2017-06-13T01:35:54","slug":"d400-class-heavy-duty","status":"publish","type":"page","link":"https:\/\/syifoundry.com\/fr\/products-2\/manhole-covers\/d400-class-heavy-duty\/","title":{"rendered":"D400 classe (Heavy Duty)"},"content":{"rendered":"<p><\/p>\n<p style=\"text-align: left;\"><img loading=\"lazy\" decoding=\"async\" class=\"size-full wp-image-481 aligncenter\" src=\"http:\/\/syifoundry.com\/wp-content\/uploads\/2015\/07\/manhole-cover-class-D400-02.jpg\" alt=\"manhole-cover-class-D400-02\" width=\"720\" height=\"240\" data-id=\"481\" srcset=\"https:\/\/syifoundry.com\/wp-content\/uploads\/2015\/07\/manhole-cover-class-D400-02.jpg 720w, https:\/\/syifoundry.com\/wp-content\/uploads\/2015\/07\/manhole-cover-class-D400-02-300x100.jpg 300w\" sizes=\"auto, (max-width: 720px) 100vw, 720px\" \/><\/p>\n<p><span style=\"color: #b04b87;\"><strong>1) Solide S\u00e9rie de couverture<img loading=\"lazy\" decoding=\"async\" class=\"alignright size-full wp-image-507\" src=\"http:\/\/syifoundry.com\/wp-content\/uploads\/2015\/07\/manhole-cover04.jpg\" alt=\"manhole-cover04\" width=\"234\" height=\"127\" data-id=\"507\" \/><\/strong><\/span><\/p>\n<p style=\"padding-left: 30px;\">* Fonte ductile<br \/>\n* Deux Keyholes de levage<br \/>\n* Cut-Corner Design (couvertures de coin r\u00e9gulier sont \u00e9galement disponibles)<br \/>\n* Diamant raised design top<\/p>\n<p>&nbsp;<\/p>\n<p><span style=\"color: #b04b87;\"><strong>2) Double Series Sealed<img loading=\"lazy\" decoding=\"async\" class=\"alignright size-full wp-image-508\" src=\"http:\/\/syifoundry.com\/wp-content\/uploads\/2015\/07\/manhole-cover05.jpg\" alt=\"manhole-cover05\" width=\"234\" height=\"127\" data-id=\"508\" \/><\/strong><\/span><\/p>\n<p style=\"padding-left: 30px;\">* Fonte ductile<br \/>\n* Double Sealed<br \/>\n* 2 Levage Trous cl\u00e9s<br \/>\n* Cut-Corner Design (couvertures de coin r\u00e9gulier sont \u00e9galement disponibles)<br \/>\n<span style=\"color: #b04b87;\">Certains types viennent avec GRP plaque d&#8217;\u00e9tanch\u00e9it\u00e9.<\/span><\/p>\n<p>&nbsp;<\/p>\n<p><strong><span style=\"color: #b04b87;\">3) Double Triangular Series<a href=\"http:\/\/syifoundry.com\/wp-content\/uploads\/2015\/07\/manhole-cover06.jpg\"><img loading=\"lazy\" decoding=\"async\" class=\"alignright size-large wp-image-509\" src=\"http:\/\/syifoundry.com\/wp-content\/uploads\/2015\/07\/manhole-cover06.jpg\" alt=\"manhole-cover06\" width=\"234\" height=\"127\" data-id=\"509\" \/><\/a><\/span><\/strong><\/p>\n<p style=\"padding-left: 30px;\">* Fonte ductile<br \/>\n* Double Triangulaire<br \/>\n* Assiette carr\u00e9e raised design haut<br \/>\n* Inscription sp\u00e9ciale ou d&#8217;identification diff\u00e9rent est disponible<\/p>\n<p>&nbsp;<\/p>\n<p><strong><span style=\"color: #b04b87;\">4) Cover Round Series<\/span><\/strong><\/p>\n<p style=\"padding-left: 30px;\">* Fonte ductile<br \/>\n<img loading=\"lazy\" decoding=\"async\" class=\"alignright size-full wp-image-510\" src=\"http:\/\/syifoundry.com\/wp-content\/uploads\/2015\/07\/manhole-cover07.jpg\" alt=\"manhole-cover07\" width=\"234\" height=\"127\" data-id=\"510\" \/>\u00a0* Inscription sp\u00e9ciale ou d&#8217;identification diff\u00e9rent est disponible<br \/>\n<span style=\"color: #fe0000;\">cadres ronds, carr\u00e9s cadres et cadres octogonaux sont disponibles.<\/span><br \/>\n<span style=\"color: #b04b87;\">Certains types viennent avec GRP plaque d&#8217;\u00e9tanch\u00e9it\u00e9.<\/span><\/p>\n<p><\/p>","protected":false},"excerpt":{"rendered":"<p>1) Solide S\u00e9rie de couverture * Fonte ductile * Deux Keyholes de levage * Cut-Corner Design (couvertures de coin r\u00e9gulier sont \u00e9galement disponibles) * Diamant raised design top &nbsp; 2) Double Series Sealed * Fonte ductile * Double Sealed *&#8230;<br \/><a class=\"read-more-button\" href=\"https:\/\/syifoundry.com\/fr\/products-2\/manhole-covers\/d400-class-heavy-duty\/\">Savoir plus<\/a><\/p>\n","protected":false},"author":1,"featured_media":0,"parent":211,"menu_order":0,"comment_status":"closed","ping_status":"closed","template":"","meta":{"footnotes":""},"class_list":["post-489","page","type-page","status-publish","hentry"],"_links":{"self":[{"href":"https:\/\/syifoundry.com\/fr\/wp-json\/wp\/v2\/pages\/489","targetHints":{"allow":["GET"]}}],"collection":[{"href":"https:\/\/syifoundry.com\/fr\/wp-json\/wp\/v2\/pages"}],"about":[{"href":"https:\/\/syifoundry.com\/fr\/wp-json\/wp\/v2\/types\/page"}],"author":[{"embeddable":true,"href":"https:\/\/syifoundry.com\/fr\/wp-json\/wp\/v2\/users\/1"}],"replies":[{"embeddable":true,"href":"https:\/\/syifoundry.com\/fr\/wp-json\/wp\/v2\/comments?post=489"}],"version-history":[{"count":16,"href":"https:\/\/syifoundry.com\/fr\/wp-json\/wp\/v2\/pages\/489\/revisions"}],"predecessor-version":[{"id":1303,"href":"https:\/\/syifoundry.com\/fr\/wp-json\/wp\/v2\/pages\/489\/revisions\/1303"}],"up":[{"embeddable":true,"href":"https:\/\/syifoundry.com\/fr\/wp-json\/wp\/v2\/pages\/211"}],"wp:attachment":[{"href":"https:\/\/syifoundry.com\/fr\/wp-json\/wp\/v2\/media?parent=489"}],"curies":[{"name":"wp","href":"https:\/\/api.w.org\/{rel}","templated":true}]}}