{"id":491,"date":"2015-07-20T17:02:50","date_gmt":"2015-07-20T09:02:50","guid":{"rendered":"http:\/\/syifoundry.com\/?page_id=491"},"modified":"2017-06-13T09:44:43","modified_gmt":"2017-06-13T01:44:43","slug":"e600-class-heavy-duty","status":"publish","type":"page","link":"https:\/\/syifoundry.com\/fr\/products-2\/manhole-covers\/e600-class-heavy-duty\/","title":{"rendered":"E600 Classe (Heavy Duty)"},"content":{"rendered":"<p><img loading=\"lazy\" decoding=\"async\" class=\"size-full wp-image-482 aligncenter\" src=\"http:\/\/syifoundry.com\/wp-content\/uploads\/2015\/07\/manhole-cover-class-E600.jpg\" alt=\"manhole-cover-class-E600\" width=\"720\" height=\"240\" data-id=\"482\" srcset=\"https:\/\/syifoundry.com\/wp-content\/uploads\/2015\/07\/manhole-cover-class-E600.jpg 720w, https:\/\/syifoundry.com\/wp-content\/uploads\/2015\/07\/manhole-cover-class-E600-300x100.jpg 300w\" sizes=\"auto, (max-width: 720px) 100vw, 720px\" \/><br \/>\n<span style=\"color: #b04b87;\"><strong><span style=\"color: #dab866;\">1) Solide S\u00e9rie de couverture<\/span><img loading=\"lazy\" decoding=\"async\" class=\"alignright size-full wp-image-584\" src=\"http:\/\/syifoundry.com\/wp-content\/uploads\/2015\/07\/E-manhole-cover01.jpg\" alt=\"E-manhole-cover01\" width=\"234\" height=\"127\" \/><br \/>\n<\/strong><\/span><\/p>\n<p style=\"padding-left: 30px;\">* Fonte ductile<br \/>\n* Round Cover + Round \/ Square Frame<br \/>\n* Type de charni\u00e8re<br \/>\n* Avec PE Joint<\/p>\n<p style=\"text-align: left;\"><strong><span style=\"color: #ff0000;\">La plupart des tailles standard sont disponibles.<\/span><\/strong><br \/>\nDemandez SAI Repr\u00e9sentants des ventes pour plus de d\u00e9tails \u00e0 <a href=\"mailto:info@syifoundry.com\">info@syifoundry.com<\/a><\/p>\n<p><\/p>","protected":false},"excerpt":{"rendered":"<p>1) Solide S\u00e9rie de couverture * Fonte ductile * Round Cover + Round \/ Square Frame * Type de charni\u00e8re * Avec PE Joint La plupart des tailles standard sont disponibles. Demandez SAI Repr\u00e9sentants des ventes pour plus de d\u00e9tails&#8230;<br \/><a class=\"read-more-button\" href=\"https:\/\/syifoundry.com\/fr\/products-2\/manhole-covers\/e600-class-heavy-duty\/\">Savoir plus<\/a><\/p>\n","protected":false},"author":1,"featured_media":0,"parent":211,"menu_order":0,"comment_status":"closed","ping_status":"closed","template":"","meta":{"footnotes":""},"class_list":["post-491","page","type-page","status-publish","hentry"],"_links":{"self":[{"href":"https:\/\/syifoundry.com\/fr\/wp-json\/wp\/v2\/pages\/491","targetHints":{"allow":["GET"]}}],"collection":[{"href":"https:\/\/syifoundry.com\/fr\/wp-json\/wp\/v2\/pages"}],"about":[{"href":"https:\/\/syifoundry.com\/fr\/wp-json\/wp\/v2\/types\/page"}],"author":[{"embeddable":true,"href":"https:\/\/syifoundry.com\/fr\/wp-json\/wp\/v2\/users\/1"}],"replies":[{"embeddable":true,"href":"https:\/\/syifoundry.com\/fr\/wp-json\/wp\/v2\/comments?post=491"}],"version-history":[{"count":21,"href":"https:\/\/syifoundry.com\/fr\/wp-json\/wp\/v2\/pages\/491\/revisions"}],"predecessor-version":[{"id":1315,"href":"https:\/\/syifoundry.com\/fr\/wp-json\/wp\/v2\/pages\/491\/revisions\/1315"}],"up":[{"embeddable":true,"href":"https:\/\/syifoundry.com\/fr\/wp-json\/wp\/v2\/pages\/211"}],"wp:attachment":[{"href":"https:\/\/syifoundry.com\/fr\/wp-json\/wp\/v2\/media?parent=491"}],"curies":[{"name":"wp","href":"https:\/\/api.w.org\/{rel}","templated":true}]}}