{"id":706,"date":"2015-12-02T16:05:27","date_gmt":"2015-12-02T08:05:27","guid":{"rendered":"http:\/\/syifoundry.com\/?page_id=706"},"modified":"2017-06-13T10:11:04","modified_gmt":"2017-06-13T02:11:04","slug":"street-furniture-municipal-castings","status":"publish","type":"page","link":"https:\/\/syifoundry.com\/fr\/products-2\/street-furniture-municipal-castings\/","title":{"rendered":"mobilier urbain \u00e9clairage public et casting municipal est"},"content":{"rendered":"<p><img loading=\"lazy\" decoding=\"async\" class=\"aligncenter size-full wp-image-707\" src=\"http:\/\/syifoundry.com\/wp-content\/uploads\/2015\/12\/Street-Furniture-Municipal-Castings.jpg\" alt=\"Street-Furniture-&amp;-Municipal-Castings\" width=\"740\" height=\"249\" srcset=\"https:\/\/syifoundry.com\/wp-content\/uploads\/2015\/12\/Street-Furniture-Municipal-Castings.jpg 740w, https:\/\/syifoundry.com\/wp-content\/uploads\/2015\/12\/Street-Furniture-Municipal-Castings-300x101.jpg 300w\" sizes=\"auto, (max-width: 740px) 100vw, 740px\" \/><\/p>\n<table border=\"0\" width=\"720\" cellspacing=\"0\" cellpadding=\"20\">\n<tbody>\n<tr bgcolor=\"#00a3ea\">\n<td>\n<h6 style=\"text-align: left;\"><span style=\"color: #ffffff;\">rue s\u00e9rie Borne<\/span><\/h6>\n<\/td>\n<\/tr>\n<tr bgcolor=\"#f6f7f7\">\n<td><img loading=\"lazy\" decoding=\"async\" class=\"alignright size-full wp-image-712\" src=\"http:\/\/syifoundry.com\/wp-content\/uploads\/2015\/12\/bollards-syi.jpg\" alt=\"bollards-syi\" width=\"360\" height=\"119\" srcset=\"https:\/\/syifoundry.com\/wp-content\/uploads\/2015\/12\/bollards-syi.jpg 360w, https:\/\/syifoundry.com\/wp-content\/uploads\/2015\/12\/bollards-syi-300x99.jpg 300w\" sizes=\"auto, (max-width: 360px) 100vw, 360px\" \/>BIJ propose plusieurs gammes de bornes de la rue, qui prot\u00e8gent vos biens contre les dommages caus\u00e9s par les v\u00e9hicules en fonte,<br \/>\nFonte ductile, en acier inoxydable ou en fonte d&#8217;aluminium. Certains types viennent avec fonction de bo\u00eete de surface fixe comme Bottom fixator.bollards-sti des bollards est enterr\u00e9 dans le plancher ou le sol, g\u00e9n\u00e9ralement en b\u00e9ton. Certains types pourraient \u00eatre fix\u00e9s par des boulons \u00e0 travers la bride bottom.SYI est \u00e9galement capable d&#8217;aider nos clients \u00e0 concevoir et fabriquer toutes sortes de bornes selon l&#8217;une de vos exigences.<br \/>\n<img loading=\"lazy\" decoding=\"async\" class=\"aligncenter size-full wp-image-713\" src=\"http:\/\/syifoundry.com\/wp-content\/uploads\/2015\/12\/bollards-syi-1.jpg\" alt=\"bollards-syi-1\" width=\"740\" height=\"217\" srcset=\"https:\/\/syifoundry.com\/wp-content\/uploads\/2015\/12\/bollards-syi-1.jpg 740w, https:\/\/syifoundry.com\/wp-content\/uploads\/2015\/12\/bollards-syi-1-300x88.jpg 300w\" sizes=\"auto, (max-width: 740px) 100vw, 740px\" \/><\/td>\n<\/tr>\n<\/tbody>\n<\/table>\n<table border=\"0\" width=\"720\" cellspacing=\"0\" cellpadding=\"20\">\n<tbody>\n<tr bgcolor=\"#009944\">\n<td>\n<h6 style=\"text-align: left;\"><span style=\"color: #ffffff;\">navette jardin Ben<\/span><\/h6>\n<\/td>\n<\/tr>\n<tr bgcolor=\"#f6f7f7\">\n<td><img loading=\"lazy\" decoding=\"async\" class=\"alignleft size-full wp-image-714\" src=\"http:\/\/syifoundry.com\/wp-content\/uploads\/2015\/12\/garden-bench.jpg\" alt=\"garden-bench\" width=\"180\" height=\"139\" \/>sy i a beaucoup de diff\u00e9rents types de bancs en plein air et le jardin en fonte bras% 2C qui se sont av\u00e9r\u00e9s \u00eatre les plus durables dans des environnements hostiles.<\/p>\n<p>BIJ propose quelques types de bancs en plein air et jardin pour embellir votre jardin, parc et la rue. Notre banc de jardin en m\u00e9tal offre le meilleur des deux domaines en termes de beaut\u00e9 esth\u00e9tique et de durabilit\u00e9 fiable. Notre fer et jardin en bois banc peut \u00eatre plac\u00e9 dans votre jardin , terrasse, ou tout type d&#8217;emplacement ext\u00e9rieur pour une exp\u00e9rience de d\u00e9tente \u00e0 tout moment de la journ\u00e9e.<\/p>\n<p><img loading=\"lazy\" decoding=\"async\" class=\"aligncenter size-full wp-image-716\" src=\"http:\/\/syifoundry.com\/wp-content\/uploads\/2015\/12\/garden-bench-syi-01.jpg\" alt=\"garden-bench-syi-01\" width=\"740\" height=\"81\" srcset=\"https:\/\/syifoundry.com\/wp-content\/uploads\/2015\/12\/garden-bench-syi-01.jpg 740w, https:\/\/syifoundry.com\/wp-content\/uploads\/2015\/12\/garden-bench-syi-01-300x33.jpg 300w\" sizes=\"auto, (max-width: 740px) 100vw, 740px\" \/><\/td>\n<\/tr>\n<\/tbody>\n<\/table>\n<table border=\"0\" width=\"720\" cellspacing=\"0\" cellpadding=\"20\">\n<tbody>\n<tr bgcolor=\"#cc9933\">\n<td>\n<h6 style=\"text-align: left;\"><span style=\"color: #ffffff;\">Litterbin est<\/span><\/h6>\n<\/td>\n<\/tr>\n<tr bgcolor=\"#f6f7f7\">\n<td><img loading=\"lazy\" decoding=\"async\" class=\"alignleft size-full wp-image-717\" src=\"http:\/\/syifoundry.com\/wp-content\/uploads\/2015\/12\/litter-bins.jpg\" alt=\"litter-bins\" width=\"147\" height=\"210\" \/>BIJ Fonte Poubelle a \u00e9t\u00e9 prouv\u00e9 \u00eatre le plus durable dans des environnements hostiles. Nos bacs peuvent \u00eatre \u00e9quip\u00e9s de zinc enduit rev\u00eatement en acier ou une mati\u00e8re plastique en option de rev\u00eatement moul\u00e9.<\/p>\n<p style=\"padding-left: 90px;\"><span style=\"color: #cc9933;\"><strong>* fonte qui assure le long et la vie sans probl\u00e8me<\/strong><\/span><br \/>\n<span style=\"color: #cc9933;\"> <strong> * top version ouverture<\/strong><\/span><br \/>\n<span style=\"color: #cc9933;\"> <strong> * hauteur: 900 Mom<\/strong><\/span><br \/>\n<span style=\"color: #cc9933;\"> <strong> * diam\u00e8tre de la capacit\u00e9: 400 Mom<\/strong><\/span><br \/>\n<span style=\"color: #cc9933;\"> <strong> * installation facile<\/strong><\/span><br \/>\n<span style=\"color: #cc9933;\"> <strong> * l&#8217;acier ou le rev\u00eatement en plastique disponible<\/strong><\/span><\/p>\n<\/td>\n<\/tr>\n<\/tbody>\n<\/table>\n<table border=\"0\" width=\"720\" cellspacing=\"0\" cellpadding=\"20\">\n<tbody>\n<tr bgcolor=\"#ae4184\">\n<td>\n<h6 style=\"text-align: left;\"><span style=\"color: #ffffff;\">r\u00e9verb\u00e8res<\/span><\/h6>\n<\/td>\n<\/tr>\n<tr bgcolor=\"#f6f7f7\">\n<td><img loading=\"lazy\" decoding=\"async\" class=\"aligncenter wp-image-719 size-full\" src=\"http:\/\/syifoundry.com\/wp-content\/uploads\/2015\/12\/Street-light-syi.jpg\" alt=\"\" width=\"740\" height=\"551\" srcset=\"https:\/\/syifoundry.com\/wp-content\/uploads\/2015\/12\/Street-light-syi.jpg 740w, https:\/\/syifoundry.com\/wp-content\/uploads\/2015\/12\/Street-light-syi-300x223.jpg 300w\" sizes=\"auto, (max-width: 740px) 100vw, 740px\" \/><\/td>\n<\/tr>\n<\/tbody>\n<\/table>\n<p><\/p>","protected":false},"excerpt":{"rendered":"<p>rue s\u00e9rie Borne BIJ propose plusieurs gammes de bornes de la rue, qui prot\u00e8gent vos biens contre les dommages caus\u00e9s par les v\u00e9hicules en fonte, Fonte ductile, en acier inoxydable ou en fonte d&#8217;aluminium. Certains types viennent avec fonction de&#8230;<br \/><a class=\"read-more-button\" href=\"https:\/\/syifoundry.com\/fr\/products-2\/street-furniture-municipal-castings\/\">Savoir plus<\/a><\/p>\n","protected":false},"author":1,"featured_media":0,"parent":856,"menu_order":0,"comment_status":"closed","ping_status":"closed","template":"","meta":{"footnotes":""},"class_list":["post-706","page","type-page","status-publish","hentry"],"_links":{"self":[{"href":"https:\/\/syifoundry.com\/fr\/wp-json\/wp\/v2\/pages\/706","targetHints":{"allow":["GET"]}}],"collection":[{"href":"https:\/\/syifoundry.com\/fr\/wp-json\/wp\/v2\/pages"}],"about":[{"href":"https:\/\/syifoundry.com\/fr\/wp-json\/wp\/v2\/types\/page"}],"author":[{"embeddable":true,"href":"https:\/\/syifoundry.com\/fr\/wp-json\/wp\/v2\/users\/1"}],"replies":[{"embeddable":true,"href":"https:\/\/syifoundry.com\/fr\/wp-json\/wp\/v2\/comments?post=706"}],"version-history":[{"count":21,"href":"https:\/\/syifoundry.com\/fr\/wp-json\/wp\/v2\/pages\/706\/revisions"}],"predecessor-version":[{"id":1365,"href":"https:\/\/syifoundry.com\/fr\/wp-json\/wp\/v2\/pages\/706\/revisions\/1365"}],"up":[{"embeddable":true,"href":"https:\/\/syifoundry.com\/fr\/wp-json\/wp\/v2\/pages\/856"}],"wp:attachment":[{"href":"https:\/\/syifoundry.com\/fr\/wp-json\/wp\/v2\/media?parent=706"}],"curies":[{"name":"wp","href":"https:\/\/api.w.org\/{rel}","templated":true}]}}