{"id":722,"date":"2015-12-04T15:40:48","date_gmt":"2015-12-04T07:40:48","guid":{"rendered":"http:\/\/syifoundry.com\/?page_id=722"},"modified":"2017-06-13T10:15:36","modified_gmt":"2017-06-13T02:15:36","slug":"garden-bench-2","status":"publish","type":"page","link":"https:\/\/syifoundry.com\/fr\/products-2\/street-furniture-municipal-castings\/garden-bench-2\/","title":{"rendered":"Garden Bench"},"content":{"rendered":"<p>BIJ a beaucoup de diff\u00e9rents types de bancs en plein air et le jardin avec les bras en fonte, qui se sont av\u00e9r\u00e9s \u00eatre les plus durables dans des environnements hostiles.<\/p>\n<p>BIJ propose quelques types de plein air et des bancs pour embellir votre jardin, parc et la rue. Notre banc de jardin en m\u00e9tal offre le meilleur des deux domaines en termes de beaut\u00e9 esth\u00e9tique et de durabilit\u00e9 fiable. Notre fer et de bois banc de jardin peut \u00eatre plac\u00e9 dans votre jardin, terrasse, ou tout type d&#8217;emplacement ext\u00e9rieur pour une exp\u00e9rience de d\u00e9tente \u00e0 tout moment de la journ\u00e9e.<\/p>\n<table border=\"0\" width=\"720\" cellspacing=\"0\" cellpadding=\"20\">\n<tbody>\n<tr bgcolor=\"#009944\">\n<td>\n<h6 style=\"text-align: left;\">\u00a0<span style=\"color: #ffffff;\">SYI-PB-01<\/span><\/h6>\n<\/td>\n<td>\n<h6 style=\"text-align: left;\">\u00a0<span style=\"color: #ffffff;\">SYI-PB-02<\/span><\/h6>\n<\/td>\n<\/tr>\n<tr bgcolor=\"#ffffff\">\n<td>HAUTEUR totale E:\u00a0<span style=\"color: #009944;\">900mm<img loading=\"lazy\" decoding=\"async\" class=\"size-full wp-image-728 alignright\" src=\"http:\/\/syifoundry.com\/wp-content\/uploads\/2015\/12\/garden-bench-syi-02.jpg\" alt=\"garden-bench-syi-02\" width=\"164\" height=\"140\" \/><\/span><\/p>\n<p>hauteur DAS quatre couleurs: <span style=\"color: #009944;\">400mm<\/span><\/p>\n<p>largeur jambe: <span style=\"color: #009944;\">600mm<\/span><\/p>\n<p>largeur d&#8217;assise: <span style=\"color: #009944;\">430mm<\/span><\/p>\n<p><strong>Description de la bande de bois:<\/strong><br \/>\n<span style=\"color: #009944;\">1220x55x30-4 Class 2<\/span><\/td>\n<td>HAUTEUR totale E: <span style=\"color: #009944;\">800mm<img loading=\"lazy\" decoding=\"async\" class=\"alignright wp-image-731 size-full\" src=\"http:\/\/syifoundry.com\/wp-content\/uploads\/2015\/12\/garden-bench-syi-03.jpg\" alt=\"\" width=\"164\" height=\"140\" \/><\/span><\/p>\n<p>hauteur DAS quatre couleurs: <span style=\"color: #009944;\">400mm<\/span><\/p>\n<p>largeur jambe: <span style=\"color: #009944;\">600mm<\/span><\/p>\n<p>largeur d&#8217;assise: <span style=\"color: #009944;\">430mm<\/span><\/p>\n<p><strong>Description de la bande de bois:<\/strong><br \/>\n<span style=\"color: #009944;\">600x50x30-7 Class 2<\/span><\/td>\n<\/tr>\n<\/tbody>\n<\/table>\n<table border=\"0\" width=\"720\" cellspacing=\"0\" cellpadding=\"20\">\n<tbody>\n<tr bgcolor=\"#009944\">\n<td>\n<h6 style=\"text-align: left;\">\u00a0<span style=\"color: #ffffff;\">SYI-PB-03<\/span><\/h6>\n<\/td>\n<td>\n<h6 style=\"text-align: left;\">\u00a0<span style=\"color: #ffffff;\">SYI-PB-04<\/span><\/h6>\n<\/td>\n<\/tr>\n<tr bgcolor=\"#ffffff\">\n<td>HAUTEUR totale E:\u00a0<span style=\"color: #009944;\">1000mm<img loading=\"lazy\" decoding=\"async\" class=\"alignright wp-image-733 size-full\" src=\"http:\/\/syifoundry.com\/wp-content\/uploads\/2015\/12\/garden-bench-syi-04.jpg\" alt=\"\" width=\"164\" height=\"140\" \/><\/span><\/p>\n<p>hauteur DAS quatre couleurs: <span style=\"color: #009944;\">400mm<\/span><\/p>\n<p>largeur jambe: <span style=\"color: #009944;\">300mm<\/span><\/p>\n<p>largeur d&#8217;assise: <span style=\"color: #009944;\">350mm<\/span><\/p>\n<p><strong>Description de la bande de bois:<\/strong><br \/>\n<span style=\"color: #009944;\">N\/A<\/span><\/td>\n<td>HAUTEUR totale E: <span style=\"color: #009944;\">800mm<img loading=\"lazy\" decoding=\"async\" class=\"alignright wp-image-734 size-full\" src=\"http:\/\/syifoundry.com\/wp-content\/uploads\/2015\/12\/garden-bench-syi-05.jpg\" alt=\"\" width=\"164\" height=\"140\" \/><\/span><\/p>\n<p>hauteur DAS quatre couleurs: <span style=\"color: #009944;\">400mm<\/span><\/p>\n<p>largeur jambe: <span style=\"color: #009944;\">600mm<\/span><\/p>\n<p>largeur d&#8217;assise: <span style=\"color: #009944;\">460mm<\/span><\/p>\n<p><strong>Description de la bande de bois:<\/strong><br \/>\n<span style=\"color: #009944;\">1500x55x26-10 Class 2<\/span><\/td>\n<\/tr>\n<\/tbody>\n<\/table>\n<table border=\"0\" width=\"720\" cellspacing=\"0\" cellpadding=\"20\">\n<tbody>\n<tr bgcolor=\"#009944\">\n<td>\n<h6 style=\"text-align: left;\">\u00a0<span style=\"color: #ffffff;\">SYI-PB-05<\/span><\/h6>\n<\/td>\n<td>\n<h6 style=\"text-align: left;\">\u00a0<span style=\"color: #ffffff;\">SYI-PB-06<\/span><\/h6>\n<\/td>\n<\/tr>\n<tr bgcolor=\"#ffffff\">\n<td>hauteur totale:\u00a0<span style=\"color: #009944;\">760mm<img loading=\"lazy\" decoding=\"async\" class=\"alignright wp-image-736 size-full\" src=\"http:\/\/syifoundry.com\/wp-content\/uploads\/2015\/12\/garden-bench-syi-06.jpg\" alt=\"\" width=\"164\" height=\"140\" \/><\/span><\/p>\n<p>hauteur du si\u00e8ge: <span style=\"color: #009944;\">400mm<\/span><\/p>\n<p>largeur jambe: <span style=\"color: #009944;\">600mm<\/span><\/p>\n<p>largeur d&#8217;assise: <span style=\"color: #009944;\">450mm<\/span><\/p>\n<p><strong>Description de la bande de bois:<\/strong><br \/>\n<span style=\"color: #009944;\">1500\u00d755\u00d726-11 Class 2<\/span><\/td>\n<td>hauteur totale: <span style=\"color: #009944;\">800mm<img loading=\"lazy\" decoding=\"async\" class=\"alignright wp-image-737 size-full\" src=\"http:\/\/syifoundry.com\/wp-content\/uploads\/2015\/12\/garden-bench-syi-07.jpg\" alt=\"\" width=\"164\" height=\"140\" \/><\/span><\/p>\n<p>hauteur du si\u00e8ge: <span style=\"color: #009944;\">380mm<\/span><\/p>\n<p>largeur jambe: <span style=\"color: #009944;\">600mm<\/span><\/p>\n<p>largeur d&#8217;assise: <span style=\"color: #009944;\">500mm<\/span><\/p>\n<p><strong>Description de la bande de bois:<\/strong><br \/>\n<span style=\"color: #009944;\">1500x55x26-10 Class 2<\/span><\/td>\n<\/tr>\n<\/tbody>\n<\/table>\n<table border=\"0\" width=\"720\" cellspacing=\"0\" cellpadding=\"20\">\n<tbody>\n<tr bgcolor=\"#009944\">\n<td>\n<h6 style=\"text-align: left;\">\u00a0<span style=\"color: #ffffff;\">SYI-PB-07<\/span><\/h6>\n<\/td>\n<td>\n<h6 style=\"text-align: left;\">\u00a0<span style=\"color: #ffffff;\">SYI-PB-08<\/span><\/h6>\n<\/td>\n<\/tr>\n<tr bgcolor=\"#ffffff\">\n<td>hauteur totale:\u00a0<span style=\"color: #009944;\">800mm<img loading=\"lazy\" decoding=\"async\" class=\"alignright wp-image-740 size-full\" src=\"http:\/\/syifoundry.com\/wp-content\/uploads\/2015\/12\/garden-bench-syi-08.jpg\" alt=\"\" width=\"164\" height=\"140\" \/><\/span><\/p>\n<p>hauteur du si\u00e8ge: <span style=\"color: #009944;\">380mm<\/span><\/p>\n<p>largeur jambe: <span style=\"color: #009944;\">600mm<\/span><\/p>\n<p>largeur d&#8217;assise: <span style=\"color: #009944;\">500mm<\/span><\/p>\n<p><strong>Description de la bande de bois:<\/strong><br \/>\n<span style=\"color: #009944;\">1500\u00d755\u00d726-12 Class 2<\/span><\/td>\n<td>hauteur totale: <span style=\"color: #009944;\">800mm<img loading=\"lazy\" decoding=\"async\" class=\"alignright wp-image-741 size-full\" src=\"http:\/\/syifoundry.com\/wp-content\/uploads\/2015\/12\/garden-bench-syi-09.jpg\" alt=\"\" width=\"164\" height=\"140\" \/><\/span><\/p>\n<p>hauteur du si\u00e8ge: <span style=\"color: #009944;\">420mm<\/span><\/p>\n<p>largeur jambe: <span style=\"color: #009944;\">900mm<\/span><\/p>\n<p>largeur d&#8217;assise: <span style=\"color: #009944;\">450mm<\/span><\/p>\n<p><strong>Description de la bande de bois:<\/strong><br \/>\n<span style=\"color: #009944;\">1500x55x30-10 Class 2<\/span><\/td>\n<\/tr>\n<\/tbody>\n<\/table>\n<table border=\"0\" width=\"720\" cellspacing=\"0\" cellpadding=\"20\">\n<tbody>\n<tr bgcolor=\"#009944\">\n<td>\n<h6 style=\"text-align: left;\"><span style=\"color: #888888;\"><span style=\"font-size: 16px; font-weight: normal; line-height: 24px;\">\u00a0SYI-PB-09<\/span><\/span><\/h6>\n<\/td>\n<\/tr>\n<tr bgcolor=\"#ffffff\">\n<td><span style=\"font-size: 16px;\">hauteur totale: 650mm<img loading=\"lazy\" decoding=\"async\" class=\"alignright wp-image-742 size-full\" src=\"http:\/\/syifoundry.com\/wp-content\/uploads\/2015\/12\/garden-bench-syi-10.jpg\" alt=\"\" width=\"482\" height=\"140\" srcset=\"https:\/\/syifoundry.com\/wp-content\/uploads\/2015\/12\/garden-bench-syi-10.jpg 482w, https:\/\/syifoundry.com\/wp-content\/uploads\/2015\/12\/garden-bench-syi-10-300x87.jpg 300w\" sizes=\"auto, (max-width: 482px) 100vw, 482px\" \/><\/span><\/p>\n<p><span style=\"font-size: 16px;\">hauteur du si\u00e8ge: N\/A<\/span><\/p>\n<p><span style=\"font-size: 16px;\">largeur jambe: 600mm<\/span><\/p>\n<p><span style=\"font-size: 16px;\">largeur d&#8217;assise: 600mm<\/span><\/p>\n<p><span style=\"font-size: 16px;\"><strong>Description de la bande de bois<\/strong>:<br \/>\n800x55x30-11 Class 2<\/span><\/td>\n<\/tr>\n<\/tbody>\n<\/table>\n<p><\/p>","protected":false},"excerpt":{"rendered":"<p>BIJ a beaucoup de diff\u00e9rents types de bancs en plein air et le jardin avec les bras en fonte, qui se sont av\u00e9r\u00e9s \u00eatre les plus durables dans des environnements hostiles. BIJ propose quelques types de plein air et des&#8230;<br \/><a class=\"read-more-button\" href=\"https:\/\/syifoundry.com\/fr\/products-2\/street-furniture-municipal-castings\/garden-bench-2\/\">Savoir plus<\/a><\/p>\n","protected":false},"author":1,"featured_media":0,"parent":706,"menu_order":0,"comment_status":"closed","ping_status":"closed","template":"","meta":{"footnotes":""},"class_list":["post-722","page","type-page","status-publish","hentry"],"_links":{"self":[{"href":"https:\/\/syifoundry.com\/fr\/wp-json\/wp\/v2\/pages\/722","targetHints":{"allow":["GET"]}}],"collection":[{"href":"https:\/\/syifoundry.com\/fr\/wp-json\/wp\/v2\/pages"}],"about":[{"href":"https:\/\/syifoundry.com\/fr\/wp-json\/wp\/v2\/types\/page"}],"author":[{"embeddable":true,"href":"https:\/\/syifoundry.com\/fr\/wp-json\/wp\/v2\/users\/1"}],"replies":[{"embeddable":true,"href":"https:\/\/syifoundry.com\/fr\/wp-json\/wp\/v2\/comments?post=722"}],"version-history":[{"count":28,"href":"https:\/\/syifoundry.com\/fr\/wp-json\/wp\/v2\/pages\/722\/revisions"}],"predecessor-version":[{"id":1376,"href":"https:\/\/syifoundry.com\/fr\/wp-json\/wp\/v2\/pages\/722\/revisions\/1376"}],"up":[{"embeddable":true,"href":"https:\/\/syifoundry.com\/fr\/wp-json\/wp\/v2\/pages\/706"}],"wp:attachment":[{"href":"https:\/\/syifoundry.com\/fr\/wp-json\/wp\/v2\/media?parent=722"}],"curies":[{"name":"wp","href":"https:\/\/api.w.org\/{rel}","templated":true}]}}