{"id":744,"date":"2015-12-04T16:32:25","date_gmt":"2015-12-04T08:32:25","guid":{"rendered":"http:\/\/syifoundry.com\/?page_id=744"},"modified":"2017-06-13T10:26:18","modified_gmt":"2017-06-13T02:26:18","slug":"street-bollard-series","status":"publish","type":"page","link":"https:\/\/syifoundry.com\/fr\/products-2\/street-furniture-municipal-castings\/street-bollard-series\/","title":{"rendered":"rue s\u00e9rie Borne"},"content":{"rendered":"<p>BIJ propose plusieurs gammes de bornes de la rue, qui prot\u00e8gent vos biens contre les dommages caus\u00e9s par les v\u00e9hicules en fonte, fonte ductile, en acier inoxydable ou en fonte d&#8217;aluminium. Certains types viennent avec la fonction de bo\u00eete de surface fixe comme fixateur.<br \/>\nBas de bollards est enterr\u00e9 dans le plancher ou le sol, g\u00e9n\u00e9ralement en b\u00e9ton. Certains types pourraient \u00eatre fix\u00e9s par des boulons par le bas de la bride.<br \/>\nSTI est \u00e9galement capable d&#8217;aider nos clients \u00e0 concevoir et fabriquer toutes sortes de bornes selon l&#8217;une de vos exigences.<\/p>\n<p>&nbsp;<\/p>\n<table border=\"0\" width=\"720\" cellspacing=\"0\" cellpadding=\"20\">\n<tbody>\n<tr bgcolor=\"#009944\">\n<td colspan=\"4\">\n<h6 style=\"text-align: left;\">\u00a0<span style=\"color: #ffffff;\">Cast s\u00e9rie borne fer (fixe)<\/span><\/h6>\n<\/td>\n<\/tr>\n<tr bgcolor=\"#ffffff\">\n<td><img loading=\"lazy\" decoding=\"async\" class=\"alignleft wp-image-750 size-full\" src=\"http:\/\/syifoundry.com\/wp-content\/uploads\/2015\/12\/bollard-01.jpg\" alt=\"\" width=\"100\" height=\"320\" srcset=\"https:\/\/syifoundry.com\/wp-content\/uploads\/2015\/12\/bollard-01.jpg 100w, https:\/\/syifoundry.com\/wp-content\/uploads\/2015\/12\/bollard-01-94x300.jpg 94w\" sizes=\"auto, (max-width: 100px) 100vw, 100px\" \/><\/td>\n<td>borne classique avec des rainures et la version haute visibilit\u00e9 ensemble<\/p>\n<p><img loading=\"lazy\" decoding=\"async\" class=\"alignright wp-image-762 size-full\" src=\"http:\/\/syifoundry.com\/wp-content\/uploads\/2015\/12\/bollard-0101-1.jpg\" alt=\"\" width=\"84\" height=\"182\" \/><\/p>\n<p>options de mat\u00e9riaux:<\/p>\n<p>* GRE Pour fonte<br \/>\n* Fonte ductile<br \/>\n* En fonte d&#8217;aluminium<br \/>\n* Rev\u00eatement en acier Cast:<\/p>\n<p>* Bitume anti-rouille<br \/>\n* Peinture \u00e9poxy<br \/>\n* Asp et les clients demande<\/p>\n<p>&nbsp;<\/td>\n<td><img loading=\"lazy\" decoding=\"async\" class=\"aligncenter size-full wp-image-761\" src=\"http:\/\/syifoundry.com\/wp-content\/uploads\/2015\/12\/SYI-Bollards01.jpg\" alt=\"SYI-Bollards01\" width=\"100\" height=\"320\" srcset=\"https:\/\/syifoundry.com\/wp-content\/uploads\/2015\/12\/SYI-Bollards01.jpg 100w, https:\/\/syifoundry.com\/wp-content\/uploads\/2015\/12\/SYI-Bollards01-94x300.jpg 94w\" sizes=\"auto, (max-width: 100px) 100vw, 100px\" \/><\/td>\n<td>fonte \/ fonte Borne d&#8217;aluminium avec une base de bride<\/p>\n<p>options de mat\u00e9riaux:<br \/>\n<img loading=\"lazy\" decoding=\"async\" class=\"alignright wp-image-762\" src=\"http:\/\/syifoundry.com\/wp-content\/uploads\/2015\/12\/bollard-0101-1.jpg\" alt=\"bollard-0101-(1)\" width=\"81\" height=\"176\" \/><\/p>\n<p>* GRE Pour fonte<br \/>\n* Fonte ductile<br \/>\n* En fonte d&#8217;aluminium<br \/>\n* Rev\u00eatement en acier Cast:<\/p>\n<p>* Bitume anti-rouille<br \/>\n* Peinture \u00e9poxy<br \/>\n* Asp et les clients demande<\/td>\n<\/tr>\n<tr bgcolor=\"#ffffff\">\n<td><img loading=\"lazy\" decoding=\"async\" class=\"aligncenter size-full wp-image-764\" src=\"http:\/\/syifoundry.com\/wp-content\/uploads\/2015\/12\/SYI-Bollards-03.jpg\" alt=\"SYI-Bollards-03\" width=\"100\" height=\"320\" srcset=\"https:\/\/syifoundry.com\/wp-content\/uploads\/2015\/12\/SYI-Bollards-03.jpg 100w, https:\/\/syifoundry.com\/wp-content\/uploads\/2015\/12\/SYI-Bollards-03-94x300.jpg 94w\" sizes=\"auto, (max-width: 100px) 100vw, 100px\" \/><\/td>\n<td>classique borne en fonte avec jupe de base options de mat\u00e9riaux de conception:<\/p>\n<p><img loading=\"lazy\" decoding=\"async\" class=\"alignright size-full wp-image-766\" src=\"http:\/\/syifoundry.com\/wp-content\/uploads\/2015\/12\/bollard-0101-3.jpg\" alt=\"bollard-0101-3\" width=\"84\" height=\"182\" \/><\/p>\n<p>* GRE Pour fonte<br \/>\n* Fonte ductile<br \/>\n* En fonte d&#8217;aluminium<br \/>\n* Rev\u00eatement en acier Cast:<\/p>\n<p>* Bitume anti-rouille<br \/>\n* Peinture \u00e9poxy<br \/>\n* Asp et les clients demande<\/td>\n<td><img loading=\"lazy\" decoding=\"async\" class=\"aligncenter size-full wp-image-765\" src=\"http:\/\/syifoundry.com\/wp-content\/uploads\/2015\/12\/SYI-Bollards04.jpg\" alt=\"SYI-Bollards04\" width=\"100\" height=\"320\" srcset=\"https:\/\/syifoundry.com\/wp-content\/uploads\/2015\/12\/SYI-Bollards04.jpg 100w, https:\/\/syifoundry.com\/wp-content\/uploads\/2015\/12\/SYI-Bollards04-94x300.jpg 94w\" sizes=\"auto, (max-width: 100px) 100vw, 100px\" \/><\/td>\n<td>borne classique avec rainures d\u00e9coratives options de mat\u00e9riaux:<\/p>\n<p><img loading=\"lazy\" decoding=\"async\" class=\"alignright size-full wp-image-767\" src=\"http:\/\/syifoundry.com\/wp-content\/uploads\/2015\/12\/bollard-0101-4.jpg\" alt=\"bollard-0101-4\" width=\"84\" height=\"182\" \/><\/p>\n<p>* GRE Pour fonte<br \/>\n* Fonte ductile<br \/>\n* En fonte d&#8217;aluminium<br \/>\n* Rev\u00eatement en acier Cast:<\/p>\n<p>* Bitume anti-rouille<br \/>\n* Peinture \u00e9poxy<br \/>\n* Asp et les clients demande<\/td>\n<\/tr>\n<\/tbody>\n<\/table>\n<p>&nbsp;<\/p>\n<table border=\"0\" width=\"720\" cellspacing=\"0\" cellpadding=\"20\">\n<tbody>\n<tr bgcolor=\"#009944\">\n<td colspan=\"4\">\n<h6 style=\"text-align: left;\">\u00a0<span style=\"color: #ffffff;\">Cast s\u00e9rie borne fer (amovible)<\/span><\/h6>\n<\/td>\n<\/tr>\n<tr bgcolor=\"#ffffff\">\n<td><img loading=\"lazy\" decoding=\"async\" class=\"aligncenter wp-image-768 \" src=\"http:\/\/syifoundry.com\/wp-content\/uploads\/2015\/12\/SYI-Bollards05.jpg\" alt=\"\" width=\"88\" height=\"282\" srcset=\"https:\/\/syifoundry.com\/wp-content\/uploads\/2015\/12\/SYI-Bollards05.jpg 100w, https:\/\/syifoundry.com\/wp-content\/uploads\/2015\/12\/SYI-Bollards05-94x300.jpg 94w\" sizes=\"auto, (max-width: 88px) 100vw, 88px\" \/><\/td>\n<td>fonte classique options de mat\u00e9riaux de bollards de fer: * GRE Pour fonte<br \/>\n<img loading=\"lazy\" decoding=\"async\" class=\"alignright wp-image-771 \" src=\"http:\/\/syifoundry.com\/wp-content\/uploads\/2015\/12\/bollard-0101-5.jpg\" alt=\"\" width=\"72\" height=\"124\" \/><br \/>\n* Ductile Iron<br \/>\n* Cast Aluminum<br \/>\n* Cast SteelCoating:* Anti-rust Bitumen<br \/>\n* Epoxy Painting<br \/>\n* As per customer&#8217;s request<\/td>\n<td><img loading=\"lazy\" decoding=\"async\" class=\"aligncenter wp-image-769 \" src=\"http:\/\/syifoundry.com\/wp-content\/uploads\/2015\/12\/SYI-Bollards06.jpg\" alt=\"\" width=\"81\" height=\"260\" srcset=\"https:\/\/syifoundry.com\/wp-content\/uploads\/2015\/12\/SYI-Bollards06.jpg 100w, https:\/\/syifoundry.com\/wp-content\/uploads\/2015\/12\/SYI-Bollards06-94x300.jpg 94w\" sizes=\"auto, (max-width: 81px) 100vw, 81px\" \/><\/td>\n<td>fonte classique options de mat\u00e9riaux de bollards de fer:<\/p>\n<p><img loading=\"lazy\" decoding=\"async\" class=\"alignright wp-image-772 \" src=\"http:\/\/syifoundry.com\/wp-content\/uploads\/2015\/12\/bollard-0101-6.jpg\" alt=\"\" width=\"85\" height=\"146\" \/><\/p>\n<p>* GRE Pour fonte<br \/>\n* Fonte ductile<br \/>\n* En fonte d&#8217;aluminium<br \/>\n* Rev\u00eatement en acier Cast:<\/p>\n<p>* Bitume anti-rouille<br \/>\n* Peinture \u00e9poxy<br \/>\n* Asp et les clients demande<\/td>\n<\/tr>\n<tr bgcolor=\"#ffffff\">\n<td><img loading=\"lazy\" decoding=\"async\" class=\"aligncenter wp-image-770 \" src=\"http:\/\/syifoundry.com\/wp-content\/uploads\/2015\/12\/SYI-Bollards07.jpg\" alt=\"\" width=\"92\" height=\"294\" srcset=\"https:\/\/syifoundry.com\/wp-content\/uploads\/2015\/12\/SYI-Bollards07.jpg 100w, https:\/\/syifoundry.com\/wp-content\/uploads\/2015\/12\/SYI-Bollards07-94x300.jpg 94w\" sizes=\"auto, (max-width: 92px) 100vw, 92px\" \/><\/td>\n<td>fonte classique bollards de fer<\/p>\n<p>options de mat\u00e9riaux:<\/p>\n<p><img loading=\"lazy\" decoding=\"async\" class=\"alignright wp-image-773 \" src=\"http:\/\/syifoundry.com\/wp-content\/uploads\/2015\/12\/bollard-0101-7.jpg\" alt=\"\" width=\"65\" height=\"111\" \/><\/p>\n<p>* GRE Pour fonte<br \/>\n* Fonte ductile<br \/>\n* En fonte d&#8217;aluminium<br \/>\n* Rev\u00eatement en acier Cast:<\/p>\n<p>* Bitume anti-rouille<br \/>\n* Peinture \u00e9poxy<br \/>\n* Asp et les clients demande<\/td>\n<td colspan=\"2\"><img loading=\"lazy\" decoding=\"async\" class=\"aligncenter wp-image-779\" src=\"http:\/\/syifoundry.com\/wp-content\/uploads\/2015\/12\/bollard1.jpg\" alt=\"bollard\" width=\"209\" height=\"275\" \/><\/p>\n<p>Type amovible \u00e0 fixer ou% 2C Onction \u00e9galement ing comme bo\u00eete de surface.<\/td>\n<\/tr>\n<\/tbody>\n<\/table>\n<table border=\"0\" width=\"720\" cellspacing=\"0\" cellpadding=\"20\">\n<tbody>\n<tr bgcolor=\"#009944\">\n<td colspan=\"3\">\n<h6 style=\"text-align: left;\">\u00a0<span style=\"color: #ffffff;\">S\u00e9rie Borne en acier<\/span><\/h6>\n<\/td>\n<\/tr>\n<tr bgcolor=\"#ffffff\">\n<td><img loading=\"lazy\" decoding=\"async\" class=\"aligncenter size-full wp-image-775\" src=\"http:\/\/syifoundry.com\/wp-content\/uploads\/2015\/12\/bollard-syi-01.jpg\" alt=\"bollard-syi-01\" width=\"200\" height=\"280\" \/><\/td>\n<td><img loading=\"lazy\" decoding=\"async\" class=\"aligncenter wp-image-782 size-full\" src=\"http:\/\/syifoundry.com\/wp-content\/uploads\/2015\/12\/bollard-syi-002.jpg\" alt=\"\" width=\"200\" height=\"280\" \/><\/td>\n<td><img loading=\"lazy\" decoding=\"async\" class=\"aligncenter size-full wp-image-777\" src=\"http:\/\/syifoundry.com\/wp-content\/uploads\/2015\/12\/bollard-syi-03.jpg\" alt=\"bollard-syi-03\" width=\"200\" height=\"280\" \/><\/td>\n<\/tr>\n<tr bgcolor=\"#ffffff\">\n<td><strong><span style=\"color: #009944;\">SYI-BL-41<\/span><\/strong><\/p>\n<p>Borne en acier doux avec rev\u00eatement sup\u00e9rieur sph\u00e9rique:<\/p>\n<p>* Bitume anti-rouille<br \/>\n* Peinture \u00e9poxy<br \/>\n* Rev\u00eatement \u00e9poxy en poudre<br \/>\n* Asp et les clients demande<\/td>\n<td><strong><span style=\"color: #009944;\">SYI-BL-42<\/span><\/strong><\/p>\n<p>Borne en acier doux avec rev\u00eatement sup\u00e9rieur en forme de d\u00f4me et annel\u00e9:<\/p>\n<p>* Bitume anti-rouille<br \/>\n* Peinture \u00e9poxy<br \/>\n* Rev\u00eatement \u00e9poxy en poudre<br \/>\n* Asp et les clients demande<\/td>\n<td><strong><span style=\"color: #009944;\">SYI-BL-45<\/span><\/strong><\/p>\n<p>acier doux borne amovible avec rev\u00eatement flattop:<\/p>\n<p>* Bitume anti-rouille<br \/>\n* Peinture \u00e9poxy<br \/>\n* Rev\u00eatement \u00e9poxy en poudre<br \/>\n* Asp et les clients demande<\/td>\n<\/tr>\n<\/tbody>\n<\/table>\n<table border=\"0\" width=\"720\" cellspacing=\"0\" cellpadding=\"20\">\n<tbody>\n<tr bgcolor=\"#009944\">\n<td colspan=\"3\">\n<h6 style=\"text-align: left;\">\u00a0<span style=\"color: #ffffff;\">inoxydable s\u00e9rie bornes en acier (fixe)<\/span><\/h6>\n<\/td>\n<\/tr>\n<tr>\n<td colspan=\"3\"><span style=\"color: #e60012;\">bornes en acier inoxydable peuvent \u00eatre le cheval \u00e0 des exigences diff\u00e9rentes hauteur asp et clients.<\/span><\/td>\n<\/tr>\n<tr bgcolor=\"#ffffff\">\n<td><img loading=\"lazy\" decoding=\"async\" class=\"aligncenter wp-image-784 size-full\" src=\"http:\/\/syifoundry.com\/wp-content\/uploads\/2015\/12\/bollard-syi-10.jpg\" alt=\"\" width=\"200\" height=\"280\" \/><\/td>\n<td><img loading=\"lazy\" decoding=\"async\" class=\"aligncenter wp-image-785 size-full\" src=\"http:\/\/syifoundry.com\/wp-content\/uploads\/2015\/12\/bollard-syi-11.jpg\" alt=\"\" width=\"200\" height=\"280\" \/><\/td>\n<td><img loading=\"lazy\" decoding=\"async\" class=\"aligncenter wp-image-786 size-full\" src=\"http:\/\/syifoundry.com\/wp-content\/uploads\/2015\/12\/bollard-syi-12.jpg\" alt=\"\" width=\"200\" height=\"280\" \/><\/td>\n<\/tr>\n<tr bgcolor=\"#ffffff\">\n<td style=\"text-align: center;\"><strong><span style=\"color: #009944;\">Flat Top<\/span><\/strong><\/td>\n<td style=\"text-align: center;\"><strong><span style=\"color: #009944;\">Domed Top<\/span><\/strong><\/td>\n<td style=\"text-align: center;\"><strong><span style=\"color: #009944;\">Slope Top<\/span><\/strong><\/td>\n<\/tr>\n<tr>\n<td colspan=\"3\"><a href=\"http:\/\/syifoundry.com\/wp-content\/uploads\/2015\/12\/bollard-020.jpg\"><img loading=\"lazy\" decoding=\"async\" class=\"alignnone wp-image-783 size-full\" src=\"http:\/\/syifoundry.com\/wp-content\/uploads\/2015\/12\/bollard-020.jpg\" alt=\"bollard-020\" width=\"400\" height=\"201\" srcset=\"https:\/\/syifoundry.com\/wp-content\/uploads\/2015\/12\/bollard-020.jpg 400w, https:\/\/syifoundry.com\/wp-content\/uploads\/2015\/12\/bollard-020-300x151.jpg 300w\" sizes=\"auto, (max-width: 400px) 100vw, 400px\" \/><\/a><strong><span style=\"color: #009944;\">SYI-BL-51<\/span><\/strong><\/p>\n<p>inox borne fixe \u00e0 la fois int\u00e9rieure et ext\u00e9rieure mat\u00e9riel \u00e0 usage: Mater AL: SS304 o RSS316l top conception: flattop ou en haut du d\u00f4me ou en haut de la pente<\/p>\n<p><span style=\"color: #009944;\">(s&#8217;il vous pla\u00eet aviser le mat\u00e9riau et la conception sup\u00e9rieure avec contact commercial de quelqu&#8217;un)<\/span><\/td>\n<\/tr>\n<tr>\n<td colspan=\"3\"><img loading=\"lazy\" decoding=\"async\" class=\"alignnone wp-image-787 size-full\" src=\"http:\/\/syifoundry.com\/wp-content\/uploads\/2015\/12\/bollard-030.jpg\" alt=\"\" width=\"400\" height=\"201\" srcset=\"https:\/\/syifoundry.com\/wp-content\/uploads\/2015\/12\/bollard-030.jpg 400w, https:\/\/syifoundry.com\/wp-content\/uploads\/2015\/12\/bollard-030-300x151.jpg 300w\" sizes=\"auto, (max-width: 400px) 100vw, 400px\" \/><strong><span style=\"color: #009944;\">SYI-BL-52<\/span><\/strong><\/p>\n<p>en acier inoxydable fixe Borne% 2C en particulier pour le mat\u00e9riel d&#8217;usage ext\u00e9rieur: Mater AL: SS304 o RSS316l top conception: flattop ou en haut du d\u00f4me ou en haut de la pente<\/p>\n<p><span style=\"color: #009944;\">(s&#8217;il vous pla\u00eet aviser le mat\u00e9riau et la conception sup\u00e9rieure avec contact commercial de quelqu&#8217;un)<\/span><\/td>\n<\/tr>\n<tr>\n<td colspan=\"3\"><img loading=\"lazy\" decoding=\"async\" class=\"alignnone wp-image-788 size-full\" src=\"http:\/\/syifoundry.com\/wp-content\/uploads\/2015\/12\/bollard-040.jpg\" alt=\"\" width=\"400\" height=\"201\" srcset=\"https:\/\/syifoundry.com\/wp-content\/uploads\/2015\/12\/bollard-040.jpg 400w, https:\/\/syifoundry.com\/wp-content\/uploads\/2015\/12\/bollard-040-300x151.jpg 300w\" sizes=\"auto, (max-width: 400px) 100vw, 400px\" \/><strong><span style=\"color: #009944;\">SYI-BL-53<\/span><\/strong><\/p>\n<p>inox borne fixe \u00e0 la fois int\u00e9rieure et ext\u00e9rieure mat\u00e9riel \u00e0 usage: Mater AL: SS304 o RSS316l top conception: flattop ou en haut du d\u00f4me ou en haut de la pente<\/p>\n<p><span style=\"color: #009944;\">(s&#8217;il vous pla\u00eet aviser le mat\u00e9riau et la conception sup\u00e9rieure avec contact commercial de quelqu&#8217;un)<\/span><\/td>\n<\/tr>\n<tr>\n<td colspan=\"3\"><img loading=\"lazy\" decoding=\"async\" class=\"alignnone wp-image-789 size-full\" src=\"http:\/\/syifoundry.com\/wp-content\/uploads\/2015\/12\/bollard-050.jpg\" alt=\"\" width=\"400\" height=\"201\" srcset=\"https:\/\/syifoundry.com\/wp-content\/uploads\/2015\/12\/bollard-050.jpg 400w, https:\/\/syifoundry.com\/wp-content\/uploads\/2015\/12\/bollard-050-300x151.jpg 300w\" sizes=\"auto, (max-width: 400px) 100vw, 400px\" \/><strong><span style=\"color: #009944;\">SYI-BL-54<\/span><\/strong><\/p>\n<p>acier inoxydable borne \u00e0 bride \u00e0 la fois mat\u00e9riel \u00e0 usage int\u00e9rieur et ext\u00e9rieur: Mater AL: SS304 o RSS316l top conception: flattop ou en haut du d\u00f4me ou en haut de la pente<\/p>\n<p><span style=\"color: #009944;\">(s&#8217;il vous pla\u00eet aviser le mat\u00e9riau et la conception sup\u00e9rieure avec contact commercial de quelqu&#8217;un)<\/span><\/td>\n<\/tr>\n<\/tbody>\n<\/table>\n<table border=\"0\" width=\"720\" cellspacing=\"0\" cellpadding=\"20\">\n<tbody>\n<tr bgcolor=\"#009944\">\n<td colspan=\"3\">\n<h6 style=\"text-align: left;\"><span style=\"color: #888888;\"><span style=\"font-size: 16px; font-weight: normal; line-height: 24px;\"> inoxydable s\u00e9rie bornes en acier (amovible)<\/span><\/span><\/h6>\n<\/td>\n<\/tr>\n<tr>\n<td colspan=\"3\">bornes en acier inoxydable peuvent \u00eatre le cheval \u00e0 des exigences diff\u00e9rentes hauteur de asp et clients.<\/td>\n<\/tr>\n<tr>\n<td colspan=\"3\"><img loading=\"lazy\" decoding=\"async\" class=\"alignnone wp-image-790 size-full\" src=\"http:\/\/syifoundry.com\/wp-content\/uploads\/2015\/12\/bollard-060.jpg\" alt=\"\" width=\"400\" height=\"201\" srcset=\"https:\/\/syifoundry.com\/wp-content\/uploads\/2015\/12\/bollard-060.jpg 400w, https:\/\/syifoundry.com\/wp-content\/uploads\/2015\/12\/bollard-060-300x151.jpg 300w\" sizes=\"auto, (max-width: 400px) 100vw, 400px\" \/>BIJ-BL-55<br \/>\nAcier inoxydable borne amovible pour une utilisation int\u00e9rieure et ext\u00e9rieure<br \/>\nMat\u00e9riel: SS304 vs SS316L<br \/>\nTop Design: Flat Top ou Dome Top ou Pente Top<br \/>\n(S&#8217;il vous pla\u00eet aviser la conception du mat\u00e9riel et Top avec votre contact commercial)<\/td>\n<\/tr>\n<\/tbody>\n<\/table>\n<p><\/p>","protected":false},"excerpt":{"rendered":"<p>BIJ propose plusieurs gammes de bornes de la rue, qui prot\u00e8gent vos biens contre les dommages caus\u00e9s par les v\u00e9hicules en fonte, fonte ductile, en acier inoxydable ou en fonte d&#8217;aluminium. Certains types viennent avec la fonction de bo\u00eete de&#8230;<br \/><a class=\"read-more-button\" href=\"https:\/\/syifoundry.com\/fr\/products-2\/street-furniture-municipal-castings\/street-bollard-series\/\">Savoir plus<\/a><\/p>\n","protected":false},"author":1,"featured_media":0,"parent":706,"menu_order":0,"comment_status":"closed","ping_status":"closed","template":"","meta":{"footnotes":""},"class_list":["post-744","page","type-page","status-publish","hentry"],"_links":{"self":[{"href":"https:\/\/syifoundry.com\/fr\/wp-json\/wp\/v2\/pages\/744","targetHints":{"allow":["GET"]}}],"collection":[{"href":"https:\/\/syifoundry.com\/fr\/wp-json\/wp\/v2\/pages"}],"about":[{"href":"https:\/\/syifoundry.com\/fr\/wp-json\/wp\/v2\/types\/page"}],"author":[{"embeddable":true,"href":"https:\/\/syifoundry.com\/fr\/wp-json\/wp\/v2\/users\/1"}],"replies":[{"embeddable":true,"href":"https:\/\/syifoundry.com\/fr\/wp-json\/wp\/v2\/comments?post=744"}],"version-history":[{"count":30,"href":"https:\/\/syifoundry.com\/fr\/wp-json\/wp\/v2\/pages\/744\/revisions"}],"predecessor-version":[{"id":1403,"href":"https:\/\/syifoundry.com\/fr\/wp-json\/wp\/v2\/pages\/744\/revisions\/1403"}],"up":[{"embeddable":true,"href":"https:\/\/syifoundry.com\/fr\/wp-json\/wp\/v2\/pages\/706"}],"wp:attachment":[{"href":"https:\/\/syifoundry.com\/fr\/wp-json\/wp\/v2\/media?parent=744"}],"curies":[{"name":"wp","href":"https:\/\/api.w.org\/{rel}","templated":true}]}}