{"id":796,"date":"2015-12-08T15:43:05","date_gmt":"2015-12-08T07:43:05","guid":{"rendered":"http:\/\/syifoundry.com\/?page_id=796"},"modified":"2017-06-13T10:41:37","modified_gmt":"2017-06-13T02:41:37","slug":"street-lights-poles-bases","status":"publish","type":"page","link":"https:\/\/syifoundry.com\/fr\/products-2\/street-furniture-municipal-castings\/street-lights-poles-bases\/","title":{"rendered":"Lampadaires p\u00f4les et bases"},"content":{"rendered":"<p><span lang=\"EN-US\">Fabricants BIJ en fonte \/ aluminium poteaux et bases de lumi\u00e8re rue. Avec un style europ\u00e9en \u00e0 part enti\u00e8re, les lignes de coul\u00e9e traditionnelles vont ajouter \u00e0 l&#8217;\u00e9l\u00e9gance dans la mesure du centre-ville ou le parc d&#8217;applications.<\/span><\/p>\n<p><span lang=\"EN-US\">Le service d&#8217;OEM est \u00e9galement disponible.<\/span><\/p>\n<p><img loading=\"lazy\" decoding=\"async\" class=\"size-full wp-image-797 aligncenter\" src=\"http:\/\/syifoundry.com\/wp-content\/uploads\/2015\/12\/20111126210356_130.jpg\" alt=\"20111126210356_130\" width=\"488\" height=\"430\" srcset=\"https:\/\/syifoundry.com\/wp-content\/uploads\/2015\/12\/20111126210356_130.jpg 488w, https:\/\/syifoundry.com\/wp-content\/uploads\/2015\/12\/20111126210356_130-300x264.jpg 300w\" sizes=\"auto, (max-width: 488px) 100vw, 488px\" \/><\/p>\n<p><img loading=\"lazy\" decoding=\"async\" class=\"aligncenter size-full wp-image-798\" src=\"http:\/\/syifoundry.com\/wp-content\/uploads\/2015\/12\/20111208122551_923.jpg\" alt=\"20111208122551_923\" width=\"488\" height=\"231\" srcset=\"https:\/\/syifoundry.com\/wp-content\/uploads\/2015\/12\/20111208122551_923.jpg 488w, https:\/\/syifoundry.com\/wp-content\/uploads\/2015\/12\/20111208122551_923-300x142.jpg 300w\" sizes=\"auto, (max-width: 488px) 100vw, 488px\" \/><\/p>\n<p><b>la plupart de la taille standard est sont disponibles.<\/b><\/p>","protected":false},"excerpt":{"rendered":"<p>Fabricants BIJ en fonte \/ aluminium poteaux et bases de lumi\u00e8re rue. Avec un style europ\u00e9en \u00e0 part enti\u00e8re, les lignes de coul\u00e9e traditionnelles vont ajouter \u00e0 l&#8217;\u00e9l\u00e9gance dans la mesure du centre-ville ou le parc d&#8217;applications. Le service d&#8217;OEM&#8230;<br \/><a class=\"read-more-button\" href=\"https:\/\/syifoundry.com\/fr\/products-2\/street-furniture-municipal-castings\/street-lights-poles-bases\/\">Savoir plus<\/a><\/p>\n","protected":false},"author":1,"featured_media":0,"parent":706,"menu_order":0,"comment_status":"closed","ping_status":"closed","template":"","meta":{"footnotes":""},"class_list":["post-796","page","type-page","status-publish","hentry"],"_links":{"self":[{"href":"https:\/\/syifoundry.com\/fr\/wp-json\/wp\/v2\/pages\/796","targetHints":{"allow":["GET"]}}],"collection":[{"href":"https:\/\/syifoundry.com\/fr\/wp-json\/wp\/v2\/pages"}],"about":[{"href":"https:\/\/syifoundry.com\/fr\/wp-json\/wp\/v2\/types\/page"}],"author":[{"embeddable":true,"href":"https:\/\/syifoundry.com\/fr\/wp-json\/wp\/v2\/users\/1"}],"replies":[{"embeddable":true,"href":"https:\/\/syifoundry.com\/fr\/wp-json\/wp\/v2\/comments?post=796"}],"version-history":[{"count":14,"href":"https:\/\/syifoundry.com\/fr\/wp-json\/wp\/v2\/pages\/796\/revisions"}],"predecessor-version":[{"id":1412,"href":"https:\/\/syifoundry.com\/fr\/wp-json\/wp\/v2\/pages\/796\/revisions\/1412"}],"up":[{"embeddable":true,"href":"https:\/\/syifoundry.com\/fr\/wp-json\/wp\/v2\/pages\/706"}],"wp:attachment":[{"href":"https:\/\/syifoundry.com\/fr\/wp-json\/wp\/v2\/media?parent=796"}],"curies":[{"name":"wp","href":"https:\/\/api.w.org\/{rel}","templated":true}]}}