{"id":800,"date":"2015-12-08T15:45:32","date_gmt":"2015-12-08T07:45:32","guid":{"rendered":"http:\/\/syifoundry.com\/?page_id=800"},"modified":"2017-06-13T10:45:56","modified_gmt":"2017-06-13T02:45:56","slug":"tree-gratings-frames","status":"publish","type":"page","link":"https:\/\/syifoundry.com\/fr\/products-2\/street-furniture-municipal-castings\/tree-gratings-frames\/","title":{"rendered":"arbres r\u00e9seaux et cadres"},"content":{"rendered":"<p>Une vari\u00e9t\u00e9 de styles SYI Arbre caillebotis donne au concepteur une flexibilit\u00e9 pour faire face \u00e0 toute situation. SYI Arbre caillebotis sont en vedette dans l&#8217;ordre croissant de taille pour faire en pr\u00e9cisant que beaucoup plus facile.<\/p>\n<p><img loading=\"lazy\" decoding=\"async\" class=\"aligncenter size-full wp-image-801\" src=\"http:\/\/syifoundry.com\/wp-content\/uploads\/2015\/12\/Tree-Gratings-and-Frames01.jpg\" alt=\"Tree Gratings and Frames01\" width=\"487\" height=\"407\" srcset=\"https:\/\/syifoundry.com\/wp-content\/uploads\/2015\/12\/Tree-Gratings-and-Frames01.jpg 487w, https:\/\/syifoundry.com\/wp-content\/uploads\/2015\/12\/Tree-Gratings-and-Frames01-300x251.jpg 300w\" sizes=\"auto, (max-width: 487px) 100vw, 487px\" \/><\/p>\n<p><strong>en utilisant un mat\u00e9riau d&#8217;org en fonte ductile Rey fer% 2CW EA r\u00e9el pour pouvoir faire des grilles d&#8217;arbres asp et les clients de conception.<\/strong><\/p>\n<p><strong>conceptions compatibles:<\/strong><\/p>\n<p><img loading=\"lazy\" decoding=\"async\" class=\"aligncenter size-full wp-image-802\" src=\"http:\/\/syifoundry.com\/wp-content\/uploads\/2015\/12\/Tree-Gratings-and-Frames02.jpg\" alt=\"Tree Gratings and Frames02\" width=\"487\" height=\"195\" srcset=\"https:\/\/syifoundry.com\/wp-content\/uploads\/2015\/12\/Tree-Gratings-and-Frames02.jpg 487w, https:\/\/syifoundry.com\/wp-content\/uploads\/2015\/12\/Tree-Gratings-and-Frames02-300x120.jpg 300w\" sizes=\"auto, (max-width: 487px) 100vw, 487px\" \/><\/p>\n<p><img loading=\"lazy\" decoding=\"async\" class=\"aligncenter size-full wp-image-803\" src=\"http:\/\/syifoundry.com\/wp-content\/uploads\/2015\/12\/Tree-Gratings-and-Frames03.jpg\" alt=\"Tree Gratings and Frames03\" width=\"487\" height=\"357\" srcset=\"https:\/\/syifoundry.com\/wp-content\/uploads\/2015\/12\/Tree-Gratings-and-Frames03.jpg 487w, https:\/\/syifoundry.com\/wp-content\/uploads\/2015\/12\/Tree-Gratings-and-Frames03-300x220.jpg 300w\" sizes=\"auto, (max-width: 487px) 100vw, 487px\" \/><\/p>","protected":false},"excerpt":{"rendered":"<p>Une vari\u00e9t\u00e9 de styles SYI Arbre caillebotis donne au concepteur une flexibilit\u00e9 pour faire face \u00e0 toute situation. SYI Arbre caillebotis sont en vedette dans l&#8217;ordre croissant de taille pour faire en pr\u00e9cisant que beaucoup plus facile. en utilisant un&#8230;<br \/><a class=\"read-more-button\" href=\"https:\/\/syifoundry.com\/fr\/products-2\/street-furniture-municipal-castings\/tree-gratings-frames\/\">Savoir plus<\/a><\/p>\n","protected":false},"author":1,"featured_media":0,"parent":706,"menu_order":0,"comment_status":"closed","ping_status":"closed","template":"","meta":{"footnotes":""},"class_list":["post-800","page","type-page","status-publish","hentry"],"_links":{"self":[{"href":"https:\/\/syifoundry.com\/fr\/wp-json\/wp\/v2\/pages\/800","targetHints":{"allow":["GET"]}}],"collection":[{"href":"https:\/\/syifoundry.com\/fr\/wp-json\/wp\/v2\/pages"}],"about":[{"href":"https:\/\/syifoundry.com\/fr\/wp-json\/wp\/v2\/types\/page"}],"author":[{"embeddable":true,"href":"https:\/\/syifoundry.com\/fr\/wp-json\/wp\/v2\/users\/1"}],"replies":[{"embeddable":true,"href":"https:\/\/syifoundry.com\/fr\/wp-json\/wp\/v2\/comments?post=800"}],"version-history":[{"count":17,"href":"https:\/\/syifoundry.com\/fr\/wp-json\/wp\/v2\/pages\/800\/revisions"}],"predecessor-version":[{"id":1422,"href":"https:\/\/syifoundry.com\/fr\/wp-json\/wp\/v2\/pages\/800\/revisions\/1422"}],"up":[{"embeddable":true,"href":"https:\/\/syifoundry.com\/fr\/wp-json\/wp\/v2\/pages\/706"}],"wp:attachment":[{"href":"https:\/\/syifoundry.com\/fr\/wp-json\/wp\/v2\/media?parent=800"}],"curies":[{"name":"wp","href":"https:\/\/api.w.org\/{rel}","templated":true}]}}