{"id":816,"date":"2015-12-08T16:25:57","date_gmt":"2015-12-08T08:25:57","guid":{"rendered":"http:\/\/syifoundry.com\/?page_id=816"},"modified":"2017-06-13T10:06:44","modified_gmt":"2017-06-13T02:06:44","slug":"resin-sand-castings","status":"publish","type":"page","link":"https:\/\/syifoundry.com\/fr\/products-2\/oem-industrial-castings\/resin-sand-castings\/","title":{"rendered":"sable de r\u00e9sine coul\u00e9e est"},"content":{"rendered":"<p><span style=\"color: #00a1e9;\"><strong>sy i utilise la r\u00e9sine purifi\u00e9e pour fabriquer des noyaux de coquille de r\u00e9sine et un LD est% 2C qui donne coul\u00e9e est de dimensions pr\u00e9cises.<\/strong><\/span><br \/>\nsy IIS fier de son int et le d\u00e9veloppement de la r\u00e9sine d&#8217;enveloppe innovante r\u00e9sine% 2C sable et r\u00e9pliques rev\u00eatues St produits position de leader.<\/p>\n<p><img loading=\"lazy\" decoding=\"async\" class=\"aligncenter size-full wp-image-817\" src=\"http:\/\/syifoundry.com\/wp-content\/uploads\/2015\/12\/Resin-Sand-Castings-01.jpg\" alt=\"Resin-Sand-Castings-01\" width=\"700\" height=\"246\" srcset=\"https:\/\/syifoundry.com\/wp-content\/uploads\/2015\/12\/Resin-Sand-Castings-01.jpg 700w, https:\/\/syifoundry.com\/wp-content\/uploads\/2015\/12\/Resin-Sand-Castings-01-300x105.jpg 300w\" sizes=\"auto, (max-width: 700px) 100vw, 700px\" \/><\/p>\n<p>en jours respectueux de l&#8217;environnement mondial% processus 2CT et la coquille offre aux travailleurs de nombreux avantages d&#8217;exploitation:<\/p>\n<p><span style=\"color: #009944;\"><span style=\"color: #00a1e9;\"><img loading=\"lazy\" decoding=\"async\" class=\"alignright size-full wp-image-819\" src=\"http:\/\/syifoundry.com\/wp-content\/uploads\/2015\/12\/Resin-Sand-Castings-03.jpg\" alt=\"Resin-Sand-Castings-03\" width=\"338\" height=\"226\" srcset=\"https:\/\/syifoundry.com\/wp-content\/uploads\/2015\/12\/Resin-Sand-Castings-03.jpg 338w, https:\/\/syifoundry.com\/wp-content\/uploads\/2015\/12\/Resin-Sand-Castings-03-300x201.jpg 300w\" sizes=\"auto, (max-width: 338px) 100vw, 338px\" \/>* Essentiellement pas de formald\u00e9hyde<br \/>\n* Moules et noyaux restent utilisables ind\u00e9finiment et ne sont pas affect\u00e9s par le stockage d&#8217;humidit\u00e9 \u00e9lev\u00e9.<br \/>\n* Noyaux Shell peuvent \u00eatre creux r\u00e9sultant du poids beaucoup plus l\u00e9ger et des noyaux \u00e0 moindre co\u00fbt.<br \/>\n* Noyaux creux et l\u00e9gers moules carapaces br\u00fblent plus compl\u00e8tement, et produisent des sables de d\u00e9chets qui contiennent moins de mati\u00e8res organiques.<br \/>\n* Noyaux \u00e0 haute r\u00e9sistance et des moules produisent des pi\u00e8ces moul\u00e9es avec des tol\u00e9rances dimensionnelles pr\u00e9cises.<\/span><img loading=\"lazy\" decoding=\"async\" class=\"wp-image-821 alignright\" src=\"http:\/\/syifoundry.com\/wp-content\/uploads\/2015\/12\/Resin-Sand-Castings-04.jpg\" alt=\"Resin-Sand-Castings-04\" width=\"365\" height=\"132\" srcset=\"https:\/\/syifoundry.com\/wp-content\/uploads\/2015\/12\/Resin-Sand-Castings-04.jpg 412w, https:\/\/syifoundry.com\/wp-content\/uploads\/2015\/12\/Resin-Sand-Castings-04-300x108.jpg 300w\" sizes=\"auto, (max-width: 365px) 100vw, 365px\" \/><\/span><\/p>\n<p>En utilisant les moules en coquille, presque toutes les nuances de mat\u00e9riaux peuvent \u00eatre r\u00e9alis\u00e9s tels que la fonte ductile, fonte grise, acier au carbone, acier alli\u00e9, acier alli\u00e9 sp\u00e9cial, en acier inoxydable et de l&#8217;aluminium.<\/p>\n<p><span style=\"color: #00a1e9;\"><strong>Services OEM sont disponibles\uff01<\/strong><\/span><\/p>\n<p><img loading=\"lazy\" decoding=\"async\" class=\"aligncenter size-full wp-image-818\" src=\"http:\/\/syifoundry.com\/wp-content\/uploads\/2015\/12\/Resin-Sand-Castings-02.jpg\" alt=\"Resin-Sand-Castings-02\" width=\"700\" height=\"97\" srcset=\"https:\/\/syifoundry.com\/wp-content\/uploads\/2015\/12\/Resin-Sand-Castings-02.jpg 700w, https:\/\/syifoundry.com\/wp-content\/uploads\/2015\/12\/Resin-Sand-Castings-02-300x42.jpg 300w\" sizes=\"auto, (max-width: 700px) 100vw, 700px\" \/><\/p>","protected":false},"excerpt":{"rendered":"<p>sy i utilise la r\u00e9sine purifi\u00e9e pour fabriquer des noyaux de coquille de r\u00e9sine et un LD est% 2C qui donne coul\u00e9e est de dimensions pr\u00e9cises. sy IIS fier de son int et le d\u00e9veloppement de la r\u00e9sine d&#8217;enveloppe innovante&#8230;<br \/><a class=\"read-more-button\" href=\"https:\/\/syifoundry.com\/fr\/products-2\/oem-industrial-castings\/resin-sand-castings\/\">Savoir plus<\/a><\/p>\n","protected":false},"author":1,"featured_media":0,"parent":233,"menu_order":0,"comment_status":"closed","ping_status":"closed","template":"","meta":{"footnotes":""},"class_list":["post-816","page","type-page","status-publish","hentry"],"_links":{"self":[{"href":"https:\/\/syifoundry.com\/fr\/wp-json\/wp\/v2\/pages\/816","targetHints":{"allow":["GET"]}}],"collection":[{"href":"https:\/\/syifoundry.com\/fr\/wp-json\/wp\/v2\/pages"}],"about":[{"href":"https:\/\/syifoundry.com\/fr\/wp-json\/wp\/v2\/types\/page"}],"author":[{"embeddable":true,"href":"https:\/\/syifoundry.com\/fr\/wp-json\/wp\/v2\/users\/1"}],"replies":[{"embeddable":true,"href":"https:\/\/syifoundry.com\/fr\/wp-json\/wp\/v2\/comments?post=816"}],"version-history":[{"count":16,"href":"https:\/\/syifoundry.com\/fr\/wp-json\/wp\/v2\/pages\/816\/revisions"}],"predecessor-version":[{"id":1353,"href":"https:\/\/syifoundry.com\/fr\/wp-json\/wp\/v2\/pages\/816\/revisions\/1353"}],"up":[{"embeddable":true,"href":"https:\/\/syifoundry.com\/fr\/wp-json\/wp\/v2\/pages\/233"}],"wp:attachment":[{"href":"https:\/\/syifoundry.com\/fr\/wp-json\/wp\/v2\/media?parent=816"}],"curies":[{"name":"wp","href":"https:\/\/api.w.org\/{rel}","templated":true}]}}