{"id":825,"date":"2015-12-08T16:34:01","date_gmt":"2015-12-08T08:34:01","guid":{"rendered":"http:\/\/syifoundry.com\/?page_id=825"},"modified":"2024-03-20T14:09:51","modified_gmt":"2024-03-20T06:09:51","slug":"investment-precision-lost-wax-castings","status":"publish","type":"page","link":"https:\/\/syifoundry.com\/fr\/products-2\/oem-industrial-castings\/investment-precision-lost-wax-castings\/","title":{"rendered":"investissement \/ pr\u00e9cision \/ fonte \u00e0 cire perdue est"},"content":{"rendered":"<p><span style=\"color: #00a1e9;\"><strong>proc\u00e9d\u00e9 de coul\u00e9e<\/strong><\/span><br \/>\nle silicate de sodium \/ verre soluble et de sol de silice<\/p>\n<p><span style=\"color: #00a1e9;\"><strong>mat\u00e9riau de moulage<\/strong><\/span><br \/>\nArbon acier: 1020, 1025;<br \/>\nAlliage d&#8217;acier: 4135, 4143 et 8620;<br \/>\nAcier inoxydable: 303, 304, 304L, 316, 316L, 410, 431 et 318;<br \/>\nLa chaleur en acier r\u00e9sistant: GX40CrNiSi2512, GX15CrNiSi 2520, GX40CrNiSi 2520 et GX40 CrNiSi 3525.<\/p>\n<p><span style=\"color: #00a1e9;\"><strong>Coul\u00e9e classe de tol\u00e9rance<\/strong><\/span><br \/>\nsodium verre de silicate \/ eau: CT7-9<br \/>\nsilice Sol: CT4-6<\/p>\n<p><span style=\"color: #00a1e9;\"><strong>les op\u00e9rations d&#8217;usinage ult\u00e9rieures apr\u00e8s coul\u00e9e.<\/strong><\/span><\/p>\n<p><span style=\"color: #00a1e9;\"><strong>acier spider pince pour mur-rideau de verre<img loading=\"lazy\" decoding=\"async\" class=\"alignright size-full wp-image-827\" src=\"http:\/\/syifoundry.com\/wp-content\/uploads\/2015\/12\/Precision-Castings01.jpg\" alt=\"Precision-Castings01\" width=\"314\" height=\"195\" srcset=\"https:\/\/syifoundry.com\/wp-content\/uploads\/2015\/12\/Precision-Castings01.jpg 314w, https:\/\/syifoundry.com\/wp-content\/uploads\/2015\/12\/Precision-Castings01-300x186.jpg 300w\" sizes=\"auto, (max-width: 314px) 100vw, 314px\" \/><\/strong><\/span><\/p>\n<p>Fabriqu\u00e9 en acier inoxydable ou de haute qualit\u00e9 en acier au carbone, BIJ Routels \/ Verre raccords sont utilis\u00e9s pour soutenir le syst\u00e8me de mur-rideau de verre.<\/p>\n<p>Diff\u00e9rents accessoires comme spider pince Routel, des boulons, des araign\u00e9es, des colliers de verre et d&#8217;autres sont disponibles. Les mat\u00e9riaux principaux incluent SS 304 et SS 316.<\/p>\n<p>Surfaces: polissage miroir, satin\u00e9 et d\u00e9li\u00e9<\/p>\n<p><span style=\"color: #00a1e9;\"><strong>Demande OEM \/ ODM est la bienvenue!<\/strong><\/span><\/p>\n<p><img loading=\"lazy\" decoding=\"async\" class=\"aligncenter size-full wp-image-826\" src=\"http:\/\/syifoundry.com\/wp-content\/uploads\/2015\/12\/Precision-Castings02.jpg\" alt=\"Precision-Castings02\" width=\"700\" height=\"73\" srcset=\"https:\/\/syifoundry.com\/wp-content\/uploads\/2015\/12\/Precision-Castings02.jpg 700w, https:\/\/syifoundry.com\/wp-content\/uploads\/2015\/12\/Precision-Castings02-300x31.jpg 300w\" sizes=\"auto, (max-width: 700px) 100vw, 700px\" \/><\/p>","protected":false},"excerpt":{"rendered":"<p>proc\u00e9d\u00e9 de coul\u00e9e le silicate de sodium \/ verre soluble et de sol de silice mat\u00e9riau de moulage Arbon acier: 1020, 1025; Alliage d&#8217;acier: 4135, 4143 et 8620; Acier inoxydable: 303, 304, 304L, 316, 316L, 410, 431 et 318; La&#8230;<br \/><a class=\"read-more-button\" href=\"https:\/\/syifoundry.com\/fr\/products-2\/oem-industrial-castings\/investment-precision-lost-wax-castings\/\">Savoir plus<\/a><\/p>\n","protected":false},"author":1,"featured_media":0,"parent":233,"menu_order":0,"comment_status":"closed","ping_status":"closed","template":"","meta":{"footnotes":""},"class_list":["post-825","page","type-page","status-publish","hentry"],"_links":{"self":[{"href":"https:\/\/syifoundry.com\/fr\/wp-json\/wp\/v2\/pages\/825","targetHints":{"allow":["GET"]}}],"collection":[{"href":"https:\/\/syifoundry.com\/fr\/wp-json\/wp\/v2\/pages"}],"about":[{"href":"https:\/\/syifoundry.com\/fr\/wp-json\/wp\/v2\/types\/page"}],"author":[{"embeddable":true,"href":"https:\/\/syifoundry.com\/fr\/wp-json\/wp\/v2\/users\/1"}],"replies":[{"embeddable":true,"href":"https:\/\/syifoundry.com\/fr\/wp-json\/wp\/v2\/comments?post=825"}],"version-history":[{"count":18,"href":"https:\/\/syifoundry.com\/fr\/wp-json\/wp\/v2\/pages\/825\/revisions"}],"predecessor-version":[{"id":1513,"href":"https:\/\/syifoundry.com\/fr\/wp-json\/wp\/v2\/pages\/825\/revisions\/1513"}],"up":[{"embeddable":true,"href":"https:\/\/syifoundry.com\/fr\/wp-json\/wp\/v2\/pages\/233"}],"wp:attachment":[{"href":"https:\/\/syifoundry.com\/fr\/wp-json\/wp\/v2\/media?parent=825"}],"curies":[{"name":"wp","href":"https:\/\/api.w.org\/{rel}","templated":true}]}}