{"id":831,"date":"2015-12-08T16:50:53","date_gmt":"2015-12-08T08:50:53","guid":{"rendered":"http:\/\/syifoundry.com\/?page_id=831"},"modified":"2018-11-08T10:07:15","modified_gmt":"2018-11-08T02:07:15","slug":"aluminum-sand-castings","status":"publish","type":"page","link":"https:\/\/syifoundry.com\/fr\/aluminum-sand-castings\/","title":{"rendered":"sable d&#8217;aluminium coul\u00e9e est"},"content":{"rendered":"<p>BIJ utilise meilleur alliage d&#8217;aluminium pour faire aluminium sable Castings et permanent Mould Castings. Chaque lingot d&#8217;aluminium est certifi\u00e9 pour sa puret\u00e9 et est amen\u00e9 \u00e0 partir de Stockage et pr\u00e9chauff\u00e9es pour \u00e9liminer toute humidit\u00e9 potentielle.<\/p>\n<p><span style=\"color: #4fa1e9;\"><strong>Apr\u00e8s la coul\u00e9e, nous allons d\u00e9placer les parties au traitement thermique et le processus de vieillissement en fonction des besoins des clients. Le temps dans le traitement thermique et la temp\u00e9rature sont strictement contr\u00f4l\u00e9s depuis la trempe de l&#8217;alliage est d\u00e9termin\u00e9e dans ce processus.<\/strong><\/span><\/p>\n<p><img loading=\"lazy\" decoding=\"async\" class=\"aligncenter wp-image-834 size-full\" src=\"http:\/\/syifoundry.com\/wp-content\/uploads\/2015\/12\/Aluminum-Sand-Castings01.jpg\" alt=\"\" width=\"561\" height=\"226\" data-id=\"387\" srcset=\"https:\/\/syifoundry.com\/wp-content\/uploads\/2015\/12\/Aluminum-Sand-Castings01.jpg 561w, https:\/\/syifoundry.com\/wp-content\/uploads\/2015\/12\/Aluminum-Sand-Castings01-300x121.jpg 300w\" sizes=\"auto, (max-width: 561px) 100vw, 561px\" \/><\/p>\n<p>Nos centres d&#8217;usinage sont utilis\u00e9s pour fournir des services suppl\u00e9mentaires pour le client Notre atelier d&#8217;usinage est g\u00e9r\u00e9 par les machinistes capables et les op\u00e9rateurs qui programment les machines CNC pour exploiter les sp\u00e9cifications requises pour la partie Nous pouvons effectuer une grande vari\u00e9t\u00e9 d&#8217;op\u00e9rations: .. Tourner, face, rainurage, per\u00e7age, al\u00e9sage, taraudage anglage, lamage, le profilage, le moletage, al\u00e9sage, se r\u00e9tr\u00e9cissant, filetage, contre des al\u00e9sages et de rayon.<br \/>\n<img loading=\"lazy\" decoding=\"async\" class=\"alignright size-full wp-image-835\" src=\"http:\/\/syifoundry.com\/wp-content\/uploads\/2015\/12\/Aluminum-Sand-Castings02.jpg\" alt=\"Aluminum-Sand-Castings02\" width=\"301\" height=\"141\" srcset=\"https:\/\/syifoundry.com\/wp-content\/uploads\/2015\/12\/Aluminum-Sand-Castings02.jpg 301w, https:\/\/syifoundry.com\/wp-content\/uploads\/2015\/12\/Aluminum-Sand-Castings02-300x141.jpg 300w\" sizes=\"auto, (max-width: 301px) 100vw, 301px\" \/><\/p>\n<p><span style=\"color: #4fa1e9;\"><strong>polissage finition et rev\u00eatement en poudre sont \u00e9galement disponibles.<\/strong><\/span><\/p>\n<p>Programme d&#8217;assurance de la qualit\u00e9 BIJ est con\u00e7u pour r\u00e9pondre \u00e0 une grande vari\u00e9t\u00e9 d&#8217;industries, y compris commerciale, militaire, l&#8217;automobile, l&#8217;agriculture industrielle et. Notre principal objectif est de r\u00e9pondre ou d\u00e9passer les exigences des clients!<\/p>\n<p><img loading=\"lazy\" decoding=\"async\" class=\"aligncenter wp-image-836 size-full\" src=\"http:\/\/syifoundry.com\/wp-content\/uploads\/2015\/12\/Aluminum-Sand-Castings03.jpg\" alt=\"\" width=\"639\" height=\"71\" data-id=\"388\" srcset=\"https:\/\/syifoundry.com\/wp-content\/uploads\/2015\/12\/Aluminum-Sand-Castings03.jpg 639w, https:\/\/syifoundry.com\/wp-content\/uploads\/2015\/12\/Aluminum-Sand-Castings03-300x33.jpg 300w\" sizes=\"auto, (max-width: 639px) 100vw, 639px\" \/><\/p>","protected":false},"excerpt":{"rendered":"<p>BIJ utilise meilleur alliage d&#8217;aluminium pour faire aluminium sable Castings et permanent Mould Castings. Chaque lingot d&#8217;aluminium est certifi\u00e9 pour sa puret\u00e9 et est amen\u00e9 \u00e0 partir de Stockage et pr\u00e9chauff\u00e9es pour \u00e9liminer toute humidit\u00e9 potentielle. Apr\u00e8s la coul\u00e9e, nous&#8230;<br \/><a class=\"read-more-button\" href=\"https:\/\/syifoundry.com\/fr\/aluminum-sand-castings\/\">Savoir plus<\/a><\/p>\n","protected":false},"author":1,"featured_media":0,"parent":0,"menu_order":0,"comment_status":"closed","ping_status":"closed","template":"","meta":{"footnotes":""},"class_list":["post-831","page","type-page","status-publish","hentry"],"_links":{"self":[{"href":"https:\/\/syifoundry.com\/fr\/wp-json\/wp\/v2\/pages\/831","targetHints":{"allow":["GET"]}}],"collection":[{"href":"https:\/\/syifoundry.com\/fr\/wp-json\/wp\/v2\/pages"}],"about":[{"href":"https:\/\/syifoundry.com\/fr\/wp-json\/wp\/v2\/types\/page"}],"author":[{"embeddable":true,"href":"https:\/\/syifoundry.com\/fr\/wp-json\/wp\/v2\/users\/1"}],"replies":[{"embeddable":true,"href":"https:\/\/syifoundry.com\/fr\/wp-json\/wp\/v2\/comments?post=831"}],"version-history":[{"count":18,"href":"https:\/\/syifoundry.com\/fr\/wp-json\/wp\/v2\/pages\/831\/revisions"}],"predecessor-version":[{"id":1473,"href":"https:\/\/syifoundry.com\/fr\/wp-json\/wp\/v2\/pages\/831\/revisions\/1473"}],"wp:attachment":[{"href":"https:\/\/syifoundry.com\/fr\/wp-json\/wp\/v2\/media?parent=831"}],"curies":[{"name":"wp","href":"https:\/\/api.w.org\/{rel}","templated":true}]}}