{"id":840,"date":"2015-12-08T16:57:35","date_gmt":"2015-12-08T08:57:35","guid":{"rendered":"http:\/\/syifoundry.com\/?page_id=840"},"modified":"2017-06-12T17:41:34","modified_gmt":"2017-06-12T09:41:34","slug":"aluminum-die-castings","status":"publish","type":"page","link":"https:\/\/syifoundry.com\/fr\/aluminum-die-castings\/","title":{"rendered":"aluminium moul\u00e9 sous pression S"},"content":{"rendered":"<p>Die casting est un proc\u00e9d\u00e9 de fabrication dans lequel le m\u00e9tal en fusion est inject\u00e9e sous pression dans un moule en acier tremp\u00e9 ou aussi appel\u00e9 moule. Une fois que l&#8217;outillage est pay\u00e9, die casting est un tr\u00e8s bon march\u00e9 pi\u00e8ce en aluminium processus de fabrication.<\/p>\n<p>&nbsp;<\/p>\n<p><span style=\"color: #4fa1e9;\"><strong>En comparaison avec le moulage au sable, meurent moulages n\u00e9cessitent beaucoup moins d&#8217;usinage, peuvent \u00eatre faites avec des parois plus minces, peuvent avoir tous ou presque tous les trous carott\u00e9s \u00e0 la taille, peuvent avoir lieu dans beaucoup plus \u00e9troites dimensions limites, et sont produits plus rapidement dans le r\u00e9gime alimentaire qui font des milliers de pi\u00e8ces moul\u00e9es sans remplacement.<\/strong><\/span><\/p>\n<p>&nbsp;<\/p>\n<p><img loading=\"lazy\" decoding=\"async\" class=\"aligncenter wp-image-843 size-full\" src=\"http:\/\/syifoundry.com\/wp-content\/uploads\/2015\/12\/Aluminum-Die-Castings01.jpg\" alt=\"\" width=\"560\" height=\"270\" data-id=\"382\" srcset=\"https:\/\/syifoundry.com\/wp-content\/uploads\/2015\/12\/Aluminum-Die-Castings01.jpg 560w, https:\/\/syifoundry.com\/wp-content\/uploads\/2015\/12\/Aluminum-Die-Castings01-300x145.jpg 300w\" sizes=\"auto, (max-width: 560px) 100vw, 560px\" \/><\/p>\n<p>&nbsp;<\/p>\n<p>Die pi\u00e8ces de fonderie sont des \u00e9l\u00e9ments importants de produits allant des automobiles aux jouets. Les pi\u00e8ces peuvent \u00eatre aussi simple que un robinet d&#8217;\u00e9vier ou aussi complexe que un bo\u00eetier de connecteur.<\/p>\n<p><img loading=\"lazy\" decoding=\"async\" class=\"aligncenter wp-image-844 size-full\" src=\"http:\/\/syifoundry.com\/wp-content\/uploads\/2015\/12\/Aluminum-Die-Castings02.jpg\" alt=\"\" width=\"634\" height=\"87\" data-id=\"383\" srcset=\"https:\/\/syifoundry.com\/wp-content\/uploads\/2015\/12\/Aluminum-Die-Castings02.jpg 634w, https:\/\/syifoundry.com\/wp-content\/uploads\/2015\/12\/Aluminum-Die-Castings02-300x41.jpg 300w\" sizes=\"auto, (max-width: 634px) 100vw, 634px\" \/><\/p>\n<p>&nbsp;<\/p>\n<p><span style=\"color: #4fa1e9;\"><strong>les avantages de la coul\u00e9e sous pression::<\/strong><\/span><br \/>\n* Efficace, proc\u00e9d\u00e9 \u00e9conomique<br \/>\n* La production \u00e0 grande vitesse<br \/>\n* La pr\u00e9cision et la stabilit\u00e9 dimensionnelle<br \/>\n* La force et le poids<br \/>\n* De multiples techniques de finition<br \/>\n* Assembl\u00e9e simplifi\u00e9<\/p>\n<p>&nbsp;<\/p>\n<p>Nos centres d&#8217;usinage sont utilis\u00e9s pour fournir des services suppl\u00e9mentaires pour le client Notre atelier d&#8217;usinage est g\u00e9r\u00e9 par les machinistes capables et les op\u00e9rateurs qui programment les machines CNC pour exploiter les sp\u00e9cifications requises pour la partie Nous pouvons effectuer une grande vari\u00e9t\u00e9 d&#8217;op\u00e9rations: .. Tourner, face, rainurage, per\u00e7age, al\u00e9sage, taraudage anglage, lamage, le profilage, le moletage, al\u00e9sage, se r\u00e9tr\u00e9cissant, filetage, contre des al\u00e9sages et de rayon.<\/p>\n<p>&nbsp;<\/p>\n<p><img loading=\"lazy\" decoding=\"async\" class=\"aligncenter wp-image-845 size-full\" src=\"http:\/\/syifoundry.com\/wp-content\/uploads\/2015\/12\/Aluminum-Die-Castings03.jpg\" alt=\"\" width=\"558\" height=\"146\" data-id=\"381\" srcset=\"https:\/\/syifoundry.com\/wp-content\/uploads\/2015\/12\/Aluminum-Die-Castings03.jpg 558w, https:\/\/syifoundry.com\/wp-content\/uploads\/2015\/12\/Aluminum-Die-Castings03-300x78.jpg 300w\" sizes=\"auto, (max-width: 558px) 100vw, 558px\" \/><\/p>\n<p>&nbsp;<\/p>\n<p><span style=\"color: #4fa1e9;\"><strong>rev\u00eatement en poudre est \u00e9galement disponible!<\/strong><\/span><\/p>\n<p>&nbsp;<\/p>\n<p>Programme d&#8217;assurance de la qualit\u00e9 BIJ est con\u00e7u pour r\u00e9pondre \u00e0 une grande vari\u00e9t\u00e9 d&#8217;industries, y compris commerciale, militaire, l&#8217;automobile, l&#8217;agriculture industrielle et. Notre principal objectif est de r\u00e9pondre ou d\u00e9passer les exigences des clients!<\/p>","protected":false},"excerpt":{"rendered":"<p>Die casting est un proc\u00e9d\u00e9 de fabrication dans lequel le m\u00e9tal en fusion est inject\u00e9e sous pression dans un moule en acier tremp\u00e9 ou aussi appel\u00e9 moule. Une fois que l&#8217;outillage est pay\u00e9, die casting est un tr\u00e8s bon march\u00e9&#8230;<br \/><a class=\"read-more-button\" href=\"https:\/\/syifoundry.com\/fr\/aluminum-die-castings\/\">Savoir plus<\/a><\/p>\n","protected":false},"author":1,"featured_media":0,"parent":0,"menu_order":0,"comment_status":"closed","ping_status":"closed","template":"","meta":{"footnotes":""},"class_list":["post-840","page","type-page","status-publish","hentry"],"_links":{"self":[{"href":"https:\/\/syifoundry.com\/fr\/wp-json\/wp\/v2\/pages\/840","targetHints":{"allow":["GET"]}}],"collection":[{"href":"https:\/\/syifoundry.com\/fr\/wp-json\/wp\/v2\/pages"}],"about":[{"href":"https:\/\/syifoundry.com\/fr\/wp-json\/wp\/v2\/types\/page"}],"author":[{"embeddable":true,"href":"https:\/\/syifoundry.com\/fr\/wp-json\/wp\/v2\/users\/1"}],"replies":[{"embeddable":true,"href":"https:\/\/syifoundry.com\/fr\/wp-json\/wp\/v2\/comments?post=840"}],"version-history":[{"count":20,"href":"https:\/\/syifoundry.com\/fr\/wp-json\/wp\/v2\/pages\/840\/revisions"}],"predecessor-version":[{"id":1207,"href":"https:\/\/syifoundry.com\/fr\/wp-json\/wp\/v2\/pages\/840\/revisions\/1207"}],"wp:attachment":[{"href":"https:\/\/syifoundry.com\/fr\/wp-json\/wp\/v2\/media?parent=840"}],"curies":[{"name":"wp","href":"https:\/\/api.w.org\/{rel}","templated":true}]}}