{"id":847,"date":"2015-12-08T17:09:30","date_gmt":"2015-12-08T09:09:30","guid":{"rendered":"http:\/\/syifoundry.com\/?page_id=847"},"modified":"2017-06-12T17:45:36","modified_gmt":"2017-06-12T09:45:36","slug":"aluminum-extrusions","status":"publish","type":"page","link":"https:\/\/syifoundry.com\/fr\/aluminum-extrusions\/","title":{"rendered":"extrusions d&#8217;aluminium"},"content":{"rendered":"<p>Aluminum Extrusion est la m\u00e9thode pr\u00e9f\u00e9r\u00e9e pour la fabrication de profil\u00e9s complexes continus qui sont utilis\u00e9s dans de nombreuses industries, y compris la construction, l&#8217;a\u00e9ronautique et l&#8217;automobile. Dans ce processus, une billette d&#8217;aluminium est pouss\u00e9 par un b\u00e9lier \u00e0 travers une terre fili\u00e8re qui est la forme du produit d\u00e9sir\u00e9. Le proc\u00e9d\u00e9 d&#8217;extrusion est consid\u00e9r\u00e9 comme le moyen le plus efficace pour fabriquer des pi\u00e8ces qui ont besoin d&#8217;avoir une surface de section transversale uniforme.<\/p>\n<p>&nbsp;<br \/>\nLa haute pression et des temp\u00e9ratures \u00e9lev\u00e9es impliqu\u00e9es dans ce processus induisent des contraintes thermom\u00e9caniques dans la matrice solide, ainsi que de petites d\u00e9formations. Ces contraintes et d\u00e9formations souvent alt\u00e8rent les dimensions sp\u00e9cifiques requises du profil extrud\u00e9.<\/p>\n<p><img loading=\"lazy\" decoding=\"async\" class=\"aligncenter wp-image-849 size-full\" src=\"http:\/\/syifoundry.com\/wp-content\/uploads\/2015\/12\/Aluminum-Extrusions01.jpg\" alt=\"\" width=\"569\" height=\"99\" data-id=\"376\" srcset=\"https:\/\/syifoundry.com\/wp-content\/uploads\/2015\/12\/Aluminum-Extrusions01.jpg 569w, https:\/\/syifoundry.com\/wp-content\/uploads\/2015\/12\/Aluminum-Extrusions01-300x52.jpg 300w\" sizes=\"auto, (max-width: 569px) 100vw, 569px\" \/><\/p>\n<p>Fournir des produits BIJ physique avanc\u00e9es telles que fluidification par cisaillement et de la d\u00e9pendance en temp\u00e9rature de la viscosit\u00e9 de l&#8217;aluminium, une structure d&#8217;interaction fluide entre la matrice solide et le m\u00e9tal en \u00e9coulement et la d\u00e9formation du profil.<\/p>\n<p>&nbsp;<\/p>\n<p>Nos capacit\u00e9s en interne nous permettent de produire de haute qualit\u00e9, serr\u00e9s extrusions tol\u00e9rance en aluminium pour nos clients. Nos capacit\u00e9s comprennent l&#8217;extrusion, l&#8217;usinage CNC, assemblage, anodisation, peinture \/ rev\u00eatement en poudre, la fabrication, le pliage, le d\u00e9coupage de pr\u00e9cision et l&#8217;emballage personnalis\u00e9. Nous sommes capables de rencontrer quelques-uns des tol\u00e9rances les plus serr\u00e9es dans l&#8217;industrie tout en maintenant la qualit\u00e9 qui r\u00e9pond \u00e0 vos exigences.<\/p>\n<p>&nbsp;<\/p>\n<p><img loading=\"lazy\" decoding=\"async\" class=\"aligncenter wp-image-850 size-full\" src=\"http:\/\/syifoundry.com\/wp-content\/uploads\/2015\/12\/Aluminum-Extrusions02.jpg\" alt=\"\" width=\"562\" height=\"314\" data-id=\"377\" srcset=\"https:\/\/syifoundry.com\/wp-content\/uploads\/2015\/12\/Aluminum-Extrusions02.jpg 562w, https:\/\/syifoundry.com\/wp-content\/uploads\/2015\/12\/Aluminum-Extrusions02-300x168.jpg 300w\" sizes=\"auto, (max-width: 562px) 100vw, 562px\" \/><\/p>\n<p>&nbsp;<\/p>\n<p>Nos centres d&#8217;usinage sont utilis\u00e9s pour fournir des services suppl\u00e9mentaires pour le client Notre atelier d&#8217;usinage est g\u00e9r\u00e9 par les machinistes capables et les op\u00e9rateurs qui programment les machines CNC pour exploiter les sp\u00e9cifications requises pour la partie Nous pouvons effectuer une grande vari\u00e9t\u00e9 d&#8217;op\u00e9rations: .. Tourner, face, rainurage, per\u00e7age, al\u00e9sage, taraudage anglage, lamage, le profilage, le moletage, al\u00e9sage, se r\u00e9tr\u00e9cissant, filetage, contre des al\u00e9sages et de rayon.<\/p>\n<p>&nbsp;<\/p>\n<p>Programme d&#8217;assurance de la qualit\u00e9 BIJ est con\u00e7u pour r\u00e9pondre \u00e0 une grande vari\u00e9t\u00e9 d&#8217;industries, y compris commerciale, militaire, l&#8217;automobile, l&#8217;agriculture industrielle et. Notre principal objectif est de r\u00e9pondre ou d\u00e9passer les exigences des clients!<\/p>","protected":false},"excerpt":{"rendered":"<p>Aluminum Extrusion est la m\u00e9thode pr\u00e9f\u00e9r\u00e9e pour la fabrication de profil\u00e9s complexes continus qui sont utilis\u00e9s dans de nombreuses industries, y compris la construction, l&#8217;a\u00e9ronautique et l&#8217;automobile. Dans ce processus, une billette d&#8217;aluminium est pouss\u00e9 par un b\u00e9lier \u00e0 travers&#8230;<br \/><a class=\"read-more-button\" href=\"https:\/\/syifoundry.com\/fr\/aluminum-extrusions\/\">Savoir plus<\/a><\/p>\n","protected":false},"author":1,"featured_media":0,"parent":0,"menu_order":0,"comment_status":"closed","ping_status":"closed","template":"","meta":{"footnotes":""},"class_list":["post-847","page","type-page","status-publish","hentry"],"_links":{"self":[{"href":"https:\/\/syifoundry.com\/fr\/wp-json\/wp\/v2\/pages\/847","targetHints":{"allow":["GET"]}}],"collection":[{"href":"https:\/\/syifoundry.com\/fr\/wp-json\/wp\/v2\/pages"}],"about":[{"href":"https:\/\/syifoundry.com\/fr\/wp-json\/wp\/v2\/types\/page"}],"author":[{"embeddable":true,"href":"https:\/\/syifoundry.com\/fr\/wp-json\/wp\/v2\/users\/1"}],"replies":[{"embeddable":true,"href":"https:\/\/syifoundry.com\/fr\/wp-json\/wp\/v2\/comments?post=847"}],"version-history":[{"count":15,"href":"https:\/\/syifoundry.com\/fr\/wp-json\/wp\/v2\/pages\/847\/revisions"}],"predecessor-version":[{"id":1216,"href":"https:\/\/syifoundry.com\/fr\/wp-json\/wp\/v2\/pages\/847\/revisions\/1216"}],"wp:attachment":[{"href":"https:\/\/syifoundry.com\/fr\/wp-json\/wp\/v2\/media?parent=847"}],"curies":[{"name":"wp","href":"https:\/\/api.w.org\/{rel}","templated":true}]}}