{"id":9,"date":"2014-09-16T13:08:22","date_gmt":"2014-09-16T05:08:22","guid":{"rendered":"http:\/\/syi.kingdoo-box.com\/?page_id=9"},"modified":"2017-06-09T16:46:20","modified_gmt":"2017-06-09T08:46:20","slug":"company-overview","status":"publish","type":"page","link":"https:\/\/syifoundry.com\/fr\/company-overview\/","title":{"rendered":"Pr\u00e9sentation de l&#8217;entreprise"},"content":{"rendered":"<p><\/p>\n<h3><span style=\"color: #000000; font-size: 12pt;\">Fournisseur professionnel de la Municipal, drainage et machines Produits et services<\/span><\/h3>\n<p>BIJ Fonderie (Shanxi Yuansheng Fonderie &amp; Forge Industrial Co., Ltd.) &#8211; Un fier membre du BIJ Group- fabrique Manhole Covers, Gully Grillages Bo\u00eetes de surface, Trois Grillages Bornes, Bancs de jardin, lampadaires et bases Moulage et tous les types d&#8217;OEM \/ ODM produits municipaux et mobilier de jardin.<\/p>\n<p><img loading=\"lazy\" decoding=\"async\" class=\"aligncenter wp-image-703 size-full\" src=\"http:\/\/syifoundry.com\/wp-content\/uploads\/2014\/09\/SYI-Foundry-syi.jpg\" alt=\"\" width=\"600\" height=\"96\" data-id=\"462\" srcset=\"https:\/\/syifoundry.com\/wp-content\/uploads\/2014\/09\/SYI-Foundry-syi.jpg 600w, https:\/\/syifoundry.com\/wp-content\/uploads\/2014\/09\/SYI-Foundry-syi-300x48.jpg 300w\" sizes=\"auto, (max-width: 600px) 100vw, 600px\" \/><\/p>\n<p>Avec une capacit\u00e9 de production annuelle de 35.000 tonnes, nos principaux \u00e9quipements comprennent 2 ensembles de lignes de moulage automatique, 4 s\u00e9ries de 5-tonnes coupole et fours, 2 ensembles de charge machines d&#8217;essais, machine d&#8217;enduction 1 \u00e9poxy, 5 ensembles de machines de base-tir, 3 ensemble de grenaillage machines, 4 ensemble de machines \u00e0 eau sous pression, 2 ateliers d&#8217;usinage et de tous produits chimiques n\u00e9cessaires et les installations d&#8217;essais physiques.<\/p>\n<p><img loading=\"lazy\" decoding=\"async\" class=\"aligncenter size-full wp-image-463\" src=\"http:\/\/syifoundry.com\/wp-content\/uploads\/2014\/09\/Manhole-covers.jpg\" alt=\"Manhole-covers\" width=\"620\" height=\"180\" data-id=\"463\" srcset=\"https:\/\/syifoundry.com\/wp-content\/uploads\/2014\/09\/Manhole-covers.jpg 620w, https:\/\/syifoundry.com\/wp-content\/uploads\/2014\/09\/Manhole-covers-300x87.jpg 300w\" sizes=\"auto, (max-width: 620px) 100vw, 620px\" \/><\/p>\n<p>&nbsp;<\/p>\n<table border=\"0\" width=\"720\" cellspacing=\"0\" cellpadding=\"0\">\n<tbody>\n<tr bgcolor=\"#877148\">\n<td><strong><span style=\"color: #ffffff;\">BIJ Foundry a obtenu l&#8217;autorit\u00e9 du pays approbations:<\/span><\/strong><\/td>\n<\/tr>\n<\/tbody>\n<\/table>\n<p>BIJ Foundry a obtenu les approbations de pays et d&#8217;autorit\u00e9 que<span style=\"color: #877148;\"><strong> MEW, MPW et MOC-Kowe\u00eft, TAKREER-EAU, HAYA-Oman, KAHRAMAA &amp; Q-TEL pour le Qatar, MOW \u00e0 Bahre\u00efn, Aramco en Arabie Saoudite, NWSDB-Sri Lanka, WMA pour Maurice, CPRU pour Brunei et PPAT \u00e0 Chypre.<\/strong><\/span><\/p>\n<p><img loading=\"lazy\" decoding=\"async\" class=\"aligncenter size-full wp-image-466\" src=\"http:\/\/syifoundry.com\/wp-content\/uploads\/2014\/09\/certificate.jpg\" alt=\"certificate\" width=\"680\" height=\"277\" data-id=\"466\" srcset=\"https:\/\/syifoundry.com\/wp-content\/uploads\/2014\/09\/certificate.jpg 680w, https:\/\/syifoundry.com\/wp-content\/uploads\/2014\/09\/certificate-300x122.jpg 300w\" sizes=\"auto, (max-width: 680px) 100vw, 680px\" \/><\/p>\n<p>&nbsp;<\/p>\n<table border=\"0\" width=\"720\" cellspacing=\"0\" cellpadding=\"0\">\n<tbody>\n<tr bgcolor=\"#877148\">\n<td><strong><span style=\"color: #ffffff;\">demande OEM \/ ODM est la bienvenue!<\/span><\/strong><\/td>\n<\/tr>\n<\/tbody>\n<\/table>\n<p>Outre les produits standards, je peux \u00eatre le sp\u00e9cialiste de votre tailleur personnel aussi!<\/p>\n<p><img loading=\"lazy\" decoding=\"async\" class=\"aligncenter size-full wp-image-465\" src=\"http:\/\/syifoundry.com\/wp-content\/uploads\/2014\/09\/OEM-ODM.jpg\" alt=\"OEM-ODM\" width=\"680\" height=\"122\" data-id=\"465\" srcset=\"https:\/\/syifoundry.com\/wp-content\/uploads\/2014\/09\/OEM-ODM.jpg 680w, https:\/\/syifoundry.com\/wp-content\/uploads\/2014\/09\/OEM-ODM-300x53.jpg 300w\" sizes=\"auto, (max-width: 680px) 100vw, 680px\" \/><\/p>","protected":false},"excerpt":{"rendered":"<p>Fournisseur professionnel de la Municipal, drainage et machines Produits et services BIJ Fonderie (Shanxi Yuansheng Fonderie &amp; Forge Industrial Co., Ltd.) &#8211; Un fier membre du BIJ Group- fabrique Manhole Covers, Gully Grillages Bo\u00eetes de surface, Trois Grillages Bornes, Bancs&#8230;<br \/><a class=\"read-more-button\" href=\"https:\/\/syifoundry.com\/fr\/company-overview\/\">Savoir plus<\/a><\/p>\n","protected":false},"author":1,"featured_media":0,"parent":0,"menu_order":0,"comment_status":"closed","ping_status":"closed","template":"page-about.php","meta":{"footnotes":""},"class_list":["post-9","page","type-page","status-publish","hentry"],"_links":{"self":[{"href":"https:\/\/syifoundry.com\/fr\/wp-json\/wp\/v2\/pages\/9","targetHints":{"allow":["GET"]}}],"collection":[{"href":"https:\/\/syifoundry.com\/fr\/wp-json\/wp\/v2\/pages"}],"about":[{"href":"https:\/\/syifoundry.com\/fr\/wp-json\/wp\/v2\/types\/page"}],"author":[{"embeddable":true,"href":"https:\/\/syifoundry.com\/fr\/wp-json\/wp\/v2\/users\/1"}],"replies":[{"embeddable":true,"href":"https:\/\/syifoundry.com\/fr\/wp-json\/wp\/v2\/comments?post=9"}],"version-history":[{"count":23,"href":"https:\/\/syifoundry.com\/fr\/wp-json\/wp\/v2\/pages\/9\/revisions"}],"predecessor-version":[{"id":1143,"href":"https:\/\/syifoundry.com\/fr\/wp-json\/wp\/v2\/pages\/9\/revisions\/1143"}],"wp:attachment":[{"href":"https:\/\/syifoundry.com\/fr\/wp-json\/wp\/v2\/media?parent=9"}],"curies":[{"name":"wp","href":"https:\/\/api.w.org\/{rel}","templated":true}]}}