{"id":11,"date":"2014-09-16T13:08:39","date_gmt":"2014-09-16T05:08:39","guid":{"rendered":"http:\/\/syi.kingdoo-box.com\/?page_id=11"},"modified":"2017-06-09T17:20:59","modified_gmt":"2017-06-09T09:20:59","slug":"sales-support","status":"publish","type":"page","link":"https:\/\/syifoundry.com\/pt\/sales-support\/","title":{"rendered":"Proyecto"},"content":{"rendered":"<p><img loading=\"lazy\" decoding=\"async\" class=\"size-full wp-image-695 aligncenter\" src=\"http:\/\/syifoundry.com\/wp-content\/uploads\/2015\/10\/Project-Foundry.jpg\" alt=\"Project-Foundry\" width=\"769\" height=\"330\" srcset=\"https:\/\/syifoundry.com\/wp-content\/uploads\/2015\/10\/Project-Foundry.jpg 769w, https:\/\/syifoundry.com\/wp-content\/uploads\/2015\/10\/Project-Foundry-300x129.jpg 300w\" sizes=\"auto, (max-width: 769px) 100vw, 769px\" \/><br \/>\n\u25ba LIMASSOL DESALINIZADORA (Chipre 2010)<\/p>\n<p>\u25ba O.C No.0002-2009-TAMBO VIEJOOBRA: Cieneguilla (Per\u00fa 2009)<\/p>\n<p>\u25ba O \/ C 0025 (Consorcio Callao) P.E.S N\u00ba 008-2008-SEDAPAL (Per\u00fa 2009)<\/p>\n<p>\u25ba Consorcio Saneamiento Sur &#8211; Villa Mar\u00eda del Triunfo &#8211; Paraiso (1) (Per\u00fa 2010)<\/p>\n<p>\u25ba Consorcio San Andr\u00e9s (Per\u00fa 2010)<\/p>\n<p>\u25ba AL-AMAL DE PROYECTO DE AGUA (Iraq 2009)<\/p>\n<p>\u25ba gobernaci\u00f3n de Bagdad \/ Tender No.19 (Iraq 2011)<\/p>\n<p>TUBOS \u25ba HMAM Aleel (Iraq 2011)<\/p>\n<p>\u25ba extienda los tubos d\u00factiles en el distrito militar de edad y el papel de la edad de riego (Iraq 2015)<\/p>\n<p>\u25ba Red de Distribuci\u00f3n &#8211; Gothatuwa, Kotikawatta y Mulleriyawa (UAE 2007)<\/p>\n<p>\u25ba Refiner\u00eda de petr\u00f3leo (UAE 2013)<\/p>\n<p>\u25ba 000588\/000590 (Om\u00e1n 2009)<\/p>\n<p>\u25ba DESARROLLO DE Muscat International y SALALAH AIRPORTSPROJECT (Om\u00e1n 2015)<\/p>\n<p>\u25ba Proyecto 208 (Bahrein 2005)<\/p>\n<p>\u25ba PROYECTO yarim, AMRAN PROYECTO, Safiyah ESTE-2 PROYECTO NO.2025 -KAHLAN- (Arabia Saudita 2003)<\/p>\n<p>\u25ba PROYECTO yarim, AMRAN PROYECTO, Safiyah ESTE-2 PROYECTO NO.2038 -KAHLAN- (Arabia Saudita 2004)<\/p>\n<p>\u25ba PROYECTO yarim, AMRAN PROYECTO, Safiyah ESTE-2 PROYECTO NO.2039 -KAHLAN- (Arabia Saudita 2004)<\/p>\n<p>\u25ba JEDDAH, K.S.A. FPO.364 (Arabia Saudita 2005)<\/p>\n<p>\u25ba Al Gassim RO-Planta-Nabhaniyah 25000m\u00b3 \/ d\u00eda de agua sin tratar tanque de entrada (Arabia Saudita 2013)<\/p>\n<p>Planta \u25ba Al Gassim RO &#8211; Shamashiyah &#8211; 15.000 m3 \/ d\u00eda (Arabia Saudita 2014)<\/p>\n<p>\u25ba La leche de granja (Arabia Saudita 2014)<\/p>\n<p>\u25ba Aramco (Arabia Saudita 2014)<\/p>\n<p>\u25ba AL PROYECTO oula (Arabia Saudita 2014)<\/p>\n<p>\u25ba WAJEED pozos de agua (Arabia Saudita 2014)<\/p>\n<p>\u25ba ATC \/ 2009-139 (Qatar 2008)<\/p>\n<p>\u25ba Q-Tel cubierta de boca de licitaci\u00f3n (Qatar 2003, 2004, 2005)<\/p>\n<p>GTC \u25ba Kahramaa 24 (Qatar 2005)<\/p>\n<p>GTC \u25ba Kahramaa 42 (Qatar 2006)<\/p>\n<p>GTC \u25ba Kahramaa 44 (Qatar 2007)<\/p>\n<p>\u25ba Antiguo Aeropuerto control de carretera no 90 (Qatar 2013)<\/p>\n<p>\u25ba RA \/ 162 (Kuwait 2010)<\/p>\n<p>\u25ba SE \/ 95 (telegr\u00e1fico y alcantarillado) (Kuwait 2011)<\/p>\n<p>\u25ba MEW (Kuwait 2012)<\/p>\n<p>\u25ba PAHW (Kuwait 2013)<\/p>\n<p>Redes de saneamiento \u25ba para Fowah Ciudad Contrato No.MUKCW-5 (2009) Yemen<\/p>\n<p>\u25ba PROYECTO RED DE AGUA DHBAN (Yemen 2009)<\/p>\n<p>\u25ba 7 de julio \u00c1REA DEL PROYECTO DE RED DE AGUA (Yemen 2010)<\/p>\n<p>\u25ba Tender N\u00ba 15\/2011 Cabagb (Yemen 2012)<\/p>\n<p>\u25ba Alem Ketema, Dur Bete y Debre Sina pueblos, la regi\u00f3n de Amhara (Etiop\u00eda 2011)<\/p>\n<p>\u25ba AAWSA agua y saneamiento y el Desarrollo del Proyecto de Rehabilitaci\u00f3n (Etiop\u00eda 2012)<\/p>\n<p>\u25ba Proyecto de Abastecimiento de Agua de Ciudad Burayu (Etiop\u00eda 2012)<\/p>\n<p>\u25ba ICB: LPI OWMEB 02\/2006 (Etiop\u00eda 2014)<\/p>\n<p>\u25ba IIEJ URBANOS DE ABASTECIMIENTO DE AGUA Y SANEAMIENTO CONTRATO DE PROYECTO N\u00ba. 2011.65.893 \/ 2020.60.978 (Sud\u00e1n del Sur 2014)<\/p>\n<p>\u25ba KANYAM PANGA (Uganda 2014)<\/p>\n<p>\u25ba Bududa (Uganda 2014)<\/p>\n<p>\u25ba KANYAM PANGA y Bududa (Uganda 2014)<\/p>\n<p>\u25ba Proyecto de Abastecimiento de Agua Ntungamo (Uganda 2014)<\/p>\n<p>\u25ba Proyecto de abastecimiento de agua a Tian Li (Riche Terre) (Mauricio 2004)<\/p>\n<p>\u25ba Suministro de Agua a La Tour Koenig Industrial Park (Mauricio 2004)<\/p>\n<p>\u25ba Dise\u00f1o y construcci\u00f3n de redes de suministro de Alcantarilla y la C\u00e1mara de conexiones de Roche Bois (Mauricio 2005)<\/p>\n<p>\u25ba Transferencia de Agua de Mont Ida embalse de L&#8217;Unite embalse (Mauricio 2006)<\/p>\n<p>\u25ba Plaines Wilhems Wewerage Proyecto &#8211; Etapa 1-Lote 2, WW81F (Mauricio 2008)<\/p>\n<p>\u25ba Para Variaci\u00f3n Plaines Wilhems proyectos de alcantarillado (Mauricio 2012)<\/p>\n<p>Alcantarillado Proyecto \u25ba Plaine Wilhems (Mauricio 2013)<\/p>\n<p>\u25ba NHDC (Mauricio 2013)<\/p>\n<p>\u25ba Para Variaci\u00f3n Plaines Wilhems proyectos de alcantarillado (Mauricio 2013)<\/p>\n<p>\u25ba Suministro y Colocaci\u00f3n de Welisara y Ragama l\u00edneas de tuber\u00edas de distribuci\u00f3n (Sri Lanka 2002)<\/p>\n<p>\u25ba NORTE Pueblos de COLOMBO SUMINISTRO DE AGUA DEL PROYECTO &#8211; FASE II (Sri Lanka 2002)<\/p>\n<p>\u25ba Suministro de DI v\u00e1lvulas, accesorios, Tapas de registro y Cajas de Superficie de transmisi\u00f3n y de distribuci\u00f3n principal (Sri Lanka 2004)<\/p>\n<p>\u25ba contrato de suministro y entrega de hierro d\u00factil Registros de fundici\u00f3n de Dehiwala \/ Mt. Lavina Alcantarillado Esquema (Sri Lanka 2005)<\/p>\n<p>\u25ba CONSTRUCCI\u00d3N DE JA ELA, Ekala Y Kandana sistemas de abastecimiento de agua (Sri Lanka 2006)<\/p>\n<p>\u25ba Tender del proyecto de abastecimiento de agua Kandy Mayor (Fase I &#8211; Estado II) (Sri Lanka 2008)<br \/>\nProyecto de rehabilitaci\u00f3n de agua \u25ba Gran Colombo (Sri Lanka 2009)<\/p>\n<p>\u25ba Residuos procedentes de sistemas de eliminaci\u00f3n de agua Ratmalana \/ Moratuwa y Ja-Ela \/ \u00c1reas Ekala. Contrato No. SP \/ ASDI \/ RM \/ JE \/ WW \/ 1. (Sri Lanka 2009)<\/p>\n<p>\u25ba Kalu Ganga 08A (Sri Lanka 2011)<\/p>\n<p>\u25ba Mahaoya (Sri Lanka 2012)<\/p>\n<p>\u25ba C7 (Sri Lanka 2012)<\/p>\n<p>Proyecto Ruhunupura \u25ba (Sri Lanka 2013)<\/p>\n<p>\u25ba Kalu Gange Paquete de Proyectos (F) Bill3 (Sri Lanka 2013)<\/p>\n<p>\u25ba camino del puerto y la autopista Proyecto de Asistencia del Sector (Sri Lanka 2013)<\/p>\n<p>\u25ba PROYECTO SECO zona urbana agua y saneamiento (Sri Lanka 2014)<\/p>\n<p>\u25ba DAMDULLA SUMINISTRO DE AGUA DEL PROYECTO Sri Lanka (Sri Lanka 2014)<\/p>\n<p>\u25ba Proyecto de Ampara Red de distribuci\u00f3n de agua de alimentaci\u00f3n (Sri Lanka 2014)<\/p>\n<p>&nbsp;<\/p>\n<table border=\"0\" width=\"720\" cellspacing=\"0\" cellpadding=\"20\">\n<tbody>\n<tr bgcolor=\"#f3f3f3\">\n<td><strong><span style=\"color: #800000;\">Para obtener m\u00e1s informaci\u00f3n o solicitar cat\u00e1logos PDF, por favor cont\u00e1ctenos en<\/span><\/strong>\u00a0<a title=\"info@syifoundry.com\" href=\"mailto:info@syifoundry.com\" target=\"_blank\">info@syifoundry.com<\/a><\/td>\n<\/tr>\n<\/tbody>\n<\/table>\n<p><\/p>","protected":false},"excerpt":{"rendered":"<p>\u25ba LIMASSOL DESALINIZADORA (Chipre 2010) \u25ba O.C No.0002-2009-TAMBO VIEJOOBRA: Cieneguilla (Per\u00fa 2009) \u25ba O \/ C 0025 (Consorcio Callao) P.E.S N\u00ba 008-2008-SEDAPAL (Per\u00fa 2009) \u25ba Consorcio Saneamiento Sur &#8211; Villa Mar\u00eda del Triunfo &#8211; Paraiso (1) (Per\u00fa 2010) \u25ba Consorcio&#8230;<br \/><a class=\"read-more-button\" href=\"https:\/\/syifoundry.com\/pt\/sales-support\/\">Read more<\/a><\/p>\n","protected":false},"author":1,"featured_media":0,"parent":0,"menu_order":0,"comment_status":"closed","ping_status":"closed","template":"page-about.php","meta":{"footnotes":""},"class_list":["post-11","page","type-page","status-publish","hentry"],"_links":{"self":[{"href":"https:\/\/syifoundry.com\/pt\/wp-json\/wp\/v2\/pages\/11","targetHints":{"allow":["GET"]}}],"collection":[{"href":"https:\/\/syifoundry.com\/pt\/wp-json\/wp\/v2\/pages"}],"about":[{"href":"https:\/\/syifoundry.com\/pt\/wp-json\/wp\/v2\/types\/page"}],"author":[{"embeddable":true,"href":"https:\/\/syifoundry.com\/pt\/wp-json\/wp\/v2\/users\/1"}],"replies":[{"embeddable":true,"href":"https:\/\/syifoundry.com\/pt\/wp-json\/wp\/v2\/comments?post=11"}],"version-history":[{"count":21,"href":"https:\/\/syifoundry.com\/pt\/wp-json\/wp\/v2\/pages\/11\/revisions"}],"predecessor-version":[{"id":1164,"href":"https:\/\/syifoundry.com\/pt\/wp-json\/wp\/v2\/pages\/11\/revisions\/1164"}],"wp:attachment":[{"href":"https:\/\/syifoundry.com\/pt\/wp-json\/wp\/v2\/media?parent=11"}],"curies":[{"name":"wp","href":"https:\/\/api.w.org\/{rel}","templated":true}]}}