{"id":17,"date":"2014-09-16T13:09:32","date_gmt":"2014-09-16T05:09:32","guid":{"rendered":"http:\/\/syi.kingdoo-box.com\/?page_id=17"},"modified":"2017-06-12T17:53:27","modified_gmt":"2017-06-12T09:53:27","slug":"certificate","status":"publish","type":"page","link":"https:\/\/syifoundry.com\/pt\/certificate\/","title":{"rendered":"Certificado"},"content":{"rendered":"<p><\/p>\n<table border=\"0\" width=\"720\" cellspacing=\"0\" cellpadding=\"5\">\n<tbody>\n<tr>\n<td width=\"120\"><img loading=\"lazy\" decoding=\"async\" class=\"aligncenter size-full wp-image-976\" src=\"http:\/\/syifoundry.com\/wp-content\/uploads\/2014\/09\/certicates01.jpg\" alt=\"certicates01\" width=\"110\" height=\"163\" \/><\/td>\n<td width=\"120\"><img loading=\"lazy\" decoding=\"async\" class=\"aligncenter size-full wp-image-977\" src=\"http:\/\/syifoundry.com\/wp-content\/uploads\/2014\/09\/certicates02.jpg\" alt=\"certicates02\" width=\"110\" height=\"163\" \/><\/td>\n<td width=\"120\"><img loading=\"lazy\" decoding=\"async\" class=\"aligncenter size-full wp-image-978\" src=\"http:\/\/syifoundry.com\/wp-content\/uploads\/2014\/09\/certicates03.jpg\" alt=\"certicates03\" width=\"110\" height=\"163\" \/><\/td>\n<td width=\"120\"><img loading=\"lazy\" decoding=\"async\" class=\"aligncenter size-full wp-image-979\" src=\"http:\/\/syifoundry.com\/wp-content\/uploads\/2014\/09\/certicates04.jpg\" alt=\"certicates04\" width=\"110\" height=\"163\" \/><\/td>\n<td width=\"120\"><img loading=\"lazy\" decoding=\"async\" class=\"aligncenter wp-image-980 size-full\" src=\"http:\/\/syifoundry.com\/wp-content\/uploads\/2014\/09\/certicates05.jpg\" alt=\"certicates05\" width=\"110\" height=\"163\" \/><\/td>\n<td width=\"120\"><img loading=\"lazy\" decoding=\"async\" class=\"aligncenter size-full wp-image-981\" src=\"http:\/\/syifoundry.com\/wp-content\/uploads\/2014\/09\/certicates06.jpg\" alt=\"certicates06\" width=\"110\" height=\"163\" \/><\/td>\n<\/tr>\n<tr bgcolor=\"#dcdedd\">\n<td><span style=\"color: #005aa0;\">TUV ISO9001-2008<\/span><\/td>\n<td><span style=\"color: #005aa0;\">TUV ISO9001-2008 chino<\/span><\/td>\n<td><span style=\"color: #005aa0;\">Kitemark License KM no.587491<\/span><\/td>\n<td><span style=\"color: #005aa0;\">Kitemark License KM no.587492<\/span><\/td>\n<td width=\"120\"><span style=\"color: #005aa0;\">SGS ISO2531 \/ EN545 \/ EN598<\/span><\/td>\n<td><span style=\"color: #005aa0;\">El tiempo de aprobaci\u00f3n<\/span><\/td>\n<\/tr>\n<tr>\n<td><img loading=\"lazy\" decoding=\"async\" class=\"aligncenter size-full wp-image-983\" src=\"http:\/\/syifoundry.com\/wp-content\/uploads\/2014\/09\/certicates07.jpg\" alt=\"certicates07\" width=\"110\" height=\"163\" \/><\/td>\n<td><img loading=\"lazy\" decoding=\"async\" class=\"aligncenter size-full wp-image-984\" src=\"http:\/\/syifoundry.com\/wp-content\/uploads\/2014\/09\/certicates08.jpg\" alt=\"certicates08\" width=\"110\" height=\"163\" \/><\/td>\n<td><img loading=\"lazy\" decoding=\"async\" class=\"aligncenter size-full wp-image-985\" src=\"http:\/\/syifoundry.com\/wp-content\/uploads\/2014\/09\/certicates09.jpg\" alt=\"certicates09\" width=\"110\" height=\"163\" \/><\/td>\n<td><img loading=\"lazy\" decoding=\"async\" class=\"aligncenter size-full wp-image-986\" src=\"http:\/\/syifoundry.com\/wp-content\/uploads\/2014\/09\/certicates10.jpg\" alt=\"certicates10\" width=\"110\" height=\"163\" \/><\/td>\n<td width=\"120\"><img loading=\"lazy\" decoding=\"async\" class=\"aligncenter size-full wp-image-987\" src=\"http:\/\/syifoundry.com\/wp-content\/uploads\/2014\/09\/certicates11.jpg\" alt=\"certicates11\" width=\"110\" height=\"163\" \/><\/td>\n<td><img loading=\"lazy\" decoding=\"async\" class=\"aligncenter size-full wp-image-988\" src=\"http:\/\/syifoundry.com\/wp-content\/uploads\/2014\/09\/certicates12.jpg\" alt=\"certicates12\" width=\"110\" height=\"163\" \/><\/td>\n<\/tr>\n<tr bgcolor=\"#dcdedd\">\n<td><span style=\"color: #005aa0;\">UL Listed<\/span><\/td>\n<td><span style=\"color: #005aa0;\">La aprobaci\u00f3n de FM<\/span><\/td>\n<td><span style=\"color: #005aa0;\">SGS EN124-1994<\/span><\/td>\n<td><span style=\"color: #005aa0;\">CE BS EN13101-2002<\/span><\/td>\n<td width=\"120\"><span style=\"color: #005aa0;\">Certificado de Patente<\/span><\/td>\n<td><span style=\"color: #005aa0;\">Certificado de Patente<\/span><\/td>\n<\/tr>\n<tr>\n<td colspan=\"2\"><img loading=\"lazy\" decoding=\"async\" class=\"aligncenter size-full wp-image-989\" src=\"http:\/\/syifoundry.com\/wp-content\/uploads\/2014\/09\/certicates001.jpg\" alt=\"certicates001\" width=\"220\" height=\"163\" \/><\/td>\n<td colspan=\"2\"><img loading=\"lazy\" decoding=\"async\" class=\"aligncenter size-full wp-image-990\" src=\"http:\/\/syifoundry.com\/wp-content\/uploads\/2014\/09\/certicates002.jpg\" alt=\"certicates002\" width=\"220\" height=\"163\" \/><\/td>\n<td colspan=\"2\"><img loading=\"lazy\" decoding=\"async\" class=\"aligncenter size-full wp-image-991\" src=\"http:\/\/syifoundry.com\/wp-content\/uploads\/2014\/09\/certicates003.jpg\" alt=\"certicates003\" width=\"220\" height=\"163\" \/><\/td>\n<\/tr>\n<tr bgcolor=\"#dcdedd\">\n<td colspan=\"2\"><span style=\"color: #005aa0;\">BV Informe de inspecci\u00f3n<\/span><\/td>\n<td colspan=\"2\"><span style=\"color: #005aa0;\">Informe de prueba CNE<\/span><\/td>\n<td colspan=\"2\"><span style=\"color: #005aa0;\">Informe de prueba SGS Inspecci\u00f3n de Materiales (GGG50)<\/span><\/td>\n<\/tr>\n<tr>\n<td colspan=\"2\"><img loading=\"lazy\" decoding=\"async\" class=\"aligncenter size-full wp-image-992\" src=\"http:\/\/syifoundry.com\/wp-content\/uploads\/2014\/09\/certicates004.jpg\" alt=\"certicates004\" width=\"220\" height=\"163\" \/><\/td>\n<td colspan=\"2\"><img loading=\"lazy\" decoding=\"async\" class=\"aligncenter wp-image-993 size-full\" src=\"http:\/\/syifoundry.com\/wp-content\/uploads\/2014\/09\/certicates005.jpg\" alt=\"certicates005\" width=\"220\" height=\"163\" \/><\/td>\n<td colspan=\"2\"><img loading=\"lazy\" decoding=\"async\" class=\"aligncenter size-full wp-image-994\" src=\"http:\/\/syifoundry.com\/wp-content\/uploads\/2014\/09\/certicates006.jpg\" alt=\"certicates006\" width=\"220\" height=\"163\" \/><\/td>\n<\/tr>\n<tr bgcolor=\"#dcdedd\">\n<td colspan=\"2\"><span style=\"color: #005aa0;\">Informe SGS Inspecci\u00f3n de KSA<\/span><\/td>\n<td colspan=\"2\"><span style=\"color: #005aa0;\">SGS Informe de inspecci\u00f3n para Hume Tubos de acero Lote 1, 2 y 3<\/span><\/td>\n<td colspan=\"2\"><span style=\"color: #005aa0;\">SGS Informe de Inspecci\u00f3n de la Planta de Desalinizaci\u00f3n Limassol<\/span><\/td>\n<\/tr>\n<tr>\n<td colspan=\"2\"><img loading=\"lazy\" decoding=\"async\" class=\"aligncenter size-full wp-image-995\" src=\"http:\/\/syifoundry.com\/wp-content\/uploads\/2014\/09\/certicates007.jpg\" alt=\"certicates007\" width=\"220\" height=\"163\" \/><\/td>\n<td colspan=\"2\"><img loading=\"lazy\" decoding=\"async\" class=\"aligncenter size-full wp-image-996\" src=\"http:\/\/syifoundry.com\/wp-content\/uploads\/2014\/09\/certicates008.jpg\" alt=\"certicates008\" width=\"220\" height=\"163\" \/><\/td>\n<td colspan=\"2\"><img loading=\"lazy\" decoding=\"async\" class=\"aligncenter size-full wp-image-997\" src=\"http:\/\/syifoundry.com\/wp-content\/uploads\/2014\/09\/certicates009.jpg\" alt=\"certicates009\" width=\"220\" height=\"163\" \/><\/td>\n<\/tr>\n<tr bgcolor=\"#dcdedd\">\n<td colspan=\"2\"><span style=\"color: #005aa0;\">Certificado de Inspecci\u00f3n de SGS para la Eliminaci\u00f3n de Aguas Residuales Proyecto del Sistema<\/span><\/td>\n<td colspan=\"2\"><span style=\"color: #005aa0;\">Certificado de inspecci\u00f3n SGS para el Proyecto Kalu Ganga 08 y 09<\/span><\/td>\n<td colspan=\"2\"><span style=\"color: #005aa0;\">Certificado de inspecci\u00f3n SGS para Kuwait<\/span><\/td>\n<\/tr>\n<tr>\n<td colspan=\"2\"><img loading=\"lazy\" decoding=\"async\" class=\"aligncenter size-full wp-image-998\" src=\"http:\/\/syifoundry.com\/wp-content\/uploads\/2014\/09\/certicates010.jpg\" alt=\"certicates010\" width=\"220\" height=\"163\" \/><\/td>\n<td colspan=\"2\"><img loading=\"lazy\" decoding=\"async\" class=\"aligncenter size-full wp-image-999\" src=\"http:\/\/syifoundry.com\/wp-content\/uploads\/2014\/09\/certicates011.jpg\" alt=\"certicates011\" width=\"220\" height=\"163\" \/><\/td>\n<td colspan=\"2\"><img loading=\"lazy\" decoding=\"async\" class=\"aligncenter size-full wp-image-1000\" src=\"http:\/\/syifoundry.com\/wp-content\/uploads\/2014\/09\/certicates012.jpg\" alt=\"certicates012\" width=\"220\" height=\"163\" \/><\/td>\n<\/tr>\n<tr bgcolor=\"#dcdedd\">\n<td colspan=\"2\"><span style=\"color: #005aa0;\">Certificado de inspecci\u00f3n SGS por Om\u00e1n<\/span><\/td>\n<td colspan=\"2\"><span style=\"color: #005aa0;\">Certificado de inspecci\u00f3n SGS para AL-Amal para el proyecto de agua potable<\/span><\/td>\n<td colspan=\"2\"><span style=\"color: #005aa0;\">Certificado de Inspecci\u00f3n de SGS para la gobernaci\u00f3n de Bagdad autobomba No.19<\/span><\/td>\n<\/tr>\n<\/tbody>\n<\/table>\n<h3><\/h3>\n<h3><span style=\"color: #00a1e9;\">SYI Lista de Certificados<\/span><\/h3>\n<p><span style=\"color: #005087;\"><strong>SYI es la norma ISO 9001: 2008 certificado TUV, BSI Kitemarked, SGS, BV, NF, CE, WRAS, certificada FM y la lista de UL.<\/strong><\/span><\/p>\n<p>01-01. SYI Grupo TUV ISO 9001-2008 2013<br \/>\n01-02. SYI Grupo TUV ISO 9001-2008 a\u00f1o 2013-Chino<br \/>\n01-03. SYI Foundry TUV ISO 9001-2008 2013<br \/>\n01-04. SYI Foundry TUV ISO 9001-2008 a\u00f1o 2013-Chino<br \/>\n02-01. SYI Kitemark Licencia KM no.587491 2014<br \/>\n02-02. SYI Kitemark Licencia KM no.587492 2014<br \/>\n03-01. SYI SGS ISO2531 EN545 EN598 a\u00f1o 2012<br \/>\n03-02. SYI SGS EN124-1994 a\u00f1o 2009<br \/>\n03-03. SYI BV ISO 2531-2009 y 545-2010 EN 2014<br \/>\n03-04. SYI BV ES 598-2007 2014<br \/>\n04-01. SYI WRAS a\u00f1o 2013 Aprobaci\u00f3n<br \/>\n04-02. SYI TUV BS 6920-2000 a\u00f1o 2011<br \/>\n04-03. FoodLab BS6920-1 2000 a\u00f1o 2011<br \/>\n05-01. SYI CE BS EN13101-2002 de SYI de boca a\u00f1o Nivel 2010<br \/>\n05-02. Informe de prueba CNE para SYI de boca Pasos R01.3451<br \/>\n05-03. Informe SYI prueba ITB para SYI de cajas registradoras Pasos MS 21<br \/>\n05-04. Informe SYI prueba ITB para SYI de cajas registradoras Pasos MS 22<br \/>\n06-01. SYI UL para Herrajes<br \/>\n07-01. Certificado de Aprobaci\u00f3n SYI FM para Herrajes<br \/>\n08-01.SYI Austin City carta de aprobaci\u00f3n para los accesorios de tuber\u00eda DI<br \/>\n08-02. SYI Aprobaci\u00f3n de accesorios para tuber\u00edas de Muscat Aeropuerto<br \/>\n08-03. Aprobaci\u00f3n SYI Brunei por DI Pipas y montaje a\u00f1o 2012<br \/>\n08-04. SYI Aramco para DI Tuber\u00edas y accesorios<br \/>\n08-05. carta de aprobaci\u00f3n SYI de tuber\u00edas y accesorios de DI de 2\/4 Musoma WSP<br \/>\n09-01. SYI MEW Aprobaci\u00f3n tapas de registro<br \/>\n09-02. SYI Ministerio de Obras P\u00fablicas de aprobaci\u00f3n de Registros de fundici\u00f3n del departamento sanitario.<br \/>\n09-03. SYI Ministerio de Obras P\u00fablicas de aprobaci\u00f3n de Registros de fundici\u00f3n de departamento de aguas pluviales.<br \/>\n09-04. SYI MOC Aprobaci\u00f3n de Tapas de registro-SE95<br \/>\n09-05. Aprobaci\u00f3n SYI Haya para Tapas de Registro<br \/>\n09-06.SYI Brunei La aprobaci\u00f3n para el a\u00f1o 2011 Tapas de registro<br \/>\n10-01. SYI Certificado de Patente de SYI PP de boca Paso<br \/>\n10-02. SYI Certificado de Patente de SYI PP-Paso de boca de traducci\u00f3n<br \/>\n10-03. SYI Certificado de Patente de SYI aluminio de boca Paso<br \/>\n10-04. SYI Certificado de Patente de SYI aluminio de boca Paso-traducci\u00f3n<br \/>\n10-05. SYI Certificado de Patente de SYI Acoplamientos y adaptadores de brida<br \/>\n10-06. SYI Certificado de Patente de SYI acoplamientos y adaptadores de brida-traducci\u00f3n<br \/>\n11-01. Certificado de Normalizaci\u00f3n Producci\u00f3n SYI Foundry Seguridad<br \/>\n11-02. SYI Foundry Contaminaci\u00f3n-Descarga Permiso<br \/>\n11-03. Archivo Fundici\u00f3n La Agencia de Protecci\u00f3n Ambiental SYI<br \/>\n11-04. SYI fundici\u00f3n a nivel de empresa Comportamiento Ambiental<br \/>\n12-01. SYI SGS Certificado de Conformidad de la v\u00e1lvula<br \/>\n13-01. SGS Teport Prueba de Materiales (GGG50)<br \/>\n14-01. Informe de prueba SGS para el acoplamiento de material 1<br \/>\n14-02. Informe de prueba SGS para el acoplamiento de material 2<br \/>\n14-02-2. Informe de prueba SGS para el acoplamiento de material 2 (copia)<br \/>\n14-03. Informe de prueba SGS para el acoplamiento de material 3<br \/>\n14-04. Informe de prueba SGS para el acoplamiento de material 4 (copia)<br \/>\n15-01. SGS-MIC Proveedor Informe de Evaluaci\u00f3n-2012<br \/>\n16-01. Certificado de inspecci\u00f3n SGS para Al-Amal para el proyecto de agua<br \/>\n16-02. SGS Informe de Inspecci\u00f3n de Al-Amal para el proyecto de agua<br \/>\n16-03. Certificado de Inspecci\u00f3n de SGS para la gobernaci\u00f3n de Bagdad autobomba No.19<br \/>\n16-04. SGS Informe de inspecci\u00f3n de tubos para la gobernaci\u00f3n de Bagdad autobomba No.19<br \/>\n16-05. SGS Informe de inspecci\u00f3n de montaje para la gobernaci\u00f3n de Bagdad autobomba No.19<br \/>\n16-06. SGS Informe de inspecci\u00f3n para Hmam Aleel Tubos lot1<br \/>\n16-07. SGS Informe de inspecci\u00f3n para Hmam Aleel Tubos lot2 y 3<br \/>\n16-08. SGS Informe de Inspecci\u00f3n de la Planta de Desalinizaci\u00f3n Limassol<br \/>\n16-09. SGS Informe de Inspecci\u00f3n de Herrajes para la Desaladora de Limassol<br \/>\n16-10. SGS Informe de Inspecci\u00f3n de DI del tubo por KSA 3\/4<br \/>\n16-11. SGS Informe de Inspecci\u00f3n de Herrajes para Yemen<br \/>\n16-12. SGS Informe de Inspecci\u00f3n del Ministerio de puerto y de las carreteras<br \/>\n16-13. SGS Informe de inspecci\u00f3n para NWSDB de acoplamientos y adaptadores de brida<br \/>\n16-14. SGS Informe de inspecci\u00f3n para NWSDB de accesorios de PVC<br \/>\n16-15. Certificado de inspecci\u00f3n SGS para NWSDB de acoplamientos y adaptadores de brida<br \/>\n16-16. SGS Informe de inspecci\u00f3n para NWSDB de acoplamientos y adaptadores de brida<br \/>\n17-01. Certificado de Inspecci\u00f3n de SGS para la Eliminaci\u00f3n de Aguas Residuales Sistema de proyectos-1<br \/>\n17-02. SGS Informe de Inspecci\u00f3n de Aguas Residuales eliminaci\u00f3n Sistema de proyectos-1<br \/>\n17-03. Certificado de Inspecci\u00f3n de SGS para la Eliminaci\u00f3n de Aguas Residuales Sistema de proyectos-2<br \/>\n17-04. SGS Informe de Inspecci\u00f3n de Aguas Residuales eliminaci\u00f3n Sistema de proyectos-2<br \/>\n17-05. Certificado de inspecci\u00f3n SGS para el Proyecto Kalu Ganga 08A<br \/>\n17-06. SGS Informe de inspecci\u00f3n para el Proyecto Kalu Ganga 08A<br \/>\n17-07. Certificado de inspecci\u00f3n SGS para el Proyecto Kalu Ganga 09 y LPI-02<br \/>\n17-08. SGS Informe de inspecci\u00f3n para el Proyecto Kalu Ganga 09 y LPI-02<br \/>\n17-09. Certificado de inspecci\u00f3n SGS para el Proyecto Kalu Gange Paquete de Proyectos (F) Bill 3<br \/>\n17-10. SGS Certificado de Inspecci\u00f3n de Tapas de registro de Om\u00e1n<br \/>\n17-11. Certificado de inspecci\u00f3n SGS para el Proyecto Mahaoya<br \/>\n17-12. SGS Informe de inspecci\u00f3n para el Proyecto Mahaoya<br \/>\n17-13. SGS Certificado de Inspecci\u00f3n de Tapas de registro de Kuwait<br \/>\n17-14. SGS Informe de Inspecci\u00f3n de Tapas de registro de Kuwait<br \/>\n17-15. SGS Certificado de Inspecci\u00f3n de Tapas de registro y Cajas de Superficie para Corea<br \/>\n17-16. SGS previa a la expedici\u00f3n Aceptaci\u00f3n Nota tapas de registro y Cajas de Superficie para Corea<br \/>\n17-17. SGS Informe de Inspecci\u00f3n de Proyecto de Residuos Waterdisposal Systerm<br \/>\n17-18. SGS Informe de Inspecci\u00f3n de tapas de registro<br \/>\n17-19. SGS Informe de Inspecci\u00f3n de Tapas de registro para Mauricio<br \/>\n17-20. SGS Informe de Inspecci\u00f3n de rejillas para Mauricio<br \/>\n17-21. SGS Informe de Inspecci\u00f3n de SYI-MC600-11-C10<br \/>\n17-22. SGS Informe de Inspecci\u00f3n de Tapas de registro para Australia<br \/>\n17-23. SGS Informe de Inspecci\u00f3n de Tapas de registro para DAMDULLA SUMINISTRO DE AGUA DEL PROYECTO SRI LANKA<br \/>\n18-01. CIQ Certificado de Tubos para el Proyecto Alem Ketema, Dur Bete y Debre Sina pueblos, la regi\u00f3n de Amhara<br \/>\n18-02. CIQ Certificado de Herrajes para Proyecto Alem Ketema, Dur Bete y Debre Sina pueblos, la regi\u00f3n de Amhara<br \/>\n18-3. CIQ Certificado de v\u00e1lvulas para el Proyecto Alem Ketema, Dur Bete y Debre Sina pueblos, la regi\u00f3n de Amhara<br \/>\n19-01. Certificado AOC para Arabia Saudita tapas de registro<br \/>\n19-02. Certificado AOC para Arabia Saudita tapas de registro<br \/>\n20-01. Certificado AOC con respecto a Arabia Saud\u00ed de DI Tuber\u00edas y accesorios 4\/4<br \/>\n20-02. Certificado AOC con respecto a Irak de DI Pipes<br \/>\n20-03. certificado de COC para Arabia Saudita de DI Herrajes<\/p>\n<table border=\"0\" width=\"720\" cellspacing=\"0\" cellpadding=\"20\">\n<tbody>\n<tr bgcolor=\"#f3f3f3\">\n<td><strong><span style=\"color: #800000;\">Para obtener m\u00e1s informaci\u00f3n o solicitar cat\u00e1logos PDF, por favor cont\u00e1ctenos en<\/span><\/strong>\u00a0<a title=\"info@syifoundry.com\" href=\"mailto:info@syifoundry.com\" target=\"_blank\">info@syifoundry.com<\/a><\/td>\n<\/tr>\n<\/tbody>\n<\/table>\n<p><\/p>","protected":false},"excerpt":{"rendered":"<p>TUV ISO9001-2008 TUV ISO9001-2008 chino Kitemark License KM no.587491 Kitemark License KM no.587492 SGS ISO2531 \/ EN545 \/ EN598 El tiempo de aprobaci\u00f3n UL Listed La aprobaci\u00f3n de FM SGS EN124-1994 CE BS EN13101-2002 Certificado de Patente Certificado de Patente&#8230;<br \/><a class=\"read-more-button\" href=\"https:\/\/syifoundry.com\/pt\/certificate\/\">Read more<\/a><\/p>\n","protected":false},"author":1,"featured_media":0,"parent":0,"menu_order":0,"comment_status":"closed","ping_status":"closed","template":"page-about.php","meta":{"footnotes":""},"class_list":["post-17","page","type-page","status-publish","hentry"],"_links":{"self":[{"href":"https:\/\/syifoundry.com\/pt\/wp-json\/wp\/v2\/pages\/17","targetHints":{"allow":["GET"]}}],"collection":[{"href":"https:\/\/syifoundry.com\/pt\/wp-json\/wp\/v2\/pages"}],"about":[{"href":"https:\/\/syifoundry.com\/pt\/wp-json\/wp\/v2\/types\/page"}],"author":[{"embeddable":true,"href":"https:\/\/syifoundry.com\/pt\/wp-json\/wp\/v2\/users\/1"}],"replies":[{"embeddable":true,"href":"https:\/\/syifoundry.com\/pt\/wp-json\/wp\/v2\/comments?post=17"}],"version-history":[{"count":34,"href":"https:\/\/syifoundry.com\/pt\/wp-json\/wp\/v2\/pages\/17\/revisions"}],"predecessor-version":[{"id":1233,"href":"https:\/\/syifoundry.com\/pt\/wp-json\/wp\/v2\/pages\/17\/revisions\/1233"}],"wp:attachment":[{"href":"https:\/\/syifoundry.com\/pt\/wp-json\/wp\/v2\/media?parent=17"}],"curies":[{"name":"wp","href":"https:\/\/api.w.org\/{rel}","templated":true}]}}