{"id":2,"date":"2014-09-16T04:45:02","date_gmt":"2014-09-15T20:45:02","guid":{"rendered":"http:\/\/syi.kingdoo-box.com\/?page_id=2"},"modified":"2023-02-02T11:17:23","modified_gmt":"2023-02-02T03:17:23","slug":"sample-page","status":"publish","type":"page","link":"https:\/\/syifoundry.com\/pt\/","title":{"rendered":"Casa"},"content":{"rendered":"<p><\/p>\n<div id=\"min-index\">\n<div class=\"hot\">\n<p><a href=\"http:\/\/syifoundry.com\/products-2\/manhole-covers\/\"><img loading=\"lazy\" decoding=\"async\" class=\"alignnone size-full wp-image-195\" src=\"http:\/\/syifoundry.com\/wp-content\/uploads\/2014\/10\/index-Manhole-Covers.jpg\" alt=\"index-Manhole Covers\" width=\"180\" height=\"150\" data-id=\"195\" \/><\/a><\/p>\n<h3><a href=\"http:\/\/syifoundry.com\/products-2\/manhole-covers\/\">Tapas de registro &amp; &#8230;<\/a><\/h3>\n<p>SYI Kitemark \/ SGS \/ TUV \/ NF y MICI certificados; ISO 9001-2008 Sistema de Gesti\u00f3n de la Calidad; EN124 \/ ASTM-A-48 \/ BS<\/p>\n<p><a href=\"http:\/\/syifoundry.com\/products-2\/manhole-covers\/\">M\u00e1s &gt;&gt;<\/a><\/p>\n<\/div>\n<div class=\"hot\">\n<p><a href=\"http:\/\/syifoundry.com\/products-2\/manhole-steps\/\"><img loading=\"lazy\" decoding=\"async\" class=\"alignnone size-full wp-image-196\" src=\"http:\/\/syifoundry.com\/wp-content\/uploads\/2014\/10\/index-Manhole-Steps.jpg\" alt=\"index-Manhole Steps\" width=\"180\" height=\"150\" data-id=\"196\" \/><\/a><\/p>\n<h3><a href=\"http:\/\/syifoundry.com\/products-2\/manhole-steps\/\">Pasos para pozos<\/a><\/h3>\n<p>Una amplia gama de pozo de registro se detiene, incluyendo los pasos de aluminio, polipropileno pasos, escalones de hierro<\/p>\n<p><a href=\"http:\/\/syifoundry.com\/products-2\/manhole-steps\/\">M\u00e1s &gt;&gt;<\/a><\/p>\n<\/div>\n<div class=\"hot\">\n<p><a href=\"http:\/\/syifoundry.com\/products-2\/oem-industrial-castings\/investment-precision-lost-wax-castings\/\"><img loading=\"lazy\" decoding=\"async\" class=\"alignnone size-full wp-image-194\" src=\"http:\/\/syifoundry.com\/wp-content\/uploads\/2014\/10\/index-Industrial-Casting-Division.jpg\" alt=\"index-Industrial Casting Division\" width=\"180\" height=\"150\" data-id=\"194\" \/><\/a><\/p>\n<h3><a href=\"http:\/\/syifoundry.com\/products-2\/oem-industrial-castings\/investment-precision-lost-wax-castings\/\">Divisi\u00f3n Fundici\u00f3n\u00a0<\/a><\/h3>\n<p>Combinado con diferente mano de obra, SYI Divisi\u00f3n Fundici\u00f3n se ha convertido en una de las mayores fundiciones en el norte de<\/p>\n<p><a href=\"http:\/\/syifoundry.com\/products-2\/oem-industrial-castings\/investment-precision-lost-wax-castings\/\">M\u00e1s &gt;&gt;<\/a><\/p>\n<\/div>\n<div class=\"hot\">\n<p><a href=\"#\"><img loading=\"lazy\" decoding=\"async\" class=\"alignnone size-full wp-image-197\" src=\"http:\/\/syifoundry.com\/wp-content\/uploads\/2014\/10\/index-Street-Bollards.jpg\" alt=\"index-Street Bollards\" width=\"180\" height=\"150\" data-id=\"197\" \/><\/a><\/p>\n<h3>calle bolardos<\/h3>\n<p>SYI fundido bolardos de hierro proteger su propiedad de da\u00f1os por veh\u00edculos Algunos de los bolardos SYI tambi\u00e9n se puede<\/p>\n<p>M\u00e1s &gt;&gt;<\/p>\n<\/div>\n<\/div>\n<p><\/p>","protected":false},"excerpt":{"rendered":"<p>Tapas de registro &amp; &#8230; SYI Kitemark \/ SGS \/ TUV \/ NF y MICI certificados; ISO 9001-2008 Sistema de Gesti\u00f3n de la Calidad; EN124 \/ ASTM-A-48 \/ BS M\u00e1s &gt;&gt; Pasos para pozos Una amplia gama de pozo de&#8230;<br \/><a class=\"read-more-button\" href=\"https:\/\/syifoundry.com\/pt\/\">Read more<\/a><\/p>\n","protected":false},"author":1,"featured_media":0,"parent":0,"menu_order":0,"comment_status":"closed","ping_status":"closed","template":"template-home.php","meta":{"footnotes":""},"class_list":["post-2","page","type-page","status-publish","hentry"],"_links":{"self":[{"href":"https:\/\/syifoundry.com\/pt\/wp-json\/wp\/v2\/pages\/2","targetHints":{"allow":["GET"]}}],"collection":[{"href":"https:\/\/syifoundry.com\/pt\/wp-json\/wp\/v2\/pages"}],"about":[{"href":"https:\/\/syifoundry.com\/pt\/wp-json\/wp\/v2\/types\/page"}],"author":[{"embeddable":true,"href":"https:\/\/syifoundry.com\/pt\/wp-json\/wp\/v2\/users\/1"}],"replies":[{"embeddable":true,"href":"https:\/\/syifoundry.com\/pt\/wp-json\/wp\/v2\/comments?post=2"}],"version-history":[{"count":41,"href":"https:\/\/syifoundry.com\/pt\/wp-json\/wp\/v2\/pages\/2\/revisions"}],"predecessor-version":[{"id":1505,"href":"https:\/\/syifoundry.com\/pt\/wp-json\/wp\/v2\/pages\/2\/revisions\/1505"}],"wp:attachment":[{"href":"https:\/\/syifoundry.com\/pt\/wp-json\/wp\/v2\/media?parent=2"}],"curies":[{"name":"wp","href":"https:\/\/api.w.org\/{rel}","templated":true}]}}