{"id":203,"date":"2014-11-13T09:18:43","date_gmt":"2014-11-13T01:18:43","guid":{"rendered":"http:\/\/syifoundry.com\/?page_id=203"},"modified":"2017-06-12T18:01:00","modified_gmt":"2017-06-12T10:01:00","slug":"gully-manhole-gratings","status":"publish","type":"page","link":"https:\/\/syifoundry.com\/pt\/products-2\/gully-manhole-gratings\/","title":{"rendered":"Gully \/ Rejillas de cajas registradoras"},"content":{"rendered":"<p><img loading=\"lazy\" decoding=\"async\" class=\"aligncenter size-full wp-image-594\" src=\"http:\/\/syifoundry.com\/wp-content\/uploads\/2014\/11\/manhole-cover05.jpg\" alt=\"manhole-cover05\" width=\"720\" height=\"383\" srcset=\"https:\/\/syifoundry.com\/wp-content\/uploads\/2014\/11\/manhole-cover05.jpg 720w, https:\/\/syifoundry.com\/wp-content\/uploads\/2014\/11\/manhole-cover05-300x160.jpg 300w\" sizes=\"auto, (max-width: 720px) 100vw, 720px\" \/><\/p>\n<p>&nbsp;<\/p>\n<table border=\"0\" width=\"720\" cellspacing=\"0\" cellpadding=\"20\">\n<tbody>\n<tr bgcolor=\"#e60013\">\n<td>\n<h6 style=\"text-align: left;\">\u00a0<span style=\"color: #ffffff;\">C250 Clase (&lt;250 KN o 25MT) Especificaciones &#8211; Gully serie de rejilla<\/span><\/h6>\n<\/td>\n<\/tr>\n<tr bgcolor=\"#ffffff\">\n<td>\n<h6 style=\"text-align: left; padding-left: 30px;\"><span style=\"color: #808080;\"><strong>1)Serie Flat Top<img loading=\"lazy\" decoding=\"async\" class=\"alignright size-full wp-image-656\" src=\"http:\/\/syifoundry.com\/wp-content\/uploads\/2014\/11\/gully-grating01.jpg\" alt=\"gully-grating01\" width=\"234\" height=\"111\" \/> <\/strong><\/span><span style=\"color: #b04b87;\"><br \/>\n<\/span><\/h6>\n<p style=\"padding-left: 30px;\">* Hierro d\u00factil<br \/>\n* Superficie plana<br \/>\n* Tipo Bisagra<\/p>\n<p>&nbsp;<\/p>\n<h6 style=\"text-align: left; padding-left: 30px;\"><span style=\"color: #808080;\"><strong>2) Plato-Forma Serie Top<img loading=\"lazy\" decoding=\"async\" class=\"alignright size-full wp-image-657\" src=\"http:\/\/syifoundry.com\/wp-content\/uploads\/2014\/11\/gully-grating02.jpg\" alt=\"gully-grating02\" width=\"234\" height=\"111\" \/><\/strong><\/span><span style=\"color: #b04b87;\"><br \/>\n<\/span><\/h6>\n<p style=\"padding-left: 30px;\">* Hierro d\u00factil<br \/>\n* Mejor Plato-Forma<br \/>\n* Tipo Bisagra<\/p>\n<p>&nbsp;<\/p>\n<h6 style=\"text-align: left; padding-left: 30px;\"><span style=\"color: #808080;\"><strong>3) En forma de V de la serie Top<img loading=\"lazy\" decoding=\"async\" class=\"alignright size-full wp-image-658\" src=\"http:\/\/syifoundry.com\/wp-content\/uploads\/2014\/11\/gully-grating03.jpg\" alt=\"gully-grating03\" width=\"234\" height=\"111\" \/><\/strong><\/span><span style=\"color: #b04b87;\"><br \/>\n<\/span><\/h6>\n<p style=\"padding-left: 30px;\">* Hierro d\u00factil<br \/>\n* En forma de V-Top<br \/>\n* Tipo Bisagra<\/p>\n<p>&nbsp;<\/p>\n<h6 style=\"text-align: left; padding-left: 30px;\"><span style=\"color: #808080;\"><strong>4) Serie de rejilla continua<img loading=\"lazy\" decoding=\"async\" class=\"alignright size-full wp-image-659\" src=\"http:\/\/syifoundry.com\/wp-content\/uploads\/2014\/11\/gully-grating04.jpg\" alt=\"gully-grating04\" width=\"234\" height=\"111\" \/><\/strong><\/span><\/h6>\n<p style=\"padding-left: 30px;\">* Hierro d\u00factil<br \/>\n* Superficie plana<br \/>\n* rejillas continuas<\/p>\n<\/td>\n<\/tr>\n<\/tbody>\n<\/table>\n<p>&nbsp;<\/p>\n<table border=\"0\" width=\"720\" cellspacing=\"0\" cellpadding=\"20\">\n<tbody>\n<tr bgcolor=\"#ae4184\">\n<td>\n<h6 style=\"text-align: left;\">\u00a0<span style=\"color: #ffffff;\">Clase D400 (&lt;400 KN o 40mt) Especificaciones &#8211; Gully serie de rejilla<\/span><\/h6>\n<\/td>\n<\/tr>\n<tr bgcolor=\"#ffffff\">\n<td>\n<h6 style=\"text-align: left; padding-left: 30px;\"><span style=\"color: #808080;\"><strong>1) Serie Flat Top<img loading=\"lazy\" decoding=\"async\" class=\"alignright size-full wp-image-660\" src=\"http:\/\/syifoundry.com\/wp-content\/uploads\/2014\/11\/gully-grating05.jpg\" alt=\"gully-grating05\" width=\"234\" height=\"111\" \/><\/strong><\/span><span style=\"color: #b04b87;\"><br \/>\n<\/span><\/h6>\n<p style=\"padding-left: 30px;\">* Hierro d\u00factil<br \/>\n* Superficie plana<br \/>\n* Sin Bisagra<\/p>\n<\/td>\n<\/tr>\n<\/tbody>\n<\/table>\n<p>&nbsp;<\/p>\n<table border=\"0\" width=\"720\" cellspacing=\"0\" cellpadding=\"20\">\n<tbody>\n<tr bgcolor=\"#d9b765\">\n<td>\n<h6 style=\"text-align: left;\">\u00a0<span style=\"color: #ffffff;\">E600 Clase (&lt;600 km o 60 MT) Especificaciones &#8211; Gully serie de rejilla<\/span><\/h6>\n<\/td>\n<\/tr>\n<tr bgcolor=\"#ffffff\">\n<td>\n<h6 style=\"text-align: left; padding-left: 30px;\"><span style=\"color: #808080;\"><strong>1) Serie Flat Top<img loading=\"lazy\" decoding=\"async\" class=\"alignright size-full wp-image-661\" src=\"http:\/\/syifoundry.com\/wp-content\/uploads\/2014\/11\/gully-grating06.jpg\" alt=\"gully-grating06\" width=\"234\" height=\"111\" \/><\/strong><\/span><span style=\"color: #b04b87;\"><br \/>\n<\/span><\/h6>\n<p style=\"padding-left: 30px;\">* Hierro d\u00factil<br \/>\n* Superficie plana<br \/>\n* Tipo Bisagra<br \/>\n* Bajo llave con el tornillo<\/p>\n<\/td>\n<\/tr>\n<\/tbody>\n<\/table>\n<p>&nbsp;<\/p>\n<p>&nbsp;<\/p>\n<p>Nuestro objetivo es proporcionar a todos nuestros clientes con el valor de los productos en lugar de los precios s\u00f3lo bajas.<\/p>\n<table border=\"0\" width=\"720\" cellspacing=\"0\" cellpadding=\"20\">\n<tbody>\n<tr bgcolor=\"#f3f3f3\">\n<td><span style=\"font-size: medium;\">Para obtener m\u00e1s informaci\u00f3n o solicitar cat\u00e1logos PDF, por favor cont\u00e1ctenos en <a title=\"info@syipipeline.com\" href=\"mailto:info@syipipeline.com\" target=\"_blank\">info@syipipeline.com<\/a><\/span><\/td>\n<\/tr>\n<\/tbody>\n<\/table>\n<p><\/p>","protected":false},"excerpt":{"rendered":"<p>&nbsp; \u00a0C250 Clase (&lt;250 KN o 25MT) Especificaciones &#8211; Gully serie de rejilla 1)Serie Flat Top * Hierro d\u00factil * Superficie plana * Tipo Bisagra &nbsp; 2) Plato-Forma Serie Top * Hierro d\u00factil * Mejor Plato-Forma * Tipo Bisagra &nbsp;&#8230;<br \/><a class=\"read-more-button\" href=\"https:\/\/syifoundry.com\/pt\/products-2\/gully-manhole-gratings\/\">Read more<\/a><\/p>\n","protected":false},"author":1,"featured_media":0,"parent":856,"menu_order":0,"comment_status":"closed","ping_status":"closed","template":"","meta":{"footnotes":""},"class_list":["post-203","page","type-page","status-publish","hentry"],"_links":{"self":[{"href":"https:\/\/syifoundry.com\/pt\/wp-json\/wp\/v2\/pages\/203","targetHints":{"allow":["GET"]}}],"collection":[{"href":"https:\/\/syifoundry.com\/pt\/wp-json\/wp\/v2\/pages"}],"about":[{"href":"https:\/\/syifoundry.com\/pt\/wp-json\/wp\/v2\/types\/page"}],"author":[{"embeddable":true,"href":"https:\/\/syifoundry.com\/pt\/wp-json\/wp\/v2\/users\/1"}],"replies":[{"embeddable":true,"href":"https:\/\/syifoundry.com\/pt\/wp-json\/wp\/v2\/comments?post=203"}],"version-history":[{"count":22,"href":"https:\/\/syifoundry.com\/pt\/wp-json\/wp\/v2\/pages\/203\/revisions"}],"predecessor-version":[{"id":1251,"href":"https:\/\/syifoundry.com\/pt\/wp-json\/wp\/v2\/pages\/203\/revisions\/1251"}],"up":[{"embeddable":true,"href":"https:\/\/syifoundry.com\/pt\/wp-json\/wp\/v2\/pages\/856"}],"wp:attachment":[{"href":"https:\/\/syifoundry.com\/pt\/wp-json\/wp\/v2\/media?parent=203"}],"curies":[{"name":"wp","href":"https:\/\/api.w.org\/{rel}","templated":true}]}}