{"id":211,"date":"2014-11-13T09:41:16","date_gmt":"2014-11-13T01:41:16","guid":{"rendered":"http:\/\/syifoundry.com\/?page_id=211"},"modified":"2017-06-12T18:06:43","modified_gmt":"2017-06-12T10:06:43","slug":"manhole-covers","status":"publish","type":"page","link":"https:\/\/syifoundry.com\/pt\/products-2\/manhole-covers\/","title":{"rendered":"Tapas de registro"},"content":{"rendered":"<p><img loading=\"lazy\" decoding=\"async\" class=\"aligncenter size-full wp-image-587\" src=\"http:\/\/syifoundry.com\/wp-content\/uploads\/2014\/11\/manhole-cover01.jpg\" alt=\"manhole-cover01\" width=\"708\" height=\"171\" srcset=\"https:\/\/syifoundry.com\/wp-content\/uploads\/2014\/11\/manhole-cover01.jpg 708w, https:\/\/syifoundry.com\/wp-content\/uploads\/2014\/11\/manhole-cover01-300x72.jpg 300w\" sizes=\"auto, (max-width: 708px) 100vw, 708px\" \/><\/p>\n<table border=\"0\" width=\"720\" cellspacing=\"0\" cellpadding=\"20\">\n<tbody>\n<tr bgcolor=\"#426398\">\n<td>\n<h6 style=\"text-align: left;\">\u00a0<span style=\"color: #ffffff;\">Serie SYI Cubierta de boca (EN 124) &#8211; El peso m\u00e1ximo permitido para diversas clases<\/span><\/h6>\n<\/td>\n<\/tr>\n<tr bgcolor=\"#f6f7f7\">\n<td>\n<h6 style=\"text-align: left; padding-left: 30px;\"><\/h6>\n<p>&#8211; Grupo 1: (clase A 15 m\u00ednimo) Prueba de 1,5 tonelada m\u00e9trica<br \/>\nLas \u00e1reas que s\u00f3lo pueden ser utilizados por los peatones y los ciclistas del pedal.<br \/>\n&#8211; Grupo 2: (clase B 125 m\u00ednimo) Prueba de 12,5 toneladas m\u00e9tricas<br \/>\nAceras, zonas peatonales y \u00e1reas comparables, aparcamientos o cubiertas de parking.<br \/>\n&#8211; Grupo 3: (clase C 250 m\u00ednimo) Prueba de 25 toneladas m\u00e9tricas<br \/>\nArcenes instaladas en los canales kerbside la zona de caminos que cuando se mide desde el borde bordillo, extender un m\u00e1ximo de 0,5 m en la calzada y un m\u00e1ximo de 0,2 m en la acera.<br \/>\n&#8211; Grupo 4: (clase D 400 m\u00ednimo) de prueba de 40 toneladas m\u00e9tricas<br \/>\nCalzada de las carreteras (incluyendo calles peatonales), arcenes y \u00e1reas de estacionamiento, para todo tipo de veh\u00edculos de carretera.<br \/>\n&#8211; GRUPO 5: (Clase E 600 m\u00ednimo) de prueba de 40 toneladas m\u00e9tricas<br \/>\n\u00c1reas que imponen cargas especialmente altas ruedas, por ejemplo, muelles, pavimentos de aeronaves.<br \/>\n&#8211; Grupo 6: (clase F 900 m\u00ednimo) Prueba de 90 toneladas m\u00e9tricas<br \/>\n\u00c1reas que imponen cargas especialmente altas ruedas, por ejemplo, pavimentos de aeronaves.<\/p>\n<table border=\"0\" width=\"720\" cellspacing=\"0\" cellpadding=\"20\">\n<tbody>\n<tr bgcolor=\"#f3f3f3\">\n<td><span style=\"color: #800000;\">La norma especifica que el dise\u00f1ador se encarga de hacer la elecci\u00f3n adecuada de la clase y donde hay alguna duda en cuanto a la clase que se utiliza, se debe seleccionar una clase superior.<\/span><\/td>\n<\/tr>\n<\/tbody>\n<\/table>\n<\/td>\n<\/tr>\n<\/tbody>\n<\/table>\n<h6><\/h6>\n<h3><img loading=\"lazy\" decoding=\"async\" class=\"aligncenter size-full wp-image-590\" src=\"http:\/\/syifoundry.com\/wp-content\/uploads\/2014\/11\/manhole-cover03.jpg\" alt=\"manhole-cover03\" width=\"720\" height=\"363\" srcset=\"https:\/\/syifoundry.com\/wp-content\/uploads\/2014\/11\/manhole-cover03.jpg 720w, https:\/\/syifoundry.com\/wp-content\/uploads\/2014\/11\/manhole-cover03-300x151.jpg 300w\" sizes=\"auto, (max-width: 720px) 100vw, 720px\" \/><\/h3>\n<p><span style=\"color: #426398;\"><strong>Materiales &#8211; hierro d\u00factil y hierro gris::<\/strong><\/span><\/p>\n<p><span style=\"color: #426398;\">-Las microestructuras de los dos tipos:\u00a0<\/span><\/p>\n<p><img loading=\"lazy\" decoding=\"async\" class=\"aligncenter size-full wp-image-591\" src=\"http:\/\/syifoundry.com\/wp-content\/uploads\/2014\/11\/manhole-cover04.jpg\" alt=\"manhole-cover04\" width=\"496\" height=\"224\" srcset=\"https:\/\/syifoundry.com\/wp-content\/uploads\/2014\/11\/manhole-cover04.jpg 496w, https:\/\/syifoundry.com\/wp-content\/uploads\/2014\/11\/manhole-cover04-300x135.jpg 300w\" sizes=\"auto, (max-width: 496px) 100vw, 496px\" \/><\/p>\n<p><span style=\"color: #00a1e9;\"><span style=\"color: #426398;\">&#8211; La diferencia entre el hierro d\u00factil y hierro gris tradicional:<\/span><\/span><\/p>\n<p>La adici\u00f3n de magnesio en la etapa de fundido transforma las escamas de grafito que son comunes con el proceso de fundici\u00f3n de hierro gris y los transforman en esferoidal o<br \/>\nforma nodular. La estructura nodular proporciona una resistencia a la tracci\u00f3n superior, as\u00ed como una relaci\u00f3n m\u00e1s alta &#8220;resistencia a peso&#8221; cuando se compara con las propiedades inherentes a la fabricaci\u00f3n de hierro gris.<\/p>\n<p><span style=\"color: #00a1e9;\"><span style=\"color: #426398;\">&#8211; El beneficio de hierro d\u00factil:<\/span> <\/span><\/p>\n<p>El hierro d\u00factil de alta resistencia al cociente de peso permite la producci\u00f3n de piezas moldeadas ligeras que ofrecen lo que puede equivaler a un peso 50% m\u00e1s de ahorro de hierro gris tradicional.<\/p>\n<p>&nbsp;<\/p>\n<p>Nuestro objetivo es proporcionar a todos nuestros clientes con el valor de los productos en lugar de los precios s\u00f3lo bajas.<\/p>\n<table border=\"0\" width=\"720\" cellspacing=\"0\" cellpadding=\"20\">\n<tbody>\n<tr bgcolor=\"#f3f3f3\">\n<td><strong><span style=\"color: #800000;\">Para obtener m\u00e1s informaci\u00f3n o solicitar cat\u00e1logos PDF, por favor cont\u00e1ctenos en<\/span><\/strong>\u00a0<a title=\"info@syipipeline.com\" href=\"mailto:info@syipipeline.com\" target=\"_blank\">info@syipipeline.com<\/a><\/td>\n<\/tr>\n<\/tbody>\n<\/table>\n<p><\/p>","protected":false},"excerpt":{"rendered":"<p>\u00a0Serie SYI Cubierta de boca (EN 124) &#8211; El peso m\u00e1ximo permitido para diversas clases &#8211; Grupo 1: (clase A 15 m\u00ednimo) Prueba de 1,5 tonelada m\u00e9trica Las \u00e1reas que s\u00f3lo pueden ser utilizados por los peatones y los ciclistas&#8230;<br \/><a class=\"read-more-button\" href=\"https:\/\/syifoundry.com\/pt\/products-2\/manhole-covers\/\">Read more<\/a><\/p>\n","protected":false},"author":1,"featured_media":0,"parent":856,"menu_order":0,"comment_status":"closed","ping_status":"closed","template":"","meta":{"footnotes":""},"class_list":["post-211","page","type-page","status-publish","hentry"],"_links":{"self":[{"href":"https:\/\/syifoundry.com\/pt\/wp-json\/wp\/v2\/pages\/211","targetHints":{"allow":["GET"]}}],"collection":[{"href":"https:\/\/syifoundry.com\/pt\/wp-json\/wp\/v2\/pages"}],"about":[{"href":"https:\/\/syifoundry.com\/pt\/wp-json\/wp\/v2\/types\/page"}],"author":[{"embeddable":true,"href":"https:\/\/syifoundry.com\/pt\/wp-json\/wp\/v2\/users\/1"}],"replies":[{"embeddable":true,"href":"https:\/\/syifoundry.com\/pt\/wp-json\/wp\/v2\/comments?post=211"}],"version-history":[{"count":15,"href":"https:\/\/syifoundry.com\/pt\/wp-json\/wp\/v2\/pages\/211\/revisions"}],"predecessor-version":[{"id":1258,"href":"https:\/\/syifoundry.com\/pt\/wp-json\/wp\/v2\/pages\/211\/revisions\/1258"}],"up":[{"embeddable":true,"href":"https:\/\/syifoundry.com\/pt\/wp-json\/wp\/v2\/pages\/856"}],"wp:attachment":[{"href":"https:\/\/syifoundry.com\/pt\/wp-json\/wp\/v2\/media?parent=211"}],"curies":[{"name":"wp","href":"https:\/\/api.w.org\/{rel}","templated":true}]}}