{"id":231,"date":"2014-11-13T10:57:16","date_gmt":"2014-11-13T02:57:16","guid":{"rendered":"http:\/\/syifoundry.com\/?page_id=231"},"modified":"2017-06-13T09:50:50","modified_gmt":"2017-06-13T01:50:50","slug":"manhole-steps","status":"publish","type":"page","link":"https:\/\/syifoundry.com\/pt\/products-2\/manhole-steps\/","title":{"rendered":"Pasos para pozos"},"content":{"rendered":"<p><img loading=\"lazy\" decoding=\"async\" class=\"aligncenter size-full wp-image-645\" src=\"http:\/\/syifoundry.com\/wp-content\/uploads\/2014\/11\/manhole-steps01.jpg\" alt=\"manhole-steps01\" width=\"720\" height=\"385\" srcset=\"https:\/\/syifoundry.com\/wp-content\/uploads\/2014\/11\/manhole-steps01.jpg 720w, https:\/\/syifoundry.com\/wp-content\/uploads\/2014\/11\/manhole-steps01-300x160.jpg 300w\" sizes=\"auto, (max-width: 720px) 100vw, 720px\" \/><\/p>\n<table border=\"0\" width=\"720\" cellspacing=\"0\" cellpadding=\"20\">\n<tbody>\n<tr bgcolor=\"#009944\">\n<td>\n<h6 style=\"text-align: left;\">\u00a0<span style=\"color: #ffffff;\">SIRIA Pasos se fabrican a nuestros estrictos est\u00e1ndares de calidad, que cumple los requisitos de la norma EN 13101.<\/span><\/h6>\n<\/td>\n<\/tr>\n<tr bgcolor=\"#f6f7f7\">\n<td>Dise\u00f1ado por un grupo de ingenieros mec\u00e1nicos experimentados, SYI pasos han sido un nuevo s\u00edmbolo de calidad, seguridad y fiabilidad en pozos de registro y b\u00f3vedas.<br \/>\nEncapsulado con polipropileno de alta calidad, nuestras caracter\u00edsticas de seguridad incluyen el color amarillo brillante para una mayor visibilidad, antideslizante dise\u00f1o planteado, extremos escalonados para una mayor capacidad de retenci\u00f3n, a 2 cuadras del pie y una fuerte resistencia a la corrosi\u00f3n.<img loading=\"lazy\" decoding=\"async\" class=\"aligncenter size-full wp-image-649\" src=\"http:\/\/syifoundry.com\/wp-content\/uploads\/2014\/11\/manhole-step12.jpg\" alt=\"manhole-step12\" width=\"720\" height=\"120\" srcset=\"https:\/\/syifoundry.com\/wp-content\/uploads\/2014\/11\/manhole-step12.jpg 720w, https:\/\/syifoundry.com\/wp-content\/uploads\/2014\/11\/manhole-step12-300x50.jpg 300w\" sizes=\"auto, (max-width: 720px) 100vw, 720px\" \/>SYI tambi\u00e9n fabrica una amplia gama de medidas de pozos, incluyendo los pasos de aluminio, escaleras de hierro d\u00factil con revestimiento de asfalto negro, escalones de hierro d\u00factil con recubrimiento galvanizado, escalones de hierro fundido y acero pasos. Todos nuestros pasos es compatible cuando se est\u00e1 formando o pozo de registro a una estructura existente. SYI se sigue proporcionando nuevos dise\u00f1os para nuestros clientes.<img loading=\"lazy\" decoding=\"async\" class=\"aligncenter size-full wp-image-647\" src=\"http:\/\/syifoundry.com\/wp-content\/uploads\/2014\/11\/surface-box17.jpg\" alt=\"surface-box17\" width=\"700\" height=\"228\" srcset=\"https:\/\/syifoundry.com\/wp-content\/uploads\/2014\/11\/surface-box17.jpg 700w, https:\/\/syifoundry.com\/wp-content\/uploads\/2014\/11\/surface-box17-300x98.jpg 300w\" sizes=\"auto, (max-width: 700px) 100vw, 700px\" \/><\/td>\n<\/tr>\n<\/tbody>\n<\/table>\n<p><\/p>","protected":false},"excerpt":{"rendered":"<p>\u00a0SIRIA Pasos se fabrican a nuestros estrictos est\u00e1ndares de calidad, que cumple los requisitos de la norma EN 13101. Dise\u00f1ado por un grupo de ingenieros mec\u00e1nicos experimentados, SYI pasos han sido un nuevo s\u00edmbolo de calidad, seguridad y fiabilidad en&#8230;<br \/><a class=\"read-more-button\" href=\"https:\/\/syifoundry.com\/pt\/products-2\/manhole-steps\/\">Read more<\/a><\/p>\n","protected":false},"author":1,"featured_media":0,"parent":856,"menu_order":0,"comment_status":"closed","ping_status":"closed","template":"","meta":{"footnotes":""},"class_list":["post-231","page","type-page","status-publish","hentry"],"_links":{"self":[{"href":"https:\/\/syifoundry.com\/pt\/wp-json\/wp\/v2\/pages\/231","targetHints":{"allow":["GET"]}}],"collection":[{"href":"https:\/\/syifoundry.com\/pt\/wp-json\/wp\/v2\/pages"}],"about":[{"href":"https:\/\/syifoundry.com\/pt\/wp-json\/wp\/v2\/types\/page"}],"author":[{"embeddable":true,"href":"https:\/\/syifoundry.com\/pt\/wp-json\/wp\/v2\/users\/1"}],"replies":[{"embeddable":true,"href":"https:\/\/syifoundry.com\/pt\/wp-json\/wp\/v2\/comments?post=231"}],"version-history":[{"count":18,"href":"https:\/\/syifoundry.com\/pt\/wp-json\/wp\/v2\/pages\/231\/revisions"}],"predecessor-version":[{"id":1324,"href":"https:\/\/syifoundry.com\/pt\/wp-json\/wp\/v2\/pages\/231\/revisions\/1324"}],"up":[{"embeddable":true,"href":"https:\/\/syifoundry.com\/pt\/wp-json\/wp\/v2\/pages\/856"}],"wp:attachment":[{"href":"https:\/\/syifoundry.com\/pt\/wp-json\/wp\/v2\/media?parent=231"}],"curies":[{"name":"wp","href":"https:\/\/api.w.org\/{rel}","templated":true}]}}