{"id":235,"date":"2014-11-13T11:23:28","date_gmt":"2014-11-13T03:23:28","guid":{"rendered":"http:\/\/syifoundry.com\/?page_id=235"},"modified":"2017-06-13T10:04:24","modified_gmt":"2017-06-13T02:04:24","slug":"lost-foam-castings","status":"publish","type":"page","link":"https:\/\/syifoundry.com\/pt\/products-2\/oem-industrial-castings\/lost-foam-castings\/","title":{"rendered":"de fundici\u00f3n de espuma perdida es"},"content":{"rendered":"<p><span style=\"color: #00a1e9;\"><strong>la espuma perdida (LFC) de ISA tipo de proceso de fundici\u00f3n que utiliza modelos de espuma AST y un l\u00edder.<\/strong><\/span><\/p>\n<p>Este m\u00e9todo se aprovecha de las propiedades de la espuma de forma simple y barata formar piezas fundidas que ser\u00edan dif\u00edciles o imposibles, el uso de &#8220;hacer frente&#8221; y arrastre las t\u00e9cnicas normales.<\/p>\n<p>&nbsp;<\/p>\n<p><img loading=\"lazy\" decoding=\"async\" class=\"aligncenter wp-image-812\" src=\"http:\/\/syifoundry.com\/wp-content\/uploads\/2014\/11\/Industrial-Casting-Division-01.jpg\" alt=\"Industrial-Casting-Division-01\" width=\"526\" height=\"280\" srcset=\"https:\/\/syifoundry.com\/wp-content\/uploads\/2014\/11\/Industrial-Casting-Division-01.jpg 700w, https:\/\/syifoundry.com\/wp-content\/uploads\/2014\/11\/Industrial-Casting-Division-01-300x159.jpg 300w\" sizes=\"auto, (max-width: 526px) 100vw, 526px\" \/><\/p>\n<p>&nbsp;<\/p>\n<p><img loading=\"lazy\" decoding=\"async\" class=\"aligncenter wp-image-813\" src=\"http:\/\/syifoundry.com\/wp-content\/uploads\/2014\/11\/Industrial-Casting-Division-02.jpg\" alt=\"Industrial-Casting-Division-02\" width=\"582\" height=\"309\" srcset=\"https:\/\/syifoundry.com\/wp-content\/uploads\/2014\/11\/Industrial-Casting-Division-02.jpg 700w, https:\/\/syifoundry.com\/wp-content\/uploads\/2014\/11\/Industrial-Casting-Division-02-300x159.jpg 300w\" sizes=\"auto, (max-width: 582px) 100vw, 582px\" \/><\/p>\n<p>&nbsp;<\/p>\n<p><strong>SYI es capaz de utilizar LFC para hacer diferentes piezas en hierro d\u00factil, fundici\u00f3n gris, acero al carbono, acero de aleaci\u00f3n, acero de aleaci\u00f3n especial, acero inoxidable y aluminio, con dimensiones m\u00e1s precisas y calidad de la superficie m\u00e1s lisa.<\/strong><\/p>\n<p><img loading=\"lazy\" decoding=\"async\" class=\"aligncenter wp-image-907 size-full\" src=\"http:\/\/syifoundry.com\/wp-content\/uploads\/2014\/11\/casting001.jpg\" alt=\"\" width=\"700\" height=\"299\" data-id=\"236\" srcset=\"https:\/\/syifoundry.com\/wp-content\/uploads\/2014\/11\/casting001.jpg 700w, https:\/\/syifoundry.com\/wp-content\/uploads\/2014\/11\/casting001-300x128.jpg 300w\" sizes=\"auto, (max-width: 700px) 100vw, 700px\" \/><\/p>\n<p><span style=\"color: #00a1e9;\"><strong>las ventajas de LFC incluyen:<\/strong><\/span><\/p>\n<p>* La flexibilidad de la espuma: La espuma es f\u00e1cil de manipular, tallar y pegamento.<br \/>\n* Exactitud dimensional: Los patrones son representaciones precisas de la pieza de fundici\u00f3n deseada, en comparaci\u00f3n con la fundici\u00f3n en arena y no hay desgaste de la herramienta Tambi\u00e9n hay menos trabajo de acabado requerida para una fundici\u00f3n LFC, ya que no hay aletas o l\u00edneas de separaci\u00f3n ..<br \/>\n* Eliminaci\u00f3n de n\u00facleos: Esto permite dise\u00f1os m\u00e1s complejos de fundici\u00f3n, espesor de la pared bien controlado de piezas de fundici\u00f3n, y no hay centrales dactilares Este proceso tambi\u00e9n elimina las aletas o turnos, defectos de coraz\u00f3n y de mezcla de arena ..<br \/>\n* Eliminaci\u00f3n de la l\u00ednea de partici\u00f3n :. No hay proyecto y es posible la selecci\u00f3n adecuada y la colocaci\u00f3n de subida se pueden lograr varios niveles de fundici\u00f3n, y no hay cambios o aletas.<br \/>\n* Consolidaci\u00f3n de las piezas: La flexibilidad de LFC a menudo permite para la consolidaci\u00f3n de las piezas en un componente integral; otros procesos de formaci\u00f3n requerir\u00eda la producci\u00f3n de una o m\u00e1s partes para ser ensambladas.<br \/>\n* Menor coste: Debido a que el proceso es mucho m\u00e1s simple, en comparaci\u00f3n con los m\u00e9todos tradicionales de arena de fundici\u00f3n a presi\u00f3n, el costo de producci\u00f3n es mucho m\u00e1s bajo.<\/p>\n<p><img loading=\"lazy\" decoding=\"async\" class=\"aligncenter size-full wp-image-814\" src=\"http:\/\/syifoundry.com\/wp-content\/uploads\/2014\/11\/Industrial-Casting-Division-03.jpg\" alt=\"Industrial-Casting-Division-03\" width=\"700\" height=\"127\" srcset=\"https:\/\/syifoundry.com\/wp-content\/uploads\/2014\/11\/Industrial-Casting-Division-03.jpg 700w, https:\/\/syifoundry.com\/wp-content\/uploads\/2014\/11\/Industrial-Casting-Division-03-300x54.jpg 300w\" sizes=\"auto, (max-width: 700px) 100vw, 700px\" \/><\/p>\n<p><span style=\"color: #00a1e9;\"><strong>ow contactos yin para esta nueva revoluci\u00f3n de la fundici\u00f3n\uff01<\/strong><\/span><\/p>","protected":false},"excerpt":{"rendered":"<p>la espuma perdida (LFC) de ISA tipo de proceso de fundici\u00f3n que utiliza modelos de espuma AST y un l\u00edder. Este m\u00e9todo se aprovecha de las propiedades de la espuma de forma simple y barata formar piezas fundidas que ser\u00edan&#8230;<br \/><a class=\"read-more-button\" href=\"https:\/\/syifoundry.com\/pt\/products-2\/oem-industrial-castings\/lost-foam-castings\/\">Read more<\/a><\/p>\n","protected":false},"author":1,"featured_media":0,"parent":233,"menu_order":0,"comment_status":"closed","ping_status":"closed","template":"","meta":{"footnotes":""},"class_list":["post-235","page","type-page","status-publish","hentry"],"_links":{"self":[{"href":"https:\/\/syifoundry.com\/pt\/wp-json\/wp\/v2\/pages\/235","targetHints":{"allow":["GET"]}}],"collection":[{"href":"https:\/\/syifoundry.com\/pt\/wp-json\/wp\/v2\/pages"}],"about":[{"href":"https:\/\/syifoundry.com\/pt\/wp-json\/wp\/v2\/types\/page"}],"author":[{"embeddable":true,"href":"https:\/\/syifoundry.com\/pt\/wp-json\/wp\/v2\/users\/1"}],"replies":[{"embeddable":true,"href":"https:\/\/syifoundry.com\/pt\/wp-json\/wp\/v2\/comments?post=235"}],"version-history":[{"count":18,"href":"https:\/\/syifoundry.com\/pt\/wp-json\/wp\/v2\/pages\/235\/revisions"}],"predecessor-version":[{"id":1345,"href":"https:\/\/syifoundry.com\/pt\/wp-json\/wp\/v2\/pages\/235\/revisions\/1345"}],"up":[{"embeddable":true,"href":"https:\/\/syifoundry.com\/pt\/wp-json\/wp\/v2\/pages\/233"}],"wp:attachment":[{"href":"https:\/\/syifoundry.com\/pt\/wp-json\/wp\/v2\/media?parent=235"}],"curies":[{"name":"wp","href":"https:\/\/api.w.org\/{rel}","templated":true}]}}