{"id":444,"date":"2015-07-17T15:01:17","date_gmt":"2015-07-17T07:01:17","guid":{"rendered":"http:\/\/syifoundry.com\/?page_id=444"},"modified":"2017-06-13T10:59:49","modified_gmt":"2017-06-13T02:59:49","slug":"technical-support","status":"publish","type":"page","link":"https:\/\/syifoundry.com\/pt\/technical-support\/","title":{"rendered":"soporte t\u00e9cnico"},"content":{"rendered":"<p><\/p>\n<p style=\"padding-left: 30px;\"><span style=\"color: #ffffff;\"><strong>.<\/strong><\/span><\/p>\n<p>* 26 a\u00f1os de desarrollo independiente y la capacidad de dise\u00f1o<\/p>\n<p>* 30 ingenieros de alto nivel<\/p>\n<p>* Auto CAD \/ Pro \/ Engineer Solid Works<\/p>\n<p>* Dise\u00f1ar, desarrollar, producir y entregar seg\u00fan sus dibujos, muestras o s\u00f3lo una idea<\/p>\n<p>* El control dual de los productos est\u00e1ndar y productos OEM.<\/p>\n<h6 style=\"padding-left: 30px;\"><strong style=\"color: #005aa0; line-height: 15.6px;\">.<\/strong><\/h6>\n<p><img loading=\"lazy\" decoding=\"async\" class=\"size-full wp-image-977 alignleft\" src=\"http:\/\/www.syigroup.com\/wp-content\/uploads\/2014\/09\/R-D-Service.jpg\" alt=\"R-D-Service\" width=\"760\" height=\"132\" \/><\/p>","protected":false},"excerpt":{"rendered":"<p>. * 26 a\u00f1os de desarrollo independiente y la capacidad de dise\u00f1o * 30 ingenieros de alto nivel * Auto CAD \/ Pro \/ Engineer Solid Works * Dise\u00f1ar, desarrollar, producir y entregar seg\u00fan sus dibujos, muestras o s\u00f3lo una&#8230;<br \/><a class=\"read-more-button\" href=\"https:\/\/syifoundry.com\/pt\/technical-support\/\">Read more<\/a><\/p>\n","protected":false},"author":1,"featured_media":0,"parent":0,"menu_order":0,"comment_status":"closed","ping_status":"closed","template":"template-full-width.php","meta":{"footnotes":""},"class_list":["post-444","page","type-page","status-publish","hentry"],"_links":{"self":[{"href":"https:\/\/syifoundry.com\/pt\/wp-json\/wp\/v2\/pages\/444","targetHints":{"allow":["GET"]}}],"collection":[{"href":"https:\/\/syifoundry.com\/pt\/wp-json\/wp\/v2\/pages"}],"about":[{"href":"https:\/\/syifoundry.com\/pt\/wp-json\/wp\/v2\/types\/page"}],"author":[{"embeddable":true,"href":"https:\/\/syifoundry.com\/pt\/wp-json\/wp\/v2\/users\/1"}],"replies":[{"embeddable":true,"href":"https:\/\/syifoundry.com\/pt\/wp-json\/wp\/v2\/comments?post=444"}],"version-history":[{"count":21,"href":"https:\/\/syifoundry.com\/pt\/wp-json\/wp\/v2\/pages\/444\/revisions"}],"predecessor-version":[{"id":1446,"href":"https:\/\/syifoundry.com\/pt\/wp-json\/wp\/v2\/pages\/444\/revisions\/1446"}],"wp:attachment":[{"href":"https:\/\/syifoundry.com\/pt\/wp-json\/wp\/v2\/media?parent=444"}],"curies":[{"name":"wp","href":"https:\/\/api.w.org\/{rel}","templated":true}]}}