{"id":451,"date":"2015-07-17T15:03:40","date_gmt":"2015-07-17T07:03:40","guid":{"rendered":"http:\/\/syifoundry.com\/?page_id=451"},"modified":"2017-06-09T16:25:36","modified_gmt":"2017-06-09T08:25:36","slug":"quality-control-2","status":"publish","type":"page","link":"https:\/\/syifoundry.com\/pt\/quality-control-2\/","title":{"rendered":"control de calidad"},"content":{"rendered":"<p><\/p>\n<h6 style=\"padding-left: 30px;\"><strong><span style=\"color: #005aa0;\">*<\/span>\u00a0\u00a0<span style=\"color: #426398;\">ISO 9001:2008<\/span><\/strong> sistema de gesti\u00f3n de la calidad<\/h6>\n<p style=\"padding-left: 30px;\"><span style=\"font-size: 10pt;\"><strong><span style=\"color: #005aa0;\">*<\/span><\/strong>\u00a0\u00a0<span style=\"color: #888888;\">Inspection System:<\/span> <strong><span style=\"color: #426398;\">autoinspecci\u00f3n% 2C inspecci\u00f3n mutua y la inspecci\u00f3n profesional<\/span><\/strong><\/span><\/p>\n<p style=\"padding-left: 30px;\"><span style=\"font-size: 10pt;\"><strong><span style=\"color: #005aa0;\">*<\/span><\/strong>\u00a0 inspecci\u00f3n general de calidad<span style=\"color: #888888;\">:<\/span> <strong><span style=\"color: #426398;\">materias primas inspecci\u00f3n de entrada% 2CS EMI-acabados de inspecci\u00f3n de pruebas% 2C muestra de prueba% 2C productos<\/span><\/strong><\/span><\/p>\n<table border=\"0\" width=\"960\" cellspacing=\"0\" cellpadding=\"5\">\n<tbody>\n<tr>\n<td style=\"text-align: center;\" width=\"192\"><img loading=\"lazy\" decoding=\"async\" class=\"size-full wp-image-1192\" src=\"http:\/\/syifoundry.com\/wp-content\/uploads\/2015\/06\/SYI-Quality-Control-15.jpg\" alt=\"SYI-Quality-Control-15\" width=\"182\" height=\"136\" \/><\/td>\n<td width=\"192\"><img loading=\"lazy\" decoding=\"async\" class=\"aligncenter size-full wp-image-1191\" src=\"http:\/\/syifoundry.com\/wp-content\/uploads\/2015\/06\/SYI-Quality-Control-14.jpg\" alt=\"SYI-Quality-Control-14\" width=\"182\" height=\"136\" \/><\/td>\n<td width=\"192\"><img loading=\"lazy\" decoding=\"async\" class=\"aligncenter size-full wp-image-1190\" src=\"http:\/\/syifoundry.com\/wp-content\/uploads\/2015\/06\/SYI-Quality-Control-13.jpg\" alt=\"SYI-Quality-Control-13\" width=\"182\" height=\"136\" \/><\/td>\n<td width=\"192\"><img loading=\"lazy\" decoding=\"async\" class=\"aligncenter size-full wp-image-1187\" src=\"http:\/\/syifoundry.com\/wp-content\/uploads\/2015\/06\/SYI-Quality-Control-10.jpg\" alt=\"SYI-Quality-Control-10\" width=\"182\" height=\"136\" \/><\/td>\n<td width=\"192\"><img loading=\"lazy\" decoding=\"async\" class=\"aligncenter size-full wp-image-1188\" src=\"http:\/\/syifoundry.com\/wp-content\/uploads\/2015\/06\/SYI-Quality-Control-11.jpg\" alt=\"SYI-Quality-Control-11\" width=\"182\" height=\"136\" \/><\/td>\n<\/tr>\n<tr>\n<td>an\u00e1lisis de espectro<\/td>\n<td>El an\u00e1lisis de componentes qu\u00edmicos<\/td>\n<td>prueba de resistencia a la tracci\u00f3n<\/td>\n<td>Micro-structure Test<\/td>\n<td>prueba de dureza<\/td>\n<\/tr>\n<tr>\n<td><img loading=\"lazy\" decoding=\"async\" class=\"aligncenter size-full wp-image-1193\" src=\"http:\/\/syifoundry.com\/wp-content\/uploads\/2015\/06\/SYI-Quality-Control-121.jpg\" alt=\"SYI-Quality-Control-12\" width=\"182\" height=\"136\" \/><\/td>\n<td><img loading=\"lazy\" decoding=\"async\" class=\"aligncenter size-full wp-image-1186\" src=\"http:\/\/syifoundry.com\/wp-content\/uploads\/2015\/06\/SYI-Quality-Control-09.jpg\" alt=\"SYI-Quality-Control-09\" width=\"182\" height=\"136\" \/><\/td>\n<td><img loading=\"lazy\" decoding=\"async\" class=\"aligncenter size-full wp-image-1182\" src=\"http:\/\/syifoundry.com\/wp-content\/uploads\/2015\/06\/SYI-Quality-Control-05.jpg\" alt=\"SYI-Quality-Control-05\" width=\"182\" height=\"136\" \/><\/td>\n<td><img loading=\"lazy\" decoding=\"async\" class=\"aligncenter size-full wp-image-1183\" src=\"http:\/\/syifoundry.com\/wp-content\/uploads\/2015\/06\/SYI-Quality-Control-06.jpg\" alt=\"SYI-Quality-Control-06\" width=\"182\" height=\"136\" \/><\/td>\n<td><img loading=\"lazy\" decoding=\"async\" class=\"aligncenter size-full wp-image-1185\" src=\"http:\/\/syifoundry.com\/wp-content\/uploads\/2015\/06\/SYI-Quality-Control-08.jpg\" alt=\"SYI-Quality-Control-08\" width=\"182\" height=\"136\" \/><\/td>\n<\/tr>\n<tr>\n<td>la medici\u00f3n de espesores de recubrimiento<\/td>\n<td>PT (ensayo de penetraci\u00f3n)<\/td>\n<td>la prueba de presi\u00f3n hidr\u00e1ulica<\/td>\n<td>deformaci\u00f3n permanente y la prueba de carga<\/td>\n<td>experimento de prensa anillo<\/td>\n<\/tr>\n<tr>\n<td><img loading=\"lazy\" decoding=\"async\" class=\"aligncenter size-full wp-image-1184\" src=\"http:\/\/syifoundry.com\/wp-content\/uploads\/2015\/06\/SYI-Quality-Control-07.jpg\" alt=\"SYI-Quality-Control-07\" width=\"182\" height=\"136\" \/><\/td>\n<td><img loading=\"lazy\" decoding=\"async\" class=\"aligncenter size-full wp-image-1179\" src=\"http:\/\/syifoundry.com\/wp-content\/uploads\/2015\/06\/SYI-Quality-Control-02.jpg\" alt=\"SYI-Quality-Control-02\" width=\"182\" height=\"136\" \/><\/td>\n<td><img loading=\"lazy\" decoding=\"async\" class=\"aligncenter size-full wp-image-1178\" src=\"http:\/\/syifoundry.com\/wp-content\/uploads\/2015\/06\/SYI-Quality-Control-01.jpg\" alt=\"SYI-Quality-Control-01\" width=\"182\" height=\"136\" \/><\/td>\n<td style=\"text-align: center;\"><img loading=\"lazy\" decoding=\"async\" class=\"aligncenter size-full wp-image-1177\" src=\"http:\/\/syifoundry.com\/wp-content\/uploads\/2015\/06\/SYI-Quality-Control-00.jpg\" alt=\"SYI-Quality-Control-00\" width=\"182\" height=\"136\" \/><\/td>\n<td><img loading=\"lazy\" decoding=\"async\" class=\"aligncenter size-full wp-image-1180\" src=\"http:\/\/syifoundry.com\/wp-content\/uploads\/2015\/06\/SYI-Quality-Control-03.jpg\" alt=\"SYI-Quality-Control-03\" width=\"182\" height=\"136\" \/><\/td>\n<\/tr>\n<tr>\n<td>prueba de impacto<\/td>\n<td>prueba de polvo magn\u00e9tico<\/td>\n<td>3D DI mencionar medici\u00f3n AL<\/td>\n<td>medici\u00f3n de la rugosidad superficial<\/td>\n<td>sonido supers\u00f3nico<\/td>\n<\/tr>\n<\/tbody>\n<\/table>\n<p><\/p>","protected":false},"excerpt":{"rendered":"<p>*\u00a0\u00a0ISO 9001:2008 sistema de gesti\u00f3n de la calidad *\u00a0\u00a0Inspection System: autoinspecci\u00f3n% 2C inspecci\u00f3n mutua y la inspecci\u00f3n profesional *\u00a0 inspecci\u00f3n general de calidad: materias primas inspecci\u00f3n de entrada% 2CS EMI-acabados de inspecci\u00f3n de pruebas% 2C muestra de prueba% 2C productos&#8230;<br \/><a class=\"read-more-button\" href=\"https:\/\/syifoundry.com\/pt\/quality-control-2\/\">Read more<\/a><\/p>\n","protected":false},"author":1,"featured_media":0,"parent":0,"menu_order":0,"comment_status":"closed","ping_status":"closed","template":"template-full-width.php","meta":{"footnotes":""},"class_list":["post-451","page","type-page","status-publish","hentry"],"_links":{"self":[{"href":"https:\/\/syifoundry.com\/pt\/wp-json\/wp\/v2\/pages\/451","targetHints":{"allow":["GET"]}}],"collection":[{"href":"https:\/\/syifoundry.com\/pt\/wp-json\/wp\/v2\/pages"}],"about":[{"href":"https:\/\/syifoundry.com\/pt\/wp-json\/wp\/v2\/types\/page"}],"author":[{"embeddable":true,"href":"https:\/\/syifoundry.com\/pt\/wp-json\/wp\/v2\/users\/1"}],"replies":[{"embeddable":true,"href":"https:\/\/syifoundry.com\/pt\/wp-json\/wp\/v2\/comments?post=451"}],"version-history":[{"count":9,"href":"https:\/\/syifoundry.com\/pt\/wp-json\/wp\/v2\/pages\/451\/revisions"}],"predecessor-version":[{"id":1135,"href":"https:\/\/syifoundry.com\/pt\/wp-json\/wp\/v2\/pages\/451\/revisions\/1135"}],"wp:attachment":[{"href":"https:\/\/syifoundry.com\/pt\/wp-json\/wp\/v2\/media?parent=451"}],"curies":[{"name":"wp","href":"https:\/\/api.w.org\/{rel}","templated":true}]}}