{"id":485,"date":"2015-07-20T17:01:37","date_gmt":"2015-07-20T09:01:37","guid":{"rendered":"http:\/\/syifoundry.com\/?page_id=485"},"modified":"2017-06-13T09:28:21","modified_gmt":"2017-06-13T01:28:21","slug":"b125-class-light-duty","status":"publish","type":"page","link":"https:\/\/syifoundry.com\/pt\/products-2\/manhole-covers\/b125-class-light-duty\/","title":{"rendered":"Clase B125 (de poca potencia)"},"content":{"rendered":"<p><img loading=\"lazy\" decoding=\"async\" class=\"size-full wp-image-479 aligncenter\" src=\"http:\/\/syifoundry.com\/wp-content\/uploads\/2015\/07\/manhole-cover-class-B125.jpg\" alt=\"manhole-cover-class-B125\" width=\"720\" height=\"240\" data-id=\"479\" srcset=\"https:\/\/syifoundry.com\/wp-content\/uploads\/2015\/07\/manhole-cover-class-B125.jpg 720w, https:\/\/syifoundry.com\/wp-content\/uploads\/2015\/07\/manhole-cover-class-B125-300x100.jpg 300w\" sizes=\"auto, (max-width: 720px) 100vw, 720px\" \/><br \/>\n<span style=\"color: #b04b87;\"><strong><span style=\"color: #009944;\">1) S\u00f3lido cubierta de la serie<img loading=\"lazy\" decoding=\"async\" class=\"alignright size-full wp-image-566\" src=\"http:\/\/syifoundry.com\/wp-content\/uploads\/2015\/07\/B-manhole-cover01.jpg\" alt=\"B-manhole-cover01\" width=\"234\" height=\"127\" \/><\/span><br \/>\n<\/strong><\/span><\/p>\n<p style=\"padding-left: 30px;\">* Hierro d\u00factil<br \/>\n* Central de elevaci\u00f3n Key Hole<br \/>\n* Cut-Dise\u00f1o de la esquina<br \/>\n* Diamond levant\u00f3 la tapa del dise\u00f1o<br \/>\n<span style=\"color: #009944;\">Algunos tipos vienen con placa de sellado GRP.\u00a0<\/span><\/p>\n<p>&nbsp;<\/p>\n<p><span style=\"color: #b04b87;\"><strong><span style=\"color: #009944;\">2) Serie ahuecada de la cubierta<img loading=\"lazy\" decoding=\"async\" class=\"alignright size-full wp-image-567\" src=\"http:\/\/syifoundry.com\/wp-content\/uploads\/2015\/07\/B-manhole-cover02.jpg\" alt=\"B-manhole-cover02\" width=\"234\" height=\"127\" \/><\/span><br \/>\n<\/strong><\/span><\/p>\n<p style=\"padding-left: 30px;\">* Hierro d\u00factil<br \/>\n* Doble Sellado<br \/>\n* Cubierta empotrable para relleno de hormig\u00f3n<br \/>\n* Placa de GRP es opcional<br \/>\n<span style=\"color: #009944;\">Algunos tipos vienen con placa de sellado GRP.<\/span><\/p>\n<p>&nbsp;<\/p>\n<p><strong><span style=\"color: #b04b87;\"><span style=\"color: #009944;\">3)Doble Covers Series<img loading=\"lazy\" decoding=\"async\" class=\"alignright size-full wp-image-568\" src=\"http:\/\/syifoundry.com\/wp-content\/uploads\/2015\/07\/B-manhole-cover03.jpg\" alt=\"B-manhole-cover03\" width=\"234\" height=\"127\" \/><br \/>\n<\/span><\/span><\/strong><\/p>\n<p style=\"padding-left: 30px;\">* Hierro d\u00factil<br \/>\n* Cubiertas dobles (con tapa de inspecci\u00f3n)<br \/>\n* Especial inscripci\u00f3n o identificaci\u00f3n diferente est\u00e1 disponible<\/p>\n<p>&nbsp;<\/p>\n<p><strong><span style=\"color: #fe0000;\">La mayor\u00eda de los tama\u00f1os est\u00e1ndar est\u00e1n disponibles.<\/span><\/strong><\/p>","protected":false},"excerpt":{"rendered":"<p>1) S\u00f3lido cubierta de la serie * Hierro d\u00factil * Central de elevaci\u00f3n Key Hole * Cut-Dise\u00f1o de la esquina * Diamond levant\u00f3 la tapa del dise\u00f1o Algunos tipos vienen con placa de sellado GRP.\u00a0 &nbsp; 2) Serie ahuecada de&#8230;<br \/><a class=\"read-more-button\" href=\"https:\/\/syifoundry.com\/pt\/products-2\/manhole-covers\/b125-class-light-duty\/\">Read more<\/a><\/p>\n","protected":false},"author":1,"featured_media":0,"parent":211,"menu_order":0,"comment_status":"closed","ping_status":"closed","template":"","meta":{"footnotes":""},"class_list":["post-485","page","type-page","status-publish","hentry"],"_links":{"self":[{"href":"https:\/\/syifoundry.com\/pt\/wp-json\/wp\/v2\/pages\/485","targetHints":{"allow":["GET"]}}],"collection":[{"href":"https:\/\/syifoundry.com\/pt\/wp-json\/wp\/v2\/pages"}],"about":[{"href":"https:\/\/syifoundry.com\/pt\/wp-json\/wp\/v2\/types\/page"}],"author":[{"embeddable":true,"href":"https:\/\/syifoundry.com\/pt\/wp-json\/wp\/v2\/users\/1"}],"replies":[{"embeddable":true,"href":"https:\/\/syifoundry.com\/pt\/wp-json\/wp\/v2\/comments?post=485"}],"version-history":[{"count":22,"href":"https:\/\/syifoundry.com\/pt\/wp-json\/wp\/v2\/pages\/485\/revisions"}],"predecessor-version":[{"id":1284,"href":"https:\/\/syifoundry.com\/pt\/wp-json\/wp\/v2\/pages\/485\/revisions\/1284"}],"up":[{"embeddable":true,"href":"https:\/\/syifoundry.com\/pt\/wp-json\/wp\/v2\/pages\/211"}],"wp:attachment":[{"href":"https:\/\/syifoundry.com\/pt\/wp-json\/wp\/v2\/media?parent=485"}],"curies":[{"name":"wp","href":"https:\/\/api.w.org\/{rel}","templated":true}]}}