{"id":487,"date":"2015-07-20T17:02:02","date_gmt":"2015-07-20T09:02:02","guid":{"rendered":"http:\/\/syifoundry.com\/?page_id=487"},"modified":"2017-06-13T09:30:31","modified_gmt":"2017-06-13T01:30:31","slug":"c250-class-medium-duty","status":"publish","type":"page","link":"https:\/\/syifoundry.com\/pt\/products-2\/manhole-covers\/c250-class-medium-duty\/","title":{"rendered":"Clase C250 (prestaciones medias)"},"content":{"rendered":"<p><\/p>\n<p style=\"text-align: left;\"><img loading=\"lazy\" decoding=\"async\" class=\"wp-image-480 size-full aligncenter\" src=\"http:\/\/syifoundry.com\/wp-content\/uploads\/2015\/07\/manhole-cover-class-C250.jpg\" alt=\"\" width=\"720\" height=\"240\" data-id=\"481\" srcset=\"https:\/\/syifoundry.com\/wp-content\/uploads\/2015\/07\/manhole-cover-class-C250.jpg 720w, https:\/\/syifoundry.com\/wp-content\/uploads\/2015\/07\/manhole-cover-class-C250-300x100.jpg 300w\" sizes=\"auto, (max-width: 720px) 100vw, 720px\" \/><\/p>\n<p><span style=\"color: #b04b87;\"><strong><span style=\"color: #e60013;\">1) S\u00f3lido cubierta de la serie<\/span><br \/>\n<\/strong><\/span><\/p>\n<p style=\"padding-left: 30px;\">* Hierro d\u00factil<br \/>\n<img loading=\"lazy\" decoding=\"async\" class=\"alignright wp-image-577\" src=\"http:\/\/syifoundry.com\/wp-content\/uploads\/2015\/07\/C-manhole-cover01.jpg\" alt=\"C-manhole-cover01\" width=\"203\" height=\"110\" \/>* Ojo de la cerradura central de elevaci\u00f3n<br \/>\n* Cut-Dise\u00f1o de la esquina<br \/>\n* Diamond levant\u00f3 la tapa del dise\u00f1o<br \/>\n<span style=\"color: #e60013;\">Algunos tipos vienen con placa de sellado GRP.<\/span><\/p>\n<p>&nbsp;<\/p>\n<p><span style=\"color: #b04b87;\"><strong><span style=\"color: #e60013;\">2) Serie ahuecada de la cubierta<\/span><img loading=\"lazy\" decoding=\"async\" class=\"alignright wp-image-578\" src=\"http:\/\/syifoundry.com\/wp-content\/uploads\/2015\/07\/C-manhole-cover02.jpg\" alt=\"C-manhole-cover02\" width=\"203\" height=\"110\" \/><br \/>\n<\/strong><\/span><\/p>\n<p style=\"padding-left: 30px;\">* Hierro d\u00factil<br \/>\n* Agujeros de levantamiento clave<br \/>\n* Cubierta empotrada<\/p>\n<p>&nbsp;<\/p>\n<p><strong><span style=\"color: #b04b87;\"><span style=\"color: #e60013;\">3) Serie de elevaci\u00f3n central<img loading=\"lazy\" decoding=\"async\" class=\"alignright wp-image-579\" src=\"http:\/\/syifoundry.com\/wp-content\/uploads\/2015\/07\/C-manhole-cover03.jpg\" alt=\"C-manhole-cover03\" width=\"203\" height=\"110\" \/><\/span><\/span><\/strong><\/p>\n<p style=\"padding-left: 30px;\">* Hierro d\u00factil<br \/>\n* Ojo de la cerradura central de elevaci\u00f3n<br \/>\n* Especial inscripci\u00f3n o identificaci\u00f3n diferente est\u00e1 disponible.<\/p>\n<p>&nbsp;<\/p>\n<p><strong><span style=\"color: #b04b87;\"><span style=\"color: #e60013;\">4) Serie Cubierta Redonda<img loading=\"lazy\" decoding=\"async\" class=\"alignright wp-image-580\" src=\"http:\/\/syifoundry.com\/wp-content\/uploads\/2015\/07\/C-manhole-cover04.jpg\" alt=\"C-manhole-cover04\" width=\"203\" height=\"110\" \/><\/span><br \/>\n<\/span><\/strong><\/p>\n<p style=\"padding-left: 30px;\">* Hierro d\u00factil<br \/>\n* Cubierta Redonda + Ciclo \/ Marco cuadrado<br \/>\n* Con \/ sin Bisagra<br \/>\n* PE con la junta<\/p>\n<p><span style=\"color: #fe0000;\">La mayor\u00eda de los tama\u00f1os est\u00e1ndar est\u00e1n disponibles.<\/span><br \/>\nPregunta EFS representantes de ventas para m\u00e1s detalles en <a href=\"mailto:info@syifoundry.com\">info@syifoundry.com<\/a><span style=\"color: #b04b87;\">.<\/span><\/p>","protected":false},"excerpt":{"rendered":"<p>1) S\u00f3lido cubierta de la serie * Hierro d\u00factil * Ojo de la cerradura central de elevaci\u00f3n * Cut-Dise\u00f1o de la esquina * Diamond levant\u00f3 la tapa del dise\u00f1o Algunos tipos vienen con placa de sellado GRP. &nbsp; 2) Serie&#8230;<br \/><a class=\"read-more-button\" href=\"https:\/\/syifoundry.com\/pt\/products-2\/manhole-covers\/c250-class-medium-duty\/\">Read more<\/a><\/p>\n","protected":false},"author":1,"featured_media":0,"parent":211,"menu_order":0,"comment_status":"closed","ping_status":"closed","template":"","meta":{"footnotes":""},"class_list":["post-487","page","type-page","status-publish","hentry"],"_links":{"self":[{"href":"https:\/\/syifoundry.com\/pt\/wp-json\/wp\/v2\/pages\/487","targetHints":{"allow":["GET"]}}],"collection":[{"href":"https:\/\/syifoundry.com\/pt\/wp-json\/wp\/v2\/pages"}],"about":[{"href":"https:\/\/syifoundry.com\/pt\/wp-json\/wp\/v2\/types\/page"}],"author":[{"embeddable":true,"href":"https:\/\/syifoundry.com\/pt\/wp-json\/wp\/v2\/users\/1"}],"replies":[{"embeddable":true,"href":"https:\/\/syifoundry.com\/pt\/wp-json\/wp\/v2\/comments?post=487"}],"version-history":[{"count":23,"href":"https:\/\/syifoundry.com\/pt\/wp-json\/wp\/v2\/pages\/487\/revisions"}],"predecessor-version":[{"id":1294,"href":"https:\/\/syifoundry.com\/pt\/wp-json\/wp\/v2\/pages\/487\/revisions\/1294"}],"up":[{"embeddable":true,"href":"https:\/\/syifoundry.com\/pt\/wp-json\/wp\/v2\/pages\/211"}],"wp:attachment":[{"href":"https:\/\/syifoundry.com\/pt\/wp-json\/wp\/v2\/media?parent=487"}],"curies":[{"name":"wp","href":"https:\/\/api.w.org\/{rel}","templated":true}]}}