{"id":489,"date":"2015-07-20T17:02:26","date_gmt":"2015-07-20T09:02:26","guid":{"rendered":"http:\/\/syifoundry.com\/?page_id=489"},"modified":"2017-06-13T09:35:54","modified_gmt":"2017-06-13T01:35:54","slug":"d400-class-heavy-duty","status":"publish","type":"page","link":"https:\/\/syifoundry.com\/pt\/products-2\/manhole-covers\/d400-class-heavy-duty\/","title":{"rendered":"Clase D400 (Heavy Duty)"},"content":{"rendered":"<p><\/p>\n<p style=\"text-align: left;\"><img loading=\"lazy\" decoding=\"async\" class=\"size-full wp-image-481 aligncenter\" src=\"http:\/\/syifoundry.com\/wp-content\/uploads\/2015\/07\/manhole-cover-class-D400-02.jpg\" alt=\"manhole-cover-class-D400-02\" width=\"720\" height=\"240\" data-id=\"481\" srcset=\"https:\/\/syifoundry.com\/wp-content\/uploads\/2015\/07\/manhole-cover-class-D400-02.jpg 720w, https:\/\/syifoundry.com\/wp-content\/uploads\/2015\/07\/manhole-cover-class-D400-02-300x100.jpg 300w\" sizes=\"auto, (max-width: 720px) 100vw, 720px\" \/><\/p>\n<p><span style=\"color: #b04b87;\"><strong>1) S\u00f3lido cubierta de la serie<img loading=\"lazy\" decoding=\"async\" class=\"alignright size-full wp-image-507\" src=\"http:\/\/syifoundry.com\/wp-content\/uploads\/2015\/07\/manhole-cover04.jpg\" alt=\"manhole-cover04\" width=\"234\" height=\"127\" data-id=\"507\" \/><\/strong><\/span><\/p>\n<p style=\"padding-left: 30px;\">* Hierro d\u00factil<br \/>\n* Dos Ojos de la cerradura de elevaci\u00f3n<br \/>\n* Cut-Corner Design (cubiertas de las esquinas regular tambi\u00e9n est\u00e1n disponibles)<br \/>\n* Diamond levant\u00f3 la tapa del dise\u00f1o<\/p>\n<p>&nbsp;<\/p>\n<p><span style=\"color: #b04b87;\"><strong>2) Serie Doble Sellado<img loading=\"lazy\" decoding=\"async\" class=\"alignright size-full wp-image-508\" src=\"http:\/\/syifoundry.com\/wp-content\/uploads\/2015\/07\/manhole-cover05.jpg\" alt=\"manhole-cover05\" width=\"234\" height=\"127\" data-id=\"508\" \/><\/strong><\/span><\/p>\n<p style=\"padding-left: 30px;\">* Hierro d\u00factil<br \/>\n* Doble Sellado<br \/>\n* 2 agujeros de levantamiento clave<br \/>\n* Cut-Corner Design (cubiertas de las esquinas regular tambi\u00e9n est\u00e1n disponibles)<br \/>\n<span style=\"color: #b04b87;\">Algunos tipos vienen con placa de sellado GRP.<\/span><\/p>\n<p>&nbsp;<\/p>\n<p><strong><span style=\"color: #b04b87;\">3) Serie Doble triangular<a href=\"http:\/\/syifoundry.com\/wp-content\/uploads\/2015\/07\/manhole-cover06.jpg\"><img loading=\"lazy\" decoding=\"async\" class=\"alignright size-large wp-image-509\" src=\"http:\/\/syifoundry.com\/wp-content\/uploads\/2015\/07\/manhole-cover06.jpg\" alt=\"manhole-cover06\" width=\"234\" height=\"127\" data-id=\"509\" \/><\/a><\/span><\/strong><\/p>\n<p style=\"padding-left: 30px;\">* Hierro d\u00factil<br \/>\n* Doble triangular<br \/>\n* Plato cuadrado levant\u00f3 la tapa del dise\u00f1o<br \/>\n* Especial inscripci\u00f3n o identificaci\u00f3n diferente est\u00e1 disponible<\/p>\n<p>&nbsp;<\/p>\n<p><strong><span style=\"color: #b04b87;\">4) Serie Cubierta Redonda<\/span><\/strong><\/p>\n<p style=\"padding-left: 30px;\">* Hierro d\u00factil<br \/>\n<img loading=\"lazy\" decoding=\"async\" class=\"alignright size-full wp-image-510\" src=\"http:\/\/syifoundry.com\/wp-content\/uploads\/2015\/07\/manhole-cover07.jpg\" alt=\"manhole-cover07\" width=\"234\" height=\"127\" data-id=\"510\" \/>\u00a0* Especial inscripci\u00f3n o identificaci\u00f3n diferente est\u00e1 disponible<br \/>\n<span style=\"color: #fe0000;\">Marcos redondos, cuadrados y marcos de cuadros octogonales est\u00e1n disponibles.<\/span><br \/>\n<span style=\"color: #b04b87;\">Algunos tipos vienen con placa de sellado GRP.<\/span><\/p>\n<p><\/p>","protected":false},"excerpt":{"rendered":"<p>1) S\u00f3lido cubierta de la serie * Hierro d\u00factil * Dos Ojos de la cerradura de elevaci\u00f3n * Cut-Corner Design (cubiertas de las esquinas regular tambi\u00e9n est\u00e1n disponibles) * Diamond levant\u00f3 la tapa del dise\u00f1o &nbsp; 2) Serie Doble Sellado&#8230;<br \/><a class=\"read-more-button\" href=\"https:\/\/syifoundry.com\/pt\/products-2\/manhole-covers\/d400-class-heavy-duty\/\">Read more<\/a><\/p>\n","protected":false},"author":1,"featured_media":0,"parent":211,"menu_order":0,"comment_status":"closed","ping_status":"closed","template":"","meta":{"footnotes":""},"class_list":["post-489","page","type-page","status-publish","hentry"],"_links":{"self":[{"href":"https:\/\/syifoundry.com\/pt\/wp-json\/wp\/v2\/pages\/489","targetHints":{"allow":["GET"]}}],"collection":[{"href":"https:\/\/syifoundry.com\/pt\/wp-json\/wp\/v2\/pages"}],"about":[{"href":"https:\/\/syifoundry.com\/pt\/wp-json\/wp\/v2\/types\/page"}],"author":[{"embeddable":true,"href":"https:\/\/syifoundry.com\/pt\/wp-json\/wp\/v2\/users\/1"}],"replies":[{"embeddable":true,"href":"https:\/\/syifoundry.com\/pt\/wp-json\/wp\/v2\/comments?post=489"}],"version-history":[{"count":16,"href":"https:\/\/syifoundry.com\/pt\/wp-json\/wp\/v2\/pages\/489\/revisions"}],"predecessor-version":[{"id":1303,"href":"https:\/\/syifoundry.com\/pt\/wp-json\/wp\/v2\/pages\/489\/revisions\/1303"}],"up":[{"embeddable":true,"href":"https:\/\/syifoundry.com\/pt\/wp-json\/wp\/v2\/pages\/211"}],"wp:attachment":[{"href":"https:\/\/syifoundry.com\/pt\/wp-json\/wp\/v2\/media?parent=489"}],"curies":[{"name":"wp","href":"https:\/\/api.w.org\/{rel}","templated":true}]}}