{"id":491,"date":"2015-07-20T17:02:50","date_gmt":"2015-07-20T09:02:50","guid":{"rendered":"http:\/\/syifoundry.com\/?page_id=491"},"modified":"2017-06-13T09:44:43","modified_gmt":"2017-06-13T01:44:43","slug":"e600-class-heavy-duty","status":"publish","type":"page","link":"https:\/\/syifoundry.com\/pt\/products-2\/manhole-covers\/e600-class-heavy-duty\/","title":{"rendered":"E600 Clase (Heavy Duty)"},"content":{"rendered":"<p><img loading=\"lazy\" decoding=\"async\" class=\"size-full wp-image-482 aligncenter\" src=\"http:\/\/syifoundry.com\/wp-content\/uploads\/2015\/07\/manhole-cover-class-E600.jpg\" alt=\"manhole-cover-class-E600\" width=\"720\" height=\"240\" data-id=\"482\" srcset=\"https:\/\/syifoundry.com\/wp-content\/uploads\/2015\/07\/manhole-cover-class-E600.jpg 720w, https:\/\/syifoundry.com\/wp-content\/uploads\/2015\/07\/manhole-cover-class-E600-300x100.jpg 300w\" sizes=\"auto, (max-width: 720px) 100vw, 720px\" \/><br \/>\n<span style=\"color: #b04b87;\"><strong><span style=\"color: #dab866;\">1) S\u00f3lido cubierta de la serie<\/span><img loading=\"lazy\" decoding=\"async\" class=\"alignright size-full wp-image-584\" src=\"http:\/\/syifoundry.com\/wp-content\/uploads\/2015\/07\/E-manhole-cover01.jpg\" alt=\"E-manhole-cover01\" width=\"234\" height=\"127\" \/><br \/>\n<\/strong><\/span><\/p>\n<p style=\"padding-left: 30px;\">* Hierro d\u00factil<br \/>\n* Cubierta Redonda + Ciclo \/ Marco cuadrado<br \/>\n* Tipo Bisagra<br \/>\n* PE con la junta<\/p>\n<p><strong><span style=\"color: #ff0000;\">La mayor\u00eda de los tama\u00f1os est\u00e1ndar est\u00e1n disponibles.<\/span><\/strong><br \/>\nPregunta EFS representantes de ventas para m\u00e1s detalles en <a href=\"mailto:info@syifoundry.com\">info@syifoundry.com<\/a><\/p>","protected":false},"excerpt":{"rendered":"<p>1) S\u00f3lido cubierta de la serie * Hierro d\u00factil * Cubierta Redonda + Ciclo \/ Marco cuadrado * Tipo Bisagra * PE con la junta La mayor\u00eda de los tama\u00f1os est\u00e1ndar est\u00e1n disponibles. Pregunta EFS representantes de ventas para m\u00e1s&#8230;<br \/><a class=\"read-more-button\" href=\"https:\/\/syifoundry.com\/pt\/products-2\/manhole-covers\/e600-class-heavy-duty\/\">Read more<\/a><\/p>\n","protected":false},"author":1,"featured_media":0,"parent":211,"menu_order":0,"comment_status":"closed","ping_status":"closed","template":"","meta":{"footnotes":""},"class_list":["post-491","page","type-page","status-publish","hentry"],"_links":{"self":[{"href":"https:\/\/syifoundry.com\/pt\/wp-json\/wp\/v2\/pages\/491","targetHints":{"allow":["GET"]}}],"collection":[{"href":"https:\/\/syifoundry.com\/pt\/wp-json\/wp\/v2\/pages"}],"about":[{"href":"https:\/\/syifoundry.com\/pt\/wp-json\/wp\/v2\/types\/page"}],"author":[{"embeddable":true,"href":"https:\/\/syifoundry.com\/pt\/wp-json\/wp\/v2\/users\/1"}],"replies":[{"embeddable":true,"href":"https:\/\/syifoundry.com\/pt\/wp-json\/wp\/v2\/comments?post=491"}],"version-history":[{"count":21,"href":"https:\/\/syifoundry.com\/pt\/wp-json\/wp\/v2\/pages\/491\/revisions"}],"predecessor-version":[{"id":1315,"href":"https:\/\/syifoundry.com\/pt\/wp-json\/wp\/v2\/pages\/491\/revisions\/1315"}],"up":[{"embeddable":true,"href":"https:\/\/syifoundry.com\/pt\/wp-json\/wp\/v2\/pages\/211"}],"wp:attachment":[{"href":"https:\/\/syifoundry.com\/pt\/wp-json\/wp\/v2\/media?parent=491"}],"curies":[{"name":"wp","href":"https:\/\/api.w.org\/{rel}","templated":true}]}}