{"id":706,"date":"2015-12-02T16:05:27","date_gmt":"2015-12-02T08:05:27","guid":{"rendered":"http:\/\/syifoundry.com\/?page_id=706"},"modified":"2017-06-13T10:11:04","modified_gmt":"2017-06-13T02:11:04","slug":"street-furniture-municipal-castings","status":"publish","type":"page","link":"https:\/\/syifoundry.com\/pt\/products-2\/street-furniture-municipal-castings\/","title":{"rendered":"mobiliario urbano y municipal es de fundici\u00f3n"},"content":{"rendered":"<p><img loading=\"lazy\" decoding=\"async\" class=\"aligncenter size-full wp-image-707\" src=\"http:\/\/syifoundry.com\/wp-content\/uploads\/2015\/12\/Street-Furniture-Municipal-Castings.jpg\" alt=\"Street-Furniture-&amp;-Municipal-Castings\" width=\"740\" height=\"249\" srcset=\"https:\/\/syifoundry.com\/wp-content\/uploads\/2015\/12\/Street-Furniture-Municipal-Castings.jpg 740w, https:\/\/syifoundry.com\/wp-content\/uploads\/2015\/12\/Street-Furniture-Municipal-Castings-300x101.jpg 300w\" sizes=\"auto, (max-width: 740px) 100vw, 740px\" \/><\/p>\n<table border=\"0\" width=\"720\" cellspacing=\"0\" cellpadding=\"20\">\n<tbody>\n<tr bgcolor=\"#00a3ea\">\n<td>\n<h6 style=\"text-align: left;\"><span style=\"color: #ffffff;\">Serie bolardo calle<\/span><\/h6>\n<\/td>\n<\/tr>\n<tr bgcolor=\"#f6f7f7\">\n<td><img loading=\"lazy\" decoding=\"async\" class=\"alignright size-full wp-image-712\" src=\"http:\/\/syifoundry.com\/wp-content\/uploads\/2015\/12\/bollards-syi.jpg\" alt=\"bollards-syi\" width=\"360\" height=\"119\" srcset=\"https:\/\/syifoundry.com\/wp-content\/uploads\/2015\/12\/bollards-syi.jpg 360w, https:\/\/syifoundry.com\/wp-content\/uploads\/2015\/12\/bollards-syi-300x99.jpg 300w\" sizes=\"auto, (max-width: 360px) 100vw, 360px\" \/>SYI ofrece varias gamas de bolardos de la calle, que protegen su propiedad de da\u00f1os a veh\u00edculos de hierro fundido,<br \/>\nHierro d\u00factil, acero inoxidable o aluminio fundido. Algunos tipos vienen con funci\u00f3n de caja de superficie fija como inferior fixator.bollards-ITS de bolardos est\u00e1 enterrado en el piso o el suelo, generalmente en hormig\u00f3n. Algunos tipos pueden ser fijados por pernos a trav\u00e9s de la brida bottom.SYI tambi\u00e9n es capaz de ayudar a nuestros clientes para dise\u00f1ar y fabricar todo tipo de bolardos de acuerdo con cualquiera de sus necesidades.<br \/>\n<img loading=\"lazy\" decoding=\"async\" class=\"aligncenter size-full wp-image-713\" src=\"http:\/\/syifoundry.com\/wp-content\/uploads\/2015\/12\/bollards-syi-1.jpg\" alt=\"bollards-syi-1\" width=\"740\" height=\"217\" srcset=\"https:\/\/syifoundry.com\/wp-content\/uploads\/2015\/12\/bollards-syi-1.jpg 740w, https:\/\/syifoundry.com\/wp-content\/uploads\/2015\/12\/bollards-syi-1-300x88.jpg 300w\" sizes=\"auto, (max-width: 740px) 100vw, 740px\" \/><\/td>\n<\/tr>\n<\/tbody>\n<\/table>\n<table border=\"0\" width=\"720\" cellspacing=\"0\" cellpadding=\"20\">\n<tbody>\n<tr bgcolor=\"#009944\">\n<td>\n<h6 style=\"text-align: left;\"><span style=\"color: #ffffff;\">lanzadera jard\u00edn Ben<\/span><\/h6>\n<\/td>\n<\/tr>\n<tr bgcolor=\"#f6f7f7\">\n<td><img loading=\"lazy\" decoding=\"async\" class=\"alignleft size-full wp-image-714\" src=\"http:\/\/syifoundry.com\/wp-content\/uploads\/2015\/12\/garden-bench.jpg\" alt=\"garden-bench\" width=\"180\" height=\"139\" \/>sy i tiene muchos tipos diferentes de bancos al aire libre y jard\u00edn con brazos de hierro fundido% 2C que han demostrado ser m\u00e1s duradero en ambientes hostiles.<\/p>\n<p>SYI ofrece algunos tipos de bancos al aire libre y jard\u00edn para embellecer su jard\u00edn, parque y calle. Nuestro banco de jard\u00edn de metal ofrece lo mejor de ambos campos en t\u00e9rminos de belleza est\u00e9tica y durabilidad confiable. Nuestro banco de hierro y el jard\u00edn de madera se puede colocar en su jard\u00edn , patio, o cualquier tipo de lugar al aire libre para una experiencia relajante en cualquier momento del d\u00eda.<\/p>\n<p><img loading=\"lazy\" decoding=\"async\" class=\"aligncenter size-full wp-image-716\" src=\"http:\/\/syifoundry.com\/wp-content\/uploads\/2015\/12\/garden-bench-syi-01.jpg\" alt=\"garden-bench-syi-01\" width=\"740\" height=\"81\" srcset=\"https:\/\/syifoundry.com\/wp-content\/uploads\/2015\/12\/garden-bench-syi-01.jpg 740w, https:\/\/syifoundry.com\/wp-content\/uploads\/2015\/12\/garden-bench-syi-01-300x33.jpg 300w\" sizes=\"auto, (max-width: 740px) 100vw, 740px\" \/><\/td>\n<\/tr>\n<\/tbody>\n<\/table>\n<table border=\"0\" width=\"720\" cellspacing=\"0\" cellpadding=\"20\">\n<tbody>\n<tr bgcolor=\"#cc9933\">\n<td>\n<h6 style=\"text-align: left;\"><span style=\"color: #ffffff;\">papelera es<\/span><\/h6>\n<\/td>\n<\/tr>\n<tr bgcolor=\"#f6f7f7\">\n<td><img loading=\"lazy\" decoding=\"async\" class=\"alignleft size-full wp-image-717\" src=\"http:\/\/syifoundry.com\/wp-content\/uploads\/2015\/12\/litter-bins.jpg\" alt=\"litter-bins\" width=\"147\" height=\"210\" \/>SYI de hierro fundido Papelera ha demostrado ser el m\u00e1s duradero en ambientes hostiles. Nuestros contenedores pueden ser equipados con revestimiento de acero recubierto de zinc o un pl\u00e1stico moldeado opcional forro.<\/p>\n<p style=\"padding-left: 90px;\"><span style=\"color: #cc9933;\"><strong>*\u00a0hierro fundido que garantiza a lo largo y vida \u00fatil sin problemas<\/strong><\/span><br \/>\n<span style=\"color: #cc9933;\"> <strong> * Versi\u00f3n abertura superior<\/strong><\/span><br \/>\n<span style=\"color: #cc9933;\"> <strong> * altura: 900 mam\u00e1<\/strong><\/span><br \/>\n<span style=\"color: #cc9933;\"> <strong> * di\u00e1metro de la capacidad: 400 mam\u00e1<\/strong><\/span><br \/>\n<span style=\"color: #cc9933;\"> <strong> * f\u00e1cil instalaci\u00f3n<\/strong><\/span><br \/>\n<span style=\"color: #cc9933;\"> <strong> * acero o forro de pl\u00e1stico disponibles<\/strong><\/span><\/p>\n<\/td>\n<\/tr>\n<\/tbody>\n<\/table>\n<table border=\"0\" width=\"720\" cellspacing=\"0\" cellpadding=\"20\">\n<tbody>\n<tr bgcolor=\"#ae4184\">\n<td>\n<h6 style=\"text-align: left;\"><span style=\"color: #ffffff;\">farolas<\/span><\/h6>\n<\/td>\n<\/tr>\n<tr bgcolor=\"#f6f7f7\">\n<td><img loading=\"lazy\" decoding=\"async\" class=\"aligncenter wp-image-719 size-full\" src=\"http:\/\/syifoundry.com\/wp-content\/uploads\/2015\/12\/Street-light-syi.jpg\" alt=\"\" width=\"740\" height=\"551\" srcset=\"https:\/\/syifoundry.com\/wp-content\/uploads\/2015\/12\/Street-light-syi.jpg 740w, https:\/\/syifoundry.com\/wp-content\/uploads\/2015\/12\/Street-light-syi-300x223.jpg 300w\" sizes=\"auto, (max-width: 740px) 100vw, 740px\" \/><\/td>\n<\/tr>\n<\/tbody>\n<\/table>\n<p><\/p>","protected":false},"excerpt":{"rendered":"<p>Serie bolardo calle SYI ofrece varias gamas de bolardos de la calle, que protegen su propiedad de da\u00f1os a veh\u00edculos de hierro fundido, Hierro d\u00factil, acero inoxidable o aluminio fundido. Algunos tipos vienen con funci\u00f3n de caja de superficie fija&#8230;<br \/><a class=\"read-more-button\" href=\"https:\/\/syifoundry.com\/pt\/products-2\/street-furniture-municipal-castings\/\">Read more<\/a><\/p>\n","protected":false},"author":1,"featured_media":0,"parent":856,"menu_order":0,"comment_status":"closed","ping_status":"closed","template":"","meta":{"footnotes":""},"class_list":["post-706","page","type-page","status-publish","hentry"],"_links":{"self":[{"href":"https:\/\/syifoundry.com\/pt\/wp-json\/wp\/v2\/pages\/706","targetHints":{"allow":["GET"]}}],"collection":[{"href":"https:\/\/syifoundry.com\/pt\/wp-json\/wp\/v2\/pages"}],"about":[{"href":"https:\/\/syifoundry.com\/pt\/wp-json\/wp\/v2\/types\/page"}],"author":[{"embeddable":true,"href":"https:\/\/syifoundry.com\/pt\/wp-json\/wp\/v2\/users\/1"}],"replies":[{"embeddable":true,"href":"https:\/\/syifoundry.com\/pt\/wp-json\/wp\/v2\/comments?post=706"}],"version-history":[{"count":21,"href":"https:\/\/syifoundry.com\/pt\/wp-json\/wp\/v2\/pages\/706\/revisions"}],"predecessor-version":[{"id":1365,"href":"https:\/\/syifoundry.com\/pt\/wp-json\/wp\/v2\/pages\/706\/revisions\/1365"}],"up":[{"embeddable":true,"href":"https:\/\/syifoundry.com\/pt\/wp-json\/wp\/v2\/pages\/856"}],"wp:attachment":[{"href":"https:\/\/syifoundry.com\/pt\/wp-json\/wp\/v2\/media?parent=706"}],"curies":[{"name":"wp","href":"https:\/\/api.w.org\/{rel}","templated":true}]}}