{"id":722,"date":"2015-12-04T15:40:48","date_gmt":"2015-12-04T07:40:48","guid":{"rendered":"http:\/\/syifoundry.com\/?page_id=722"},"modified":"2017-06-13T10:15:36","modified_gmt":"2017-06-13T02:15:36","slug":"garden-bench-2","status":"publish","type":"page","link":"https:\/\/syifoundry.com\/pt\/products-2\/street-furniture-municipal-castings\/garden-bench-2\/","title":{"rendered":"banco de jard\u00edn"},"content":{"rendered":"<p>SYI tiene muchos tipos diferentes de bancos al aire libre y jard\u00edn con brazos de hierro fundido, que han demostrado ser m\u00e1s duradero en ambientes hostiles.<\/p>\n<p>SYI ofrece algunos tipos de exterior y bancos para embellecer su jard\u00edn, parque y calle. Nuestro banco de jard\u00edn de metal ofrece lo mejor de ambos campos en t\u00e9rminos de belleza est\u00e9tica y durabilidad confiable. Nuestro banco de hierro y el jard\u00edn de madera se puede colocar en su jard\u00edn, patio, o cualquier tipo de lugar al aire libre para una experiencia relajante en cualquier momento del d\u00eda.<\/p>\n<table border=\"0\" width=\"720\" cellspacing=\"0\" cellpadding=\"20\">\n<tbody>\n<tr bgcolor=\"#009944\">\n<td>\n<h6 style=\"text-align: left;\">\u00a0<span style=\"color: #ffffff;\">SYI-PB-01<\/span><\/h6>\n<\/td>\n<td>\n<h6 style=\"text-align: left;\">\u00a0<span style=\"color: #ffffff;\">SYI-PB-02<\/span><\/h6>\n<\/td>\n<\/tr>\n<tr bgcolor=\"#ffffff\">\n<td>altura total:\u00a0<span style=\"color: #009944;\">900mm<img loading=\"lazy\" decoding=\"async\" class=\"size-full wp-image-728 alignright\" src=\"http:\/\/syifoundry.com\/wp-content\/uploads\/2015\/12\/garden-bench-syi-02.jpg\" alt=\"garden-bench-syi-02\" width=\"164\" height=\"140\" \/><\/span><\/p>\n<p>altura del asiento: <span style=\"color: #009944;\">400mm<\/span><\/p>\n<p>ancho de la pierna: <span style=\"color: #009944;\">600mm<\/span><\/p>\n<p>anchura del asiento: <span style=\"color: #009944;\">430mm<\/span><\/p>\n<p><strong>Descripci\u00f3n de listones de madera:<\/strong><br \/>\n<span style=\"color: #009944;\">1220x55x30-4 Class 2<\/span><\/td>\n<td>altura total: <span style=\"color: #009944;\">800mm<img loading=\"lazy\" decoding=\"async\" class=\"alignright wp-image-731 size-full\" src=\"http:\/\/syifoundry.com\/wp-content\/uploads\/2015\/12\/garden-bench-syi-03.jpg\" alt=\"\" width=\"164\" height=\"140\" \/><\/span><\/p>\n<p>altura del asiento: <span style=\"color: #009944;\">400mm<\/span><\/p>\n<p>ancho de la pierna: <span style=\"color: #009944;\">600mm<\/span><\/p>\n<p>anchura del asiento: <span style=\"color: #009944;\">430mm<\/span><\/p>\n<p><strong>Descripci\u00f3n de listones de madera:<\/strong><br \/>\n<span style=\"color: #009944;\">600x50x30-7 Class 2<\/span><\/td>\n<\/tr>\n<\/tbody>\n<\/table>\n<table border=\"0\" width=\"720\" cellspacing=\"0\" cellpadding=\"20\">\n<tbody>\n<tr bgcolor=\"#009944\">\n<td>\n<h6 style=\"text-align: left;\">\u00a0<span style=\"color: #ffffff;\">SYI-PB-03<\/span><\/h6>\n<\/td>\n<td>\n<h6 style=\"text-align: left;\">\u00a0<span style=\"color: #ffffff;\">SYI-PB-04<\/span><\/h6>\n<\/td>\n<\/tr>\n<tr bgcolor=\"#ffffff\">\n<td>altura total:\u00a0<span style=\"color: #009944;\">1000mm<img loading=\"lazy\" decoding=\"async\" class=\"alignright wp-image-733 size-full\" src=\"http:\/\/syifoundry.com\/wp-content\/uploads\/2015\/12\/garden-bench-syi-04.jpg\" alt=\"\" width=\"164\" height=\"140\" \/><\/span><\/p>\n<p>altura del asiento: <span style=\"color: #009944;\">400mm<\/span><\/p>\n<p>ancho de la pierna: <span style=\"color: #009944;\">300mm<\/span><\/p>\n<p>anchura del asiento: <span style=\"color: #009944;\">350mm<\/span><\/p>\n<p><strong>Descripci\u00f3n de listones de madera:<\/strong><br \/>\n<span style=\"color: #009944;\">N\/A<\/span><\/td>\n<td>altura total: <span style=\"color: #009944;\">800mm<img loading=\"lazy\" decoding=\"async\" class=\"alignright wp-image-734 size-full\" src=\"http:\/\/syifoundry.com\/wp-content\/uploads\/2015\/12\/garden-bench-syi-05.jpg\" alt=\"\" width=\"164\" height=\"140\" \/><\/span><\/p>\n<p>altura del asiento: <span style=\"color: #009944;\">400mm<\/span><\/p>\n<p>ancho de la pierna: <span style=\"color: #009944;\">600mm<\/span><\/p>\n<p>anchura del asiento: <span style=\"color: #009944;\">460mm<\/span><\/p>\n<p><strong>Descripci\u00f3n de listones de madera:<\/strong><br \/>\n<span style=\"color: #009944;\">1500x55x26-10 Class 2<\/span><\/td>\n<\/tr>\n<\/tbody>\n<\/table>\n<table border=\"0\" width=\"720\" cellspacing=\"0\" cellpadding=\"20\">\n<tbody>\n<tr bgcolor=\"#009944\">\n<td>\n<h6 style=\"text-align: left;\">\u00a0<span style=\"color: #ffffff;\">SYI-PB-05<\/span><\/h6>\n<\/td>\n<td>\n<h6 style=\"text-align: left;\">\u00a0<span style=\"color: #ffffff;\">SYI-PB-06<\/span><\/h6>\n<\/td>\n<\/tr>\n<tr bgcolor=\"#ffffff\">\n<td>altura total:\u00a0<span style=\"color: #009944;\">760mm<img loading=\"lazy\" decoding=\"async\" class=\"alignright wp-image-736 size-full\" src=\"http:\/\/syifoundry.com\/wp-content\/uploads\/2015\/12\/garden-bench-syi-06.jpg\" alt=\"\" width=\"164\" height=\"140\" \/><\/span><\/p>\n<p>altura del asiento: <span style=\"color: #009944;\">400mm<\/span><\/p>\n<p>ancho de la pierna: <span style=\"color: #009944;\">600mm<\/span><\/p>\n<p>anchura del asiento: <span style=\"color: #009944;\">450mm<\/span><\/p>\n<p><strong>Descripci\u00f3n de listones de madera:<\/strong><br \/>\n<span style=\"color: #009944;\">1500\u00d755\u00d726-11 Class 2<\/span><\/td>\n<td>altura total: <span style=\"color: #009944;\">800mm<img loading=\"lazy\" decoding=\"async\" class=\"alignright wp-image-737 size-full\" src=\"http:\/\/syifoundry.com\/wp-content\/uploads\/2015\/12\/garden-bench-syi-07.jpg\" alt=\"\" width=\"164\" height=\"140\" \/><\/span><\/p>\n<p>altura del asiento: <span style=\"color: #009944;\">380mm<\/span><\/p>\n<p>ancho de la pierna: <span style=\"color: #009944;\">600mm<\/span><\/p>\n<p>anchura del asiento: <span style=\"color: #009944;\">500mm<\/span><\/p>\n<p><strong>Descripci\u00f3n de listones de madera:<\/strong><br \/>\n<span style=\"color: #009944;\">1500x55x26-10 Class 2<\/span><\/td>\n<\/tr>\n<\/tbody>\n<\/table>\n<table border=\"0\" width=\"720\" cellspacing=\"0\" cellpadding=\"20\">\n<tbody>\n<tr bgcolor=\"#009944\">\n<td>\n<h6 style=\"text-align: left;\">\u00a0<span style=\"color: #ffffff;\">SYI-PB-07<\/span><\/h6>\n<\/td>\n<td>\n<h6 style=\"text-align: left;\">\u00a0<span style=\"color: #ffffff;\">SYI-PB-08<\/span><\/h6>\n<\/td>\n<\/tr>\n<tr bgcolor=\"#ffffff\">\n<td>altura total:\u00a0<span style=\"color: #009944;\">800mm<img loading=\"lazy\" decoding=\"async\" class=\"alignright wp-image-740 size-full\" src=\"http:\/\/syifoundry.com\/wp-content\/uploads\/2015\/12\/garden-bench-syi-08.jpg\" alt=\"\" width=\"164\" height=\"140\" \/><\/span><\/p>\n<p>altura del asiento: <span style=\"color: #009944;\">380mm<\/span><\/p>\n<p>ancho de la pierna: <span style=\"color: #009944;\">600mm<\/span><\/p>\n<p>anchura del asiento: <span style=\"color: #009944;\">500mm<\/span><\/p>\n<p><strong>Descripci\u00f3n de listones de madera:<\/strong><br \/>\n<span style=\"color: #009944;\">1500\u00d755\u00d726-12 Class 2<\/span><\/td>\n<td>altura total: <span style=\"color: #009944;\">800mm<img loading=\"lazy\" decoding=\"async\" class=\"alignright wp-image-741 size-full\" src=\"http:\/\/syifoundry.com\/wp-content\/uploads\/2015\/12\/garden-bench-syi-09.jpg\" alt=\"\" width=\"164\" height=\"140\" \/><\/span><\/p>\n<p>altura del asiento: <span style=\"color: #009944;\">420mm<\/span><\/p>\n<p>ancho de la pierna: <span style=\"color: #009944;\">900mm<\/span><\/p>\n<p>anchura del asiento: <span style=\"color: #009944;\">450mm<\/span><\/p>\n<p><strong>Descripci\u00f3n de listones de madera:<\/strong><br \/>\n<span style=\"color: #009944;\">1500x55x30-10 Class 2<\/span><\/td>\n<\/tr>\n<\/tbody>\n<\/table>\n<table border=\"0\" width=\"720\" cellspacing=\"0\" cellpadding=\"20\">\n<tbody>\n<tr bgcolor=\"#009944\">\n<td>\n<h6 style=\"text-align: left;\"><span style=\"color: #888888;\"><span style=\"font-size: 16px; font-weight: normal; line-height: 24px;\">\u00a0SYI-PB-09<\/span><\/span><\/h6>\n<\/td>\n<\/tr>\n<tr bgcolor=\"#ffffff\">\n<td><span style=\"font-size: 16px;\">altura total: 650mm<img loading=\"lazy\" decoding=\"async\" class=\"alignright wp-image-742 size-full\" src=\"http:\/\/syifoundry.com\/wp-content\/uploads\/2015\/12\/garden-bench-syi-10.jpg\" alt=\"\" width=\"482\" height=\"140\" srcset=\"https:\/\/syifoundry.com\/wp-content\/uploads\/2015\/12\/garden-bench-syi-10.jpg 482w, https:\/\/syifoundry.com\/wp-content\/uploads\/2015\/12\/garden-bench-syi-10-300x87.jpg 300w\" sizes=\"auto, (max-width: 482px) 100vw, 482px\" \/><\/span><\/p>\n<p><span style=\"font-size: 16px;\">altura del asiento: N\/A<\/span><\/p>\n<p><span style=\"font-size: 16px;\">ancho de la pierna: 600mm<\/span><\/p>\n<p><span style=\"font-size: 16px;\">anchura del asiento: 600mm<\/span><\/p>\n<p><span style=\"font-size: 16px;\">Descripci\u00f3n de listones de madera:<br \/>\n800x55x30-11 Class 2<\/span><\/td>\n<\/tr>\n<\/tbody>\n<\/table>\n<p><\/p>","protected":false},"excerpt":{"rendered":"<p>SYI tiene muchos tipos diferentes de bancos al aire libre y jard\u00edn con brazos de hierro fundido, que han demostrado ser m\u00e1s duradero en ambientes hostiles. SYI ofrece algunos tipos de exterior y bancos para embellecer su jard\u00edn, parque y&#8230;<br \/><a class=\"read-more-button\" href=\"https:\/\/syifoundry.com\/pt\/products-2\/street-furniture-municipal-castings\/garden-bench-2\/\">Read more<\/a><\/p>\n","protected":false},"author":1,"featured_media":0,"parent":706,"menu_order":0,"comment_status":"closed","ping_status":"closed","template":"","meta":{"footnotes":""},"class_list":["post-722","page","type-page","status-publish","hentry"],"_links":{"self":[{"href":"https:\/\/syifoundry.com\/pt\/wp-json\/wp\/v2\/pages\/722","targetHints":{"allow":["GET"]}}],"collection":[{"href":"https:\/\/syifoundry.com\/pt\/wp-json\/wp\/v2\/pages"}],"about":[{"href":"https:\/\/syifoundry.com\/pt\/wp-json\/wp\/v2\/types\/page"}],"author":[{"embeddable":true,"href":"https:\/\/syifoundry.com\/pt\/wp-json\/wp\/v2\/users\/1"}],"replies":[{"embeddable":true,"href":"https:\/\/syifoundry.com\/pt\/wp-json\/wp\/v2\/comments?post=722"}],"version-history":[{"count":28,"href":"https:\/\/syifoundry.com\/pt\/wp-json\/wp\/v2\/pages\/722\/revisions"}],"predecessor-version":[{"id":1376,"href":"https:\/\/syifoundry.com\/pt\/wp-json\/wp\/v2\/pages\/722\/revisions\/1376"}],"up":[{"embeddable":true,"href":"https:\/\/syifoundry.com\/pt\/wp-json\/wp\/v2\/pages\/706"}],"wp:attachment":[{"href":"https:\/\/syifoundry.com\/pt\/wp-json\/wp\/v2\/media?parent=722"}],"curies":[{"name":"wp","href":"https:\/\/api.w.org\/{rel}","templated":true}]}}