{"id":744,"date":"2015-12-04T16:32:25","date_gmt":"2015-12-04T08:32:25","guid":{"rendered":"http:\/\/syifoundry.com\/?page_id=744"},"modified":"2017-06-13T10:26:18","modified_gmt":"2017-06-13T02:26:18","slug":"street-bollard-series","status":"publish","type":"page","link":"https:\/\/syifoundry.com\/pt\/products-2\/street-furniture-municipal-castings\/street-bollard-series\/","title":{"rendered":"serie bolardo calle"},"content":{"rendered":"<p>SYI ofrece varias gamas de bolardos de la calle, que protegen su propiedad de da\u00f1os causados por veh\u00edculos en hierro fundido, hierro d\u00factil, acero inoxidable o aluminio fundido. Algunos tipos vienen con funci\u00f3n de caja de superficie fija como fijador.<\/p>\n<p>parte inferior de bolardos y est\u00e1 enterrado int piso o suelo% 2C generalmente en hormig\u00f3n. algunos tipos podr\u00edan ser fijados por pernos a trav\u00e9s de la parte inferior de la brida.<\/p>\n<p>sy IIS tambi\u00e9n capaces de ayudar a nuestros clientes a dise\u00f1ar y llenas de un conflicto real l tipos de bolardos de acuerdo con alguien la noche de Requisitos.<\/p>\n<p>&nbsp;<\/p>\n<table border=\"0\" width=\"720\" cellspacing=\"0\" cellpadding=\"20\">\n<tbody>\n<tr bgcolor=\"#009944\">\n<td colspan=\"4\">\n<h6 style=\"text-align: left;\">\u00a0<span style=\"color: #ffffff;\">Reparto de la Serie bolardo de hierro (fijo)<\/span><\/h6>\n<\/td>\n<\/tr>\n<tr bgcolor=\"#ffffff\">\n<td><img loading=\"lazy\" decoding=\"async\" class=\"alignleft wp-image-750 size-full\" src=\"http:\/\/syifoundry.com\/wp-content\/uploads\/2015\/12\/bollard-01.jpg\" alt=\"\" width=\"100\" height=\"320\" srcset=\"https:\/\/syifoundry.com\/wp-content\/uploads\/2015\/12\/bollard-01.jpg 100w, https:\/\/syifoundry.com\/wp-content\/uploads\/2015\/12\/bollard-01-94x300.jpg 94w\" sizes=\"auto, (max-width: 100px) 100vw, 100px\" \/><\/td>\n<td>bolardo cl\u00e1sico con surcos y conjunto de versiones de alta visibilidad<\/p>\n<p><img loading=\"lazy\" decoding=\"async\" class=\"alignright wp-image-762 size-full\" src=\"http:\/\/syifoundry.com\/wp-content\/uploads\/2015\/12\/bollard-0101-1.jpg\" alt=\"\" width=\"84\" height=\"182\" \/><\/p>\n<p>opciones de material:<\/p>\n<p>* Para GRE hierro fundido<br \/>\n* El hierro d\u00factil<br \/>\n* Fundici\u00f3n de aluminio<br \/>\n* Recubrimiento de acero fundido:<\/p>\n<p>* Bet\u00fan antiherrumbre<br \/>\n* Pintura epoxi<br \/>\n* Solicitud de Asp y clientes<\/p>\n<p>&nbsp;<\/td>\n<td><img loading=\"lazy\" decoding=\"async\" class=\"aligncenter size-full wp-image-761\" src=\"http:\/\/syifoundry.com\/wp-content\/uploads\/2015\/12\/SYI-Bollards01.jpg\" alt=\"SYI-Bollards01\" width=\"100\" height=\"320\" srcset=\"https:\/\/syifoundry.com\/wp-content\/uploads\/2015\/12\/SYI-Bollards01.jpg 100w, https:\/\/syifoundry.com\/wp-content\/uploads\/2015\/12\/SYI-Bollards01-94x300.jpg 94w\" sizes=\"auto, (max-width: 100px) 100vw, 100px\" \/><\/td>\n<td>hierro fundido \/ balizas de aluminio fundido con base de la brida<\/p>\n<p>opciones de material:<br \/>\n<img loading=\"lazy\" decoding=\"async\" class=\"alignright wp-image-762\" src=\"http:\/\/syifoundry.com\/wp-content\/uploads\/2015\/12\/bollard-0101-1.jpg\" alt=\"bollard-0101-(1)\" width=\"81\" height=\"176\" \/><\/p>\n<p>* Para GRE hierro fundido<br \/>\n* El hierro d\u00factil<br \/>\n* Fundici\u00f3n de aluminio<br \/>\n* Recubrimiento de acero fundido:<\/p>\n<p>* Bet\u00fan antiherrumbre<br \/>\n* Pintura epoxi<br \/>\n* Solicitud de Asp y clientes<\/td>\n<\/tr>\n<tr bgcolor=\"#ffffff\">\n<td><img loading=\"lazy\" decoding=\"async\" class=\"aligncenter size-full wp-image-764\" src=\"http:\/\/syifoundry.com\/wp-content\/uploads\/2015\/12\/SYI-Bollards-03.jpg\" alt=\"SYI-Bollards-03\" width=\"100\" height=\"320\" srcset=\"https:\/\/syifoundry.com\/wp-content\/uploads\/2015\/12\/SYI-Bollards-03.jpg 100w, https:\/\/syifoundry.com\/wp-content\/uploads\/2015\/12\/SYI-Bollards-03-94x300.jpg 94w\" sizes=\"auto, (max-width: 100px) 100vw, 100px\" \/><\/td>\n<td>cl\u00e1sico bolardo de hierro fundido con base de la falda opciones de materiales de dise\u00f1o:<\/p>\n<p><img loading=\"lazy\" decoding=\"async\" class=\"alignright size-full wp-image-766\" src=\"http:\/\/syifoundry.com\/wp-content\/uploads\/2015\/12\/bollard-0101-3.jpg\" alt=\"bollard-0101-3\" width=\"84\" height=\"182\" \/><\/p>\n<p>* Para GRE hierro fundido<br \/>\n* El hierro d\u00factil<br \/>\n* Fundici\u00f3n de aluminio<br \/>\n* Recubrimiento de acero fundido:<\/p>\n<p>* Bet\u00fan antiherrumbre<br \/>\n* Pintura epoxi<br \/>\n* Solicitud de Asp y clientes<\/td>\n<td><img loading=\"lazy\" decoding=\"async\" class=\"aligncenter size-full wp-image-765\" src=\"http:\/\/syifoundry.com\/wp-content\/uploads\/2015\/12\/SYI-Bollards04.jpg\" alt=\"SYI-Bollards04\" width=\"100\" height=\"320\" srcset=\"https:\/\/syifoundry.com\/wp-content\/uploads\/2015\/12\/SYI-Bollards04.jpg 100w, https:\/\/syifoundry.com\/wp-content\/uploads\/2015\/12\/SYI-Bollards04-94x300.jpg 94w\" sizes=\"auto, (max-width: 100px) 100vw, 100px\" \/><\/td>\n<td>bolardo cl\u00e1sico con ranuras decorativas opciones de material:<\/p>\n<p><img loading=\"lazy\" decoding=\"async\" class=\"alignright size-full wp-image-767\" src=\"http:\/\/syifoundry.com\/wp-content\/uploads\/2015\/12\/bollard-0101-4.jpg\" alt=\"bollard-0101-4\" width=\"84\" height=\"182\" \/><\/p>\n<p>* Para GRE hierro fundido<br \/>\n* El hierro d\u00factil<br \/>\n* Fundici\u00f3n de aluminio<br \/>\n* Recubrimiento de acero fundido:<\/p>\n<p>* Bet\u00fan antiherrumbre<br \/>\n* Pintura epoxi<br \/>\n* Solicitud de Asp y clientes<\/td>\n<\/tr>\n<\/tbody>\n<\/table>\n<p>&nbsp;<\/p>\n<table border=\"0\" width=\"720\" cellspacing=\"0\" cellpadding=\"20\">\n<tbody>\n<tr bgcolor=\"#009944\">\n<td colspan=\"4\">\n<h6 style=\"text-align: left;\">\u00a0<span style=\"color: #ffffff;\">Reparto de la Serie bolardo de hierro (extra\u00edble)<\/span><\/h6>\n<\/td>\n<\/tr>\n<tr bgcolor=\"#ffffff\">\n<td><img loading=\"lazy\" decoding=\"async\" class=\"aligncenter wp-image-768 \" src=\"http:\/\/syifoundry.com\/wp-content\/uploads\/2015\/12\/SYI-Bollards05.jpg\" alt=\"\" width=\"88\" height=\"282\" srcset=\"https:\/\/syifoundry.com\/wp-content\/uploads\/2015\/12\/SYI-Bollards05.jpg 100w, https:\/\/syifoundry.com\/wp-content\/uploads\/2015\/12\/SYI-Bollards05-94x300.jpg 94w\" sizes=\"auto, (max-width: 88px) 100vw, 88px\" \/><\/td>\n<td>cl\u00e1sico elenco opciones de materiales bolardos de hierro:<br \/>\n* Para GRE hierro fundido<br \/>\n<img loading=\"lazy\" decoding=\"async\" class=\"alignright wp-image-771 \" src=\"http:\/\/syifoundry.com\/wp-content\/uploads\/2015\/12\/bollard-0101-5.jpg\" alt=\"\" width=\"72\" height=\"124\" \/>* El hierro d\u00factil<br \/>\n* Fundici\u00f3n de aluminio<br \/>\n* Recubrimiento de acero fundido:* Bet\u00fan antiherrumbre<br \/>\n* Pintura epoxi<br \/>\n* Solicitud de Asp y clientes<\/td>\n<td><img loading=\"lazy\" decoding=\"async\" class=\"aligncenter wp-image-769 \" src=\"http:\/\/syifoundry.com\/wp-content\/uploads\/2015\/12\/SYI-Bollards06.jpg\" alt=\"\" width=\"81\" height=\"260\" srcset=\"https:\/\/syifoundry.com\/wp-content\/uploads\/2015\/12\/SYI-Bollards06.jpg 100w, https:\/\/syifoundry.com\/wp-content\/uploads\/2015\/12\/SYI-Bollards06-94x300.jpg 94w\" sizes=\"auto, (max-width: 81px) 100vw, 81px\" \/><\/td>\n<td>cl\u00e1sico elenco opciones de materiales bolardos de hierro:<\/p>\n<p><img loading=\"lazy\" decoding=\"async\" class=\"alignright wp-image-772 \" src=\"http:\/\/syifoundry.com\/wp-content\/uploads\/2015\/12\/bollard-0101-6.jpg\" alt=\"\" width=\"85\" height=\"146\" \/><\/p>\n<p>* Para GRE hierro fundido<br \/>\n* El hierro d\u00factil<br \/>\n* Fundici\u00f3n de aluminio<br \/>\n* Recubrimiento de acero fundido:<\/p>\n<p>* Bet\u00fan antiherrumbre<br \/>\n* Pintura epoxi<br \/>\n* Solicitud de Asp y clientes<\/td>\n<\/tr>\n<tr bgcolor=\"#ffffff\">\n<td><img loading=\"lazy\" decoding=\"async\" class=\"aligncenter wp-image-770 \" src=\"http:\/\/syifoundry.com\/wp-content\/uploads\/2015\/12\/SYI-Bollards07.jpg\" alt=\"\" width=\"92\" height=\"294\" srcset=\"https:\/\/syifoundry.com\/wp-content\/uploads\/2015\/12\/SYI-Bollards07.jpg 100w, https:\/\/syifoundry.com\/wp-content\/uploads\/2015\/12\/SYI-Bollards07-94x300.jpg 94w\" sizes=\"auto, (max-width: 92px) 100vw, 92px\" \/><\/td>\n<td>cl\u00e1sico elenco opciones de materiales bolardos de hierro:<\/p>\n<p><img loading=\"lazy\" decoding=\"async\" class=\"alignright wp-image-773 \" src=\"http:\/\/syifoundry.com\/wp-content\/uploads\/2015\/12\/bollard-0101-7.jpg\" alt=\"\" width=\"65\" height=\"111\" \/><\/p>\n<p>* Para GRE hierro fundido<br \/>\n* El hierro d\u00factil<br \/>\n* Fundici\u00f3n de aluminio<br \/>\n* Recubrimiento de acero fundido:<\/p>\n<p>* Bet\u00fan antiherrumbre<br \/>\n* Pintura epoxi<br \/>\n* Solicitud de Asp y clientes<\/td>\n<td colspan=\"2\"><img loading=\"lazy\" decoding=\"async\" class=\"aligncenter wp-image-779\" src=\"http:\/\/syifoundry.com\/wp-content\/uploads\/2015\/12\/bollard1.jpg\" alt=\"bollard\" width=\"209\" height=\"275\" \/><\/p>\n<p>tipo removible con arreglo a 2C% o tambi\u00e9n unci\u00f3n ing como caja de superficie.<\/td>\n<\/tr>\n<\/tbody>\n<\/table>\n<table border=\"0\" width=\"720\" cellspacing=\"0\" cellpadding=\"20\">\n<tbody>\n<tr bgcolor=\"#009944\">\n<td colspan=\"3\">\n<h6 style=\"text-align: left;\">\u00a0<span style=\"color: #ffffff;\">Serie bolardo de acero<\/span><\/h6>\n<\/td>\n<\/tr>\n<tr bgcolor=\"#ffffff\">\n<td><img loading=\"lazy\" decoding=\"async\" class=\"aligncenter size-full wp-image-775\" src=\"http:\/\/syifoundry.com\/wp-content\/uploads\/2015\/12\/bollard-syi-01.jpg\" alt=\"bollard-syi-01\" width=\"200\" height=\"280\" \/><\/td>\n<td><img loading=\"lazy\" decoding=\"async\" class=\"aligncenter wp-image-782 size-full\" src=\"http:\/\/syifoundry.com\/wp-content\/uploads\/2015\/12\/bollard-syi-002.jpg\" alt=\"\" width=\"200\" height=\"280\" \/><\/td>\n<td><img loading=\"lazy\" decoding=\"async\" class=\"aligncenter size-full wp-image-777\" src=\"http:\/\/syifoundry.com\/wp-content\/uploads\/2015\/12\/bollard-syi-03.jpg\" alt=\"bollard-syi-03\" width=\"200\" height=\"280\" \/><\/td>\n<\/tr>\n<tr bgcolor=\"#ffffff\">\n<td><strong><span style=\"color: #009944;\">SYI-BL-41<\/span><\/strong><\/p>\n<p>bolardo de acero templado con recubrimiento superior esf\u00e9rica:<\/p>\n<p>* Bet\u00fan antiherrumbre<br \/>\n* Pintura epoxi<br \/>\n* Revestimiento epoxi en polvo<br \/>\n* Solicitud de Asp y clientes<\/td>\n<td><strong><span style=\"color: #009944;\">SYI-BL-42<\/span><\/strong><\/p>\n<p>bolardo de acero templado con recubrimiento superior en forma de c\u00fapula y anillado:<\/p>\n<p>* Bet\u00fan antiherrumbre<br \/>\n* Pintura epoxi<br \/>\n* Revestimiento epoxi en polvo<br \/>\n* Solicitud de Asp y clientes<\/td>\n<td><strong><span style=\"color: #009944;\">SYI-BL-45<\/span><\/strong><\/p>\n<p>bolardo removible de acero templado con recubrimiento tapa llana:<\/p>\n<p>* Bet\u00fan antiherrumbre<br \/>\n* Pintura epoxi<br \/>\n* Revestimiento epoxi en polvo<br \/>\n* Solicitud de Asp y clientes<\/td>\n<\/tr>\n<\/tbody>\n<\/table>\n<table border=\"0\" width=\"720\" cellspacing=\"0\" cellpadding=\"20\">\n<tbody>\n<tr bgcolor=\"#009944\">\n<td colspan=\"3\">\n<h6 style=\"text-align: left;\">\u00a0<span style=\"color: #ffffff;\">bolardos de acero inoxidable de la serie (fijo)<\/span><\/h6>\n<\/td>\n<\/tr>\n<tr>\n<td colspan=\"3\"><span style=\"color: #e60012;\">bolardos de acero inoxidable pueden ser el caballo a diferentes requisitos asp altura y clientes.<\/span><\/td>\n<\/tr>\n<tr bgcolor=\"#ffffff\">\n<td><img loading=\"lazy\" decoding=\"async\" class=\"aligncenter wp-image-784 size-full\" src=\"http:\/\/syifoundry.com\/wp-content\/uploads\/2015\/12\/bollard-syi-10.jpg\" alt=\"\" width=\"200\" height=\"280\" \/><\/td>\n<td><img loading=\"lazy\" decoding=\"async\" class=\"aligncenter wp-image-785 size-full\" src=\"http:\/\/syifoundry.com\/wp-content\/uploads\/2015\/12\/bollard-syi-11.jpg\" alt=\"\" width=\"200\" height=\"280\" \/><\/td>\n<td><img loading=\"lazy\" decoding=\"async\" class=\"aligncenter wp-image-786 size-full\" src=\"http:\/\/syifoundry.com\/wp-content\/uploads\/2015\/12\/bollard-syi-12.jpg\" alt=\"\" width=\"200\" height=\"280\" \/><\/td>\n<\/tr>\n<tr bgcolor=\"#ffffff\">\n<td style=\"text-align: center;\"><strong><span style=\"color: #009944;\">Flat Top<\/span><\/strong><\/td>\n<td style=\"text-align: center;\"><strong><span style=\"color: #009944;\">Domed Top<\/span><\/strong><\/td>\n<td style=\"text-align: center;\"><strong><span style=\"color: #009944;\">Slope Top<\/span><\/strong><\/td>\n<\/tr>\n<tr>\n<td colspan=\"3\"><a href=\"http:\/\/syifoundry.com\/wp-content\/uploads\/2015\/12\/bollard-020.jpg\"><img loading=\"lazy\" decoding=\"async\" class=\"size-full wp-image-783 alignleft\" src=\"http:\/\/syifoundry.com\/wp-content\/uploads\/2015\/12\/bollard-020.jpg\" alt=\"bollard-020\" width=\"400\" height=\"201\" srcset=\"https:\/\/syifoundry.com\/wp-content\/uploads\/2015\/12\/bollard-020.jpg 400w, https:\/\/syifoundry.com\/wp-content\/uploads\/2015\/12\/bollard-020-300x151.jpg 300w\" sizes=\"auto, (max-width: 400px) 100vw, 400px\" \/><\/a><strong><span style=\"color: #009944;\">SYI-BL-51<\/span><\/strong><\/p>\n<p>bolardo de acero inoxidable fijo tanto para material de uso en interiores y al aire libre: Mater AL: SS304 o RSS316l dise\u00f1o de la tapa: tapa llana o la parte superior del domo o superior pendiente<\/p>\n<p><span style=\"color: #009944;\">(favor de notificar al dise\u00f1o de la tapa material y con contactos de ventas alguien)<\/span><\/td>\n<\/tr>\n<tr>\n<td colspan=\"3\"><img loading=\"lazy\" decoding=\"async\" class=\"wp-image-787 size-full alignleft\" src=\"http:\/\/syifoundry.com\/wp-content\/uploads\/2015\/12\/bollard-030.jpg\" alt=\"\" width=\"400\" height=\"201\" srcset=\"https:\/\/syifoundry.com\/wp-content\/uploads\/2015\/12\/bollard-030.jpg 400w, https:\/\/syifoundry.com\/wp-content\/uploads\/2015\/12\/bollard-030-300x151.jpg 300w\" sizes=\"auto, (max-width: 400px) 100vw, 400px\" \/><strong><span style=\"color: #009944;\">SYI-BL-52<\/span><\/strong><\/p>\n<p>de acero inoxidable fijo% 2C bolardo especialmente para material de uso al aire libre: Mater AL: SS304 o RSS316l dise\u00f1o de la tapa: tapa llana o la parte superior del domo o superior pendiente<\/p>\n<p><span style=\"color: #009944;\">(favor de notificar al dise\u00f1o de la tapa material y con contactos de ventas alguien)<\/span><\/td>\n<\/tr>\n<tr>\n<td colspan=\"3\"><img loading=\"lazy\" decoding=\"async\" class=\"wp-image-788 size-full alignleft\" src=\"http:\/\/syifoundry.com\/wp-content\/uploads\/2015\/12\/bollard-040.jpg\" alt=\"\" width=\"400\" height=\"201\" srcset=\"https:\/\/syifoundry.com\/wp-content\/uploads\/2015\/12\/bollard-040.jpg 400w, https:\/\/syifoundry.com\/wp-content\/uploads\/2015\/12\/bollard-040-300x151.jpg 300w\" sizes=\"auto, (max-width: 400px) 100vw, 400px\" \/><strong><span style=\"color: #009944;\">SYI-BL-53<\/span><\/strong><\/p>\n<p>bolardo de acero inoxidable fijo tanto para material de uso en interiores y al aire libre: Mater AL: SS304 o RSS316l dise\u00f1o de la tapa: tapa llana o la parte superior del domo o superior pendiente<\/p>\n<p><span style=\"color: #009944;\">(favor de notificar al dise\u00f1o de la tapa material y con contactos de ventas alguien)<\/span><\/td>\n<\/tr>\n<tr>\n<td colspan=\"3\"><img loading=\"lazy\" decoding=\"async\" class=\"wp-image-789 size-full alignleft\" src=\"http:\/\/syifoundry.com\/wp-content\/uploads\/2015\/12\/bollard-050.jpg\" alt=\"\" width=\"400\" height=\"201\" srcset=\"https:\/\/syifoundry.com\/wp-content\/uploads\/2015\/12\/bollard-050.jpg 400w, https:\/\/syifoundry.com\/wp-content\/uploads\/2015\/12\/bollard-050-300x151.jpg 300w\" sizes=\"auto, (max-width: 400px) 100vw, 400px\" \/><strong><span style=\"color: #009944;\">SYI-BL-54<\/span><\/strong><\/p>\n<p>bolardo de acero inoxidable con bridas, tanto para material de uso en interiores y al aire libre: Mater AL: SS304 o RSS316l dise\u00f1o de la tapa: tapa llana o la parte superior del domo o superior pendiente<\/p>\n<p><span style=\"color: #009944;\">(favor de notificar al dise\u00f1o de la tapa material y con contactos de ventas alguien)<\/span><\/td>\n<\/tr>\n<\/tbody>\n<\/table>\n<table border=\"0\" width=\"720\" cellspacing=\"0\" cellpadding=\"20\">\n<tbody>\n<tr bgcolor=\"#009944\">\n<td colspan=\"3\">\n<h6 style=\"text-align: left;\">bolardos de acero inoxidable de la serie (extra\u00edble)<\/h6>\n<\/td>\n<\/tr>\n<tr>\n<td colspan=\"3\">bolardos de acero inoxidable pueden ser el caballo a diferentes requisitos asp altura y clientes.<\/td>\n<\/tr>\n<tr>\n<td colspan=\"3\"><img loading=\"lazy\" decoding=\"async\" class=\"wp-image-790 size-full alignleft\" src=\"http:\/\/syifoundry.com\/wp-content\/uploads\/2015\/12\/bollard-060.jpg\" alt=\"\" width=\"400\" height=\"201\" srcset=\"https:\/\/syifoundry.com\/wp-content\/uploads\/2015\/12\/bollard-060.jpg 400w, https:\/\/syifoundry.com\/wp-content\/uploads\/2015\/12\/bollard-060-300x151.jpg 300w\" sizes=\"auto, (max-width: 400px) 100vw, 400px\" \/><span style=\"color: #009944;\">SYI-BL-55<\/span><\/p>\n<p>Bolardo removible de acero inoxidable para uso en interiores y al aire libre<br \/>\nMaterial: SS304 vs SS316L<br \/>\nTop Design: Flat Top o parte superior de la b\u00f3veda superior o con la pendiente<br \/>\n(Por favor, asesorar el dise\u00f1o de materiales y Top con su contacto de ventas)<\/td>\n<\/tr>\n<\/tbody>\n<\/table>\n<p><\/p>","protected":false},"excerpt":{"rendered":"<p>SYI ofrece varias gamas de bolardos de la calle, que protegen su propiedad de da\u00f1os causados por veh\u00edculos en hierro fundido, hierro d\u00factil, acero inoxidable o aluminio fundido. Algunos tipos vienen con funci\u00f3n de caja de superficie fija como fijador&#8230;.<br \/><a class=\"read-more-button\" href=\"https:\/\/syifoundry.com\/pt\/products-2\/street-furniture-municipal-castings\/street-bollard-series\/\">Read more<\/a><\/p>\n","protected":false},"author":1,"featured_media":0,"parent":706,"menu_order":0,"comment_status":"closed","ping_status":"closed","template":"","meta":{"footnotes":""},"class_list":["post-744","page","type-page","status-publish","hentry"],"_links":{"self":[{"href":"https:\/\/syifoundry.com\/pt\/wp-json\/wp\/v2\/pages\/744","targetHints":{"allow":["GET"]}}],"collection":[{"href":"https:\/\/syifoundry.com\/pt\/wp-json\/wp\/v2\/pages"}],"about":[{"href":"https:\/\/syifoundry.com\/pt\/wp-json\/wp\/v2\/types\/page"}],"author":[{"embeddable":true,"href":"https:\/\/syifoundry.com\/pt\/wp-json\/wp\/v2\/users\/1"}],"replies":[{"embeddable":true,"href":"https:\/\/syifoundry.com\/pt\/wp-json\/wp\/v2\/comments?post=744"}],"version-history":[{"count":30,"href":"https:\/\/syifoundry.com\/pt\/wp-json\/wp\/v2\/pages\/744\/revisions"}],"predecessor-version":[{"id":1403,"href":"https:\/\/syifoundry.com\/pt\/wp-json\/wp\/v2\/pages\/744\/revisions\/1403"}],"up":[{"embeddable":true,"href":"https:\/\/syifoundry.com\/pt\/wp-json\/wp\/v2\/pages\/706"}],"wp:attachment":[{"href":"https:\/\/syifoundry.com\/pt\/wp-json\/wp\/v2\/media?parent=744"}],"curies":[{"name":"wp","href":"https:\/\/api.w.org\/{rel}","templated":true}]}}