{"id":792,"date":"2015-12-08T15:39:39","date_gmt":"2015-12-08T07:39:39","guid":{"rendered":"http:\/\/syifoundry.com\/?page_id=792"},"modified":"2017-07-27T13:19:44","modified_gmt":"2017-07-27T05:19:44","slug":"rainwater-gutters-pipes-accessories","status":"publish","type":"page","link":"https:\/\/syifoundry.com\/pt\/products-2\/street-furniture-municipal-castings\/rainwater-gutters-pipes-accessories\/","title":{"rendered":"Calentadores de agua de lluvia, tuber\u00edas y accesorios"},"content":{"rendered":"<p>Sistema de agua de lluvia se fabrica utilizando procesos de fundici\u00f3n en arena tradicionales en el cumplimiento de los requisitos de BS 460 :. 1964-Cast Iron agua de lluvia mercanc\u00edas Se compone de una serie de perfiles de canalones tradicionales, redondos y tubos cuadrados, y todos los accesorios y los accesorios asociados La gama combina. todo el atractivo visual tradicional de hierro fundido con calidad en el rendimiento y la consistencia.<\/p>\n<p><img loading=\"lazy\" decoding=\"async\" class=\"alignleft size-full wp-image-793\" src=\"http:\/\/syifoundry.com\/wp-content\/uploads\/2015\/12\/01.jpg\" alt=\"01\" width=\"488\" height=\"179\" srcset=\"https:\/\/syifoundry.com\/wp-content\/uploads\/2015\/12\/01.jpg 488w, https:\/\/syifoundry.com\/wp-content\/uploads\/2015\/12\/01-300x110.jpg 300w\" sizes=\"auto, (max-width: 488px) 100vw, 488px\" \/><\/p>","protected":false},"excerpt":{"rendered":"<p>Sistema de agua de lluvia se fabrica utilizando procesos de fundici\u00f3n en arena tradicionales en el cumplimiento de los requisitos de BS 460 :. 1964-Cast Iron agua de lluvia mercanc\u00edas Se compone de una serie de perfiles de canalones tradicionales,&#8230;<br \/><a class=\"read-more-button\" href=\"https:\/\/syifoundry.com\/pt\/products-2\/street-furniture-municipal-castings\/rainwater-gutters-pipes-accessories\/\">Read more<\/a><\/p>\n","protected":false},"author":1,"featured_media":0,"parent":706,"menu_order":0,"comment_status":"closed","ping_status":"closed","template":"","meta":{"footnotes":""},"class_list":["post-792","page","type-page","status-publish","hentry"],"_links":{"self":[{"href":"https:\/\/syifoundry.com\/pt\/wp-json\/wp\/v2\/pages\/792","targetHints":{"allow":["GET"]}}],"collection":[{"href":"https:\/\/syifoundry.com\/pt\/wp-json\/wp\/v2\/pages"}],"about":[{"href":"https:\/\/syifoundry.com\/pt\/wp-json\/wp\/v2\/types\/page"}],"author":[{"embeddable":true,"href":"https:\/\/syifoundry.com\/pt\/wp-json\/wp\/v2\/users\/1"}],"replies":[{"embeddable":true,"href":"https:\/\/syifoundry.com\/pt\/wp-json\/wp\/v2\/comments?post=792"}],"version-history":[{"count":27,"href":"https:\/\/syifoundry.com\/pt\/wp-json\/wp\/v2\/pages\/792\/revisions"}],"predecessor-version":[{"id":1455,"href":"https:\/\/syifoundry.com\/pt\/wp-json\/wp\/v2\/pages\/792\/revisions\/1455"}],"up":[{"embeddable":true,"href":"https:\/\/syifoundry.com\/pt\/wp-json\/wp\/v2\/pages\/706"}],"wp:attachment":[{"href":"https:\/\/syifoundry.com\/pt\/wp-json\/wp\/v2\/media?parent=792"}],"curies":[{"name":"wp","href":"https:\/\/api.w.org\/{rel}","templated":true}]}}