{"id":800,"date":"2015-12-08T15:45:32","date_gmt":"2015-12-08T07:45:32","guid":{"rendered":"http:\/\/syifoundry.com\/?page_id=800"},"modified":"2017-06-13T10:45:56","modified_gmt":"2017-06-13T02:45:56","slug":"tree-gratings-frames","status":"publish","type":"page","link":"https:\/\/syifoundry.com\/pt\/products-2\/street-furniture-municipal-castings\/tree-gratings-frames\/","title":{"rendered":"rejillas de \u00e1rboles y marcos"},"content":{"rendered":"<p>Una variedad de estilos SYI \u00e1rbol Rejas da al dise\u00f1ador una flexibilidad para hacer frente a cualquier situaci\u00f3n. SYI \u00e1rbol rejillas se ofrecen en orden ascendente de tama\u00f1o para hacer que se especifica que mucho m\u00e1s f\u00e1cil.<\/p>\n<p><img loading=\"lazy\" decoding=\"async\" class=\"aligncenter size-full wp-image-801\" src=\"http:\/\/syifoundry.com\/wp-content\/uploads\/2015\/12\/Tree-Gratings-and-Frames01.jpg\" alt=\"Tree Gratings and Frames01\" width=\"487\" height=\"407\" srcset=\"https:\/\/syifoundry.com\/wp-content\/uploads\/2015\/12\/Tree-Gratings-and-Frames01.jpg 487w, https:\/\/syifoundry.com\/wp-content\/uploads\/2015\/12\/Tree-Gratings-and-Frames01-300x251.jpg 300w\" sizes=\"auto, (max-width: 487px) 100vw, 487px\" \/><\/p>\n<p><strong>utilizando material de hierro d\u00factil org Rey hierro 2CW% EA real, de modo capaz de hacer rejillas de \u00e1rboles asp y dise\u00f1o de los clientes.<\/strong><\/p>\n<p><strong>dise\u00f1os compatibles:<\/strong><\/p>\n<p><img loading=\"lazy\" decoding=\"async\" class=\"aligncenter size-full wp-image-802\" src=\"http:\/\/syifoundry.com\/wp-content\/uploads\/2015\/12\/Tree-Gratings-and-Frames02.jpg\" alt=\"Tree Gratings and Frames02\" width=\"487\" height=\"195\" srcset=\"https:\/\/syifoundry.com\/wp-content\/uploads\/2015\/12\/Tree-Gratings-and-Frames02.jpg 487w, https:\/\/syifoundry.com\/wp-content\/uploads\/2015\/12\/Tree-Gratings-and-Frames02-300x120.jpg 300w\" sizes=\"auto, (max-width: 487px) 100vw, 487px\" \/><\/p>\n<p><img loading=\"lazy\" decoding=\"async\" class=\"aligncenter size-full wp-image-803\" src=\"http:\/\/syifoundry.com\/wp-content\/uploads\/2015\/12\/Tree-Gratings-and-Frames03.jpg\" alt=\"Tree Gratings and Frames03\" width=\"487\" height=\"357\" srcset=\"https:\/\/syifoundry.com\/wp-content\/uploads\/2015\/12\/Tree-Gratings-and-Frames03.jpg 487w, https:\/\/syifoundry.com\/wp-content\/uploads\/2015\/12\/Tree-Gratings-and-Frames03-300x220.jpg 300w\" sizes=\"auto, (max-width: 487px) 100vw, 487px\" \/><\/p>","protected":false},"excerpt":{"rendered":"<p>Una variedad de estilos SYI \u00e1rbol Rejas da al dise\u00f1ador una flexibilidad para hacer frente a cualquier situaci\u00f3n. SYI \u00e1rbol rejillas se ofrecen en orden ascendente de tama\u00f1o para hacer que se especifica que mucho m\u00e1s f\u00e1cil. utilizando material de&#8230;<br \/><a class=\"read-more-button\" href=\"https:\/\/syifoundry.com\/pt\/products-2\/street-furniture-municipal-castings\/tree-gratings-frames\/\">Read more<\/a><\/p>\n","protected":false},"author":1,"featured_media":0,"parent":706,"menu_order":0,"comment_status":"closed","ping_status":"closed","template":"","meta":{"footnotes":""},"class_list":["post-800","page","type-page","status-publish","hentry"],"_links":{"self":[{"href":"https:\/\/syifoundry.com\/pt\/wp-json\/wp\/v2\/pages\/800","targetHints":{"allow":["GET"]}}],"collection":[{"href":"https:\/\/syifoundry.com\/pt\/wp-json\/wp\/v2\/pages"}],"about":[{"href":"https:\/\/syifoundry.com\/pt\/wp-json\/wp\/v2\/types\/page"}],"author":[{"embeddable":true,"href":"https:\/\/syifoundry.com\/pt\/wp-json\/wp\/v2\/users\/1"}],"replies":[{"embeddable":true,"href":"https:\/\/syifoundry.com\/pt\/wp-json\/wp\/v2\/comments?post=800"}],"version-history":[{"count":17,"href":"https:\/\/syifoundry.com\/pt\/wp-json\/wp\/v2\/pages\/800\/revisions"}],"predecessor-version":[{"id":1422,"href":"https:\/\/syifoundry.com\/pt\/wp-json\/wp\/v2\/pages\/800\/revisions\/1422"}],"up":[{"embeddable":true,"href":"https:\/\/syifoundry.com\/pt\/wp-json\/wp\/v2\/pages\/706"}],"wp:attachment":[{"href":"https:\/\/syifoundry.com\/pt\/wp-json\/wp\/v2\/media?parent=800"}],"curies":[{"name":"wp","href":"https:\/\/api.w.org\/{rel}","templated":true}]}}