{"id":816,"date":"2015-12-08T16:25:57","date_gmt":"2015-12-08T08:25:57","guid":{"rendered":"http:\/\/syifoundry.com\/?page_id=816"},"modified":"2017-06-13T10:06:44","modified_gmt":"2017-06-13T02:06:44","slug":"resin-sand-castings","status":"publish","type":"page","link":"https:\/\/syifoundry.com\/pt\/products-2\/oem-industrial-castings\/resin-sand-castings\/","title":{"rendered":"moldeo en arena es de resina"},"content":{"rendered":"<p><span style=\"color: #00a1e9;\"><strong>sy i utiliza resina purificada para hacer n\u00facleos de la cubierta de resina y un LD% 2C que produce la fundici\u00f3n es de dimensiones precisas.<\/strong><\/span><br \/>\nsy IIS orgulloso de su posici\u00f3n de liderazgo int y el desarrollo de arena revestida de resina% 2C resina de la c\u00e1scara innovadora y r\u00e9plicas de productos St.<\/p>\n<p><img loading=\"lazy\" decoding=\"async\" class=\"aligncenter size-full wp-image-817\" src=\"http:\/\/syifoundry.com\/wp-content\/uploads\/2015\/12\/Resin-Sand-Castings-01.jpg\" alt=\"Resin-Sand-Castings-01\" width=\"700\" height=\"246\" srcset=\"https:\/\/syifoundry.com\/wp-content\/uploads\/2015\/12\/Resin-Sand-Castings-01.jpg 700w, https:\/\/syifoundry.com\/wp-content\/uploads\/2015\/12\/Resin-Sand-Castings-01-300x105.jpg 300w\" sizes=\"auto, (max-width: 700px) 100vw, 700px\" \/><\/p>\n<p>en d\u00edas mundo ecol\u00f3gico% 2CT proceso y la c\u00e1scara proporciona a los trabajadores que operan numerosas ventajas:<\/p>\n<p>* Esencialmente no formaldeh\u00eddo<br \/>\n<span style=\"color: #009944;\"><img loading=\"lazy\" decoding=\"async\" class=\"alignright wp-image-819\" src=\"http:\/\/syifoundry.com\/wp-content\/uploads\/2015\/12\/Resin-Sand-Castings-03.jpg\" alt=\"Resin-Sand-Castings-03\" width=\"255\" height=\"170\" srcset=\"https:\/\/syifoundry.com\/wp-content\/uploads\/2015\/12\/Resin-Sand-Castings-03.jpg 338w, https:\/\/syifoundry.com\/wp-content\/uploads\/2015\/12\/Resin-Sand-Castings-03-300x201.jpg 300w\" sizes=\"auto, (max-width: 255px) 100vw, 255px\" \/><\/span><span style=\"color: #009944;\"><span style=\"color: #00a1e9;\">* Moldes y n\u00facleos siguen siendo utilizables de forma indefinida y no son afectadas por el almacenamiento de alta humedad.<br \/>\n* Shell n\u00facleos pueden hacerse hueco que resulta en mucho m\u00e1s ligero de peso y n\u00facleos de menor costo.<br \/>\n* N\u00facleos huecos y moldes de c\u00e1scara de peso ligero se queman de manera m\u00e1s completa, y el rendimiento de arenas residuales que contienen menos sustancias org\u00e1nicas.<br \/>\n* N\u00facleos de alta resistencia y moldes de fundici\u00f3n producen con tolerancias dimensionales precisas..<\/span><img loading=\"lazy\" decoding=\"async\" class=\"wp-image-821 alignright\" src=\"http:\/\/syifoundry.com\/wp-content\/uploads\/2015\/12\/Resin-Sand-Castings-04.jpg\" alt=\"Resin-Sand-Castings-04\" width=\"365\" height=\"132\" srcset=\"https:\/\/syifoundry.com\/wp-content\/uploads\/2015\/12\/Resin-Sand-Castings-04.jpg 412w, https:\/\/syifoundry.com\/wp-content\/uploads\/2015\/12\/Resin-Sand-Castings-04-300x108.jpg 300w\" sizes=\"auto, (max-width: 365px) 100vw, 365px\" \/><\/span><\/p>\n<p>El uso de los moldes de c\u00e1scara, casi todas las calidades de material se pueden lograr tales como el hierro d\u00factil, fundici\u00f3n gris, acero al carbono, acero de aleaci\u00f3n, acero de aleaci\u00f3n especial, acero inoxidable y aluminio.<\/p>\n<p><span style=\"color: #00a1e9;\"><strong>Los servicios del OEM est\u00e1n disponibles\uff01<\/strong><\/span><\/p>\n<p><img loading=\"lazy\" decoding=\"async\" class=\"aligncenter size-full wp-image-818\" src=\"http:\/\/syifoundry.com\/wp-content\/uploads\/2015\/12\/Resin-Sand-Castings-02.jpg\" alt=\"Resin-Sand-Castings-02\" width=\"700\" height=\"97\" srcset=\"https:\/\/syifoundry.com\/wp-content\/uploads\/2015\/12\/Resin-Sand-Castings-02.jpg 700w, https:\/\/syifoundry.com\/wp-content\/uploads\/2015\/12\/Resin-Sand-Castings-02-300x42.jpg 300w\" sizes=\"auto, (max-width: 700px) 100vw, 700px\" \/><\/p>","protected":false},"excerpt":{"rendered":"<p>sy i utiliza resina purificada para hacer n\u00facleos de la cubierta de resina y un LD% 2C que produce la fundici\u00f3n es de dimensiones precisas. sy IIS orgulloso de su posici\u00f3n de liderazgo int y el desarrollo de arena revestida&#8230;<br \/><a class=\"read-more-button\" href=\"https:\/\/syifoundry.com\/pt\/products-2\/oem-industrial-castings\/resin-sand-castings\/\">Read more<\/a><\/p>\n","protected":false},"author":1,"featured_media":0,"parent":233,"menu_order":0,"comment_status":"closed","ping_status":"closed","template":"","meta":{"footnotes":""},"class_list":["post-816","page","type-page","status-publish","hentry"],"_links":{"self":[{"href":"https:\/\/syifoundry.com\/pt\/wp-json\/wp\/v2\/pages\/816","targetHints":{"allow":["GET"]}}],"collection":[{"href":"https:\/\/syifoundry.com\/pt\/wp-json\/wp\/v2\/pages"}],"about":[{"href":"https:\/\/syifoundry.com\/pt\/wp-json\/wp\/v2\/types\/page"}],"author":[{"embeddable":true,"href":"https:\/\/syifoundry.com\/pt\/wp-json\/wp\/v2\/users\/1"}],"replies":[{"embeddable":true,"href":"https:\/\/syifoundry.com\/pt\/wp-json\/wp\/v2\/comments?post=816"}],"version-history":[{"count":16,"href":"https:\/\/syifoundry.com\/pt\/wp-json\/wp\/v2\/pages\/816\/revisions"}],"predecessor-version":[{"id":1353,"href":"https:\/\/syifoundry.com\/pt\/wp-json\/wp\/v2\/pages\/816\/revisions\/1353"}],"up":[{"embeddable":true,"href":"https:\/\/syifoundry.com\/pt\/wp-json\/wp\/v2\/pages\/233"}],"wp:attachment":[{"href":"https:\/\/syifoundry.com\/pt\/wp-json\/wp\/v2\/media?parent=816"}],"curies":[{"name":"wp","href":"https:\/\/api.w.org\/{rel}","templated":true}]}}