{"id":825,"date":"2015-12-08T16:34:01","date_gmt":"2015-12-08T08:34:01","guid":{"rendered":"http:\/\/syifoundry.com\/?page_id=825"},"modified":"2024-03-20T14:09:51","modified_gmt":"2024-03-20T06:09:51","slug":"investment-precision-lost-wax-castings","status":"publish","type":"page","link":"https:\/\/syifoundry.com\/pt\/products-2\/oem-industrial-castings\/investment-precision-lost-wax-castings\/","title":{"rendered":"inversi\u00f3n \/ precisi\u00f3n \/ fundici\u00f3n a la cera perdida es"},"content":{"rendered":"<p><span style=\"color: #00a1e9;\"><strong>proceso de colada<\/strong><\/span><br \/>\nsilicato de sodio \/ vaso de agua y sol de s\u00edlice<\/p>\n<p><span style=\"color: #00a1e9;\"><strong>material de fundici\u00f3n<\/strong><\/span><br \/>\nArbon acero: 1020, 1025;<br \/>\nAleaci\u00f3n de acero: 4135, 4143 y 8620;<br \/>\nAcero inoxidable: 303, 304, 304L, 316, 316, 410, 431 y 318;<br \/>\nResistente al calor de acero: GX40CrNiSi2512, GX15CrNiSi 2520, 2520 y GX40CrNiSi GX40 CrNiSi 3525.<\/p>\n<p><span style=\"color: #00a1e9;\"><strong>fundici\u00f3n de grado de tolerancia<\/strong><\/span><br \/>\nsilicato \/ agua de sodio vidrio: CT7-9<br \/>\ns\u00edlice Sol: CT4-6<\/p>\n<p><span style=\"color: #00a1e9;\"><strong>operaciones de mecanizado posteriores despu\u00e9s de la colada.<\/strong><\/span><\/p>\n<p><span style=\"color: #00a1e9;\"><strong>operaciones de mecanizado posteriores despu\u00e9s de la colada<img loading=\"lazy\" decoding=\"async\" class=\"alignright size-full wp-image-827\" src=\"http:\/\/syifoundry.com\/wp-content\/uploads\/2015\/12\/Precision-Castings01.jpg\" alt=\"Precision-Castings01\" width=\"314\" height=\"195\" srcset=\"https:\/\/syifoundry.com\/wp-content\/uploads\/2015\/12\/Precision-Castings01.jpg 314w, https:\/\/syifoundry.com\/wp-content\/uploads\/2015\/12\/Precision-Castings01-300x186.jpg 300w\" sizes=\"auto, (max-width: 314px) 100vw, 314px\" \/><\/strong><\/span><\/p>\n<p>Fabricado en acero inoxidable o acero al carbono de alta calidad, SYI Routels \/ de cristales se utilizan para apoyar el sistema de muro cortina de vidrio.<\/p>\n<p>Diferentes accesorios como cruceta Routel, pernos, abrazaderas, ara\u00f1as de cristal y otros est\u00e1n disponibles. Las principales materiales incluyen SS 304 y SS 316.<\/p>\n<p>Superficies: pulido espejo, satinado y acabado de la l\u00ednea del cabello<\/p>\n<p><span style=\"color: #00a1e9;\"><strong>La petici\u00f3n del OEM \/ ODM es muy bienvenido!<\/strong><\/span><\/p>\n<p><img loading=\"lazy\" decoding=\"async\" class=\"aligncenter size-full wp-image-826\" src=\"http:\/\/syifoundry.com\/wp-content\/uploads\/2015\/12\/Precision-Castings02.jpg\" alt=\"Precision-Castings02\" width=\"700\" height=\"73\" srcset=\"https:\/\/syifoundry.com\/wp-content\/uploads\/2015\/12\/Precision-Castings02.jpg 700w, https:\/\/syifoundry.com\/wp-content\/uploads\/2015\/12\/Precision-Castings02-300x31.jpg 300w\" sizes=\"auto, (max-width: 700px) 100vw, 700px\" \/><\/p>","protected":false},"excerpt":{"rendered":"<p>proceso de colada silicato de sodio \/ vaso de agua y sol de s\u00edlice material de fundici\u00f3n Arbon acero: 1020, 1025; Aleaci\u00f3n de acero: 4135, 4143 y 8620; Acero inoxidable: 303, 304, 304L, 316, 316, 410, 431 y 318; Resistente&#8230;<br \/><a class=\"read-more-button\" href=\"https:\/\/syifoundry.com\/pt\/products-2\/oem-industrial-castings\/investment-precision-lost-wax-castings\/\">Read more<\/a><\/p>\n","protected":false},"author":1,"featured_media":0,"parent":233,"menu_order":0,"comment_status":"closed","ping_status":"closed","template":"","meta":{"footnotes":""},"class_list":["post-825","page","type-page","status-publish","hentry"],"_links":{"self":[{"href":"https:\/\/syifoundry.com\/pt\/wp-json\/wp\/v2\/pages\/825","targetHints":{"allow":["GET"]}}],"collection":[{"href":"https:\/\/syifoundry.com\/pt\/wp-json\/wp\/v2\/pages"}],"about":[{"href":"https:\/\/syifoundry.com\/pt\/wp-json\/wp\/v2\/types\/page"}],"author":[{"embeddable":true,"href":"https:\/\/syifoundry.com\/pt\/wp-json\/wp\/v2\/users\/1"}],"replies":[{"embeddable":true,"href":"https:\/\/syifoundry.com\/pt\/wp-json\/wp\/v2\/comments?post=825"}],"version-history":[{"count":18,"href":"https:\/\/syifoundry.com\/pt\/wp-json\/wp\/v2\/pages\/825\/revisions"}],"predecessor-version":[{"id":1513,"href":"https:\/\/syifoundry.com\/pt\/wp-json\/wp\/v2\/pages\/825\/revisions\/1513"}],"up":[{"embeddable":true,"href":"https:\/\/syifoundry.com\/pt\/wp-json\/wp\/v2\/pages\/233"}],"wp:attachment":[{"href":"https:\/\/syifoundry.com\/pt\/wp-json\/wp\/v2\/media?parent=825"}],"curies":[{"name":"wp","href":"https:\/\/api.w.org\/{rel}","templated":true}]}}