{"id":831,"date":"2015-12-08T16:50:53","date_gmt":"2015-12-08T08:50:53","guid":{"rendered":"http:\/\/syifoundry.com\/?page_id=831"},"modified":"2018-11-08T10:07:15","modified_gmt":"2018-11-08T02:07:15","slug":"aluminum-sand-castings","status":"publish","type":"page","link":"https:\/\/syifoundry.com\/pt\/aluminum-sand-castings\/","title":{"rendered":"moldeo en arena es de aluminio"},"content":{"rendered":"<p>SYI utiliza la mejor aleaci\u00f3n de aluminio para hacer arena de aluminio de fundici\u00f3n y moldes Permanente Castings. Cada lingote de aluminio est\u00e1 certificada en cuanto a su pureza y se traen de almacenamiento y precalentado para eliminar cualquier humedad potencial.<\/p>\n<p><span style=\"color: #4fa1e9;\"><strong>Despu\u00e9s de la colada, nos trasladaremos a las partes de tratamiento t\u00e9rmico y el proceso de envejecimiento de acuerdo a las necesidades de los clientes. El tiempo en el tratamiento t\u00e9rmico y la temperatura se controlan estrictamente, dado el car\u00e1cter de la aleaci\u00f3n se determina en este proceso..<\/strong><\/span><\/p>\n<p><img loading=\"lazy\" decoding=\"async\" class=\"aligncenter wp-image-834 size-full\" src=\"http:\/\/syifoundry.com\/wp-content\/uploads\/2015\/12\/Aluminum-Sand-Castings01.jpg\" alt=\"\" width=\"561\" height=\"226\" data-id=\"387\" srcset=\"https:\/\/syifoundry.com\/wp-content\/uploads\/2015\/12\/Aluminum-Sand-Castings01.jpg 561w, https:\/\/syifoundry.com\/wp-content\/uploads\/2015\/12\/Aluminum-Sand-Castings01-300x121.jpg 300w\" sizes=\"auto, (max-width: 561px) 100vw, 561px\" \/><\/p>\n<p>Nuestros centros de mecanizado se utilizan para proporcionar servicios adicionales para el cliente Nuestro taller de m\u00e1quinas est\u00e1 dirigido por los maquinistas y operadores capaces que programan las m\u00e1quinas CNC para operar con las especificaciones requeridas para la parte Podemos realizar una amplia variedad de operaciones de torneado: .., frente, ranurado, taladrado, mandrinado, roscado biselado, avellanado, perfilado, moleteado, escariado, se estrecha, roscar, escariadores y el radio.<br \/>\n<img loading=\"lazy\" decoding=\"async\" class=\"alignright size-full wp-image-835\" src=\"http:\/\/syifoundry.com\/wp-content\/uploads\/2015\/12\/Aluminum-Sand-Castings02.jpg\" alt=\"Aluminum-Sand-Castings02\" width=\"301\" height=\"141\" srcset=\"https:\/\/syifoundry.com\/wp-content\/uploads\/2015\/12\/Aluminum-Sand-Castings02.jpg 301w, https:\/\/syifoundry.com\/wp-content\/uploads\/2015\/12\/Aluminum-Sand-Castings02-300x141.jpg 300w\" sizes=\"auto, (max-width: 301px) 100vw, 301px\" \/><\/p>\n<p><span style=\"color: #4fa1e9;\"><strong>El pulido de acabado y pintura en polvo tambi\u00e9n est\u00e1n disponibles.<\/strong><\/span><\/p>\n<p>Programa de Aseguramiento de Calidad SYI est\u00e1 dise\u00f1ado para satisfacer una amplia variedad de industrias, incluyendo comerciales, militares, la agricultura industrial y automotriz. Nuestro objetivo principal es cumplir o exceder los requisitos del cliente!<\/p>\n<p><img loading=\"lazy\" decoding=\"async\" class=\"aligncenter wp-image-836 size-full\" src=\"http:\/\/syifoundry.com\/wp-content\/uploads\/2015\/12\/Aluminum-Sand-Castings03.jpg\" alt=\"\" width=\"639\" height=\"71\" data-id=\"388\" srcset=\"https:\/\/syifoundry.com\/wp-content\/uploads\/2015\/12\/Aluminum-Sand-Castings03.jpg 639w, https:\/\/syifoundry.com\/wp-content\/uploads\/2015\/12\/Aluminum-Sand-Castings03-300x33.jpg 300w\" sizes=\"auto, (max-width: 639px) 100vw, 639px\" \/><\/p>","protected":false},"excerpt":{"rendered":"<p>SYI utiliza la mejor aleaci\u00f3n de aluminio para hacer arena de aluminio de fundici\u00f3n y moldes Permanente Castings. Cada lingote de aluminio est\u00e1 certificada en cuanto a su pureza y se traen de almacenamiento y precalentado para eliminar cualquier humedad&#8230;<br \/><a class=\"read-more-button\" href=\"https:\/\/syifoundry.com\/pt\/aluminum-sand-castings\/\">Read more<\/a><\/p>\n","protected":false},"author":1,"featured_media":0,"parent":0,"menu_order":0,"comment_status":"closed","ping_status":"closed","template":"","meta":{"footnotes":""},"class_list":["post-831","page","type-page","status-publish","hentry"],"_links":{"self":[{"href":"https:\/\/syifoundry.com\/pt\/wp-json\/wp\/v2\/pages\/831","targetHints":{"allow":["GET"]}}],"collection":[{"href":"https:\/\/syifoundry.com\/pt\/wp-json\/wp\/v2\/pages"}],"about":[{"href":"https:\/\/syifoundry.com\/pt\/wp-json\/wp\/v2\/types\/page"}],"author":[{"embeddable":true,"href":"https:\/\/syifoundry.com\/pt\/wp-json\/wp\/v2\/users\/1"}],"replies":[{"embeddable":true,"href":"https:\/\/syifoundry.com\/pt\/wp-json\/wp\/v2\/comments?post=831"}],"version-history":[{"count":18,"href":"https:\/\/syifoundry.com\/pt\/wp-json\/wp\/v2\/pages\/831\/revisions"}],"predecessor-version":[{"id":1473,"href":"https:\/\/syifoundry.com\/pt\/wp-json\/wp\/v2\/pages\/831\/revisions\/1473"}],"wp:attachment":[{"href":"https:\/\/syifoundry.com\/pt\/wp-json\/wp\/v2\/media?parent=831"}],"curies":[{"name":"wp","href":"https:\/\/api.w.org\/{rel}","templated":true}]}}