{"id":840,"date":"2015-12-08T16:57:35","date_gmt":"2015-12-08T08:57:35","guid":{"rendered":"http:\/\/syifoundry.com\/?page_id=840"},"modified":"2017-06-12T17:41:34","modified_gmt":"2017-06-12T09:41:34","slug":"aluminum-die-castings","status":"publish","type":"page","link":"https:\/\/syifoundry.com\/pt\/aluminum-die-castings\/","title":{"rendered":"fundici\u00f3n a presi\u00f3n de aluminio S"},"content":{"rendered":"<p>Die fundici\u00f3n es un proceso de fabricaci\u00f3n en el que se inyecta el metal fundido, bajo presi\u00f3n, en un troquel de acero endurecido o tambi\u00e9n llamado molde. Una vez que se paga el utillaje para, fundici\u00f3n a presi\u00f3n es un proceso de fabricaci\u00f3n de piezas de aluminio muy barato.<\/p>\n<p>&nbsp;<\/p>\n<p><span style=\"color: #4fa1e9;\"><strong>En comparaci\u00f3n con la fundici\u00f3n en arena, fundici\u00f3n en matriz requieren mucho menos mecanizado, se pueden hacer con paredes m\u00e1s delgadas, puede tener todos o casi todos los agujeros tubulares de tama\u00f1o, se pueden mantener dentro de l\u00edmites mucho m\u00e1s estrechas dimensiones, y se producen m\u00e1s r\u00e1pidamente en la dieta que hacen miles de piezas fundidas sin reemplazo.<\/strong><\/span><\/p>\n<p>&nbsp;<\/p>\n<p><img loading=\"lazy\" decoding=\"async\" class=\"aligncenter wp-image-843 size-full\" src=\"http:\/\/syifoundry.com\/wp-content\/uploads\/2015\/12\/Aluminum-Die-Castings01.jpg\" alt=\"\" width=\"560\" height=\"270\" data-id=\"382\" srcset=\"https:\/\/syifoundry.com\/wp-content\/uploads\/2015\/12\/Aluminum-Die-Castings01.jpg 560w, https:\/\/syifoundry.com\/wp-content\/uploads\/2015\/12\/Aluminum-Die-Castings01-300x145.jpg 300w\" sizes=\"auto, (max-width: 560px) 100vw, 560px\" \/><\/p>\n<p>&nbsp;<\/p>\n<p>Die piezas de fundici\u00f3n son componentes importantes de productos que van desde los autom\u00f3viles a los juguetes. Las piezas pueden ser tan simple como un grifo de fregadero o tan complejo como una caja de conector.<\/p>\n<p><img loading=\"lazy\" decoding=\"async\" class=\"aligncenter wp-image-844 size-full\" src=\"http:\/\/syifoundry.com\/wp-content\/uploads\/2015\/12\/Aluminum-Die-Castings02.jpg\" alt=\"\" width=\"634\" height=\"87\" data-id=\"383\" srcset=\"https:\/\/syifoundry.com\/wp-content\/uploads\/2015\/12\/Aluminum-Die-Castings02.jpg 634w, https:\/\/syifoundry.com\/wp-content\/uploads\/2015\/12\/Aluminum-Die-Castings02-300x41.jpg 300w\" sizes=\"auto, (max-width: 634px) 100vw, 634px\" \/><\/p>\n<p>&nbsp;<\/p>\n<p><span style=\"color: #4fa1e9;\"><strong>las ventajas de la fundici\u00f3n a presi\u00f3n:<\/strong><\/span><br \/>\n* Proceso eficiente, econ\u00f3mico<br \/>\n* La producci\u00f3n de alta velocidad<br \/>\n* Precisi\u00f3n dimensional y la estabilidad<br \/>\n* La fuerza y el peso<br \/>\n* M\u00faltiples t\u00e9cnicas de acabado<br \/>\n* Asamblea simplificado<\/p>\n<p>&nbsp;<\/p>\n<p>Nuestros centros de mecanizado se utilizan para proporcionar servicios adicionales para el cliente Nuestro taller de m\u00e1quinas est\u00e1 dirigido por los maquinistas y operadores capaces que programan las m\u00e1quinas CNC para operar con las especificaciones requeridas para la parte Podemos realizar una amplia variedad de operaciones de torneado: .., frente, , perfilado,, perfilado,, perfilado,, perfilado, , perfilado,, perfilado, , perfilado,, perfilado, , perfilado,, perfilado,, perfilado, , perfilado,, perfilado, , perfilado, , perfilado, , perfilado,, perfilado,<\/p>\n<p>&nbsp;<\/p>\n<p><img loading=\"lazy\" decoding=\"async\" class=\"aligncenter wp-image-845 size-full\" src=\"http:\/\/syifoundry.com\/wp-content\/uploads\/2015\/12\/Aluminum-Die-Castings03.jpg\" alt=\"\" width=\"558\" height=\"146\" data-id=\"381\" srcset=\"https:\/\/syifoundry.com\/wp-content\/uploads\/2015\/12\/Aluminum-Die-Castings03.jpg 558w, https:\/\/syifoundry.com\/wp-content\/uploads\/2015\/12\/Aluminum-Die-Castings03-300x78.jpg 300w\" sizes=\"auto, (max-width: 558px) 100vw, 558px\" \/><\/p>\n<p>&nbsp;<\/p>\n<p><span style=\"color: #4fa1e9;\"><strong>revestimiento en polvo tambi\u00e9n est\u00e1 disponible!<\/strong><\/span><\/p>\n<p>&nbsp;<\/p>\n<p>Programa de Aseguramiento de Calidad SYI est\u00e1 dise\u00f1ado para satisfacer una amplia variedad de industrias, incluyendo comerciales, militares, la agricultura industrial y automotriz. Nuestro objetivo principal es cumplir o exceder los requisitos del cliente!<\/p>","protected":false},"excerpt":{"rendered":"<p>Die fundici\u00f3n es un proceso de fabricaci\u00f3n en el que se inyecta el metal fundido, bajo presi\u00f3n, en un troquel de acero endurecido o tambi\u00e9n llamado molde. Una vez que se paga el utillaje para, fundici\u00f3n a presi\u00f3n es un&#8230;<br \/><a class=\"read-more-button\" href=\"https:\/\/syifoundry.com\/pt\/aluminum-die-castings\/\">Read more<\/a><\/p>\n","protected":false},"author":1,"featured_media":0,"parent":0,"menu_order":0,"comment_status":"closed","ping_status":"closed","template":"","meta":{"footnotes":""},"class_list":["post-840","page","type-page","status-publish","hentry"],"_links":{"self":[{"href":"https:\/\/syifoundry.com\/pt\/wp-json\/wp\/v2\/pages\/840","targetHints":{"allow":["GET"]}}],"collection":[{"href":"https:\/\/syifoundry.com\/pt\/wp-json\/wp\/v2\/pages"}],"about":[{"href":"https:\/\/syifoundry.com\/pt\/wp-json\/wp\/v2\/types\/page"}],"author":[{"embeddable":true,"href":"https:\/\/syifoundry.com\/pt\/wp-json\/wp\/v2\/users\/1"}],"replies":[{"embeddable":true,"href":"https:\/\/syifoundry.com\/pt\/wp-json\/wp\/v2\/comments?post=840"}],"version-history":[{"count":20,"href":"https:\/\/syifoundry.com\/pt\/wp-json\/wp\/v2\/pages\/840\/revisions"}],"predecessor-version":[{"id":1207,"href":"https:\/\/syifoundry.com\/pt\/wp-json\/wp\/v2\/pages\/840\/revisions\/1207"}],"wp:attachment":[{"href":"https:\/\/syifoundry.com\/pt\/wp-json\/wp\/v2\/media?parent=840"}],"curies":[{"name":"wp","href":"https:\/\/api.w.org\/{rel}","templated":true}]}}