{"id":847,"date":"2015-12-08T17:09:30","date_gmt":"2015-12-08T09:09:30","guid":{"rendered":"http:\/\/syifoundry.com\/?page_id=847"},"modified":"2017-06-12T17:45:36","modified_gmt":"2017-06-12T09:45:36","slug":"aluminum-extrusions","status":"publish","type":"page","link":"https:\/\/syifoundry.com\/pt\/aluminum-extrusions\/","title":{"rendered":"extrusiones de aluminio"},"content":{"rendered":"<p>Extrusi\u00f3n de aluminio es el m\u00e9todo preferido para la fabricaci\u00f3n de formas de perfil complejas continuas que se utilizan en muchas industrias, incluyendo la construcci\u00f3n, aeron\u00e1utica y automotriz. En este proceso, un tocho de aluminio se empuj\u00f3 por un pist\u00f3n a trav\u00e9s de una tierra de matriz que es la forma del producto deseado. La proceso de extrusi\u00f3n se considera que es la forma m\u00e1s eficaz para la fabricaci\u00f3n de piezas que necesitan tener un \u00e1rea de secci\u00f3n transversal uniforme.<\/p>\n<p>&nbsp;<br \/>\nLa alta presi\u00f3n y las altas temperaturas implicadas en este proceso inducen tensiones termomec\u00e1nicas en la matriz s\u00f3lida, as\u00ed como peque\u00f1as deformaciones. Estas tensiones y deformaciones a menudo afectan negativamente a las dimensiones espec\u00edficas requeridas del perfil extruido.<\/p>\n<p><img loading=\"lazy\" decoding=\"async\" class=\"aligncenter wp-image-849 size-full\" src=\"http:\/\/syifoundry.com\/wp-content\/uploads\/2015\/12\/Aluminum-Extrusions01.jpg\" alt=\"\" width=\"569\" height=\"99\" data-id=\"376\" srcset=\"https:\/\/syifoundry.com\/wp-content\/uploads\/2015\/12\/Aluminum-Extrusions01.jpg 569w, https:\/\/syifoundry.com\/wp-content\/uploads\/2015\/12\/Aluminum-Extrusions01-300x52.jpg 300w\" sizes=\"auto, (max-width: 569px) 100vw, 569px\" \/><\/p>\n<p>Productos SYI proporcionan la f\u00edsica avanzadas tales como diluci\u00f3n por cizallamiento y dependencia de la temperatura de la viscosidad de aluminio, la interacci\u00f3n estructura fluida entre la matriz s\u00f3lida y el metal que fluye y la deformaci\u00f3n del perfil.<\/p>\n<p>&nbsp;<\/p>\n<p>Nuestras capacidades internas nos permiten producir alta calidad, extrusiones de aluminio de tolerancia ajustados para nuestros clientes. Nuestras capacidades incluyen extrusi\u00f3n, mecanizado CNC, montaje, anodizado, pintura \/ pintura en polvo, fabricaci\u00f3n, plegado, corte de precisi\u00f3n y envases personalizados. Somos capaces de conocer algunas de las tolerancias m\u00e1s estrictas en la industria mientras se mantiene la calidad que se adapte a sus necesidades.<\/p>\n<p>&nbsp;<\/p>\n<p><img loading=\"lazy\" decoding=\"async\" class=\"aligncenter wp-image-850 size-full\" src=\"http:\/\/syifoundry.com\/wp-content\/uploads\/2015\/12\/Aluminum-Extrusions02.jpg\" alt=\"\" width=\"562\" height=\"314\" data-id=\"377\" srcset=\"https:\/\/syifoundry.com\/wp-content\/uploads\/2015\/12\/Aluminum-Extrusions02.jpg 562w, https:\/\/syifoundry.com\/wp-content\/uploads\/2015\/12\/Aluminum-Extrusions02-300x168.jpg 300w\" sizes=\"auto, (max-width: 562px) 100vw, 562px\" \/><\/p>\n<p>&nbsp;<\/p>\n<p>Nuestros centros de mecanizado se utilizan para proporcionar servicios adicionales para el cliente Nuestro taller de m\u00e1quinas est\u00e1 dirigido por los maquinistas y operadores capaces que programan las m\u00e1quinas CNC para operar con las especificaciones requeridas para la parte Podemos realizar una amplia variedad de operaciones de torneado: .., frente, ranurado, taladrado, mandrinado, roscado biselado, avellanado, perfilado, moleteado, escariado, se estrecha, roscar, escariadores y el radio.<\/p>\n<p>&nbsp;<\/p>\n<p>Programa de Aseguramiento de Calidad SYI est\u00e1 dise\u00f1ado para satisfacer una amplia variedad de industrias, incluyendo comerciales, militares, la agricultura industrial y automotriz. Nuestro objetivo principal es cumplir o exceder los requisitos del cliente!<\/p>","protected":false},"excerpt":{"rendered":"<p>Extrusi\u00f3n de aluminio es el m\u00e9todo preferido para la fabricaci\u00f3n de formas de perfil complejas continuas que se utilizan en muchas industrias, incluyendo la construcci\u00f3n, aeron\u00e1utica y automotriz. En este proceso, un tocho de aluminio se empuj\u00f3 por un pist\u00f3n&#8230;<br \/><a class=\"read-more-button\" href=\"https:\/\/syifoundry.com\/pt\/aluminum-extrusions\/\">Read more<\/a><\/p>\n","protected":false},"author":1,"featured_media":0,"parent":0,"menu_order":0,"comment_status":"closed","ping_status":"closed","template":"","meta":{"footnotes":""},"class_list":["post-847","page","type-page","status-publish","hentry"],"_links":{"self":[{"href":"https:\/\/syifoundry.com\/pt\/wp-json\/wp\/v2\/pages\/847","targetHints":{"allow":["GET"]}}],"collection":[{"href":"https:\/\/syifoundry.com\/pt\/wp-json\/wp\/v2\/pages"}],"about":[{"href":"https:\/\/syifoundry.com\/pt\/wp-json\/wp\/v2\/types\/page"}],"author":[{"embeddable":true,"href":"https:\/\/syifoundry.com\/pt\/wp-json\/wp\/v2\/users\/1"}],"replies":[{"embeddable":true,"href":"https:\/\/syifoundry.com\/pt\/wp-json\/wp\/v2\/comments?post=847"}],"version-history":[{"count":15,"href":"https:\/\/syifoundry.com\/pt\/wp-json\/wp\/v2\/pages\/847\/revisions"}],"predecessor-version":[{"id":1216,"href":"https:\/\/syifoundry.com\/pt\/wp-json\/wp\/v2\/pages\/847\/revisions\/1216"}],"wp:attachment":[{"href":"https:\/\/syifoundry.com\/pt\/wp-json\/wp\/v2\/media?parent=847"}],"curies":[{"name":"wp","href":"https:\/\/api.w.org\/{rel}","templated":true}]}}