{"id":856,"date":"2015-12-10T15:52:31","date_gmt":"2015-12-10T07:52:31","guid":{"rendered":"http:\/\/syifoundry.com\/?page_id=856"},"modified":"2017-06-09T17:32:42","modified_gmt":"2017-06-09T09:32:42","slug":"products-2","status":"publish","type":"page","link":"https:\/\/syifoundry.com\/pt\/products-2\/","title":{"rendered":"Productos"},"content":{"rendered":"<p><\/p>\n<h3><span style=\"color: #00a1e9;\">Proveedor profesional de la Municipal, drenaje y Maquinaria Productos y Servicios<\/span><\/h3>\n<p><span style=\"color: #005aa0;\"><strong>1. Las tapas de registro (A 15, B 125, C 250, C 400, E 600, F900)<\/strong><\/span><\/p>\n<p>La norma especifica que el dise\u00f1ador se encarga de hacer la elecci\u00f3n adecuada de la clase y donde hay alguna duda en cuanto a la clase para ser utilizado, una clase m\u00e1s alta debe ser seleccionado.<\/p>\n<p><img loading=\"lazy\" decoding=\"async\" class=\"aligncenter size-full wp-image-587\" src=\"http:\/\/syifoundry.com\/wp-content\/uploads\/2014\/11\/manhole-cover01.jpg\" alt=\"manhole-cover01\" width=\"708\" height=\"171\" srcset=\"https:\/\/syifoundry.com\/wp-content\/uploads\/2014\/11\/manhole-cover01.jpg 708w, https:\/\/syifoundry.com\/wp-content\/uploads\/2014\/11\/manhole-cover01-300x72.jpg 300w\" sizes=\"auto, (max-width: 708px) 100vw, 708px\" \/><\/p>\n<p>&nbsp;<\/p>\n<p style=\"text-align: left;\"><span style=\"color: #005aa0;\"><strong>2. Gully \/ Rejillas de cajas registradoras<\/strong><\/span><\/p>\n<p style=\"text-align: left;\"><img loading=\"lazy\" decoding=\"async\" class=\"aligncenter wp-image-862 size-full\" src=\"http:\/\/syifoundry.com\/wp-content\/uploads\/2015\/12\/Manhole-Gratings01.jpg\" alt=\"\" width=\"720\" height=\"286\" srcset=\"https:\/\/syifoundry.com\/wp-content\/uploads\/2015\/12\/Manhole-Gratings01.jpg 720w, https:\/\/syifoundry.com\/wp-content\/uploads\/2015\/12\/Manhole-Gratings01-300x119.jpg 300w\" sizes=\"auto, (max-width: 720px) 100vw, 720px\" \/><\/p>\n<p>&nbsp;<\/p>\n<p><span style=\"color: #005aa0;\"><strong>3. Cajas de superficie y Cajas de medidores<\/strong><\/span><img loading=\"lazy\" decoding=\"async\" class=\"aligncenter wp-image-863 size-full\" src=\"http:\/\/syifoundry.com\/wp-content\/uploads\/2015\/12\/surface-boxes01.jpg\" alt=\"\" width=\"720\" height=\"305\" srcset=\"https:\/\/syifoundry.com\/wp-content\/uploads\/2015\/12\/surface-boxes01.jpg 720w, https:\/\/syifoundry.com\/wp-content\/uploads\/2015\/12\/surface-boxes01-300x127.jpg 300w\" sizes=\"auto, (max-width: 720px) 100vw, 720px\" \/><\/p>\n<p>&nbsp;<\/p>\n<p><span style=\"color: #005aa0;\"><strong>4. Pasos para pozos<\/strong><\/span><\/p>\n<p><img loading=\"lazy\" decoding=\"async\" class=\"aligncenter size-full wp-image-649\" src=\"http:\/\/syifoundry.com\/wp-content\/uploads\/2014\/11\/manhole-step12.jpg\" alt=\"manhole-step12\" width=\"720\" height=\"120\" srcset=\"https:\/\/syifoundry.com\/wp-content\/uploads\/2014\/11\/manhole-step12.jpg 720w, https:\/\/syifoundry.com\/wp-content\/uploads\/2014\/11\/manhole-step12-300x50.jpg 300w\" sizes=\"auto, (max-width: 720px) 100vw, 720px\" \/><\/p>\n<p>&nbsp;<\/p>\n<p>&nbsp;<\/p>\n<p><strong><span style=\"color: #005aa0;\">5. Mobiliario Urbano y Municipal Castings<\/span><\/strong><\/p>\n<p><img loading=\"lazy\" decoding=\"async\" class=\"aligncenter size-full wp-image-869\" src=\"http:\/\/syifoundry.com\/wp-content\/uploads\/2015\/12\/Street-Furniture1.jpg\" alt=\"Street-Furniture\" width=\"720\" height=\"236\" srcset=\"https:\/\/syifoundry.com\/wp-content\/uploads\/2015\/12\/Street-Furniture1.jpg 720w, https:\/\/syifoundry.com\/wp-content\/uploads\/2015\/12\/Street-Furniture1-300x98.jpg 300w\" sizes=\"auto, (max-width: 720px) 100vw, 720px\" \/><\/p>\n<p>&nbsp;<\/p>\n<p>&nbsp;<\/p>\n<p><strong><span style=\"color: #005aa0;\">6.OEM Castings industriales<\/span><\/strong><\/p>\n<p><img loading=\"lazy\" decoding=\"async\" class=\"aligncenter wp-image-874 size-full\" src=\"http:\/\/syifoundry.com\/wp-content\/uploads\/2015\/12\/OEM-Products02.jpg\" alt=\"\" width=\"720\" height=\"213\" srcset=\"https:\/\/syifoundry.com\/wp-content\/uploads\/2015\/12\/OEM-Products02.jpg 720w, https:\/\/syifoundry.com\/wp-content\/uploads\/2015\/12\/OEM-Products02-300x89.jpg 300w\" sizes=\"auto, (max-width: 720px) 100vw, 720px\" \/><\/p>\n<p>&nbsp;<\/p>\n<p><strong><span style=\"color: #005aa0;\">7. Piezas de aluminio<\/span><\/strong><\/p>\n<p><img loading=\"lazy\" decoding=\"async\" class=\"aligncenter size-full wp-image-882\" src=\"http:\/\/syifoundry.com\/wp-content\/uploads\/2014\/09\/AMD01.jpg\" alt=\"AMD01\" width=\"720\" height=\"192\" srcset=\"https:\/\/syifoundry.com\/wp-content\/uploads\/2014\/09\/AMD01.jpg 720w, https:\/\/syifoundry.com\/wp-content\/uploads\/2014\/09\/AMD01-300x80.jpg 300w\" sizes=\"auto, (max-width: 720px) 100vw, 720px\" \/><\/p>","protected":false},"excerpt":{"rendered":"<p>Proveedor profesional de la Municipal, drenaje y Maquinaria Productos y Servicios 1. Las tapas de registro (A 15, B 125, C 250, C 400, E 600, F900) La norma especifica que el dise\u00f1ador se encarga de hacer la elecci\u00f3n adecuada&#8230;<br \/><a class=\"read-more-button\" href=\"https:\/\/syifoundry.com\/pt\/products-2\/\">Read more<\/a><\/p>\n","protected":false},"author":1,"featured_media":0,"parent":0,"menu_order":0,"comment_status":"closed","ping_status":"closed","template":"","meta":{"footnotes":""},"class_list":["post-856","page","type-page","status-publish","hentry"],"_links":{"self":[{"href":"https:\/\/syifoundry.com\/pt\/wp-json\/wp\/v2\/pages\/856","targetHints":{"allow":["GET"]}}],"collection":[{"href":"https:\/\/syifoundry.com\/pt\/wp-json\/wp\/v2\/pages"}],"about":[{"href":"https:\/\/syifoundry.com\/pt\/wp-json\/wp\/v2\/types\/page"}],"author":[{"embeddable":true,"href":"https:\/\/syifoundry.com\/pt\/wp-json\/wp\/v2\/users\/1"}],"replies":[{"embeddable":true,"href":"https:\/\/syifoundry.com\/pt\/wp-json\/wp\/v2\/comments?post=856"}],"version-history":[{"count":23,"href":"https:\/\/syifoundry.com\/pt\/wp-json\/wp\/v2\/pages\/856\/revisions"}],"predecessor-version":[{"id":1187,"href":"https:\/\/syifoundry.com\/pt\/wp-json\/wp\/v2\/pages\/856\/revisions\/1187"}],"wp:attachment":[{"href":"https:\/\/syifoundry.com\/pt\/wp-json\/wp\/v2\/media?parent=856"}],"curies":[{"name":"wp","href":"https:\/\/api.w.org\/{rel}","templated":true}]}}