{"id":9,"date":"2014-09-16T13:08:22","date_gmt":"2014-09-16T05:08:22","guid":{"rendered":"http:\/\/syi.kingdoo-box.com\/?page_id=9"},"modified":"2017-06-09T16:46:20","modified_gmt":"2017-06-09T08:46:20","slug":"company-overview","status":"publish","type":"page","link":"https:\/\/syifoundry.com\/pt\/company-overview\/","title":{"rendered":"Detalles de la empresa"},"content":{"rendered":"<p><\/p>\n<h3>Proveedor profesional de la Municipal, drenaje y Maquinaria Productos y Servicios<\/h3>\n<p>SYI Foundry (Shanxi Yuansheng fundici\u00f3n y forja Industrial Co., Ltd.) &#8211; Un orgulloso miembro de SYI Group- fabrica Tapas de registro, Gully rejillas, cajas de superficie, \u00c1rbol Rejillas, bolardos, Bancos de jard\u00edn, Reparto postes y bases de la l\u00e1mpara y todos los tipos de productos municipales y muebles al aire libre OEM \/ ODM.<\/p>\n<p><img loading=\"lazy\" decoding=\"async\" class=\"aligncenter wp-image-703 size-full\" src=\"http:\/\/syifoundry.com\/wp-content\/uploads\/2014\/09\/SYI-Foundry-syi.jpg\" alt=\"\" width=\"600\" height=\"96\" data-id=\"462\" srcset=\"https:\/\/syifoundry.com\/wp-content\/uploads\/2014\/09\/SYI-Foundry-syi.jpg 600w, https:\/\/syifoundry.com\/wp-content\/uploads\/2014\/09\/SYI-Foundry-syi-300x48.jpg 300w\" sizes=\"auto, (max-width: 600px) 100vw, 600px\" \/><\/p>\n<p>Con una capacidad de producci\u00f3n anual de 35.000 toneladas, nuestros equipos principales incluyen 2 juegos de l\u00edneas de moldeo autom\u00e1tico, 4 series de 5 toneladas c\u00fapula y hornos, 2 juegos de m\u00e1quinas de ensayo de carga, la m\u00e1quina de capa 1 epoxi, 5 juegos de m\u00e1quinas-disparadora de machos, 3 un conjunto de m\u00e1quinas de granallado, 4 conjunto de m\u00e1quinas de agua a presi\u00f3n, 2 talleres de mecanizado y todos los productos qu\u00edmicos necesarios y las instalaciones de pruebas f\u00edsicas.<\/p>\n<p><img loading=\"lazy\" decoding=\"async\" class=\"aligncenter size-full wp-image-463\" src=\"http:\/\/syifoundry.com\/wp-content\/uploads\/2014\/09\/Manhole-covers.jpg\" alt=\"Manhole-covers\" width=\"620\" height=\"180\" data-id=\"463\" srcset=\"https:\/\/syifoundry.com\/wp-content\/uploads\/2014\/09\/Manhole-covers.jpg 620w, https:\/\/syifoundry.com\/wp-content\/uploads\/2014\/09\/Manhole-covers-300x87.jpg 300w\" sizes=\"auto, (max-width: 620px) 100vw, 620px\" \/><\/p>\n<p>&nbsp;<\/p>\n<table border=\"0\" width=\"720\" cellspacing=\"0\" cellpadding=\"0\">\n<tbody>\n<tr bgcolor=\"#877148\">\n<td><strong><span style=\"color: #ffffff;\">SYI Foundry ha obtenido las aprobaciones de la autoridad del pa\u00eds:<\/span><\/strong><\/td>\n<\/tr>\n<\/tbody>\n<\/table>\n<p>SYI Foundry ha obtenido las aprobaciones de los pa\u00edses y la autoridad como MEW, Ministerio de Obras P\u00fablicas y MOC-Kuwait, Takreer-EAU, haya-Om\u00e1n, Kahramaa &amp; Q-TEL para Qatar, siegue en Bahrein, Aramco en KSA, NWSDB-Sri Lanka, WMA para Mauricio , CPRU de Brunei y PPAT en Chipre.<\/p>\n<p><img loading=\"lazy\" decoding=\"async\" class=\"aligncenter size-full wp-image-466\" src=\"http:\/\/syifoundry.com\/wp-content\/uploads\/2014\/09\/certificate.jpg\" alt=\"certificate\" width=\"680\" height=\"277\" data-id=\"466\" srcset=\"https:\/\/syifoundry.com\/wp-content\/uploads\/2014\/09\/certificate.jpg 680w, https:\/\/syifoundry.com\/wp-content\/uploads\/2014\/09\/certificate-300x122.jpg 300w\" sizes=\"auto, (max-width: 680px) 100vw, 680px\" \/><\/p>\n<p>&nbsp;<\/p>\n<table border=\"0\" width=\"720\" cellspacing=\"0\" cellpadding=\"0\">\n<tbody>\n<tr bgcolor=\"#877148\">\n<td><strong><span style=\"color: #ffffff;\">la petici\u00f3n del OEM \/ ODM es muy bienvenido!<\/span><\/strong><\/td>\n<\/tr>\n<\/tbody>\n<\/table>\n<p>Adem\u00e1s de los productos est\u00e1ndar, puedo ser el especialista de su sastre personal tambi\u00e9n!<\/p>\n<p><img loading=\"lazy\" decoding=\"async\" class=\"aligncenter size-full wp-image-465\" src=\"http:\/\/syifoundry.com\/wp-content\/uploads\/2014\/09\/OEM-ODM.jpg\" alt=\"OEM-ODM\" width=\"680\" height=\"122\" data-id=\"465\" srcset=\"https:\/\/syifoundry.com\/wp-content\/uploads\/2014\/09\/OEM-ODM.jpg 680w, https:\/\/syifoundry.com\/wp-content\/uploads\/2014\/09\/OEM-ODM-300x53.jpg 300w\" sizes=\"auto, (max-width: 680px) 100vw, 680px\" \/><\/p>","protected":false},"excerpt":{"rendered":"<p>Proveedor profesional de la Municipal, drenaje y Maquinaria Productos y Servicios SYI Foundry (Shanxi Yuansheng fundici\u00f3n y forja Industrial Co., Ltd.) &#8211; Un orgulloso miembro de SYI Group- fabrica Tapas de registro, Gully rejillas, cajas de superficie, \u00c1rbol Rejillas, bolardos,&#8230;<br \/><a class=\"read-more-button\" href=\"https:\/\/syifoundry.com\/pt\/company-overview\/\">Read more<\/a><\/p>\n","protected":false},"author":1,"featured_media":0,"parent":0,"menu_order":0,"comment_status":"closed","ping_status":"closed","template":"page-about.php","meta":{"footnotes":""},"class_list":["post-9","page","type-page","status-publish","hentry"],"_links":{"self":[{"href":"https:\/\/syifoundry.com\/pt\/wp-json\/wp\/v2\/pages\/9","targetHints":{"allow":["GET"]}}],"collection":[{"href":"https:\/\/syifoundry.com\/pt\/wp-json\/wp\/v2\/pages"}],"about":[{"href":"https:\/\/syifoundry.com\/pt\/wp-json\/wp\/v2\/types\/page"}],"author":[{"embeddable":true,"href":"https:\/\/syifoundry.com\/pt\/wp-json\/wp\/v2\/users\/1"}],"replies":[{"embeddable":true,"href":"https:\/\/syifoundry.com\/pt\/wp-json\/wp\/v2\/comments?post=9"}],"version-history":[{"count":23,"href":"https:\/\/syifoundry.com\/pt\/wp-json\/wp\/v2\/pages\/9\/revisions"}],"predecessor-version":[{"id":1143,"href":"https:\/\/syifoundry.com\/pt\/wp-json\/wp\/v2\/pages\/9\/revisions\/1143"}],"wp:attachment":[{"href":"https:\/\/syifoundry.com\/pt\/wp-json\/wp\/v2\/media?parent=9"}],"curies":[{"name":"wp","href":"https:\/\/api.w.org\/{rel}","templated":true}]}}